{"id":1810,"date":"2023-05-11T14:22:34","date_gmt":"2023-05-11T14:22:34","guid":{"rendered":"https:\/\/www.puris.ma\/?post_type=product&#038;p=1810"},"modified":"2023-05-25T17:52:56","modified_gmt":"2023-05-25T17:52:56","slug":"d30-ultra-metal-polish","status":"publish","type":"product","link":"https:\/\/www.puris.ma\/en\/product\/d30-ultra-metal-polish\/","title":{"rendered":"D30 Ultra metal polish"},"content":{"rendered":"","protected":false},"excerpt":{"rendered":"<p>D30 Metal Polish is a modern, fast-acting metal polishing product designed to eliminate surface defects and scratches. This premium formulation offers a high-gloss, mist-free finish and easy cleaning. VOC compliant.<\/p>\n<p>&nbsp;<\/p>\n<p><span style=\"font-size: 18px; color: #0000ff;\"><strong>FICHE TECHINQUE:D30(<a style=\"color: #0000ff;\" href=\"https:\/\/www.puris.ma\/wp-content\/uploads\/2023\/05\/D30-Metal-Polish.pdf\">Download<\/a>)<\/strong><\/span><\/p>","protected":false},"featured_media":1811,"template":"","meta":[],"product_brand":[],"product_cat":[30],"product_tag":[],"class_list":{"0":"post-1810","1":"product","2":"type-product","3":"status-publish","4":"has-post-thumbnail","6":"product_cat-nettoyants-specialises","8":"first","9":"instock","10":"shipping-taxable","11":"product-type-simple"},"yoast_head":"<!-- This site is optimized with the Yoast SEO plugin v26.3 - https:\/\/yoast.com\/wordpress\/plugins\/seo\/ -->\n<title>D30 Ultra metal polish - PURIS MAROC<\/title>\n<meta name=\"robots\" content=\"index, follow, max-snippet:-1, max-image-preview:large, max-video-preview:-1\" \/>\n<link rel=\"canonical\" href=\"https:\/\/www.puris.ma\/en\/product\/d30-ultra-metal-polish\/\" \/>\n<meta property=\"og:locale\" content=\"en_US\" \/>\n<meta property=\"og:type\" content=\"article\" \/>\n<meta property=\"og:title\" content=\"D30 Ultra metal polish - PURIS MAROC\" \/>\n<meta property=\"og:description\" content=\"D30 Metal Polish est un produit de polissage m\u00e9tallique moderne \u00e0 action rapide con\u00e7u pour \u00e9liminer les d\u00e9fauts et les rayures de surface. Cette formulation de qualit\u00e9 sup\u00e9rieure offre une finition haute brillance sans brume et un nettoyage facile. Conforme aux COV.  &nbsp;  FICHE TECHINQUE:D30(T\u00e9l\u00e9charger)\" \/>\n<meta property=\"og:url\" content=\"https:\/\/www.puris.ma\/en\/product\/d30-ultra-metal-polish\/\" \/>\n<meta property=\"og:site_name\" content=\"PURIS MAROC\" \/>\n<meta property=\"article:publisher\" content=\"https:\/\/web.facebook.com\/europa.mak.78\" \/>\n<meta property=\"article:modified_time\" content=\"2023-05-25T17:52:56+00:00\" \/>\n<meta property=\"og:image\" content=\"https:\/\/www.puris.ma\/wp-content\/uploads\/2023\/05\/produit16.jpg\" \/>\n\t<meta property=\"og:image:width\" content=\"800\" \/>\n\t<meta property=\"og:image:height\" content=\"800\" \/>\n\t<meta property=\"og:image:type\" content=\"image\/jpeg\" \/>\n<meta name=\"twitter:card\" content=\"summary_large_image\" \/>\n<script type=\"application\/ld+json\" class=\"yoast-schema-graph\">{\"@context\":\"https:\/\/schema.org\",\"@graph\":[{\"@type\":\"WebPage\",\"@id\":\"https:\/\/www.puris.ma\/produit\/d30-ultra-metal-polish\/\",\"url\":\"https:\/\/www.puris.ma\/produit\/d30-ultra-metal-polish\/\",\"name\":\"D30 Ultra metal polish - PURIS MAROC\",\"isPartOf\":{\"@id\":\"https:\/\/www.puris.ma\/#website\"},\"primaryImageOfPage\":{\"@id\":\"https:\/\/www.puris.ma\/produit\/d30-ultra-metal-polish\/#primaryimage\"},\"image\":{\"@id\":\"https:\/\/www.puris.ma\/produit\/d30-ultra-metal-polish\/#primaryimage\"},\"thumbnailUrl\":\"https:\/\/www.puris.ma\/wp-content\/uploads\/2023\/05\/produit16.jpg\",\"datePublished\":\"2023-05-11T14:22:34+00:00\",\"dateModified\":\"2023-05-25T17:52:56+00:00\",\"breadcrumb\":{\"@id\":\"https:\/\/www.puris.ma\/produit\/d30-ultra-metal-polish\/#breadcrumb\"},\"inLanguage\":\"en-US\",\"potentialAction\":[{\"@type\":\"ReadAction\",\"target\":[\"https:\/\/www.puris.ma\/produit\/d30-ultra-metal-polish\/\"]}]},{\"@type\":\"ImageObject\",\"inLanguage\":\"en-US\",\"@id\":\"https:\/\/www.puris.ma\/produit\/d30-ultra-metal-polish\/#primaryimage\",\"url\":\"https:\/\/www.puris.ma\/wp-content\/uploads\/2023\/05\/produit16.jpg\",\"contentUrl\":\"https:\/\/www.puris.ma\/wp-content\/uploads\/2023\/05\/produit16.jpg\",\"width\":800,\"height\":800},{\"@type\":\"BreadcrumbList\",\"@id\":\"https:\/\/www.puris.ma\/produit\/d30-ultra-metal-polish\/#breadcrumb\",\"itemListElement\":[{\"@type\":\"ListItem\",\"position\":1,\"name\":\"Accueil\",\"item\":\"https:\/\/www.puris.ma\/\"},{\"@type\":\"ListItem\",\"position\":2,\"name\":\"Catalogue Produit\",\"item\":\"https:\/\/www.puris.ma\/accueil\/catalogue-produit\/\"},{\"@type\":\"ListItem\",\"position\":3,\"name\":\"D30 Ultra metal polish\"}]},{\"@type\":\"WebSite\",\"@id\":\"https:\/\/www.puris.ma\/#website\",\"url\":\"https:\/\/www.puris.ma\/\",\"name\":\"PURIS MAROC\",\"description\":\"Distributeur officiel et exculsive des produits de PURIS\",\"publisher\":{\"@id\":\"https:\/\/www.puris.ma\/#organization\"},\"potentialAction\":[{\"@type\":\"SearchAction\",\"target\":{\"@type\":\"EntryPoint\",\"urlTemplate\":\"https:\/\/www.puris.ma\/?s={search_term_string}\"},\"query-input\":{\"@type\":\"PropertyValueSpecification\",\"valueRequired\":true,\"valueName\":\"search_term_string\"}}],\"inLanguage\":\"en-US\"},{\"@type\":\"Organization\",\"@id\":\"https:\/\/www.puris.ma\/#organization\",\"name\":\"PURIS MAROC\",\"url\":\"https:\/\/www.puris.ma\/\",\"logo\":{\"@type\":\"ImageObject\",\"inLanguage\":\"en-US\",\"@id\":\"https:\/\/www.puris.ma\/#\/schema\/logo\/image\/\",\"url\":\"https:\/\/www.puris.ma\/wp-content\/uploads\/2023\/05\/PURIS-MAROC-8.png\",\"contentUrl\":\"https:\/\/www.puris.ma\/wp-content\/uploads\/2023\/05\/PURIS-MAROC-8.png\",\"width\":300,\"height\":75,\"caption\":\"PURIS MAROC\"},\"image\":{\"@id\":\"https:\/\/www.puris.ma\/#\/schema\/logo\/image\/\"},\"sameAs\":[\"https:\/\/web.facebook.com\/europa.mak.78\",\"https:\/\/www.instagram.com\/purismorocco\/\",\"https:\/\/www.linkedin.com\/company\/puris-morocco\/\"]}]}<\/script>\n<!-- \/ Yoast SEO plugin. -->","yoast_head_json":{"title":"D30 Ultra metal polish - PURIS MAROC","robots":{"index":"index","follow":"follow","max-snippet":"max-snippet:-1","max-image-preview":"max-image-preview:large","max-video-preview":"max-video-preview:-1"},"canonical":"https:\/\/www.puris.ma\/en\/product\/d30-ultra-metal-polish\/","og_locale":"en_US","og_type":"article","og_title":"D30 Ultra metal polish - PURIS MAROC","og_description":"D30 Metal Polish est un produit de polissage m\u00e9tallique moderne \u00e0 action rapide con\u00e7u pour \u00e9liminer les d\u00e9fauts et les rayures de surface. Cette formulation de qualit\u00e9 sup\u00e9rieure offre une finition haute brillance sans brume et un nettoyage facile. Conforme aux COV.  &nbsp;  FICHE TECHINQUE:D30(T\u00e9l\u00e9charger)","og_url":"https:\/\/www.puris.ma\/en\/product\/d30-ultra-metal-polish\/","og_site_name":"PURIS MAROC","article_publisher":"https:\/\/web.facebook.com\/europa.mak.78","article_modified_time":"2023-05-25T17:52:56+00:00","og_image":[{"width":800,"height":800,"url":"https:\/\/www.puris.ma\/wp-content\/uploads\/2023\/05\/produit16.jpg","type":"image\/jpeg"}],"twitter_card":"summary_large_image","schema":{"@context":"https:\/\/schema.org","@graph":[{"@type":"WebPage","@id":"https:\/\/www.puris.ma\/produit\/d30-ultra-metal-polish\/","url":"https:\/\/www.puris.ma\/produit\/d30-ultra-metal-polish\/","name":"D30 Ultra metal polish - PURIS MAROC","isPartOf":{"@id":"https:\/\/www.puris.ma\/#website"},"primaryImageOfPage":{"@id":"https:\/\/www.puris.ma\/produit\/d30-ultra-metal-polish\/#primaryimage"},"image":{"@id":"https:\/\/www.puris.ma\/produit\/d30-ultra-metal-polish\/#primaryimage"},"thumbnailUrl":"https:\/\/www.puris.ma\/wp-content\/uploads\/2023\/05\/produit16.jpg","datePublished":"2023-05-11T14:22:34+00:00","dateModified":"2023-05-25T17:52:56+00:00","breadcrumb":{"@id":"https:\/\/www.puris.ma\/produit\/d30-ultra-metal-polish\/#breadcrumb"},"inLanguage":"en-US","potentialAction":[{"@type":"ReadAction","target":["https:\/\/www.puris.ma\/produit\/d30-ultra-metal-polish\/"]}]},{"@type":"ImageObject","inLanguage":"en-US","@id":"https:\/\/www.puris.ma\/produit\/d30-ultra-metal-polish\/#primaryimage","url":"https:\/\/www.puris.ma\/wp-content\/uploads\/2023\/05\/produit16.jpg","contentUrl":"https:\/\/www.puris.ma\/wp-content\/uploads\/2023\/05\/produit16.jpg","width":800,"height":800},{"@type":"BreadcrumbList","@id":"https:\/\/www.puris.ma\/produit\/d30-ultra-metal-polish\/#breadcrumb","itemListElement":[{"@type":"ListItem","position":1,"name":"Accueil","item":"https:\/\/www.puris.ma\/"},{"@type":"ListItem","position":2,"name":"Catalogue Produit","item":"https:\/\/www.puris.ma\/accueil\/catalogue-produit\/"},{"@type":"ListItem","position":3,"name":"D30 Ultra metal polish"}]},{"@type":"WebSite","@id":"https:\/\/www.puris.ma\/#website","url":"https:\/\/www.puris.ma\/","name":"PURIS MOROCCO","description":"Distributeur officiel et exculsive des produits de PURIS","publisher":{"@id":"https:\/\/www.puris.ma\/#organization"},"potentialAction":[{"@type":"SearchAction","target":{"@type":"EntryPoint","urlTemplate":"https:\/\/www.puris.ma\/?s={search_term_string}"},"query-input":{"@type":"PropertyValueSpecification","valueRequired":true,"valueName":"search_term_string"}}],"inLanguage":"en-US"},{"@type":"Organization","@id":"https:\/\/www.puris.ma\/#organization","name":"PURIS MOROCCO","url":"https:\/\/www.puris.ma\/","logo":{"@type":"ImageObject","inLanguage":"en-US","@id":"https:\/\/www.puris.ma\/#\/schema\/logo\/image\/","url":"https:\/\/www.puris.ma\/wp-content\/uploads\/2023\/05\/PURIS-MAROC-8.png","contentUrl":"https:\/\/www.puris.ma\/wp-content\/uploads\/2023\/05\/PURIS-MAROC-8.png","width":300,"height":75,"caption":"PURIS MAROC"},"image":{"@id":"https:\/\/www.puris.ma\/#\/schema\/logo\/image\/"},"sameAs":["https:\/\/web.facebook.com\/europa.mak.78","https:\/\/www.instagram.com\/purismorocco\/","https:\/\/www.linkedin.com\/company\/puris-morocco\/"]}]}},"_links":{"self":[{"href":"https:\/\/www.puris.ma\/en\/wp-json\/wp\/v2\/product\/1810","targetHints":{"allow":["GET"]}}],"collection":[{"href":"https:\/\/www.puris.ma\/en\/wp-json\/wp\/v2\/product"}],"about":[{"href":"https:\/\/www.puris.ma\/en\/wp-json\/wp\/v2\/types\/product"}],"wp:featuredmedia":[{"embeddable":true,"href":"https:\/\/www.puris.ma\/en\/wp-json\/wp\/v2\/media\/1811"}],"wp:attachment":[{"href":"https:\/\/www.puris.ma\/en\/wp-json\/wp\/v2\/media?parent=1810"}],"wp:term":[{"taxonomy":"product_brand","embeddable":true,"href":"https:\/\/www.puris.ma\/en\/wp-json\/wp\/v2\/product_brand?post=1810"},{"taxonomy":"product_cat","embeddable":true,"href":"https:\/\/www.puris.ma\/en\/wp-json\/wp\/v2\/product_cat?post=1810"},{"taxonomy":"product_tag","embeddable":true,"href":"https:\/\/www.puris.ma\/en\/wp-json\/wp\/v2\/product_tag?post=1810"}],"curies":[{"name":"wp","href":"https:\/\/api.w.org\/{rel}","templated":true}]}}