{"id":1818,"date":"2023-05-11T14:42:17","date_gmt":"2023-05-11T14:42:17","guid":{"rendered":"https:\/\/www.puris.ma\/?post_type=product&#038;p=1818"},"modified":"2023-05-25T17:52:10","modified_gmt":"2023-05-25T17:52:10","slug":"d22-interior-cleaner","status":"publish","type":"product","link":"https:\/\/www.puris.ma\/en\/product\/d22-interior-cleaner\/","title":{"rendered":"D22 Interior Cleaner"},"content":{"rendered":"","protected":false},"excerpt":{"rendered":"<p>D22 INTERIOR CLEANER is an excellent cleaner for padding, rubber,\/plastic, fabric, carpet, and smooth leather.\u00a0 It penetrates quickly to remove contaminants, oils, stains, mineral deposits and complicated dirt.Perfect for home use in vehicles, offices and workshops.\u00a0 Safe on almost all wet surfaces.<\/p>\n<p>A complete interior cleaning product: carpets, safety belts, door jambs, armrests, tapestries, vinyl surfaces, etc.<\/p>\n<p><i class=\"fas fa-check\"><\/i>Penetrating cleaning properties.<\/p>\n<p><i class=\"fas fa-check\"><\/i>Biodegradable.<\/p>\n<p><i class=\"fas fa-check\"><\/i>safe and easy to use.<\/p>\n<p><i class=\"fas fa-check\"><\/i>Efficiency and concentration of 30:1.<\/p>\n<p>&nbsp;<\/p>\n<p><span style=\"font-size: 18px; color: #0000ff;\"><strong>FICHE TECHINQUE:D22(<a style=\"color: #0000ff;\" href=\"https:\/\/www.puris.ma\/wp-content\/uploads\/2023\/05\/54_en_D22_Interior_cleaner_ENG.pdf\">Download<\/a>)<\/strong><\/span><\/p>","protected":false},"featured_media":1819,"template":"","meta":[],"product_brand":[],"product_cat":[30],"product_tag":[],"class_list":{"0":"post-1818","1":"product","2":"type-product","3":"status-publish","4":"has-post-thumbnail","6":"product_cat-nettoyants-specialises","8":"first","9":"instock","10":"shipping-taxable","11":"product-type-simple"},"yoast_head":"<!-- This site is optimized with the Yoast SEO plugin v26.3 - https:\/\/yoast.com\/wordpress\/plugins\/seo\/ -->\n<title>D22 Interior Cleaner - PURIS MAROC<\/title>\n<meta name=\"robots\" content=\"index, follow, max-snippet:-1, max-image-preview:large, max-video-preview:-1\" \/>\n<link rel=\"canonical\" href=\"https:\/\/www.puris.ma\/en\/product\/d22-interior-cleaner\/\" \/>\n<meta property=\"og:locale\" content=\"en_US\" \/>\n<meta property=\"og:type\" content=\"article\" \/>\n<meta property=\"og:title\" content=\"D22 Interior Cleaner - PURIS MAROC\" \/>\n<meta property=\"og:description\" content=\"D22 INT\u00c9RIEUR CLEANER est un excellent nettoyant pour le rembourrage, caoutchouc,\/plastique, tissu, tapis, et cuir lisse.\u00a0Il p\u00e9n\u00e8tre rapidement pour \u00e9liminer les contaminants, les huiles, les taches, les d\u00e9p\u00f4ts min\u00e9raux et la salet\u00e9 compliqu\u00e9e.Parfait pour un usage domestique,dans les v\u00e9hicules, les bureaux et les ateliers.\u00a0S\u00fbre\u00a0sur presque toutes les surfaces mouill\u00e9es.  Un produit de nettoyage int\u00e9rieur complet\u00a0: tapis, ceintures de s\u00e9curit\u00e9, jambages de porte, accoudoirs, tapisseries, surfaces en vinyle ...  Propri\u00e9t\u00e9s de nettoyage p\u00e9n\u00e9trantes.  Biod\u00e9gradable.  S\u00fbr et facile \u00e0 utiliser.  Efficacit\u00e9 et concentration de 30:1.  &nbsp;  FICHE TECHINQUE:D22(T\u00e9l\u00e9charger)\" \/>\n<meta property=\"og:url\" content=\"https:\/\/www.puris.ma\/en\/product\/d22-interior-cleaner\/\" \/>\n<meta property=\"og:site_name\" content=\"PURIS MAROC\" \/>\n<meta property=\"article:publisher\" content=\"https:\/\/web.facebook.com\/europa.mak.78\" \/>\n<meta property=\"article:modified_time\" content=\"2023-05-25T17:52:10+00:00\" \/>\n<meta property=\"og:image\" content=\"https:\/\/www.puris.ma\/wp-content\/uploads\/2023\/05\/produit19.jpg\" \/>\n\t<meta property=\"og:image:width\" content=\"800\" \/>\n\t<meta property=\"og:image:height\" content=\"800\" \/>\n\t<meta property=\"og:image:type\" content=\"image\/jpeg\" \/>\n<meta name=\"twitter:card\" content=\"summary_large_image\" \/>\n<script type=\"application\/ld+json\" class=\"yoast-schema-graph\">{\"@context\":\"https:\/\/schema.org\",\"@graph\":[{\"@type\":\"WebPage\",\"@id\":\"https:\/\/www.puris.ma\/produit\/d22-interior-cleaner\/\",\"url\":\"https:\/\/www.puris.ma\/produit\/d22-interior-cleaner\/\",\"name\":\"D22 Interior Cleaner - PURIS MAROC\",\"isPartOf\":{\"@id\":\"https:\/\/www.puris.ma\/#website\"},\"primaryImageOfPage\":{\"@id\":\"https:\/\/www.puris.ma\/produit\/d22-interior-cleaner\/#primaryimage\"},\"image\":{\"@id\":\"https:\/\/www.puris.ma\/produit\/d22-interior-cleaner\/#primaryimage\"},\"thumbnailUrl\":\"https:\/\/www.puris.ma\/wp-content\/uploads\/2023\/05\/produit19.jpg\",\"datePublished\":\"2023-05-11T14:42:17+00:00\",\"dateModified\":\"2023-05-25T17:52:10+00:00\",\"breadcrumb\":{\"@id\":\"https:\/\/www.puris.ma\/produit\/d22-interior-cleaner\/#breadcrumb\"},\"inLanguage\":\"en-US\",\"potentialAction\":[{\"@type\":\"ReadAction\",\"target\":[\"https:\/\/www.puris.ma\/produit\/d22-interior-cleaner\/\"]}]},{\"@type\":\"ImageObject\",\"inLanguage\":\"en-US\",\"@id\":\"https:\/\/www.puris.ma\/produit\/d22-interior-cleaner\/#primaryimage\",\"url\":\"https:\/\/www.puris.ma\/wp-content\/uploads\/2023\/05\/produit19.jpg\",\"contentUrl\":\"https:\/\/www.puris.ma\/wp-content\/uploads\/2023\/05\/produit19.jpg\",\"width\":800,\"height\":800},{\"@type\":\"BreadcrumbList\",\"@id\":\"https:\/\/www.puris.ma\/produit\/d22-interior-cleaner\/#breadcrumb\",\"itemListElement\":[{\"@type\":\"ListItem\",\"position\":1,\"name\":\"Accueil\",\"item\":\"https:\/\/www.puris.ma\/\"},{\"@type\":\"ListItem\",\"position\":2,\"name\":\"Catalogue Produit\",\"item\":\"https:\/\/www.puris.ma\/accueil\/catalogue-produit\/\"},{\"@type\":\"ListItem\",\"position\":3,\"name\":\"D22 Interior Cleaner\"}]},{\"@type\":\"WebSite\",\"@id\":\"https:\/\/www.puris.ma\/#website\",\"url\":\"https:\/\/www.puris.ma\/\",\"name\":\"PURIS MAROC\",\"description\":\"Distributeur officiel et exculsive des produits de PURIS\",\"publisher\":{\"@id\":\"https:\/\/www.puris.ma\/#organization\"},\"potentialAction\":[{\"@type\":\"SearchAction\",\"target\":{\"@type\":\"EntryPoint\",\"urlTemplate\":\"https:\/\/www.puris.ma\/?s={search_term_string}\"},\"query-input\":{\"@type\":\"PropertyValueSpecification\",\"valueRequired\":true,\"valueName\":\"search_term_string\"}}],\"inLanguage\":\"en-US\"},{\"@type\":\"Organization\",\"@id\":\"https:\/\/www.puris.ma\/#organization\",\"name\":\"PURIS MAROC\",\"url\":\"https:\/\/www.puris.ma\/\",\"logo\":{\"@type\":\"ImageObject\",\"inLanguage\":\"en-US\",\"@id\":\"https:\/\/www.puris.ma\/#\/schema\/logo\/image\/\",\"url\":\"https:\/\/www.puris.ma\/wp-content\/uploads\/2023\/05\/PURIS-MAROC-8.png\",\"contentUrl\":\"https:\/\/www.puris.ma\/wp-content\/uploads\/2023\/05\/PURIS-MAROC-8.png\",\"width\":300,\"height\":75,\"caption\":\"PURIS MAROC\"},\"image\":{\"@id\":\"https:\/\/www.puris.ma\/#\/schema\/logo\/image\/\"},\"sameAs\":[\"https:\/\/web.facebook.com\/europa.mak.78\",\"https:\/\/www.instagram.com\/purismorocco\/\",\"https:\/\/www.linkedin.com\/company\/puris-morocco\/\"]}]}<\/script>\n<!-- \/ Yoast SEO plugin. -->","yoast_head_json":{"title":"D22 Interior Cleaner - PURIS MAROC","robots":{"index":"index","follow":"follow","max-snippet":"max-snippet:-1","max-image-preview":"max-image-preview:large","max-video-preview":"max-video-preview:-1"},"canonical":"https:\/\/www.puris.ma\/en\/product\/d22-interior-cleaner\/","og_locale":"en_US","og_type":"article","og_title":"D22 Interior Cleaner - PURIS MAROC","og_description":"D22 INT\u00c9RIEUR CLEANER est un excellent nettoyant pour le rembourrage, caoutchouc,\/plastique, tissu, tapis, et cuir lisse.\u00a0Il p\u00e9n\u00e8tre rapidement pour \u00e9liminer les contaminants, les huiles, les taches, les d\u00e9p\u00f4ts min\u00e9raux et la salet\u00e9 compliqu\u00e9e.Parfait pour un usage domestique,dans les v\u00e9hicules, les bureaux et les ateliers.\u00a0S\u00fbre\u00a0sur presque toutes les surfaces mouill\u00e9es.  Un produit de nettoyage int\u00e9rieur complet\u00a0: tapis, ceintures de s\u00e9curit\u00e9, jambages de porte, accoudoirs, tapisseries, surfaces en vinyle ...  Propri\u00e9t\u00e9s de nettoyage p\u00e9n\u00e9trantes.  Biod\u00e9gradable.  S\u00fbr et facile \u00e0 utiliser.  Efficacit\u00e9 et concentration de 30:1.  &nbsp;  FICHE TECHINQUE:D22(T\u00e9l\u00e9charger)","og_url":"https:\/\/www.puris.ma\/en\/product\/d22-interior-cleaner\/","og_site_name":"PURIS MAROC","article_publisher":"https:\/\/web.facebook.com\/europa.mak.78","article_modified_time":"2023-05-25T17:52:10+00:00","og_image":[{"width":800,"height":800,"url":"https:\/\/www.puris.ma\/wp-content\/uploads\/2023\/05\/produit19.jpg","type":"image\/jpeg"}],"twitter_card":"summary_large_image","schema":{"@context":"https:\/\/schema.org","@graph":[{"@type":"WebPage","@id":"https:\/\/www.puris.ma\/produit\/d22-interior-cleaner\/","url":"https:\/\/www.puris.ma\/produit\/d22-interior-cleaner\/","name":"D22 Interior Cleaner - PURIS MAROC","isPartOf":{"@id":"https:\/\/www.puris.ma\/#website"},"primaryImageOfPage":{"@id":"https:\/\/www.puris.ma\/produit\/d22-interior-cleaner\/#primaryimage"},"image":{"@id":"https:\/\/www.puris.ma\/produit\/d22-interior-cleaner\/#primaryimage"},"thumbnailUrl":"https:\/\/www.puris.ma\/wp-content\/uploads\/2023\/05\/produit19.jpg","datePublished":"2023-05-11T14:42:17+00:00","dateModified":"2023-05-25T17:52:10+00:00","breadcrumb":{"@id":"https:\/\/www.puris.ma\/produit\/d22-interior-cleaner\/#breadcrumb"},"inLanguage":"en-US","potentialAction":[{"@type":"ReadAction","target":["https:\/\/www.puris.ma\/produit\/d22-interior-cleaner\/"]}]},{"@type":"ImageObject","inLanguage":"en-US","@id":"https:\/\/www.puris.ma\/produit\/d22-interior-cleaner\/#primaryimage","url":"https:\/\/www.puris.ma\/wp-content\/uploads\/2023\/05\/produit19.jpg","contentUrl":"https:\/\/www.puris.ma\/wp-content\/uploads\/2023\/05\/produit19.jpg","width":800,"height":800},{"@type":"BreadcrumbList","@id":"https:\/\/www.puris.ma\/produit\/d22-interior-cleaner\/#breadcrumb","itemListElement":[{"@type":"ListItem","position":1,"name":"Accueil","item":"https:\/\/www.puris.ma\/"},{"@type":"ListItem","position":2,"name":"Catalogue Produit","item":"https:\/\/www.puris.ma\/accueil\/catalogue-produit\/"},{"@type":"ListItem","position":3,"name":"D22 Interior Cleaner"}]},{"@type":"WebSite","@id":"https:\/\/www.puris.ma\/#website","url":"https:\/\/www.puris.ma\/","name":"PURIS MOROCCO","description":"Distributeur officiel et exculsive des produits de PURIS","publisher":{"@id":"https:\/\/www.puris.ma\/#organization"},"potentialAction":[{"@type":"SearchAction","target":{"@type":"EntryPoint","urlTemplate":"https:\/\/www.puris.ma\/?s={search_term_string}"},"query-input":{"@type":"PropertyValueSpecification","valueRequired":true,"valueName":"search_term_string"}}],"inLanguage":"en-US"},{"@type":"Organization","@id":"https:\/\/www.puris.ma\/#organization","name":"PURIS MOROCCO","url":"https:\/\/www.puris.ma\/","logo":{"@type":"ImageObject","inLanguage":"en-US","@id":"https:\/\/www.puris.ma\/#\/schema\/logo\/image\/","url":"https:\/\/www.puris.ma\/wp-content\/uploads\/2023\/05\/PURIS-MAROC-8.png","contentUrl":"https:\/\/www.puris.ma\/wp-content\/uploads\/2023\/05\/PURIS-MAROC-8.png","width":300,"height":75,"caption":"PURIS MAROC"},"image":{"@id":"https:\/\/www.puris.ma\/#\/schema\/logo\/image\/"},"sameAs":["https:\/\/web.facebook.com\/europa.mak.78","https:\/\/www.instagram.com\/purismorocco\/","https:\/\/www.linkedin.com\/company\/puris-morocco\/"]}]}},"_links":{"self":[{"href":"https:\/\/www.puris.ma\/en\/wp-json\/wp\/v2\/product\/1818","targetHints":{"allow":["GET"]}}],"collection":[{"href":"https:\/\/www.puris.ma\/en\/wp-json\/wp\/v2\/product"}],"about":[{"href":"https:\/\/www.puris.ma\/en\/wp-json\/wp\/v2\/types\/product"}],"wp:featuredmedia":[{"embeddable":true,"href":"https:\/\/www.puris.ma\/en\/wp-json\/wp\/v2\/media\/1819"}],"wp:attachment":[{"href":"https:\/\/www.puris.ma\/en\/wp-json\/wp\/v2\/media?parent=1818"}],"wp:term":[{"taxonomy":"product_brand","embeddable":true,"href":"https:\/\/www.puris.ma\/en\/wp-json\/wp\/v2\/product_brand?post=1818"},{"taxonomy":"product_cat","embeddable":true,"href":"https:\/\/www.puris.ma\/en\/wp-json\/wp\/v2\/product_cat?post=1818"},{"taxonomy":"product_tag","embeddable":true,"href":"https:\/\/www.puris.ma\/en\/wp-json\/wp\/v2\/product_tag?post=1818"}],"curies":[{"name":"wp","href":"https:\/\/api.w.org\/{rel}","templated":true}]}}