{"id":1842,"date":"2023-05-11T15:32:23","date_gmt":"2023-05-11T15:32:23","guid":{"rendered":"https:\/\/www.puris.ma\/?post_type=product&#038;p=1842"},"modified":"2023-05-25T17:48:44","modified_gmt":"2023-05-25T17:48:44","slug":"a61-jade-detox-wash-seal","status":"publish","type":"product","link":"https:\/\/www.puris.ma\/en\/product\/a61-jade-detox-wash-seal\/","title":{"rendered":"A61 Jade Detox Wash &#038; Seal"},"content":{"rendered":"","protected":false},"excerpt":{"rendered":"<p>A61 CERAMIC DETOX SHAMPOOOO is a gentle shampoo, with neutral pH, specially formulated to take care of automotive finishes that have already been treated with a ceramic coating.<br \/>\nThe shampoo features a silica technology that will revitalize the surface of the coating during cleaning, giving a spectacular shine.<br \/>\nEven used on finishes that have not been previously treated with ceramic, this product will still provide an incredible shine and will leave a hydrophobic surface after each wash. The shampoo is easily diluted and has a beautiful color<\/p>\n<p>&nbsp;<\/p>\n<p><span style=\"font-size: 18px; color: #0000ff;\"><strong>FICHE TECHNIQUE:A61(<a style=\"color: #0000ff;\" href=\"https:\/\/www.puris.ma\/wp-content\/uploads\/2023\/05\/189_en_A61_Jade_Detox_Shampoo_EN.pdf\">Download<\/a>)<\/strong><\/span><\/p>","protected":false},"featured_media":1843,"template":"","meta":[],"product_brand":[],"product_cat":[32],"product_tag":[],"class_list":{"0":"post-1842","1":"product","2":"type-product","3":"status-publish","4":"has-post-thumbnail","6":"product_cat-savons","8":"first","9":"instock","10":"shipping-taxable","11":"product-type-simple"},"yoast_head":"<!-- This site is optimized with the Yoast SEO plugin v26.3 - https:\/\/yoast.com\/wordpress\/plugins\/seo\/ -->\n<title>A61 Jade Detox Wash &amp; Seal - PURIS MAROC<\/title>\n<meta name=\"robots\" content=\"index, follow, max-snippet:-1, max-image-preview:large, max-video-preview:-1\" \/>\n<link rel=\"canonical\" href=\"https:\/\/www.puris.ma\/en\/product\/a61-jade-detox-wash-seal\/\" \/>\n<meta property=\"og:locale\" content=\"en_US\" \/>\n<meta property=\"og:type\" content=\"article\" \/>\n<meta property=\"og:title\" content=\"A61 Jade Detox Wash &amp; Seal - PURIS MAROC\" \/>\n<meta property=\"og:description\" content=\"A61 CERAMIC DETOX SHAMPOOOO est un shampoing doux, avec pH neutre, sp\u00e9cialement formul\u00e9 pour prendre soin des finitions automobiles qui ont d\u00e9j\u00e0 \u00e9t\u00e9 trait\u00e9es avec un rev\u00eatement c\u00e9ramique. Le shampooing pr\u00e9sente une technologie de silice qui va revitaliser la surface du rev\u00eatement pendant le nettoyage, en donnant un \u00e9clat spectaculaire. M\u00eame utilis\u00e9 sur les finitions qui n\u2019ont pas \u00e9t\u00e9 pr\u00e9c\u00e9demment trait\u00e9es avec de la c\u00e9ramique, ce produit fournira encore une incroyable brillance et laissera une superficie hydrophobique apr\u00e8s chaque lavage. Le shampooing est facilement dilu\u00e9 et pr\u00e9sente une belle couleur  &nbsp;  FICHE TECHNIQUE:A61(T\u00e9l\u00e9charger)\" \/>\n<meta property=\"og:url\" content=\"https:\/\/www.puris.ma\/en\/product\/a61-jade-detox-wash-seal\/\" \/>\n<meta property=\"og:site_name\" content=\"PURIS MAROC\" \/>\n<meta property=\"article:publisher\" content=\"https:\/\/web.facebook.com\/europa.mak.78\" \/>\n<meta property=\"article:modified_time\" content=\"2023-05-25T17:48:44+00:00\" \/>\n<meta property=\"og:image\" content=\"https:\/\/www.puris.ma\/wp-content\/uploads\/2023\/05\/produit31.jpg\" \/>\n\t<meta property=\"og:image:width\" content=\"800\" \/>\n\t<meta property=\"og:image:height\" content=\"800\" \/>\n\t<meta property=\"og:image:type\" content=\"image\/jpeg\" \/>\n<meta name=\"twitter:card\" content=\"summary_large_image\" \/>\n<script type=\"application\/ld+json\" class=\"yoast-schema-graph\">{\"@context\":\"https:\/\/schema.org\",\"@graph\":[{\"@type\":\"WebPage\",\"@id\":\"https:\/\/www.puris.ma\/produit\/a61-jade-detox-wash-seal\/\",\"url\":\"https:\/\/www.puris.ma\/produit\/a61-jade-detox-wash-seal\/\",\"name\":\"A61 Jade Detox Wash & Seal - PURIS MAROC\",\"isPartOf\":{\"@id\":\"https:\/\/www.puris.ma\/#website\"},\"primaryImageOfPage\":{\"@id\":\"https:\/\/www.puris.ma\/produit\/a61-jade-detox-wash-seal\/#primaryimage\"},\"image\":{\"@id\":\"https:\/\/www.puris.ma\/produit\/a61-jade-detox-wash-seal\/#primaryimage\"},\"thumbnailUrl\":\"https:\/\/www.puris.ma\/wp-content\/uploads\/2023\/05\/produit31.jpg\",\"datePublished\":\"2023-05-11T15:32:23+00:00\",\"dateModified\":\"2023-05-25T17:48:44+00:00\",\"breadcrumb\":{\"@id\":\"https:\/\/www.puris.ma\/produit\/a61-jade-detox-wash-seal\/#breadcrumb\"},\"inLanguage\":\"en-US\",\"potentialAction\":[{\"@type\":\"ReadAction\",\"target\":[\"https:\/\/www.puris.ma\/produit\/a61-jade-detox-wash-seal\/\"]}]},{\"@type\":\"ImageObject\",\"inLanguage\":\"en-US\",\"@id\":\"https:\/\/www.puris.ma\/produit\/a61-jade-detox-wash-seal\/#primaryimage\",\"url\":\"https:\/\/www.puris.ma\/wp-content\/uploads\/2023\/05\/produit31.jpg\",\"contentUrl\":\"https:\/\/www.puris.ma\/wp-content\/uploads\/2023\/05\/produit31.jpg\",\"width\":800,\"height\":800},{\"@type\":\"BreadcrumbList\",\"@id\":\"https:\/\/www.puris.ma\/produit\/a61-jade-detox-wash-seal\/#breadcrumb\",\"itemListElement\":[{\"@type\":\"ListItem\",\"position\":1,\"name\":\"Accueil\",\"item\":\"https:\/\/www.puris.ma\/\"},{\"@type\":\"ListItem\",\"position\":2,\"name\":\"Catalogue Produit\",\"item\":\"https:\/\/www.puris.ma\/accueil\/catalogue-produit\/\"},{\"@type\":\"ListItem\",\"position\":3,\"name\":\"A61 Jade Detox Wash &#038; Seal\"}]},{\"@type\":\"WebSite\",\"@id\":\"https:\/\/www.puris.ma\/#website\",\"url\":\"https:\/\/www.puris.ma\/\",\"name\":\"PURIS MAROC\",\"description\":\"Distributeur officiel et exculsive des produits de PURIS\",\"publisher\":{\"@id\":\"https:\/\/www.puris.ma\/#organization\"},\"potentialAction\":[{\"@type\":\"SearchAction\",\"target\":{\"@type\":\"EntryPoint\",\"urlTemplate\":\"https:\/\/www.puris.ma\/?s={search_term_string}\"},\"query-input\":{\"@type\":\"PropertyValueSpecification\",\"valueRequired\":true,\"valueName\":\"search_term_string\"}}],\"inLanguage\":\"en-US\"},{\"@type\":\"Organization\",\"@id\":\"https:\/\/www.puris.ma\/#organization\",\"name\":\"PURIS MAROC\",\"url\":\"https:\/\/www.puris.ma\/\",\"logo\":{\"@type\":\"ImageObject\",\"inLanguage\":\"en-US\",\"@id\":\"https:\/\/www.puris.ma\/#\/schema\/logo\/image\/\",\"url\":\"https:\/\/www.puris.ma\/wp-content\/uploads\/2023\/05\/PURIS-MAROC-8.png\",\"contentUrl\":\"https:\/\/www.puris.ma\/wp-content\/uploads\/2023\/05\/PURIS-MAROC-8.png\",\"width\":300,\"height\":75,\"caption\":\"PURIS MAROC\"},\"image\":{\"@id\":\"https:\/\/www.puris.ma\/#\/schema\/logo\/image\/\"},\"sameAs\":[\"https:\/\/web.facebook.com\/europa.mak.78\",\"https:\/\/www.instagram.com\/purismorocco\/\",\"https:\/\/www.linkedin.com\/company\/puris-morocco\/\"]}]}<\/script>\n<!-- \/ Yoast SEO plugin. -->","yoast_head_json":{"title":"A61 Jade Detox Wash & Seal - PURIS MAROC","robots":{"index":"index","follow":"follow","max-snippet":"max-snippet:-1","max-image-preview":"max-image-preview:large","max-video-preview":"max-video-preview:-1"},"canonical":"https:\/\/www.puris.ma\/en\/product\/a61-jade-detox-wash-seal\/","og_locale":"en_US","og_type":"article","og_title":"A61 Jade Detox Wash & Seal - PURIS MAROC","og_description":"A61 CERAMIC DETOX SHAMPOOOO est un shampoing doux, avec pH neutre, sp\u00e9cialement formul\u00e9 pour prendre soin des finitions automobiles qui ont d\u00e9j\u00e0 \u00e9t\u00e9 trait\u00e9es avec un rev\u00eatement c\u00e9ramique. Le shampooing pr\u00e9sente une technologie de silice qui va revitaliser la surface du rev\u00eatement pendant le nettoyage, en donnant un \u00e9clat spectaculaire. M\u00eame utilis\u00e9 sur les finitions qui n\u2019ont pas \u00e9t\u00e9 pr\u00e9c\u00e9demment trait\u00e9es avec de la c\u00e9ramique, ce produit fournira encore une incroyable brillance et laissera une superficie hydrophobique apr\u00e8s chaque lavage. Le shampooing est facilement dilu\u00e9 et pr\u00e9sente une belle couleur  &nbsp;  FICHE TECHNIQUE:A61(T\u00e9l\u00e9charger)","og_url":"https:\/\/www.puris.ma\/en\/product\/a61-jade-detox-wash-seal\/","og_site_name":"PURIS MAROC","article_publisher":"https:\/\/web.facebook.com\/europa.mak.78","article_modified_time":"2023-05-25T17:48:44+00:00","og_image":[{"width":800,"height":800,"url":"https:\/\/www.puris.ma\/wp-content\/uploads\/2023\/05\/produit31.jpg","type":"image\/jpeg"}],"twitter_card":"summary_large_image","schema":{"@context":"https:\/\/schema.org","@graph":[{"@type":"WebPage","@id":"https:\/\/www.puris.ma\/produit\/a61-jade-detox-wash-seal\/","url":"https:\/\/www.puris.ma\/produit\/a61-jade-detox-wash-seal\/","name":"A61 Jade Detox Wash & Seal - PURIS MAROC","isPartOf":{"@id":"https:\/\/www.puris.ma\/#website"},"primaryImageOfPage":{"@id":"https:\/\/www.puris.ma\/produit\/a61-jade-detox-wash-seal\/#primaryimage"},"image":{"@id":"https:\/\/www.puris.ma\/produit\/a61-jade-detox-wash-seal\/#primaryimage"},"thumbnailUrl":"https:\/\/www.puris.ma\/wp-content\/uploads\/2023\/05\/produit31.jpg","datePublished":"2023-05-11T15:32:23+00:00","dateModified":"2023-05-25T17:48:44+00:00","breadcrumb":{"@id":"https:\/\/www.puris.ma\/produit\/a61-jade-detox-wash-seal\/#breadcrumb"},"inLanguage":"en-US","potentialAction":[{"@type":"ReadAction","target":["https:\/\/www.puris.ma\/produit\/a61-jade-detox-wash-seal\/"]}]},{"@type":"ImageObject","inLanguage":"en-US","@id":"https:\/\/www.puris.ma\/produit\/a61-jade-detox-wash-seal\/#primaryimage","url":"https:\/\/www.puris.ma\/wp-content\/uploads\/2023\/05\/produit31.jpg","contentUrl":"https:\/\/www.puris.ma\/wp-content\/uploads\/2023\/05\/produit31.jpg","width":800,"height":800},{"@type":"BreadcrumbList","@id":"https:\/\/www.puris.ma\/produit\/a61-jade-detox-wash-seal\/#breadcrumb","itemListElement":[{"@type":"ListItem","position":1,"name":"Accueil","item":"https:\/\/www.puris.ma\/"},{"@type":"ListItem","position":2,"name":"Catalogue Produit","item":"https:\/\/www.puris.ma\/accueil\/catalogue-produit\/"},{"@type":"ListItem","position":3,"name":"A61 Jade Detox Wash &#038; Seal"}]},{"@type":"WebSite","@id":"https:\/\/www.puris.ma\/#website","url":"https:\/\/www.puris.ma\/","name":"PURIS MOROCCO","description":"Distributeur officiel et exculsive des produits de PURIS","publisher":{"@id":"https:\/\/www.puris.ma\/#organization"},"potentialAction":[{"@type":"SearchAction","target":{"@type":"EntryPoint","urlTemplate":"https:\/\/www.puris.ma\/?s={search_term_string}"},"query-input":{"@type":"PropertyValueSpecification","valueRequired":true,"valueName":"search_term_string"}}],"inLanguage":"en-US"},{"@type":"Organization","@id":"https:\/\/www.puris.ma\/#organization","name":"PURIS MOROCCO","url":"https:\/\/www.puris.ma\/","logo":{"@type":"ImageObject","inLanguage":"en-US","@id":"https:\/\/www.puris.ma\/#\/schema\/logo\/image\/","url":"https:\/\/www.puris.ma\/wp-content\/uploads\/2023\/05\/PURIS-MAROC-8.png","contentUrl":"https:\/\/www.puris.ma\/wp-content\/uploads\/2023\/05\/PURIS-MAROC-8.png","width":300,"height":75,"caption":"PURIS MAROC"},"image":{"@id":"https:\/\/www.puris.ma\/#\/schema\/logo\/image\/"},"sameAs":["https:\/\/web.facebook.com\/europa.mak.78","https:\/\/www.instagram.com\/purismorocco\/","https:\/\/www.linkedin.com\/company\/puris-morocco\/"]}]}},"_links":{"self":[{"href":"https:\/\/www.puris.ma\/en\/wp-json\/wp\/v2\/product\/1842","targetHints":{"allow":["GET"]}}],"collection":[{"href":"https:\/\/www.puris.ma\/en\/wp-json\/wp\/v2\/product"}],"about":[{"href":"https:\/\/www.puris.ma\/en\/wp-json\/wp\/v2\/types\/product"}],"wp:featuredmedia":[{"embeddable":true,"href":"https:\/\/www.puris.ma\/en\/wp-json\/wp\/v2\/media\/1843"}],"wp:attachment":[{"href":"https:\/\/www.puris.ma\/en\/wp-json\/wp\/v2\/media?parent=1842"}],"wp:term":[{"taxonomy":"product_brand","embeddable":true,"href":"https:\/\/www.puris.ma\/en\/wp-json\/wp\/v2\/product_brand?post=1842"},{"taxonomy":"product_cat","embeddable":true,"href":"https:\/\/www.puris.ma\/en\/wp-json\/wp\/v2\/product_cat?post=1842"},{"taxonomy":"product_tag","embeddable":true,"href":"https:\/\/www.puris.ma\/en\/wp-json\/wp\/v2\/product_tag?post=1842"}],"curies":[{"name":"wp","href":"https:\/\/api.w.org\/{rel}","templated":true}]}}