{"id":1857,"date":"2023-05-11T15:59:36","date_gmt":"2023-05-11T15:59:36","guid":{"rendered":"https:\/\/www.puris.ma\/?post_type=product&#038;p=1857"},"modified":"2023-05-19T10:09:11","modified_gmt":"2023-05-19T10:09:11","slug":"pf-pure-foam-polishing-pad","status":"publish","type":"product","link":"https:\/\/www.puris.ma\/en\/product\/pf-pure-foam-polishing-pad\/","title":{"rendered":"PF Pure Foam Polishing Pad"},"content":{"rendered":"","protected":false},"excerpt":{"rendered":"<p>Puris Yellow foam pad is a cutting foam. Puris chooses a European 75 PPI foam with a bevel edge design. A durable hard support for heat resistance and suitable for the high torque of a double action machine. Using it in combination with a cutting compound, it will be able to remove 2500? 3500 gravel sanding scratches. Perfect for removing medium scratches, swirls, water stains and other paint imperfections. Puris DA foam pads can be used on a rotary polisher as well as a dual action polisher.<\/p>\n<p>Tip: Clean your tampon after each use with Puris stamps? The washer will ensure a long buffer life.<\/p>\n<p>- 75 PPI yellow foam<br \/>\n\u2013 for the elimination of medium defects<br \/>\n- Removes 2500 \u2013 3500 scratches<br \/>\n\u2013 Suitable for rotary and DA machines<br \/>\nAvailable in 5 and 6\u00bb<\/p>","protected":false},"featured_media":1858,"template":"","meta":[],"product_brand":[],"product_cat":[39],"product_tag":[],"class_list":{"0":"post-1857","1":"product","2":"type-product","3":"status-publish","4":"has-post-thumbnail","6":"product_cat-applicateurs","8":"first","9":"instock","10":"shipping-taxable","11":"product-type-simple"},"yoast_head":"<!-- This site is optimized with the Yoast SEO plugin v26.3 - https:\/\/yoast.com\/wordpress\/plugins\/seo\/ -->\n<title>PF Pure Foam Polishing Pad - PURIS MAROC<\/title>\n<meta name=\"robots\" content=\"index, follow, max-snippet:-1, max-image-preview:large, max-video-preview:-1\" \/>\n<link rel=\"canonical\" href=\"https:\/\/www.puris.ma\/en\/product\/pf-pure-foam-polishing-pad\/\" \/>\n<meta property=\"og:locale\" content=\"en_US\" \/>\n<meta property=\"og:type\" content=\"article\" \/>\n<meta property=\"og:title\" content=\"PF Pure Foam Polishing Pad - PURIS MAROC\" \/>\n<meta property=\"og:description\" content=\"Puris Yellow mousse pad est une mousse de coupe. Puris choisit une mousse europ\u00e9enne de 75 PPI avec un design bord biseau. Un support dur durable pour la r\u00e9sistance \u00e0 la chaleur et adapt\u00e9 au couple \u00e9lev\u00e9 d\u2019une machine \u00e0 double action. En l\u2019utilisant en combinaison avec un compos\u00e9 de coupe, il sera capable d\u2019enlever 2500 ? 3500 rayures de pon\u00e7age de gravier. Parfait pour enlever les rayures moyennes, les tourbillons, les taches d\u2019eau et autres imperfections de peinture. Les tampons en mousse Puris DA peuvent \u00eatre utilis\u00e9s sur un polisseur rotatif ainsi qu\u2019un polisseur \u00e0 double action.  Conseil\u00a0: Nettoyer votre tampon apr\u00e8s chaque utilisation avec les tampons Puris ? La rondelle assurera une longue dur\u00e9e de vie du tampon.  - Mousse jaune de 75 PPI - pour l\u2019\u00e9limination des d\u00e9fauts moyens - Enl\u00e8ve 2500 - 3500 \u00e9gratignures - Convient aux machines rotatives et DA Disponible en 5&#039; et 6&#039;&#039;\" \/>\n<meta property=\"og:url\" content=\"https:\/\/www.puris.ma\/en\/product\/pf-pure-foam-polishing-pad\/\" \/>\n<meta property=\"og:site_name\" content=\"PURIS MAROC\" \/>\n<meta property=\"article:publisher\" content=\"https:\/\/web.facebook.com\/europa.mak.78\" \/>\n<meta property=\"article:modified_time\" content=\"2023-05-19T10:09:11+00:00\" \/>\n<meta property=\"og:image\" content=\"https:\/\/www.puris.ma\/wp-content\/uploads\/2023\/05\/product-31.jpg\" \/>\n\t<meta property=\"og:image:width\" content=\"800\" \/>\n\t<meta property=\"og:image:height\" content=\"800\" \/>\n\t<meta property=\"og:image:type\" content=\"image\/jpeg\" \/>\n<meta name=\"twitter:card\" content=\"summary_large_image\" \/>\n<script type=\"application\/ld+json\" class=\"yoast-schema-graph\">{\"@context\":\"https:\/\/schema.org\",\"@graph\":[{\"@type\":\"WebPage\",\"@id\":\"https:\/\/www.puris.ma\/produit\/pf-pure-foam-polishing-pad\/\",\"url\":\"https:\/\/www.puris.ma\/produit\/pf-pure-foam-polishing-pad\/\",\"name\":\"PF Pure Foam Polishing Pad - PURIS MAROC\",\"isPartOf\":{\"@id\":\"https:\/\/www.puris.ma\/#website\"},\"primaryImageOfPage\":{\"@id\":\"https:\/\/www.puris.ma\/produit\/pf-pure-foam-polishing-pad\/#primaryimage\"},\"image\":{\"@id\":\"https:\/\/www.puris.ma\/produit\/pf-pure-foam-polishing-pad\/#primaryimage\"},\"thumbnailUrl\":\"https:\/\/www.puris.ma\/wp-content\/uploads\/2023\/05\/product-31.jpg\",\"datePublished\":\"2023-05-11T15:59:36+00:00\",\"dateModified\":\"2023-05-19T10:09:11+00:00\",\"breadcrumb\":{\"@id\":\"https:\/\/www.puris.ma\/produit\/pf-pure-foam-polishing-pad\/#breadcrumb\"},\"inLanguage\":\"en-US\",\"potentialAction\":[{\"@type\":\"ReadAction\",\"target\":[\"https:\/\/www.puris.ma\/produit\/pf-pure-foam-polishing-pad\/\"]}]},{\"@type\":\"ImageObject\",\"inLanguage\":\"en-US\",\"@id\":\"https:\/\/www.puris.ma\/produit\/pf-pure-foam-polishing-pad\/#primaryimage\",\"url\":\"https:\/\/www.puris.ma\/wp-content\/uploads\/2023\/05\/product-31.jpg\",\"contentUrl\":\"https:\/\/www.puris.ma\/wp-content\/uploads\/2023\/05\/product-31.jpg\",\"width\":800,\"height\":800},{\"@type\":\"BreadcrumbList\",\"@id\":\"https:\/\/www.puris.ma\/produit\/pf-pure-foam-polishing-pad\/#breadcrumb\",\"itemListElement\":[{\"@type\":\"ListItem\",\"position\":1,\"name\":\"Accueil\",\"item\":\"https:\/\/www.puris.ma\/\"},{\"@type\":\"ListItem\",\"position\":2,\"name\":\"Catalogue Produit\",\"item\":\"https:\/\/www.puris.ma\/accueil\/catalogue-produit\/\"},{\"@type\":\"ListItem\",\"position\":3,\"name\":\"PF Pure Foam Polishing Pad\"}]},{\"@type\":\"WebSite\",\"@id\":\"https:\/\/www.puris.ma\/#website\",\"url\":\"https:\/\/www.puris.ma\/\",\"name\":\"PURIS MAROC\",\"description\":\"Distributeur officiel et exculsive des produits de PURIS\",\"publisher\":{\"@id\":\"https:\/\/www.puris.ma\/#organization\"},\"potentialAction\":[{\"@type\":\"SearchAction\",\"target\":{\"@type\":\"EntryPoint\",\"urlTemplate\":\"https:\/\/www.puris.ma\/?s={search_term_string}\"},\"query-input\":{\"@type\":\"PropertyValueSpecification\",\"valueRequired\":true,\"valueName\":\"search_term_string\"}}],\"inLanguage\":\"en-US\"},{\"@type\":\"Organization\",\"@id\":\"https:\/\/www.puris.ma\/#organization\",\"name\":\"PURIS MAROC\",\"url\":\"https:\/\/www.puris.ma\/\",\"logo\":{\"@type\":\"ImageObject\",\"inLanguage\":\"en-US\",\"@id\":\"https:\/\/www.puris.ma\/#\/schema\/logo\/image\/\",\"url\":\"https:\/\/www.puris.ma\/wp-content\/uploads\/2023\/05\/PURIS-MAROC-8.png\",\"contentUrl\":\"https:\/\/www.puris.ma\/wp-content\/uploads\/2023\/05\/PURIS-MAROC-8.png\",\"width\":300,\"height\":75,\"caption\":\"PURIS MAROC\"},\"image\":{\"@id\":\"https:\/\/www.puris.ma\/#\/schema\/logo\/image\/\"},\"sameAs\":[\"https:\/\/web.facebook.com\/europa.mak.78\",\"https:\/\/www.instagram.com\/purismorocco\/\",\"https:\/\/www.linkedin.com\/company\/puris-morocco\/\"]}]}<\/script>\n<!-- \/ Yoast SEO plugin. -->","yoast_head_json":{"title":"PF Pure Foam Polishing Pad - PURIS MAROC","robots":{"index":"index","follow":"follow","max-snippet":"max-snippet:-1","max-image-preview":"max-image-preview:large","max-video-preview":"max-video-preview:-1"},"canonical":"https:\/\/www.puris.ma\/en\/product\/pf-pure-foam-polishing-pad\/","og_locale":"en_US","og_type":"article","og_title":"PF Pure Foam Polishing Pad - PURIS MAROC","og_description":"Puris Yellow mousse pad est une mousse de coupe. Puris choisit une mousse europ\u00e9enne de 75 PPI avec un design bord biseau. Un support dur durable pour la r\u00e9sistance \u00e0 la chaleur et adapt\u00e9 au couple \u00e9lev\u00e9 d\u2019une machine \u00e0 double action. En l\u2019utilisant en combinaison avec un compos\u00e9 de coupe, il sera capable d\u2019enlever 2500 ? 3500 rayures de pon\u00e7age de gravier. Parfait pour enlever les rayures moyennes, les tourbillons, les taches d\u2019eau et autres imperfections de peinture. Les tampons en mousse Puris DA peuvent \u00eatre utilis\u00e9s sur un polisseur rotatif ainsi qu\u2019un polisseur \u00e0 double action.  Conseil\u00a0: Nettoyer votre tampon apr\u00e8s chaque utilisation avec les tampons Puris ? La rondelle assurera une longue dur\u00e9e de vie du tampon.  - Mousse jaune de 75 PPI - pour l\u2019\u00e9limination des d\u00e9fauts moyens - Enl\u00e8ve 2500 - 3500 \u00e9gratignures - Convient aux machines rotatives et DA Disponible en 5' et 6''","og_url":"https:\/\/www.puris.ma\/en\/product\/pf-pure-foam-polishing-pad\/","og_site_name":"PURIS MAROC","article_publisher":"https:\/\/web.facebook.com\/europa.mak.78","article_modified_time":"2023-05-19T10:09:11+00:00","og_image":[{"width":800,"height":800,"url":"https:\/\/www.puris.ma\/wp-content\/uploads\/2023\/05\/product-31.jpg","type":"image\/jpeg"}],"twitter_card":"summary_large_image","schema":{"@context":"https:\/\/schema.org","@graph":[{"@type":"WebPage","@id":"https:\/\/www.puris.ma\/produit\/pf-pure-foam-polishing-pad\/","url":"https:\/\/www.puris.ma\/produit\/pf-pure-foam-polishing-pad\/","name":"PF Pure Foam Polishing Pad - PURIS MAROC","isPartOf":{"@id":"https:\/\/www.puris.ma\/#website"},"primaryImageOfPage":{"@id":"https:\/\/www.puris.ma\/produit\/pf-pure-foam-polishing-pad\/#primaryimage"},"image":{"@id":"https:\/\/www.puris.ma\/produit\/pf-pure-foam-polishing-pad\/#primaryimage"},"thumbnailUrl":"https:\/\/www.puris.ma\/wp-content\/uploads\/2023\/05\/product-31.jpg","datePublished":"2023-05-11T15:59:36+00:00","dateModified":"2023-05-19T10:09:11+00:00","breadcrumb":{"@id":"https:\/\/www.puris.ma\/produit\/pf-pure-foam-polishing-pad\/#breadcrumb"},"inLanguage":"en-US","potentialAction":[{"@type":"ReadAction","target":["https:\/\/www.puris.ma\/produit\/pf-pure-foam-polishing-pad\/"]}]},{"@type":"ImageObject","inLanguage":"en-US","@id":"https:\/\/www.puris.ma\/produit\/pf-pure-foam-polishing-pad\/#primaryimage","url":"https:\/\/www.puris.ma\/wp-content\/uploads\/2023\/05\/product-31.jpg","contentUrl":"https:\/\/www.puris.ma\/wp-content\/uploads\/2023\/05\/product-31.jpg","width":800,"height":800},{"@type":"BreadcrumbList","@id":"https:\/\/www.puris.ma\/produit\/pf-pure-foam-polishing-pad\/#breadcrumb","itemListElement":[{"@type":"ListItem","position":1,"name":"Accueil","item":"https:\/\/www.puris.ma\/"},{"@type":"ListItem","position":2,"name":"Catalogue Produit","item":"https:\/\/www.puris.ma\/accueil\/catalogue-produit\/"},{"@type":"ListItem","position":3,"name":"PF Pure Foam Polishing Pad"}]},{"@type":"WebSite","@id":"https:\/\/www.puris.ma\/#website","url":"https:\/\/www.puris.ma\/","name":"PURIS MOROCCO","description":"Distributeur officiel et exculsive des produits de PURIS","publisher":{"@id":"https:\/\/www.puris.ma\/#organization"},"potentialAction":[{"@type":"SearchAction","target":{"@type":"EntryPoint","urlTemplate":"https:\/\/www.puris.ma\/?s={search_term_string}"},"query-input":{"@type":"PropertyValueSpecification","valueRequired":true,"valueName":"search_term_string"}}],"inLanguage":"en-US"},{"@type":"Organization","@id":"https:\/\/www.puris.ma\/#organization","name":"PURIS MOROCCO","url":"https:\/\/www.puris.ma\/","logo":{"@type":"ImageObject","inLanguage":"en-US","@id":"https:\/\/www.puris.ma\/#\/schema\/logo\/image\/","url":"https:\/\/www.puris.ma\/wp-content\/uploads\/2023\/05\/PURIS-MAROC-8.png","contentUrl":"https:\/\/www.puris.ma\/wp-content\/uploads\/2023\/05\/PURIS-MAROC-8.png","width":300,"height":75,"caption":"PURIS MAROC"},"image":{"@id":"https:\/\/www.puris.ma\/#\/schema\/logo\/image\/"},"sameAs":["https:\/\/web.facebook.com\/europa.mak.78","https:\/\/www.instagram.com\/purismorocco\/","https:\/\/www.linkedin.com\/company\/puris-morocco\/"]}]}},"_links":{"self":[{"href":"https:\/\/www.puris.ma\/en\/wp-json\/wp\/v2\/product\/1857","targetHints":{"allow":["GET"]}}],"collection":[{"href":"https:\/\/www.puris.ma\/en\/wp-json\/wp\/v2\/product"}],"about":[{"href":"https:\/\/www.puris.ma\/en\/wp-json\/wp\/v2\/types\/product"}],"wp:featuredmedia":[{"embeddable":true,"href":"https:\/\/www.puris.ma\/en\/wp-json\/wp\/v2\/media\/1858"}],"wp:attachment":[{"href":"https:\/\/www.puris.ma\/en\/wp-json\/wp\/v2\/media?parent=1857"}],"wp:term":[{"taxonomy":"product_brand","embeddable":true,"href":"https:\/\/www.puris.ma\/en\/wp-json\/wp\/v2\/product_brand?post=1857"},{"taxonomy":"product_cat","embeddable":true,"href":"https:\/\/www.puris.ma\/en\/wp-json\/wp\/v2\/product_cat?post=1857"},{"taxonomy":"product_tag","embeddable":true,"href":"https:\/\/www.puris.ma\/en\/wp-json\/wp\/v2\/product_tag?post=1857"}],"curies":[{"name":"wp","href":"https:\/\/api.w.org\/{rel}","templated":true}]}}