{"id":1859,"date":"2023-05-11T16:06:29","date_gmt":"2023-05-11T16:06:29","guid":{"rendered":"https:\/\/www.puris.ma\/?post_type=product&#038;p=1859"},"modified":"2023-05-19T10:08:10","modified_gmt":"2023-05-19T10:08:10","slug":"mc-pure-foam-medium","status":"publish","type":"product","link":"https:\/\/www.puris.ma\/en\/product\/mc-pure-foam-medium\/","title":{"rendered":"MC Pure Foam Medium"},"content":{"rendered":"","protected":false},"excerpt":{"rendered":"<p>Puris Orange foam pad is a medium cut foam. Puris chooses a 85 PPI Moroccan foam with a bevel edge design. A durable hard support for heat resistance and suitable for the high torque of a double action machine. This sponge is good for light polishing or finishing work. For use with medium or fine varnish on hard paint for gloss, or removal of swirls, water points and other paint imperfections. Puris DA foam pads can be used on a rotary polisher as well as a dual action polisher.<\/p>\n<p>Tip: Cleaning your tampon after each use with the Puris Pads washer will ensure a long service life.<\/p>\n<p>\u2013 Medium Cut Foam Pad<br \/>\n- 85 PPI Orange Foam<br \/>\n- For removal of moderate to light vortices<br \/>\n- For polishing and delaying very bright results<br \/>\n\u2013 Suitable for rotary and DA machines<\/p>\n<p>Available in 5 and 6\u00bb<\/p>","protected":false},"featured_media":1860,"template":"","meta":[],"product_brand":[],"product_cat":[39],"product_tag":[],"class_list":{"0":"post-1859","1":"product","2":"type-product","3":"status-publish","4":"has-post-thumbnail","6":"product_cat-applicateurs","8":"first","9":"instock","10":"shipping-taxable","11":"product-type-simple"},"yoast_head":"<!-- This site is optimized with the Yoast SEO plugin v26.3 - https:\/\/yoast.com\/wordpress\/plugins\/seo\/ -->\n<title>MC Pure Foam Medium - PURIS MAROC<\/title>\n<meta name=\"robots\" content=\"index, follow, max-snippet:-1, max-image-preview:large, max-video-preview:-1\" \/>\n<link rel=\"canonical\" href=\"https:\/\/www.puris.ma\/en\/product\/mc-pure-foam-medium\/\" \/>\n<meta property=\"og:locale\" content=\"en_US\" \/>\n<meta property=\"og:type\" content=\"article\" \/>\n<meta property=\"og:title\" content=\"MC Pure Foam Medium - PURIS MAROC\" \/>\n<meta property=\"og:description\" content=\"Puris Orange mousse pad est une mousse de coupe moyenne. Puris choisit une mousse marocaine de 85 PPI avec un design bord biseau. Un support dur durable pour la r\u00e9sistance \u00e0 la chaleur et adapt\u00e9 au couple \u00e9lev\u00e9 d\u2019une machine \u00e0 double action. Cette \u00e9ponge est bonne pour le polissage l\u00e9ger ou le travail de finition. Pour une utilisation avec un vernis moyen ou fin sur une peinture dure pour le brillant, ou l\u2019\u00e9limination des tourbillons, des points d\u2019eau et d\u2019autres imperfections de peinture. Les tampons en mousse Puris DA peuvent \u00eatre utilis\u00e9s sur un polisseur rotatif ainsi qu\u2019un polisseur \u00e0 double action.  Conseil\u00a0: Le nettoyage de votre tampon apr\u00e8s chaque utilisation avec la rondelle Puris Pads vous assurera une longue dur\u00e9e de vie.  - Tampon de mousse de coupe moyenne - Mousse orange de 85 PPI - Pour l\u2019\u00e9limination des tourbillons mod\u00e9r\u00e9s \u00e0 l\u00e9gers - Pour le polissage et le d\u00e9lavage de r\u00e9sultats tr\u00e8s brillants - Convient aux machines rotatives et DA  Disponible en 5&#039; et 6&#039;&#039;\" \/>\n<meta property=\"og:url\" content=\"https:\/\/www.puris.ma\/en\/product\/mc-pure-foam-medium\/\" \/>\n<meta property=\"og:site_name\" content=\"PURIS MAROC\" \/>\n<meta property=\"article:publisher\" content=\"https:\/\/web.facebook.com\/europa.mak.78\" \/>\n<meta property=\"article:modified_time\" content=\"2023-05-19T10:08:10+00:00\" \/>\n<meta property=\"og:image\" content=\"https:\/\/www.puris.ma\/wp-content\/uploads\/2023\/05\/product-30-1.jpg\" \/>\n\t<meta property=\"og:image:width\" content=\"800\" \/>\n\t<meta property=\"og:image:height\" content=\"800\" \/>\n\t<meta property=\"og:image:type\" content=\"image\/jpeg\" \/>\n<meta name=\"twitter:card\" content=\"summary_large_image\" \/>\n<script type=\"application\/ld+json\" class=\"yoast-schema-graph\">{\"@context\":\"https:\/\/schema.org\",\"@graph\":[{\"@type\":\"WebPage\",\"@id\":\"https:\/\/www.puris.ma\/produit\/mc-pure-foam-medium\/\",\"url\":\"https:\/\/www.puris.ma\/produit\/mc-pure-foam-medium\/\",\"name\":\"MC Pure Foam Medium - PURIS MAROC\",\"isPartOf\":{\"@id\":\"https:\/\/www.puris.ma\/#website\"},\"primaryImageOfPage\":{\"@id\":\"https:\/\/www.puris.ma\/produit\/mc-pure-foam-medium\/#primaryimage\"},\"image\":{\"@id\":\"https:\/\/www.puris.ma\/produit\/mc-pure-foam-medium\/#primaryimage\"},\"thumbnailUrl\":\"https:\/\/www.puris.ma\/wp-content\/uploads\/2023\/05\/product-30-1.jpg\",\"datePublished\":\"2023-05-11T16:06:29+00:00\",\"dateModified\":\"2023-05-19T10:08:10+00:00\",\"breadcrumb\":{\"@id\":\"https:\/\/www.puris.ma\/produit\/mc-pure-foam-medium\/#breadcrumb\"},\"inLanguage\":\"en-US\",\"potentialAction\":[{\"@type\":\"ReadAction\",\"target\":[\"https:\/\/www.puris.ma\/produit\/mc-pure-foam-medium\/\"]}]},{\"@type\":\"ImageObject\",\"inLanguage\":\"en-US\",\"@id\":\"https:\/\/www.puris.ma\/produit\/mc-pure-foam-medium\/#primaryimage\",\"url\":\"https:\/\/www.puris.ma\/wp-content\/uploads\/2023\/05\/product-30-1.jpg\",\"contentUrl\":\"https:\/\/www.puris.ma\/wp-content\/uploads\/2023\/05\/product-30-1.jpg\",\"width\":800,\"height\":800},{\"@type\":\"BreadcrumbList\",\"@id\":\"https:\/\/www.puris.ma\/produit\/mc-pure-foam-medium\/#breadcrumb\",\"itemListElement\":[{\"@type\":\"ListItem\",\"position\":1,\"name\":\"Accueil\",\"item\":\"https:\/\/www.puris.ma\/\"},{\"@type\":\"ListItem\",\"position\":2,\"name\":\"Catalogue Produit\",\"item\":\"https:\/\/www.puris.ma\/accueil\/catalogue-produit\/\"},{\"@type\":\"ListItem\",\"position\":3,\"name\":\"MC Pure Foam Medium\"}]},{\"@type\":\"WebSite\",\"@id\":\"https:\/\/www.puris.ma\/#website\",\"url\":\"https:\/\/www.puris.ma\/\",\"name\":\"PURIS MAROC\",\"description\":\"Distributeur officiel et exculsive des produits de PURIS\",\"publisher\":{\"@id\":\"https:\/\/www.puris.ma\/#organization\"},\"potentialAction\":[{\"@type\":\"SearchAction\",\"target\":{\"@type\":\"EntryPoint\",\"urlTemplate\":\"https:\/\/www.puris.ma\/?s={search_term_string}\"},\"query-input\":{\"@type\":\"PropertyValueSpecification\",\"valueRequired\":true,\"valueName\":\"search_term_string\"}}],\"inLanguage\":\"en-US\"},{\"@type\":\"Organization\",\"@id\":\"https:\/\/www.puris.ma\/#organization\",\"name\":\"PURIS MAROC\",\"url\":\"https:\/\/www.puris.ma\/\",\"logo\":{\"@type\":\"ImageObject\",\"inLanguage\":\"en-US\",\"@id\":\"https:\/\/www.puris.ma\/#\/schema\/logo\/image\/\",\"url\":\"https:\/\/www.puris.ma\/wp-content\/uploads\/2023\/05\/PURIS-MAROC-8.png\",\"contentUrl\":\"https:\/\/www.puris.ma\/wp-content\/uploads\/2023\/05\/PURIS-MAROC-8.png\",\"width\":300,\"height\":75,\"caption\":\"PURIS MAROC\"},\"image\":{\"@id\":\"https:\/\/www.puris.ma\/#\/schema\/logo\/image\/\"},\"sameAs\":[\"https:\/\/web.facebook.com\/europa.mak.78\",\"https:\/\/www.instagram.com\/purismorocco\/\",\"https:\/\/www.linkedin.com\/company\/puris-morocco\/\"]}]}<\/script>\n<!-- \/ Yoast SEO plugin. -->","yoast_head_json":{"title":"MC Pure Foam Medium - PURIS MAROC","robots":{"index":"index","follow":"follow","max-snippet":"max-snippet:-1","max-image-preview":"max-image-preview:large","max-video-preview":"max-video-preview:-1"},"canonical":"https:\/\/www.puris.ma\/en\/product\/mc-pure-foam-medium\/","og_locale":"en_US","og_type":"article","og_title":"MC Pure Foam Medium - PURIS MAROC","og_description":"Puris Orange mousse pad est une mousse de coupe moyenne. Puris choisit une mousse marocaine de 85 PPI avec un design bord biseau. Un support dur durable pour la r\u00e9sistance \u00e0 la chaleur et adapt\u00e9 au couple \u00e9lev\u00e9 d\u2019une machine \u00e0 double action. Cette \u00e9ponge est bonne pour le polissage l\u00e9ger ou le travail de finition. Pour une utilisation avec un vernis moyen ou fin sur une peinture dure pour le brillant, ou l\u2019\u00e9limination des tourbillons, des points d\u2019eau et d\u2019autres imperfections de peinture. Les tampons en mousse Puris DA peuvent \u00eatre utilis\u00e9s sur un polisseur rotatif ainsi qu\u2019un polisseur \u00e0 double action.  Conseil\u00a0: Le nettoyage de votre tampon apr\u00e8s chaque utilisation avec la rondelle Puris Pads vous assurera une longue dur\u00e9e de vie.  - Tampon de mousse de coupe moyenne - Mousse orange de 85 PPI - Pour l\u2019\u00e9limination des tourbillons mod\u00e9r\u00e9s \u00e0 l\u00e9gers - Pour le polissage et le d\u00e9lavage de r\u00e9sultats tr\u00e8s brillants - Convient aux machines rotatives et DA  Disponible en 5' et 6''","og_url":"https:\/\/www.puris.ma\/en\/product\/mc-pure-foam-medium\/","og_site_name":"PURIS MAROC","article_publisher":"https:\/\/web.facebook.com\/europa.mak.78","article_modified_time":"2023-05-19T10:08:10+00:00","og_image":[{"width":800,"height":800,"url":"https:\/\/www.puris.ma\/wp-content\/uploads\/2023\/05\/product-30-1.jpg","type":"image\/jpeg"}],"twitter_card":"summary_large_image","schema":{"@context":"https:\/\/schema.org","@graph":[{"@type":"WebPage","@id":"https:\/\/www.puris.ma\/produit\/mc-pure-foam-medium\/","url":"https:\/\/www.puris.ma\/produit\/mc-pure-foam-medium\/","name":"MC Pure Foam Medium - PURIS MAROC","isPartOf":{"@id":"https:\/\/www.puris.ma\/#website"},"primaryImageOfPage":{"@id":"https:\/\/www.puris.ma\/produit\/mc-pure-foam-medium\/#primaryimage"},"image":{"@id":"https:\/\/www.puris.ma\/produit\/mc-pure-foam-medium\/#primaryimage"},"thumbnailUrl":"https:\/\/www.puris.ma\/wp-content\/uploads\/2023\/05\/product-30-1.jpg","datePublished":"2023-05-11T16:06:29+00:00","dateModified":"2023-05-19T10:08:10+00:00","breadcrumb":{"@id":"https:\/\/www.puris.ma\/produit\/mc-pure-foam-medium\/#breadcrumb"},"inLanguage":"en-US","potentialAction":[{"@type":"ReadAction","target":["https:\/\/www.puris.ma\/produit\/mc-pure-foam-medium\/"]}]},{"@type":"ImageObject","inLanguage":"en-US","@id":"https:\/\/www.puris.ma\/produit\/mc-pure-foam-medium\/#primaryimage","url":"https:\/\/www.puris.ma\/wp-content\/uploads\/2023\/05\/product-30-1.jpg","contentUrl":"https:\/\/www.puris.ma\/wp-content\/uploads\/2023\/05\/product-30-1.jpg","width":800,"height":800},{"@type":"BreadcrumbList","@id":"https:\/\/www.puris.ma\/produit\/mc-pure-foam-medium\/#breadcrumb","itemListElement":[{"@type":"ListItem","position":1,"name":"Accueil","item":"https:\/\/www.puris.ma\/"},{"@type":"ListItem","position":2,"name":"Catalogue Produit","item":"https:\/\/www.puris.ma\/accueil\/catalogue-produit\/"},{"@type":"ListItem","position":3,"name":"MC Pure Foam Medium"}]},{"@type":"WebSite","@id":"https:\/\/www.puris.ma\/#website","url":"https:\/\/www.puris.ma\/","name":"PURIS MOROCCO","description":"Distributeur officiel et exculsive des produits de PURIS","publisher":{"@id":"https:\/\/www.puris.ma\/#organization"},"potentialAction":[{"@type":"SearchAction","target":{"@type":"EntryPoint","urlTemplate":"https:\/\/www.puris.ma\/?s={search_term_string}"},"query-input":{"@type":"PropertyValueSpecification","valueRequired":true,"valueName":"search_term_string"}}],"inLanguage":"en-US"},{"@type":"Organization","@id":"https:\/\/www.puris.ma\/#organization","name":"PURIS MOROCCO","url":"https:\/\/www.puris.ma\/","logo":{"@type":"ImageObject","inLanguage":"en-US","@id":"https:\/\/www.puris.ma\/#\/schema\/logo\/image\/","url":"https:\/\/www.puris.ma\/wp-content\/uploads\/2023\/05\/PURIS-MAROC-8.png","contentUrl":"https:\/\/www.puris.ma\/wp-content\/uploads\/2023\/05\/PURIS-MAROC-8.png","width":300,"height":75,"caption":"PURIS MAROC"},"image":{"@id":"https:\/\/www.puris.ma\/#\/schema\/logo\/image\/"},"sameAs":["https:\/\/web.facebook.com\/europa.mak.78","https:\/\/www.instagram.com\/purismorocco\/","https:\/\/www.linkedin.com\/company\/puris-morocco\/"]}]}},"_links":{"self":[{"href":"https:\/\/www.puris.ma\/en\/wp-json\/wp\/v2\/product\/1859","targetHints":{"allow":["GET"]}}],"collection":[{"href":"https:\/\/www.puris.ma\/en\/wp-json\/wp\/v2\/product"}],"about":[{"href":"https:\/\/www.puris.ma\/en\/wp-json\/wp\/v2\/types\/product"}],"wp:featuredmedia":[{"embeddable":true,"href":"https:\/\/www.puris.ma\/en\/wp-json\/wp\/v2\/media\/1860"}],"wp:attachment":[{"href":"https:\/\/www.puris.ma\/en\/wp-json\/wp\/v2\/media?parent=1859"}],"wp:term":[{"taxonomy":"product_brand","embeddable":true,"href":"https:\/\/www.puris.ma\/en\/wp-json\/wp\/v2\/product_brand?post=1859"},{"taxonomy":"product_cat","embeddable":true,"href":"https:\/\/www.puris.ma\/en\/wp-json\/wp\/v2\/product_cat?post=1859"},{"taxonomy":"product_tag","embeddable":true,"href":"https:\/\/www.puris.ma\/en\/wp-json\/wp\/v2\/product_tag?post=1859"}],"curies":[{"name":"wp","href":"https:\/\/api.w.org\/{rel}","templated":true}]}}