{"id":1861,"date":"2023-05-11T16:12:34","date_gmt":"2023-05-11T16:12:34","guid":{"rendered":"https:\/\/www.puris.ma\/?post_type=product&#038;p=1861"},"modified":"2023-05-19T10:07:12","modified_gmt":"2023-05-19T10:07:12","slug":"ff-pure-foam-finishing-pad","status":"publish","type":"product","link":"https:\/\/www.puris.ma\/en\/product\/ff-pure-foam-finishing-pad\/","title":{"rendered":"FF Pure Foam Finishing Pad"},"content":{"rendered":"","protected":false},"excerpt":{"rendered":"<p>Puris black foam is a finishing foam. Puris chooses a 90 PPI European foam with a bevel edge design. A durable hard back for heat resistance and suitable for the high torque of a dual action machine. Using it with medium or fine polishing, it will be able to remove 3500-4500 sanding scratches. Meanwhile, it is a very good wax or sealant application pad. Puris DA foam pads can be used on a rotary polisher as well as a dual action polisher.<\/p>\n<p>Tip: Clean your tampon after each use with Puris stamps? The washer will ensure a long buffer life.<\/p>\n<p>\"Bring back that deep, safe and easy shiny finish!\"<br \/>\n- Works very well with premium polishes<br \/>\n- Excellent for applying waxes or sealants<br \/>\n- Removes 3500 \u2013 4500 scratches<br \/>\n\u2013 Durable foam with velcro support<br \/>\n\u2013 Suitable for rotary and DA machines<\/p>\n<p>Available in 5 and 6\u00bb<\/p>","protected":false},"featured_media":1862,"template":"","meta":[],"product_brand":[],"product_cat":[39],"product_tag":[],"class_list":{"0":"post-1861","1":"product","2":"type-product","3":"status-publish","4":"has-post-thumbnail","6":"product_cat-applicateurs","8":"first","9":"instock","10":"shipping-taxable","11":"product-type-simple"},"yoast_head":"<!-- This site is optimized with the Yoast SEO plugin v26.3 - https:\/\/yoast.com\/wordpress\/plugins\/seo\/ -->\n<title>FF Pure Foam Finishing Pad - PURIS MAROC<\/title>\n<meta name=\"robots\" content=\"index, follow, max-snippet:-1, max-image-preview:large, max-video-preview:-1\" \/>\n<link rel=\"canonical\" href=\"https:\/\/www.puris.ma\/en\/product\/ff-pure-foam-finishing-pad\/\" \/>\n<meta property=\"og:locale\" content=\"en_US\" \/>\n<meta property=\"og:type\" content=\"article\" \/>\n<meta property=\"og:title\" content=\"FF Pure Foam Finishing Pad - PURIS MAROC\" \/>\n<meta property=\"og:description\" content=\"Puris mousse noire est une mousse de finition. Puris choisit une mousse europ\u00e9enne de 90 PPI avec un design bord biseau. Un dos dur durable pour la r\u00e9sistance \u00e0 la chaleur et adapt\u00e9 au couple \u00e9lev\u00e9 d\u2019une machine \u00e0 double action. En l\u2019utilisant avec un polissage de qualit\u00e9 moyenne ou fine, il sera capable d\u2019enlever 3500-4500 rayures de pon\u00e7age. Pendant ce temps, c\u2019est un tr\u00e8s bon tampon d\u2019application d\u2019une cire ou d\u2019un scellant. Puris DA tampons de mousse peuvent \u00eatre utilis\u00e9s sur un polisseur rotatif ainsi qu\u2019un polisseur \u00e0 double action.  Conseil\u00a0: Nettoyer votre tampon apr\u00e8s chaque utilisation avec les tampons Puris ? La rondelle assurera une longue dur\u00e9e de vie du tampon.  - Ram\u00e8ne ce fini brillant profond, s\u00fbr et facile! - Fonctionne tr\u00e8s bien avec les polis haut de gamme - Excellent pour l\u2019application de cires ou de produits d\u2019\u00e9tanch\u00e9it\u00e9 - Enl\u00e8ve 3500 - 4500 \u00e9gratignures - Mousse durable et durable avec support velcro - Convient aux machines rotatives et DA  Disponible en 5&#039; et 6&#039;&#039;\" \/>\n<meta property=\"og:url\" content=\"https:\/\/www.puris.ma\/en\/product\/ff-pure-foam-finishing-pad\/\" \/>\n<meta property=\"og:site_name\" content=\"PURIS MAROC\" \/>\n<meta property=\"article:publisher\" content=\"https:\/\/web.facebook.com\/europa.mak.78\" \/>\n<meta property=\"article:modified_time\" content=\"2023-05-19T10:07:12+00:00\" \/>\n<meta property=\"og:image\" content=\"https:\/\/www.puris.ma\/wp-content\/uploads\/2023\/05\/product-32.jpg\" \/>\n\t<meta property=\"og:image:width\" content=\"800\" \/>\n\t<meta property=\"og:image:height\" content=\"800\" \/>\n\t<meta property=\"og:image:type\" content=\"image\/jpeg\" \/>\n<meta name=\"twitter:card\" content=\"summary_large_image\" \/>\n<script type=\"application\/ld+json\" class=\"yoast-schema-graph\">{\"@context\":\"https:\/\/schema.org\",\"@graph\":[{\"@type\":\"WebPage\",\"@id\":\"https:\/\/www.puris.ma\/produit\/ff-pure-foam-finishing-pad\/\",\"url\":\"https:\/\/www.puris.ma\/produit\/ff-pure-foam-finishing-pad\/\",\"name\":\"FF Pure Foam Finishing Pad - PURIS MAROC\",\"isPartOf\":{\"@id\":\"https:\/\/www.puris.ma\/#website\"},\"primaryImageOfPage\":{\"@id\":\"https:\/\/www.puris.ma\/produit\/ff-pure-foam-finishing-pad\/#primaryimage\"},\"image\":{\"@id\":\"https:\/\/www.puris.ma\/produit\/ff-pure-foam-finishing-pad\/#primaryimage\"},\"thumbnailUrl\":\"https:\/\/www.puris.ma\/wp-content\/uploads\/2023\/05\/product-32.jpg\",\"datePublished\":\"2023-05-11T16:12:34+00:00\",\"dateModified\":\"2023-05-19T10:07:12+00:00\",\"breadcrumb\":{\"@id\":\"https:\/\/www.puris.ma\/produit\/ff-pure-foam-finishing-pad\/#breadcrumb\"},\"inLanguage\":\"en-US\",\"potentialAction\":[{\"@type\":\"ReadAction\",\"target\":[\"https:\/\/www.puris.ma\/produit\/ff-pure-foam-finishing-pad\/\"]}]},{\"@type\":\"ImageObject\",\"inLanguage\":\"en-US\",\"@id\":\"https:\/\/www.puris.ma\/produit\/ff-pure-foam-finishing-pad\/#primaryimage\",\"url\":\"https:\/\/www.puris.ma\/wp-content\/uploads\/2023\/05\/product-32.jpg\",\"contentUrl\":\"https:\/\/www.puris.ma\/wp-content\/uploads\/2023\/05\/product-32.jpg\",\"width\":800,\"height\":800},{\"@type\":\"BreadcrumbList\",\"@id\":\"https:\/\/www.puris.ma\/produit\/ff-pure-foam-finishing-pad\/#breadcrumb\",\"itemListElement\":[{\"@type\":\"ListItem\",\"position\":1,\"name\":\"Accueil\",\"item\":\"https:\/\/www.puris.ma\/\"},{\"@type\":\"ListItem\",\"position\":2,\"name\":\"Catalogue Produit\",\"item\":\"https:\/\/www.puris.ma\/accueil\/catalogue-produit\/\"},{\"@type\":\"ListItem\",\"position\":3,\"name\":\"FF Pure Foam Finishing Pad\"}]},{\"@type\":\"WebSite\",\"@id\":\"https:\/\/www.puris.ma\/#website\",\"url\":\"https:\/\/www.puris.ma\/\",\"name\":\"PURIS MAROC\",\"description\":\"Distributeur officiel et exculsive des produits de PURIS\",\"publisher\":{\"@id\":\"https:\/\/www.puris.ma\/#organization\"},\"potentialAction\":[{\"@type\":\"SearchAction\",\"target\":{\"@type\":\"EntryPoint\",\"urlTemplate\":\"https:\/\/www.puris.ma\/?s={search_term_string}\"},\"query-input\":{\"@type\":\"PropertyValueSpecification\",\"valueRequired\":true,\"valueName\":\"search_term_string\"}}],\"inLanguage\":\"en-US\"},{\"@type\":\"Organization\",\"@id\":\"https:\/\/www.puris.ma\/#organization\",\"name\":\"PURIS MAROC\",\"url\":\"https:\/\/www.puris.ma\/\",\"logo\":{\"@type\":\"ImageObject\",\"inLanguage\":\"en-US\",\"@id\":\"https:\/\/www.puris.ma\/#\/schema\/logo\/image\/\",\"url\":\"https:\/\/www.puris.ma\/wp-content\/uploads\/2023\/05\/PURIS-MAROC-8.png\",\"contentUrl\":\"https:\/\/www.puris.ma\/wp-content\/uploads\/2023\/05\/PURIS-MAROC-8.png\",\"width\":300,\"height\":75,\"caption\":\"PURIS MAROC\"},\"image\":{\"@id\":\"https:\/\/www.puris.ma\/#\/schema\/logo\/image\/\"},\"sameAs\":[\"https:\/\/web.facebook.com\/europa.mak.78\",\"https:\/\/www.instagram.com\/purismorocco\/\",\"https:\/\/www.linkedin.com\/company\/puris-morocco\/\"]}]}<\/script>\n<!-- \/ Yoast SEO plugin. -->","yoast_head_json":{"title":"FF Pure Foam Finishing Pad - PURIS MAROC","robots":{"index":"index","follow":"follow","max-snippet":"max-snippet:-1","max-image-preview":"max-image-preview:large","max-video-preview":"max-video-preview:-1"},"canonical":"https:\/\/www.puris.ma\/en\/product\/ff-pure-foam-finishing-pad\/","og_locale":"en_US","og_type":"article","og_title":"FF Pure Foam Finishing Pad - PURIS MAROC","og_description":"Puris mousse noire est une mousse de finition. Puris choisit une mousse europ\u00e9enne de 90 PPI avec un design bord biseau. Un dos dur durable pour la r\u00e9sistance \u00e0 la chaleur et adapt\u00e9 au couple \u00e9lev\u00e9 d\u2019une machine \u00e0 double action. En l\u2019utilisant avec un polissage de qualit\u00e9 moyenne ou fine, il sera capable d\u2019enlever 3500-4500 rayures de pon\u00e7age. Pendant ce temps, c\u2019est un tr\u00e8s bon tampon d\u2019application d\u2019une cire ou d\u2019un scellant. Puris DA tampons de mousse peuvent \u00eatre utilis\u00e9s sur un polisseur rotatif ainsi qu\u2019un polisseur \u00e0 double action.  Conseil\u00a0: Nettoyer votre tampon apr\u00e8s chaque utilisation avec les tampons Puris ? La rondelle assurera une longue dur\u00e9e de vie du tampon.  - Ram\u00e8ne ce fini brillant profond, s\u00fbr et facile! - Fonctionne tr\u00e8s bien avec les polis haut de gamme - Excellent pour l\u2019application de cires ou de produits d\u2019\u00e9tanch\u00e9it\u00e9 - Enl\u00e8ve 3500 - 4500 \u00e9gratignures - Mousse durable et durable avec support velcro - Convient aux machines rotatives et DA  Disponible en 5' et 6''","og_url":"https:\/\/www.puris.ma\/en\/product\/ff-pure-foam-finishing-pad\/","og_site_name":"PURIS MAROC","article_publisher":"https:\/\/web.facebook.com\/europa.mak.78","article_modified_time":"2023-05-19T10:07:12+00:00","og_image":[{"width":800,"height":800,"url":"https:\/\/www.puris.ma\/wp-content\/uploads\/2023\/05\/product-32.jpg","type":"image\/jpeg"}],"twitter_card":"summary_large_image","schema":{"@context":"https:\/\/schema.org","@graph":[{"@type":"WebPage","@id":"https:\/\/www.puris.ma\/produit\/ff-pure-foam-finishing-pad\/","url":"https:\/\/www.puris.ma\/produit\/ff-pure-foam-finishing-pad\/","name":"FF Pure Foam Finishing Pad - PURIS MAROC","isPartOf":{"@id":"https:\/\/www.puris.ma\/#website"},"primaryImageOfPage":{"@id":"https:\/\/www.puris.ma\/produit\/ff-pure-foam-finishing-pad\/#primaryimage"},"image":{"@id":"https:\/\/www.puris.ma\/produit\/ff-pure-foam-finishing-pad\/#primaryimage"},"thumbnailUrl":"https:\/\/www.puris.ma\/wp-content\/uploads\/2023\/05\/product-32.jpg","datePublished":"2023-05-11T16:12:34+00:00","dateModified":"2023-05-19T10:07:12+00:00","breadcrumb":{"@id":"https:\/\/www.puris.ma\/produit\/ff-pure-foam-finishing-pad\/#breadcrumb"},"inLanguage":"en-US","potentialAction":[{"@type":"ReadAction","target":["https:\/\/www.puris.ma\/produit\/ff-pure-foam-finishing-pad\/"]}]},{"@type":"ImageObject","inLanguage":"en-US","@id":"https:\/\/www.puris.ma\/produit\/ff-pure-foam-finishing-pad\/#primaryimage","url":"https:\/\/www.puris.ma\/wp-content\/uploads\/2023\/05\/product-32.jpg","contentUrl":"https:\/\/www.puris.ma\/wp-content\/uploads\/2023\/05\/product-32.jpg","width":800,"height":800},{"@type":"BreadcrumbList","@id":"https:\/\/www.puris.ma\/produit\/ff-pure-foam-finishing-pad\/#breadcrumb","itemListElement":[{"@type":"ListItem","position":1,"name":"Accueil","item":"https:\/\/www.puris.ma\/"},{"@type":"ListItem","position":2,"name":"Catalogue Produit","item":"https:\/\/www.puris.ma\/accueil\/catalogue-produit\/"},{"@type":"ListItem","position":3,"name":"FF Pure Foam Finishing Pad"}]},{"@type":"WebSite","@id":"https:\/\/www.puris.ma\/#website","url":"https:\/\/www.puris.ma\/","name":"PURIS MOROCCO","description":"Distributeur officiel et exculsive des produits de PURIS","publisher":{"@id":"https:\/\/www.puris.ma\/#organization"},"potentialAction":[{"@type":"SearchAction","target":{"@type":"EntryPoint","urlTemplate":"https:\/\/www.puris.ma\/?s={search_term_string}"},"query-input":{"@type":"PropertyValueSpecification","valueRequired":true,"valueName":"search_term_string"}}],"inLanguage":"en-US"},{"@type":"Organization","@id":"https:\/\/www.puris.ma\/#organization","name":"PURIS MOROCCO","url":"https:\/\/www.puris.ma\/","logo":{"@type":"ImageObject","inLanguage":"en-US","@id":"https:\/\/www.puris.ma\/#\/schema\/logo\/image\/","url":"https:\/\/www.puris.ma\/wp-content\/uploads\/2023\/05\/PURIS-MAROC-8.png","contentUrl":"https:\/\/www.puris.ma\/wp-content\/uploads\/2023\/05\/PURIS-MAROC-8.png","width":300,"height":75,"caption":"PURIS MAROC"},"image":{"@id":"https:\/\/www.puris.ma\/#\/schema\/logo\/image\/"},"sameAs":["https:\/\/web.facebook.com\/europa.mak.78","https:\/\/www.instagram.com\/purismorocco\/","https:\/\/www.linkedin.com\/company\/puris-morocco\/"]}]}},"_links":{"self":[{"href":"https:\/\/www.puris.ma\/en\/wp-json\/wp\/v2\/product\/1861","targetHints":{"allow":["GET"]}}],"collection":[{"href":"https:\/\/www.puris.ma\/en\/wp-json\/wp\/v2\/product"}],"about":[{"href":"https:\/\/www.puris.ma\/en\/wp-json\/wp\/v2\/types\/product"}],"wp:featuredmedia":[{"embeddable":true,"href":"https:\/\/www.puris.ma\/en\/wp-json\/wp\/v2\/media\/1862"}],"wp:attachment":[{"href":"https:\/\/www.puris.ma\/en\/wp-json\/wp\/v2\/media?parent=1861"}],"wp:term":[{"taxonomy":"product_brand","embeddable":true,"href":"https:\/\/www.puris.ma\/en\/wp-json\/wp\/v2\/product_brand?post=1861"},{"taxonomy":"product_cat","embeddable":true,"href":"https:\/\/www.puris.ma\/en\/wp-json\/wp\/v2\/product_cat?post=1861"},{"taxonomy":"product_tag","embeddable":true,"href":"https:\/\/www.puris.ma\/en\/wp-json\/wp\/v2\/product_tag?post=1861"}],"curies":[{"name":"wp","href":"https:\/\/api.w.org\/{rel}","templated":true}]}}