{"id":1939,"date":"2023-05-12T08:58:02","date_gmt":"2023-05-12T08:58:02","guid":{"rendered":"https:\/\/www.puris.ma\/?post_type=product&#038;p=1939"},"modified":"2023-05-25T17:42:54","modified_gmt":"2023-05-25T17:42:54","slug":"a70-jade-ceramic-detail","status":"publish","type":"product","link":"https:\/\/www.puris.ma\/en\/product\/a70-jade-ceramic-detail\/","title":{"rendered":"A70 Jade Ceramic Detail"},"content":{"rendered":"","protected":false},"excerpt":{"rendered":"<p>A70 JADE CERAMIC DETAIL is a clear nanocrystalline coating delivered in a glass bottle that protects your vehicle from the weather chemicals, and UV rays while repelling water, dirt and other contaminants.<\/p>\n<p>A70 Jade Ceramic Detail applies a hard (5H), durable coating with a thickness of 2-3 microns and gives a deep and reflective shine.<br \/>\nA70 Jade Ceramic Detail has been formulated to work safely and give the same protection characteristics as a typical ceramic coating, but easier to use.<\/p>\n<p>&nbsp;<\/p>\n<p><span style=\"font-size: 18px; color: #0000ff;\"><strong>FICHE TECHNIQUE:A70 (<a style=\"color: #0000ff;\" href=\"https:\/\/www.puris.ma\/wp-content\/uploads\/2023\/05\/70_en_Jade_Ice_Lite_ENG.pdf\">Download<\/a>)<\/strong><\/span><\/p>","protected":false},"featured_media":1940,"template":"","meta":[],"product_brand":[],"product_cat":[34],"product_tag":[],"class_list":{"0":"post-1939","1":"product","2":"type-product","3":"status-publish","4":"has-post-thumbnail","6":"product_cat-revetements-ceramiques","8":"first","9":"instock","10":"shipping-taxable","11":"product-type-simple"},"yoast_head":"<!-- This site is optimized with the Yoast SEO plugin v26.3 - https:\/\/yoast.com\/wordpress\/plugins\/seo\/ -->\n<title>A70 Jade Ceramic Detail - PURIS MAROC<\/title>\n<meta name=\"robots\" content=\"index, follow, max-snippet:-1, max-image-preview:large, max-video-preview:-1\" \/>\n<link rel=\"canonical\" href=\"https:\/\/www.puris.ma\/en\/product\/a70-jade-ceramic-detail\/\" \/>\n<meta property=\"og:locale\" content=\"en_US\" \/>\n<meta property=\"og:type\" content=\"article\" \/>\n<meta property=\"og:title\" content=\"A70 Jade Ceramic Detail - PURIS MAROC\" \/>\n<meta property=\"og:description\" content=\"A70 JADE CERAMIC DETAIL\u00a0est un rev\u00eatement nanocristallin clair livr\u00e9 dans une bouteille en verre\u00a0qui prot\u00e8ge votre v\u00e9hicule contre les intemp\u00e9ries produits chimiques, et les rayons UV tout en repoussant l\u2019eau, la salet\u00e9 et d\u2019autres contaminants.  A70 Jade C\u00e9ramique D\u00e9tail \u00a0applique un dur (5H), rev\u00eatement durable avec une \u00e9paisseur de 2-3 microns et donne un \u00e9clat profond et r\u00e9fl\u00e9chissant. A70 Jade Ceramic Detail\u00a0a \u00e9t\u00e9 formul\u00e9 pour fonctionner en toute s\u00e9curit\u00e9 et donner les m\u00eames caract\u00e9ristiques de protection qu\u2019un rev\u00eatement c\u00e9ramique typique, mais plus facile \u00e0 utiliser.  &nbsp;  FICHE TECHNIQUE:A70 (T\u00e9l\u00e9charger)\" \/>\n<meta property=\"og:url\" content=\"https:\/\/www.puris.ma\/en\/product\/a70-jade-ceramic-detail\/\" \/>\n<meta property=\"og:site_name\" content=\"PURIS MAROC\" \/>\n<meta property=\"article:publisher\" content=\"https:\/\/web.facebook.com\/europa.mak.78\" \/>\n<meta property=\"article:modified_time\" content=\"2023-05-25T17:42:54+00:00\" \/>\n<meta property=\"og:image\" content=\"https:\/\/www.puris.ma\/wp-content\/uploads\/2023\/05\/produit-28.jpg\" \/>\n\t<meta property=\"og:image:width\" content=\"800\" \/>\n\t<meta property=\"og:image:height\" content=\"800\" \/>\n\t<meta property=\"og:image:type\" content=\"image\/jpeg\" \/>\n<meta name=\"twitter:card\" content=\"summary_large_image\" \/>\n<script type=\"application\/ld+json\" class=\"yoast-schema-graph\">{\"@context\":\"https:\/\/schema.org\",\"@graph\":[{\"@type\":\"WebPage\",\"@id\":\"https:\/\/www.puris.ma\/produit\/a70-jade-ceramic-detail\/\",\"url\":\"https:\/\/www.puris.ma\/produit\/a70-jade-ceramic-detail\/\",\"name\":\"A70 Jade Ceramic Detail - PURIS MAROC\",\"isPartOf\":{\"@id\":\"https:\/\/www.puris.ma\/#website\"},\"primaryImageOfPage\":{\"@id\":\"https:\/\/www.puris.ma\/produit\/a70-jade-ceramic-detail\/#primaryimage\"},\"image\":{\"@id\":\"https:\/\/www.puris.ma\/produit\/a70-jade-ceramic-detail\/#primaryimage\"},\"thumbnailUrl\":\"https:\/\/www.puris.ma\/wp-content\/uploads\/2023\/05\/produit-28.jpg\",\"datePublished\":\"2023-05-12T08:58:02+00:00\",\"dateModified\":\"2023-05-25T17:42:54+00:00\",\"breadcrumb\":{\"@id\":\"https:\/\/www.puris.ma\/produit\/a70-jade-ceramic-detail\/#breadcrumb\"},\"inLanguage\":\"en-US\",\"potentialAction\":[{\"@type\":\"ReadAction\",\"target\":[\"https:\/\/www.puris.ma\/produit\/a70-jade-ceramic-detail\/\"]}]},{\"@type\":\"ImageObject\",\"inLanguage\":\"en-US\",\"@id\":\"https:\/\/www.puris.ma\/produit\/a70-jade-ceramic-detail\/#primaryimage\",\"url\":\"https:\/\/www.puris.ma\/wp-content\/uploads\/2023\/05\/produit-28.jpg\",\"contentUrl\":\"https:\/\/www.puris.ma\/wp-content\/uploads\/2023\/05\/produit-28.jpg\",\"width\":800,\"height\":800},{\"@type\":\"BreadcrumbList\",\"@id\":\"https:\/\/www.puris.ma\/produit\/a70-jade-ceramic-detail\/#breadcrumb\",\"itemListElement\":[{\"@type\":\"ListItem\",\"position\":1,\"name\":\"Accueil\",\"item\":\"https:\/\/www.puris.ma\/\"},{\"@type\":\"ListItem\",\"position\":2,\"name\":\"Catalogue Produit\",\"item\":\"https:\/\/www.puris.ma\/accueil\/catalogue-produit\/\"},{\"@type\":\"ListItem\",\"position\":3,\"name\":\"A70 Jade Ceramic Detail\"}]},{\"@type\":\"WebSite\",\"@id\":\"https:\/\/www.puris.ma\/#website\",\"url\":\"https:\/\/www.puris.ma\/\",\"name\":\"PURIS MAROC\",\"description\":\"Distributeur officiel et exculsive des produits de PURIS\",\"publisher\":{\"@id\":\"https:\/\/www.puris.ma\/#organization\"},\"potentialAction\":[{\"@type\":\"SearchAction\",\"target\":{\"@type\":\"EntryPoint\",\"urlTemplate\":\"https:\/\/www.puris.ma\/?s={search_term_string}\"},\"query-input\":{\"@type\":\"PropertyValueSpecification\",\"valueRequired\":true,\"valueName\":\"search_term_string\"}}],\"inLanguage\":\"en-US\"},{\"@type\":\"Organization\",\"@id\":\"https:\/\/www.puris.ma\/#organization\",\"name\":\"PURIS MAROC\",\"url\":\"https:\/\/www.puris.ma\/\",\"logo\":{\"@type\":\"ImageObject\",\"inLanguage\":\"en-US\",\"@id\":\"https:\/\/www.puris.ma\/#\/schema\/logo\/image\/\",\"url\":\"https:\/\/www.puris.ma\/wp-content\/uploads\/2023\/05\/PURIS-MAROC-8.png\",\"contentUrl\":\"https:\/\/www.puris.ma\/wp-content\/uploads\/2023\/05\/PURIS-MAROC-8.png\",\"width\":300,\"height\":75,\"caption\":\"PURIS MAROC\"},\"image\":{\"@id\":\"https:\/\/www.puris.ma\/#\/schema\/logo\/image\/\"},\"sameAs\":[\"https:\/\/web.facebook.com\/europa.mak.78\",\"https:\/\/www.instagram.com\/purismorocco\/\",\"https:\/\/www.linkedin.com\/company\/puris-morocco\/\"]}]}<\/script>\n<!-- \/ Yoast SEO plugin. -->","yoast_head_json":{"title":"A70 Jade Ceramic Detail - PURIS MAROC","robots":{"index":"index","follow":"follow","max-snippet":"max-snippet:-1","max-image-preview":"max-image-preview:large","max-video-preview":"max-video-preview:-1"},"canonical":"https:\/\/www.puris.ma\/en\/product\/a70-jade-ceramic-detail\/","og_locale":"en_US","og_type":"article","og_title":"A70 Jade Ceramic Detail - PURIS MAROC","og_description":"A70 JADE CERAMIC DETAIL\u00a0est un rev\u00eatement nanocristallin clair livr\u00e9 dans une bouteille en verre\u00a0qui prot\u00e8ge votre v\u00e9hicule contre les intemp\u00e9ries produits chimiques, et les rayons UV tout en repoussant l\u2019eau, la salet\u00e9 et d\u2019autres contaminants.  A70 Jade C\u00e9ramique D\u00e9tail \u00a0applique un dur (5H), rev\u00eatement durable avec une \u00e9paisseur de 2-3 microns et donne un \u00e9clat profond et r\u00e9fl\u00e9chissant. A70 Jade Ceramic Detail\u00a0a \u00e9t\u00e9 formul\u00e9 pour fonctionner en toute s\u00e9curit\u00e9 et donner les m\u00eames caract\u00e9ristiques de protection qu\u2019un rev\u00eatement c\u00e9ramique typique, mais plus facile \u00e0 utiliser.  &nbsp;  FICHE TECHNIQUE:A70 (T\u00e9l\u00e9charger)","og_url":"https:\/\/www.puris.ma\/en\/product\/a70-jade-ceramic-detail\/","og_site_name":"PURIS MAROC","article_publisher":"https:\/\/web.facebook.com\/europa.mak.78","article_modified_time":"2023-05-25T17:42:54+00:00","og_image":[{"width":800,"height":800,"url":"https:\/\/www.puris.ma\/wp-content\/uploads\/2023\/05\/produit-28.jpg","type":"image\/jpeg"}],"twitter_card":"summary_large_image","schema":{"@context":"https:\/\/schema.org","@graph":[{"@type":"WebPage","@id":"https:\/\/www.puris.ma\/produit\/a70-jade-ceramic-detail\/","url":"https:\/\/www.puris.ma\/produit\/a70-jade-ceramic-detail\/","name":"A70 Jade Ceramic Detail - PURIS MAROC","isPartOf":{"@id":"https:\/\/www.puris.ma\/#website"},"primaryImageOfPage":{"@id":"https:\/\/www.puris.ma\/produit\/a70-jade-ceramic-detail\/#primaryimage"},"image":{"@id":"https:\/\/www.puris.ma\/produit\/a70-jade-ceramic-detail\/#primaryimage"},"thumbnailUrl":"https:\/\/www.puris.ma\/wp-content\/uploads\/2023\/05\/produit-28.jpg","datePublished":"2023-05-12T08:58:02+00:00","dateModified":"2023-05-25T17:42:54+00:00","breadcrumb":{"@id":"https:\/\/www.puris.ma\/produit\/a70-jade-ceramic-detail\/#breadcrumb"},"inLanguage":"en-US","potentialAction":[{"@type":"ReadAction","target":["https:\/\/www.puris.ma\/produit\/a70-jade-ceramic-detail\/"]}]},{"@type":"ImageObject","inLanguage":"en-US","@id":"https:\/\/www.puris.ma\/produit\/a70-jade-ceramic-detail\/#primaryimage","url":"https:\/\/www.puris.ma\/wp-content\/uploads\/2023\/05\/produit-28.jpg","contentUrl":"https:\/\/www.puris.ma\/wp-content\/uploads\/2023\/05\/produit-28.jpg","width":800,"height":800},{"@type":"BreadcrumbList","@id":"https:\/\/www.puris.ma\/produit\/a70-jade-ceramic-detail\/#breadcrumb","itemListElement":[{"@type":"ListItem","position":1,"name":"Accueil","item":"https:\/\/www.puris.ma\/"},{"@type":"ListItem","position":2,"name":"Catalogue Produit","item":"https:\/\/www.puris.ma\/accueil\/catalogue-produit\/"},{"@type":"ListItem","position":3,"name":"A70 Jade Ceramic Detail"}]},{"@type":"WebSite","@id":"https:\/\/www.puris.ma\/#website","url":"https:\/\/www.puris.ma\/","name":"PURIS MOROCCO","description":"Distributeur officiel et exculsive des produits de PURIS","publisher":{"@id":"https:\/\/www.puris.ma\/#organization"},"potentialAction":[{"@type":"SearchAction","target":{"@type":"EntryPoint","urlTemplate":"https:\/\/www.puris.ma\/?s={search_term_string}"},"query-input":{"@type":"PropertyValueSpecification","valueRequired":true,"valueName":"search_term_string"}}],"inLanguage":"en-US"},{"@type":"Organization","@id":"https:\/\/www.puris.ma\/#organization","name":"PURIS MOROCCO","url":"https:\/\/www.puris.ma\/","logo":{"@type":"ImageObject","inLanguage":"en-US","@id":"https:\/\/www.puris.ma\/#\/schema\/logo\/image\/","url":"https:\/\/www.puris.ma\/wp-content\/uploads\/2023\/05\/PURIS-MAROC-8.png","contentUrl":"https:\/\/www.puris.ma\/wp-content\/uploads\/2023\/05\/PURIS-MAROC-8.png","width":300,"height":75,"caption":"PURIS MAROC"},"image":{"@id":"https:\/\/www.puris.ma\/#\/schema\/logo\/image\/"},"sameAs":["https:\/\/web.facebook.com\/europa.mak.78","https:\/\/www.instagram.com\/purismorocco\/","https:\/\/www.linkedin.com\/company\/puris-morocco\/"]}]}},"_links":{"self":[{"href":"https:\/\/www.puris.ma\/en\/wp-json\/wp\/v2\/product\/1939","targetHints":{"allow":["GET"]}}],"collection":[{"href":"https:\/\/www.puris.ma\/en\/wp-json\/wp\/v2\/product"}],"about":[{"href":"https:\/\/www.puris.ma\/en\/wp-json\/wp\/v2\/types\/product"}],"wp:featuredmedia":[{"embeddable":true,"href":"https:\/\/www.puris.ma\/en\/wp-json\/wp\/v2\/media\/1940"}],"wp:attachment":[{"href":"https:\/\/www.puris.ma\/en\/wp-json\/wp\/v2\/media?parent=1939"}],"wp:term":[{"taxonomy":"product_brand","embeddable":true,"href":"https:\/\/www.puris.ma\/en\/wp-json\/wp\/v2\/product_brand?post=1939"},{"taxonomy":"product_cat","embeddable":true,"href":"https:\/\/www.puris.ma\/en\/wp-json\/wp\/v2\/product_cat?post=1939"},{"taxonomy":"product_tag","embeddable":true,"href":"https:\/\/www.puris.ma\/en\/wp-json\/wp\/v2\/product_tag?post=1939"}],"curies":[{"name":"wp","href":"https:\/\/api.w.org\/{rel}","templated":true}]}}