{"id":1949,"date":"2023-05-12T09:11:37","date_gmt":"2023-05-12T09:11:37","guid":{"rendered":"https:\/\/www.puris.ma\/?post_type=product&#038;p=1949"},"modified":"2023-05-25T17:41:31","modified_gmt":"2023-05-25T17:41:31","slug":"a32-paste-wax","status":"publish","type":"product","link":"https:\/\/www.puris.ma\/en\/product\/a32-paste-wax\/","title":{"rendered":"A32 Paste Wax"},"content":{"rendered":"","protected":false},"excerpt":{"rendered":"<p>Our carnauba wax is simply the best!<\/p>\n<p><i class=\"fas fa-check\"><\/i>Contains the highest quality of Brazilian carnauba waxes available, while offering extremely long adhesion and durability.<\/p>\n<p><i class=\"fas fa-check\"><\/i>Excellent detergent properties . Shine wash after wash<\/p>\n<p><i class=\"fas fa-check\"><\/i>Leaves an incredible shine, combined with the necessary protection against the elements.<\/p>\n<p>&nbsp;<\/p>\n<p><span style=\"font-size: 18px; color: #0000ff;\"><strong>FICHE TECHNIQUE:A32(<a style=\"color: #0000ff;\" href=\"https:\/\/www.puris.ma\/wp-content\/uploads\/2023\/05\/194_en_TDS_A32_Paste_Wax_ENG.pdf\">Download<\/a>)<\/strong><\/span><\/p>","protected":false},"featured_media":1950,"template":"","meta":[],"product_brand":[],"product_cat":[35],"product_tag":[],"class_list":{"0":"post-1949","1":"product","2":"type-product","3":"status-publish","4":"has-post-thumbnail","6":"product_cat-cires-et-sealants","8":"first","9":"instock","10":"shipping-taxable","11":"product-type-simple"},"yoast_head":"<!-- This site is optimized with the Yoast SEO plugin v26.3 - https:\/\/yoast.com\/wordpress\/plugins\/seo\/ -->\n<title>A32 Paste Wax - PURIS MAROC<\/title>\n<meta name=\"robots\" content=\"index, follow, max-snippet:-1, max-image-preview:large, max-video-preview:-1\" \/>\n<link rel=\"canonical\" href=\"https:\/\/www.puris.ma\/en\/product\/a32-paste-wax\/\" \/>\n<meta property=\"og:locale\" content=\"en_US\" \/>\n<meta property=\"og:type\" content=\"article\" \/>\n<meta property=\"og:title\" content=\"A32 Paste Wax - PURIS MAROC\" \/>\n<meta property=\"og:description\" content=\"Notre cire en p\u00e2te de carnauba, c\u2019est tout simplement la meilleure!  Contient la plus haute qualit\u00e9 de cires de carnauba br\u00e9silienne disponible, tout en offrant\u00a0une adh\u00e9rence et une durabilit\u00e9 extr\u00eamement longues.  Excellentes propri\u00e9t\u00e9s d\u00e9tergentes . Brillance\u00a0lavage apr\u00e8s lavage  Laisse une\u00a0brillance\u00a0incroyable, combin\u00e9e avec la protection n\u00e9cessaire contre les \u00e9l\u00e9ments.  &nbsp;  FICHE TECHNIQUE:A32(T\u00e9l\u00e9charger)\" \/>\n<meta property=\"og:url\" content=\"https:\/\/www.puris.ma\/en\/product\/a32-paste-wax\/\" \/>\n<meta property=\"og:site_name\" content=\"PURIS MAROC\" \/>\n<meta property=\"article:publisher\" content=\"https:\/\/web.facebook.com\/europa.mak.78\" \/>\n<meta property=\"article:modified_time\" content=\"2023-05-25T17:41:31+00:00\" \/>\n<meta property=\"og:image\" content=\"https:\/\/www.puris.ma\/wp-content\/uploads\/2023\/05\/produit-7.jpg\" \/>\n\t<meta property=\"og:image:width\" content=\"800\" \/>\n\t<meta property=\"og:image:height\" content=\"800\" \/>\n\t<meta property=\"og:image:type\" content=\"image\/jpeg\" \/>\n<meta name=\"twitter:card\" content=\"summary_large_image\" \/>\n<script type=\"application\/ld+json\" class=\"yoast-schema-graph\">{\"@context\":\"https:\/\/schema.org\",\"@graph\":[{\"@type\":\"WebPage\",\"@id\":\"https:\/\/www.puris.ma\/produit\/a32-paste-wax\/\",\"url\":\"https:\/\/www.puris.ma\/produit\/a32-paste-wax\/\",\"name\":\"A32 Paste Wax - PURIS MAROC\",\"isPartOf\":{\"@id\":\"https:\/\/www.puris.ma\/#website\"},\"primaryImageOfPage\":{\"@id\":\"https:\/\/www.puris.ma\/produit\/a32-paste-wax\/#primaryimage\"},\"image\":{\"@id\":\"https:\/\/www.puris.ma\/produit\/a32-paste-wax\/#primaryimage\"},\"thumbnailUrl\":\"https:\/\/www.puris.ma\/wp-content\/uploads\/2023\/05\/produit-7.jpg\",\"datePublished\":\"2023-05-12T09:11:37+00:00\",\"dateModified\":\"2023-05-25T17:41:31+00:00\",\"breadcrumb\":{\"@id\":\"https:\/\/www.puris.ma\/produit\/a32-paste-wax\/#breadcrumb\"},\"inLanguage\":\"en-US\",\"potentialAction\":[{\"@type\":\"ReadAction\",\"target\":[\"https:\/\/www.puris.ma\/produit\/a32-paste-wax\/\"]}]},{\"@type\":\"ImageObject\",\"inLanguage\":\"en-US\",\"@id\":\"https:\/\/www.puris.ma\/produit\/a32-paste-wax\/#primaryimage\",\"url\":\"https:\/\/www.puris.ma\/wp-content\/uploads\/2023\/05\/produit-7.jpg\",\"contentUrl\":\"https:\/\/www.puris.ma\/wp-content\/uploads\/2023\/05\/produit-7.jpg\",\"width\":800,\"height\":800},{\"@type\":\"BreadcrumbList\",\"@id\":\"https:\/\/www.puris.ma\/produit\/a32-paste-wax\/#breadcrumb\",\"itemListElement\":[{\"@type\":\"ListItem\",\"position\":1,\"name\":\"Accueil\",\"item\":\"https:\/\/www.puris.ma\/\"},{\"@type\":\"ListItem\",\"position\":2,\"name\":\"Catalogue Produit\",\"item\":\"https:\/\/www.puris.ma\/accueil\/catalogue-produit\/\"},{\"@type\":\"ListItem\",\"position\":3,\"name\":\"A32 Paste Wax\"}]},{\"@type\":\"WebSite\",\"@id\":\"https:\/\/www.puris.ma\/#website\",\"url\":\"https:\/\/www.puris.ma\/\",\"name\":\"PURIS MAROC\",\"description\":\"Distributeur officiel et exculsive des produits de PURIS\",\"publisher\":{\"@id\":\"https:\/\/www.puris.ma\/#organization\"},\"potentialAction\":[{\"@type\":\"SearchAction\",\"target\":{\"@type\":\"EntryPoint\",\"urlTemplate\":\"https:\/\/www.puris.ma\/?s={search_term_string}\"},\"query-input\":{\"@type\":\"PropertyValueSpecification\",\"valueRequired\":true,\"valueName\":\"search_term_string\"}}],\"inLanguage\":\"en-US\"},{\"@type\":\"Organization\",\"@id\":\"https:\/\/www.puris.ma\/#organization\",\"name\":\"PURIS MAROC\",\"url\":\"https:\/\/www.puris.ma\/\",\"logo\":{\"@type\":\"ImageObject\",\"inLanguage\":\"en-US\",\"@id\":\"https:\/\/www.puris.ma\/#\/schema\/logo\/image\/\",\"url\":\"https:\/\/www.puris.ma\/wp-content\/uploads\/2023\/05\/PURIS-MAROC-8.png\",\"contentUrl\":\"https:\/\/www.puris.ma\/wp-content\/uploads\/2023\/05\/PURIS-MAROC-8.png\",\"width\":300,\"height\":75,\"caption\":\"PURIS MAROC\"},\"image\":{\"@id\":\"https:\/\/www.puris.ma\/#\/schema\/logo\/image\/\"},\"sameAs\":[\"https:\/\/web.facebook.com\/europa.mak.78\",\"https:\/\/www.instagram.com\/purismorocco\/\",\"https:\/\/www.linkedin.com\/company\/puris-morocco\/\"]}]}<\/script>\n<!-- \/ Yoast SEO plugin. -->","yoast_head_json":{"title":"A32 Paste Wax - PURIS MAROC","robots":{"index":"index","follow":"follow","max-snippet":"max-snippet:-1","max-image-preview":"max-image-preview:large","max-video-preview":"max-video-preview:-1"},"canonical":"https:\/\/www.puris.ma\/en\/product\/a32-paste-wax\/","og_locale":"en_US","og_type":"article","og_title":"A32 Paste Wax - PURIS MAROC","og_description":"Notre cire en p\u00e2te de carnauba, c\u2019est tout simplement la meilleure!  Contient la plus haute qualit\u00e9 de cires de carnauba br\u00e9silienne disponible, tout en offrant\u00a0une adh\u00e9rence et une durabilit\u00e9 extr\u00eamement longues.  Excellentes propri\u00e9t\u00e9s d\u00e9tergentes . Brillance\u00a0lavage apr\u00e8s lavage  Laisse une\u00a0brillance\u00a0incroyable, combin\u00e9e avec la protection n\u00e9cessaire contre les \u00e9l\u00e9ments.  &nbsp;  FICHE TECHNIQUE:A32(T\u00e9l\u00e9charger)","og_url":"https:\/\/www.puris.ma\/en\/product\/a32-paste-wax\/","og_site_name":"PURIS MAROC","article_publisher":"https:\/\/web.facebook.com\/europa.mak.78","article_modified_time":"2023-05-25T17:41:31+00:00","og_image":[{"width":800,"height":800,"url":"https:\/\/www.puris.ma\/wp-content\/uploads\/2023\/05\/produit-7.jpg","type":"image\/jpeg"}],"twitter_card":"summary_large_image","schema":{"@context":"https:\/\/schema.org","@graph":[{"@type":"WebPage","@id":"https:\/\/www.puris.ma\/produit\/a32-paste-wax\/","url":"https:\/\/www.puris.ma\/produit\/a32-paste-wax\/","name":"A32 Paste Wax - PURIS MAROC","isPartOf":{"@id":"https:\/\/www.puris.ma\/#website"},"primaryImageOfPage":{"@id":"https:\/\/www.puris.ma\/produit\/a32-paste-wax\/#primaryimage"},"image":{"@id":"https:\/\/www.puris.ma\/produit\/a32-paste-wax\/#primaryimage"},"thumbnailUrl":"https:\/\/www.puris.ma\/wp-content\/uploads\/2023\/05\/produit-7.jpg","datePublished":"2023-05-12T09:11:37+00:00","dateModified":"2023-05-25T17:41:31+00:00","breadcrumb":{"@id":"https:\/\/www.puris.ma\/produit\/a32-paste-wax\/#breadcrumb"},"inLanguage":"en-US","potentialAction":[{"@type":"ReadAction","target":["https:\/\/www.puris.ma\/produit\/a32-paste-wax\/"]}]},{"@type":"ImageObject","inLanguage":"en-US","@id":"https:\/\/www.puris.ma\/produit\/a32-paste-wax\/#primaryimage","url":"https:\/\/www.puris.ma\/wp-content\/uploads\/2023\/05\/produit-7.jpg","contentUrl":"https:\/\/www.puris.ma\/wp-content\/uploads\/2023\/05\/produit-7.jpg","width":800,"height":800},{"@type":"BreadcrumbList","@id":"https:\/\/www.puris.ma\/produit\/a32-paste-wax\/#breadcrumb","itemListElement":[{"@type":"ListItem","position":1,"name":"Accueil","item":"https:\/\/www.puris.ma\/"},{"@type":"ListItem","position":2,"name":"Catalogue Produit","item":"https:\/\/www.puris.ma\/accueil\/catalogue-produit\/"},{"@type":"ListItem","position":3,"name":"A32 Paste Wax"}]},{"@type":"WebSite","@id":"https:\/\/www.puris.ma\/#website","url":"https:\/\/www.puris.ma\/","name":"PURIS MOROCCO","description":"Distributeur officiel et exculsive des produits de PURIS","publisher":{"@id":"https:\/\/www.puris.ma\/#organization"},"potentialAction":[{"@type":"SearchAction","target":{"@type":"EntryPoint","urlTemplate":"https:\/\/www.puris.ma\/?s={search_term_string}"},"query-input":{"@type":"PropertyValueSpecification","valueRequired":true,"valueName":"search_term_string"}}],"inLanguage":"en-US"},{"@type":"Organization","@id":"https:\/\/www.puris.ma\/#organization","name":"PURIS MOROCCO","url":"https:\/\/www.puris.ma\/","logo":{"@type":"ImageObject","inLanguage":"en-US","@id":"https:\/\/www.puris.ma\/#\/schema\/logo\/image\/","url":"https:\/\/www.puris.ma\/wp-content\/uploads\/2023\/05\/PURIS-MAROC-8.png","contentUrl":"https:\/\/www.puris.ma\/wp-content\/uploads\/2023\/05\/PURIS-MAROC-8.png","width":300,"height":75,"caption":"PURIS MAROC"},"image":{"@id":"https:\/\/www.puris.ma\/#\/schema\/logo\/image\/"},"sameAs":["https:\/\/web.facebook.com\/europa.mak.78","https:\/\/www.instagram.com\/purismorocco\/","https:\/\/www.linkedin.com\/company\/puris-morocco\/"]}]}},"_links":{"self":[{"href":"https:\/\/www.puris.ma\/en\/wp-json\/wp\/v2\/product\/1949","targetHints":{"allow":["GET"]}}],"collection":[{"href":"https:\/\/www.puris.ma\/en\/wp-json\/wp\/v2\/product"}],"about":[{"href":"https:\/\/www.puris.ma\/en\/wp-json\/wp\/v2\/types\/product"}],"wp:featuredmedia":[{"embeddable":true,"href":"https:\/\/www.puris.ma\/en\/wp-json\/wp\/v2\/media\/1950"}],"wp:attachment":[{"href":"https:\/\/www.puris.ma\/en\/wp-json\/wp\/v2\/media?parent=1949"}],"wp:term":[{"taxonomy":"product_brand","embeddable":true,"href":"https:\/\/www.puris.ma\/en\/wp-json\/wp\/v2\/product_brand?post=1949"},{"taxonomy":"product_cat","embeddable":true,"href":"https:\/\/www.puris.ma\/en\/wp-json\/wp\/v2\/product_cat?post=1949"},{"taxonomy":"product_tag","embeddable":true,"href":"https:\/\/www.puris.ma\/en\/wp-json\/wp\/v2\/product_tag?post=1949"}],"curies":[{"name":"wp","href":"https:\/\/api.w.org\/{rel}","templated":true}]}}