{"id":1965,"date":"2023-05-12T09:30:10","date_gmt":"2023-05-12T09:30:10","guid":{"rendered":"https:\/\/www.puris.ma\/?post_type=product&#038;p=1965"},"modified":"2023-05-12T09:30:10","modified_gmt":"2023-05-12T09:30:10","slug":"cp-clay-pad-3","status":"publish","type":"product","link":"https:\/\/www.puris.ma\/en\/product\/cp-clay-pad-3\/","title":{"rendered":"CP Clay Pad"},"content":{"rendered":"","protected":false},"excerpt":{"rendered":"<p>PURIS Clean Slate aims to change your perspective on how to treat a car with this type of products.<\/p>\n<p>These advanced clay products use both the most current polymer, with rubber technology, and a premium microfiber fabric to safely, efficiently and easily remove most surface pollutants, including: dirt, dust, resin, insects, contaminants and water stains.<\/p>\n<p>PURIS Clean Slate can be used on automotive paint, rubber mouldings, plastics and especially glass.<\/p>\n<p>Traditional clay bars are difficult to handle and keep clean and require the use of a clay lubricant.\u00a0\u00a0 While PURIS Clean Slate is perfectly compatible with A66 Miracle Mist, and can also be used with any lubricant and will continue to offer effortless gliding.<\/p>","protected":false},"featured_media":1966,"template":"","meta":[],"product_brand":[],"product_cat":[37],"product_tag":[],"class_list":{"0":"post-1965","1":"product","2":"type-product","3":"status-publish","4":"has-post-thumbnail","6":"product_cat-produits-dargile","8":"first","9":"instock","10":"shipping-taxable","11":"product-type-simple"},"yoast_head":"<!-- This site is optimized with the Yoast SEO plugin v26.3 - https:\/\/yoast.com\/wordpress\/plugins\/seo\/ -->\n<title>CP Clay Pad - PURIS MAROC<\/title>\n<meta name=\"robots\" content=\"index, follow, max-snippet:-1, max-image-preview:large, max-video-preview:-1\" \/>\n<link rel=\"canonical\" href=\"https:\/\/www.puris.ma\/en\/product\/cp-clay-pad-3\/\" \/>\n<meta property=\"og:locale\" content=\"en_US\" \/>\n<meta property=\"og:type\" content=\"article\" \/>\n<meta property=\"og:title\" content=\"CP Clay Pad - PURIS MAROC\" \/>\n<meta property=\"og:description\" content=\"PURIS Clean Slate a pour objectif de changer votre perspective sur la fa\u00e7on de traiter une voiture avec ce type de produits.  Ces produits argileux avanc\u00e9s utilisent \u00e0 la fois le polym\u00e8re le plus actuel, avec la technologie du caoutchouc, et un tissu microfibre premium pour \u00e9liminer en toute s\u00e9curit\u00e9, efficacement et facilement la plupart des polluants de surface, y compris\u00a0: salet\u00e9, poussi\u00e8re, r\u00e9sine, insectes, contaminants et taches d\u2019eau.  PURIS Clean Slate peut \u00eatre utilis\u00e9 sur peinture automobile, moulures en caoutchouc, plastiques et surtout verre.  Les barres d\u2019argile traditionnelles sont difficiles \u00e0 manipuler et \u00e0 maintenir propres et n\u00e9cessitent l\u2019utilisation d\u2019un lubrifiant d\u2019argile.\u00a0\u00a0Alors que PURIS Clean Slate est parfaitement compatible avec A66 Miracle Mist, et peut \u00e9galement \u00eatre utilis\u00e9 avec n\u2019importe quel lubrifiant et continuera \u00e0 offrir un glissement sans effort.\" \/>\n<meta property=\"og:url\" content=\"https:\/\/www.puris.ma\/en\/product\/cp-clay-pad-3\/\" \/>\n<meta property=\"og:site_name\" content=\"PURIS MAROC\" \/>\n<meta property=\"article:publisher\" content=\"https:\/\/web.facebook.com\/europa.mak.78\" \/>\n<meta property=\"og:image\" content=\"https:\/\/www.puris.ma\/wp-content\/uploads\/2023\/05\/produit-38.jpg\" \/>\n\t<meta property=\"og:image:width\" content=\"800\" \/>\n\t<meta property=\"og:image:height\" content=\"800\" \/>\n\t<meta property=\"og:image:type\" content=\"image\/jpeg\" \/>\n<meta name=\"twitter:card\" content=\"summary_large_image\" \/>\n<script type=\"application\/ld+json\" class=\"yoast-schema-graph\">{\"@context\":\"https:\/\/schema.org\",\"@graph\":[{\"@type\":\"WebPage\",\"@id\":\"https:\/\/www.puris.ma\/produit\/cp-clay-pad-3\/\",\"url\":\"https:\/\/www.puris.ma\/produit\/cp-clay-pad-3\/\",\"name\":\"CP Clay Pad - PURIS MAROC\",\"isPartOf\":{\"@id\":\"https:\/\/www.puris.ma\/#website\"},\"primaryImageOfPage\":{\"@id\":\"https:\/\/www.puris.ma\/produit\/cp-clay-pad-3\/#primaryimage\"},\"image\":{\"@id\":\"https:\/\/www.puris.ma\/produit\/cp-clay-pad-3\/#primaryimage\"},\"thumbnailUrl\":\"https:\/\/www.puris.ma\/wp-content\/uploads\/2023\/05\/produit-38.jpg\",\"datePublished\":\"2023-05-12T09:30:10+00:00\",\"breadcrumb\":{\"@id\":\"https:\/\/www.puris.ma\/produit\/cp-clay-pad-3\/#breadcrumb\"},\"inLanguage\":\"en-US\",\"potentialAction\":[{\"@type\":\"ReadAction\",\"target\":[\"https:\/\/www.puris.ma\/produit\/cp-clay-pad-3\/\"]}]},{\"@type\":\"ImageObject\",\"inLanguage\":\"en-US\",\"@id\":\"https:\/\/www.puris.ma\/produit\/cp-clay-pad-3\/#primaryimage\",\"url\":\"https:\/\/www.puris.ma\/wp-content\/uploads\/2023\/05\/produit-38.jpg\",\"contentUrl\":\"https:\/\/www.puris.ma\/wp-content\/uploads\/2023\/05\/produit-38.jpg\",\"width\":800,\"height\":800},{\"@type\":\"BreadcrumbList\",\"@id\":\"https:\/\/www.puris.ma\/produit\/cp-clay-pad-3\/#breadcrumb\",\"itemListElement\":[{\"@type\":\"ListItem\",\"position\":1,\"name\":\"Accueil\",\"item\":\"https:\/\/www.puris.ma\/\"},{\"@type\":\"ListItem\",\"position\":2,\"name\":\"Catalogue Produit\",\"item\":\"https:\/\/www.puris.ma\/accueil\/catalogue-produit\/\"},{\"@type\":\"ListItem\",\"position\":3,\"name\":\"CP Clay Pad\"}]},{\"@type\":\"WebSite\",\"@id\":\"https:\/\/www.puris.ma\/#website\",\"url\":\"https:\/\/www.puris.ma\/\",\"name\":\"PURIS MAROC\",\"description\":\"Distributeur officiel et exculsive des produits de PURIS\",\"publisher\":{\"@id\":\"https:\/\/www.puris.ma\/#organization\"},\"potentialAction\":[{\"@type\":\"SearchAction\",\"target\":{\"@type\":\"EntryPoint\",\"urlTemplate\":\"https:\/\/www.puris.ma\/?s={search_term_string}\"},\"query-input\":{\"@type\":\"PropertyValueSpecification\",\"valueRequired\":true,\"valueName\":\"search_term_string\"}}],\"inLanguage\":\"en-US\"},{\"@type\":\"Organization\",\"@id\":\"https:\/\/www.puris.ma\/#organization\",\"name\":\"PURIS MAROC\",\"url\":\"https:\/\/www.puris.ma\/\",\"logo\":{\"@type\":\"ImageObject\",\"inLanguage\":\"en-US\",\"@id\":\"https:\/\/www.puris.ma\/#\/schema\/logo\/image\/\",\"url\":\"https:\/\/www.puris.ma\/wp-content\/uploads\/2023\/05\/PURIS-MAROC-8.png\",\"contentUrl\":\"https:\/\/www.puris.ma\/wp-content\/uploads\/2023\/05\/PURIS-MAROC-8.png\",\"width\":300,\"height\":75,\"caption\":\"PURIS MAROC\"},\"image\":{\"@id\":\"https:\/\/www.puris.ma\/#\/schema\/logo\/image\/\"},\"sameAs\":[\"https:\/\/web.facebook.com\/europa.mak.78\",\"https:\/\/www.instagram.com\/purismorocco\/\",\"https:\/\/www.linkedin.com\/company\/puris-morocco\/\"]}]}<\/script>\n<!-- \/ Yoast SEO plugin. -->","yoast_head_json":{"title":"CP Clay Pad - PURIS MAROC","robots":{"index":"index","follow":"follow","max-snippet":"max-snippet:-1","max-image-preview":"max-image-preview:large","max-video-preview":"max-video-preview:-1"},"canonical":"https:\/\/www.puris.ma\/en\/product\/cp-clay-pad-3\/","og_locale":"en_US","og_type":"article","og_title":"CP Clay Pad - PURIS MAROC","og_description":"PURIS Clean Slate a pour objectif de changer votre perspective sur la fa\u00e7on de traiter une voiture avec ce type de produits.  Ces produits argileux avanc\u00e9s utilisent \u00e0 la fois le polym\u00e8re le plus actuel, avec la technologie du caoutchouc, et un tissu microfibre premium pour \u00e9liminer en toute s\u00e9curit\u00e9, efficacement et facilement la plupart des polluants de surface, y compris\u00a0: salet\u00e9, poussi\u00e8re, r\u00e9sine, insectes, contaminants et taches d\u2019eau.  PURIS Clean Slate peut \u00eatre utilis\u00e9 sur peinture automobile, moulures en caoutchouc, plastiques et surtout verre.  Les barres d\u2019argile traditionnelles sont difficiles \u00e0 manipuler et \u00e0 maintenir propres et n\u00e9cessitent l\u2019utilisation d\u2019un lubrifiant d\u2019argile.\u00a0\u00a0Alors que PURIS Clean Slate est parfaitement compatible avec A66 Miracle Mist, et peut \u00e9galement \u00eatre utilis\u00e9 avec n\u2019importe quel lubrifiant et continuera \u00e0 offrir un glissement sans effort.","og_url":"https:\/\/www.puris.ma\/en\/product\/cp-clay-pad-3\/","og_site_name":"PURIS MAROC","article_publisher":"https:\/\/web.facebook.com\/europa.mak.78","og_image":[{"width":800,"height":800,"url":"https:\/\/www.puris.ma\/wp-content\/uploads\/2023\/05\/produit-38.jpg","type":"image\/jpeg"}],"twitter_card":"summary_large_image","schema":{"@context":"https:\/\/schema.org","@graph":[{"@type":"WebPage","@id":"https:\/\/www.puris.ma\/produit\/cp-clay-pad-3\/","url":"https:\/\/www.puris.ma\/produit\/cp-clay-pad-3\/","name":"CP Clay Pad - PURIS MAROC","isPartOf":{"@id":"https:\/\/www.puris.ma\/#website"},"primaryImageOfPage":{"@id":"https:\/\/www.puris.ma\/produit\/cp-clay-pad-3\/#primaryimage"},"image":{"@id":"https:\/\/www.puris.ma\/produit\/cp-clay-pad-3\/#primaryimage"},"thumbnailUrl":"https:\/\/www.puris.ma\/wp-content\/uploads\/2023\/05\/produit-38.jpg","datePublished":"2023-05-12T09:30:10+00:00","breadcrumb":{"@id":"https:\/\/www.puris.ma\/produit\/cp-clay-pad-3\/#breadcrumb"},"inLanguage":"en-US","potentialAction":[{"@type":"ReadAction","target":["https:\/\/www.puris.ma\/produit\/cp-clay-pad-3\/"]}]},{"@type":"ImageObject","inLanguage":"en-US","@id":"https:\/\/www.puris.ma\/produit\/cp-clay-pad-3\/#primaryimage","url":"https:\/\/www.puris.ma\/wp-content\/uploads\/2023\/05\/produit-38.jpg","contentUrl":"https:\/\/www.puris.ma\/wp-content\/uploads\/2023\/05\/produit-38.jpg","width":800,"height":800},{"@type":"BreadcrumbList","@id":"https:\/\/www.puris.ma\/produit\/cp-clay-pad-3\/#breadcrumb","itemListElement":[{"@type":"ListItem","position":1,"name":"Accueil","item":"https:\/\/www.puris.ma\/"},{"@type":"ListItem","position":2,"name":"Catalogue Produit","item":"https:\/\/www.puris.ma\/accueil\/catalogue-produit\/"},{"@type":"ListItem","position":3,"name":"CP Clay Pad"}]},{"@type":"WebSite","@id":"https:\/\/www.puris.ma\/#website","url":"https:\/\/www.puris.ma\/","name":"PURIS MOROCCO","description":"Distributeur officiel et exculsive des produits de PURIS","publisher":{"@id":"https:\/\/www.puris.ma\/#organization"},"potentialAction":[{"@type":"SearchAction","target":{"@type":"EntryPoint","urlTemplate":"https:\/\/www.puris.ma\/?s={search_term_string}"},"query-input":{"@type":"PropertyValueSpecification","valueRequired":true,"valueName":"search_term_string"}}],"inLanguage":"en-US"},{"@type":"Organization","@id":"https:\/\/www.puris.ma\/#organization","name":"PURIS MOROCCO","url":"https:\/\/www.puris.ma\/","logo":{"@type":"ImageObject","inLanguage":"en-US","@id":"https:\/\/www.puris.ma\/#\/schema\/logo\/image\/","url":"https:\/\/www.puris.ma\/wp-content\/uploads\/2023\/05\/PURIS-MAROC-8.png","contentUrl":"https:\/\/www.puris.ma\/wp-content\/uploads\/2023\/05\/PURIS-MAROC-8.png","width":300,"height":75,"caption":"PURIS MAROC"},"image":{"@id":"https:\/\/www.puris.ma\/#\/schema\/logo\/image\/"},"sameAs":["https:\/\/web.facebook.com\/europa.mak.78","https:\/\/www.instagram.com\/purismorocco\/","https:\/\/www.linkedin.com\/company\/puris-morocco\/"]}]}},"_links":{"self":[{"href":"https:\/\/www.puris.ma\/en\/wp-json\/wp\/v2\/product\/1965","targetHints":{"allow":["GET"]}}],"collection":[{"href":"https:\/\/www.puris.ma\/en\/wp-json\/wp\/v2\/product"}],"about":[{"href":"https:\/\/www.puris.ma\/en\/wp-json\/wp\/v2\/types\/product"}],"wp:featuredmedia":[{"embeddable":true,"href":"https:\/\/www.puris.ma\/en\/wp-json\/wp\/v2\/media\/1966"}],"wp:attachment":[{"href":"https:\/\/www.puris.ma\/en\/wp-json\/wp\/v2\/media?parent=1965"}],"wp:term":[{"taxonomy":"product_brand","embeddable":true,"href":"https:\/\/www.puris.ma\/en\/wp-json\/wp\/v2\/product_brand?post=1965"},{"taxonomy":"product_cat","embeddable":true,"href":"https:\/\/www.puris.ma\/en\/wp-json\/wp\/v2\/product_cat?post=1965"},{"taxonomy":"product_tag","embeddable":true,"href":"https:\/\/www.puris.ma\/en\/wp-json\/wp\/v2\/product_tag?post=1965"}],"curies":[{"name":"wp","href":"https:\/\/api.w.org\/{rel}","templated":true}]}}