{"id":2069,"date":"2023-05-15T10:44:33","date_gmt":"2023-05-15T10:44:33","guid":{"rendered":"https:\/\/www.puris.ma\/?post_type=product&#038;p=2069"},"modified":"2023-05-25T17:23:39","modified_gmt":"2023-05-25T17:23:39","slug":"jade-caliber","status":"publish","type":"product","link":"https:\/\/www.puris.ma\/en\/product\/jade-caliber\/","title":{"rendered":"JADE CALIBER"},"content":{"rendered":"","protected":false},"excerpt":{"rendered":"<p>JADE CALIBER Silica Primer Polish integrates the durability and hardness of glass into a premium polished finish that is easy to use. For use by hand or machine, JADE CALIBER is manufactured with ceramic silica technology that leaves a glassy and smooth surface. JADE CALIBER leaves an extremely hydrophobic vehicle surface for 3 to 6 months!<\/p>\n<p>&nbsp;<\/p>\n<p><span style=\"color: #0000ff; font-size: 18px;\"><strong>FICHE TECHNIQUE :A60(<a style=\"color: #0000ff;\" href=\"https:\/\/www.puris.ma\/wp-content\/uploads\/2023\/05\/60_en_A60_Caliber_473ml_EN-1.pdf\" target=\"_blank\" rel=\"noopener\">Download<\/a>)<\/strong><\/span><\/p>","protected":false},"featured_media":3376,"template":"","meta":[],"product_brand":[],"product_cat":[44],"product_tag":[],"class_list":{"0":"post-2069","1":"product","2":"type-product","3":"status-publish","4":"has-post-thumbnail","6":"product_cat-famille-jade","8":"first","9":"instock","10":"shipping-taxable","11":"purchasable","12":"product-type-variable"},"yoast_head":"<!-- This site is optimized with the Yoast SEO plugin v26.3 - https:\/\/yoast.com\/wordpress\/plugins\/seo\/ -->\n<title>JADE CALIBER - PURIS MAROC<\/title>\n<meta name=\"robots\" content=\"index, follow, max-snippet:-1, max-image-preview:large, max-video-preview:-1\" \/>\n<link rel=\"canonical\" href=\"https:\/\/www.puris.ma\/en\/product\/jade-caliber\/\" \/>\n<meta property=\"og:locale\" content=\"en_US\" \/>\n<meta property=\"og:type\" content=\"article\" \/>\n<meta property=\"og:title\" content=\"JADE CALIBER - PURIS MAROC\" \/>\n<meta property=\"og:description\" content=\"JADE CALIBER Silica Primer Polish int\u00e8gre la durabilit\u00e9 et la duret\u00e9 du verre dans un poli fin de premi\u00e8re qualit\u00e9 facile \u00e0 utiliser. Pour une utilisation \u00e0 la main ou \u00e0 la machine, JADE CALIBER est fabriqu\u00e9 avec une technologie de silice c\u00e9ramique qui laisse une surface vitreuse et lisse. JADE CALIBER laisse une surface de v\u00e9hicule extr\u00eamement hydrophobe pendant 3 \u00e0 6 mois!  &nbsp;  FICHE TECHNIQUE :A60(T\u00e9l\u00e9charger)\" \/>\n<meta property=\"og:url\" content=\"https:\/\/www.puris.ma\/en\/product\/jade-caliber\/\" \/>\n<meta property=\"og:site_name\" content=\"PURIS MAROC\" \/>\n<meta property=\"article:publisher\" content=\"https:\/\/web.facebook.com\/europa.mak.78\" \/>\n<meta property=\"article:modified_time\" content=\"2023-05-25T17:23:39+00:00\" \/>\n<meta property=\"og:image\" content=\"https:\/\/www.puris.ma\/wp-content\/uploads\/2023\/05\/1-5.png\" \/>\n\t<meta property=\"og:image:width\" content=\"1080\" \/>\n\t<meta property=\"og:image:height\" content=\"1080\" \/>\n\t<meta property=\"og:image:type\" content=\"image\/png\" \/>\n<meta name=\"twitter:card\" content=\"summary_large_image\" \/>\n<script type=\"application\/ld+json\" class=\"yoast-schema-graph\">{\"@context\":\"https:\/\/schema.org\",\"@graph\":[{\"@type\":\"WebPage\",\"@id\":\"https:\/\/www.puris.ma\/en\/product\/jade-caliber\/\",\"url\":\"https:\/\/www.puris.ma\/en\/product\/jade-caliber\/\",\"name\":\"JADE CALIBER - PURIS MAROC\",\"isPartOf\":{\"@id\":\"https:\/\/www.puris.ma\/#website\"},\"primaryImageOfPage\":{\"@id\":\"https:\/\/www.puris.ma\/en\/product\/jade-caliber\/#primaryimage\"},\"image\":{\"@id\":\"https:\/\/www.puris.ma\/en\/product\/jade-caliber\/#primaryimage\"},\"thumbnailUrl\":\"https:\/\/www.puris.ma\/wp-content\/uploads\/2023\/05\/1-5.png\",\"datePublished\":\"2023-05-15T10:44:33+00:00\",\"dateModified\":\"2023-05-25T17:23:39+00:00\",\"breadcrumb\":{\"@id\":\"https:\/\/www.puris.ma\/en\/product\/jade-caliber\/#breadcrumb\"},\"inLanguage\":\"en-US\",\"potentialAction\":[{\"@type\":\"ReadAction\",\"target\":[\"https:\/\/www.puris.ma\/en\/product\/jade-caliber\/\"]}]},{\"@type\":\"ImageObject\",\"inLanguage\":\"en-US\",\"@id\":\"https:\/\/www.puris.ma\/en\/product\/jade-caliber\/#primaryimage\",\"url\":\"https:\/\/www.puris.ma\/wp-content\/uploads\/2023\/05\/1-5.png\",\"contentUrl\":\"https:\/\/www.puris.ma\/wp-content\/uploads\/2023\/05\/1-5.png\",\"width\":1080,\"height\":1080},{\"@type\":\"BreadcrumbList\",\"@id\":\"https:\/\/www.puris.ma\/en\/product\/jade-caliber\/#breadcrumb\",\"itemListElement\":[{\"@type\":\"ListItem\",\"position\":1,\"name\":\"Accueil\",\"item\":\"https:\/\/www.puris.ma\/\"},{\"@type\":\"ListItem\",\"position\":2,\"name\":\"Catalogue Produit\",\"item\":\"https:\/\/www.puris.ma\/accueil\/catalogue-produit\/\"},{\"@type\":\"ListItem\",\"position\":3,\"name\":\"JADE CALIBER\"}]},{\"@type\":\"WebSite\",\"@id\":\"https:\/\/www.puris.ma\/#website\",\"url\":\"https:\/\/www.puris.ma\/\",\"name\":\"PURIS MAROC\",\"description\":\"Distributeur officiel et exculsive des produits de PURIS\",\"publisher\":{\"@id\":\"https:\/\/www.puris.ma\/#organization\"},\"potentialAction\":[{\"@type\":\"SearchAction\",\"target\":{\"@type\":\"EntryPoint\",\"urlTemplate\":\"https:\/\/www.puris.ma\/?s={search_term_string}\"},\"query-input\":{\"@type\":\"PropertyValueSpecification\",\"valueRequired\":true,\"valueName\":\"search_term_string\"}}],\"inLanguage\":\"en-US\"},{\"@type\":\"Organization\",\"@id\":\"https:\/\/www.puris.ma\/#organization\",\"name\":\"PURIS MAROC\",\"url\":\"https:\/\/www.puris.ma\/\",\"logo\":{\"@type\":\"ImageObject\",\"inLanguage\":\"en-US\",\"@id\":\"https:\/\/www.puris.ma\/#\/schema\/logo\/image\/\",\"url\":\"https:\/\/www.puris.ma\/wp-content\/uploads\/2023\/05\/PURIS-MAROC-8.png\",\"contentUrl\":\"https:\/\/www.puris.ma\/wp-content\/uploads\/2023\/05\/PURIS-MAROC-8.png\",\"width\":300,\"height\":75,\"caption\":\"PURIS MAROC\"},\"image\":{\"@id\":\"https:\/\/www.puris.ma\/#\/schema\/logo\/image\/\"},\"sameAs\":[\"https:\/\/web.facebook.com\/europa.mak.78\",\"https:\/\/www.instagram.com\/purismorocco\/\",\"https:\/\/www.linkedin.com\/company\/puris-morocco\/\"]}]}<\/script>\n<!-- \/ Yoast SEO plugin. -->","yoast_head_json":{"title":"JADE CALIBER - PURIS MAROC","robots":{"index":"index","follow":"follow","max-snippet":"max-snippet:-1","max-image-preview":"max-image-preview:large","max-video-preview":"max-video-preview:-1"},"canonical":"https:\/\/www.puris.ma\/en\/product\/jade-caliber\/","og_locale":"en_US","og_type":"article","og_title":"JADE CALIBER - PURIS MAROC","og_description":"JADE CALIBER Silica Primer Polish int\u00e8gre la durabilit\u00e9 et la duret\u00e9 du verre dans un poli fin de premi\u00e8re qualit\u00e9 facile \u00e0 utiliser. Pour une utilisation \u00e0 la main ou \u00e0 la machine, JADE CALIBER est fabriqu\u00e9 avec une technologie de silice c\u00e9ramique qui laisse une surface vitreuse et lisse. JADE CALIBER laisse une surface de v\u00e9hicule extr\u00eamement hydrophobe pendant 3 \u00e0 6 mois!  &nbsp;  FICHE TECHNIQUE :A60(T\u00e9l\u00e9charger)","og_url":"https:\/\/www.puris.ma\/en\/product\/jade-caliber\/","og_site_name":"PURIS MAROC","article_publisher":"https:\/\/web.facebook.com\/europa.mak.78","article_modified_time":"2023-05-25T17:23:39+00:00","og_image":[{"width":1080,"height":1080,"url":"https:\/\/www.puris.ma\/wp-content\/uploads\/2023\/05\/1-5.png","type":"image\/png"}],"twitter_card":"summary_large_image","schema":{"@context":"https:\/\/schema.org","@graph":[{"@type":"WebPage","@id":"https:\/\/www.puris.ma\/en\/product\/jade-caliber\/","url":"https:\/\/www.puris.ma\/en\/product\/jade-caliber\/","name":"JADE CALIBER - PURIS MAROC","isPartOf":{"@id":"https:\/\/www.puris.ma\/#website"},"primaryImageOfPage":{"@id":"https:\/\/www.puris.ma\/en\/product\/jade-caliber\/#primaryimage"},"image":{"@id":"https:\/\/www.puris.ma\/en\/product\/jade-caliber\/#primaryimage"},"thumbnailUrl":"https:\/\/www.puris.ma\/wp-content\/uploads\/2023\/05\/1-5.png","datePublished":"2023-05-15T10:44:33+00:00","dateModified":"2023-05-25T17:23:39+00:00","breadcrumb":{"@id":"https:\/\/www.puris.ma\/en\/product\/jade-caliber\/#breadcrumb"},"inLanguage":"en-US","potentialAction":[{"@type":"ReadAction","target":["https:\/\/www.puris.ma\/en\/product\/jade-caliber\/"]}]},{"@type":"ImageObject","inLanguage":"en-US","@id":"https:\/\/www.puris.ma\/en\/product\/jade-caliber\/#primaryimage","url":"https:\/\/www.puris.ma\/wp-content\/uploads\/2023\/05\/1-5.png","contentUrl":"https:\/\/www.puris.ma\/wp-content\/uploads\/2023\/05\/1-5.png","width":1080,"height":1080},{"@type":"BreadcrumbList","@id":"https:\/\/www.puris.ma\/en\/product\/jade-caliber\/#breadcrumb","itemListElement":[{"@type":"ListItem","position":1,"name":"Accueil","item":"https:\/\/www.puris.ma\/"},{"@type":"ListItem","position":2,"name":"Catalogue Produit","item":"https:\/\/www.puris.ma\/accueil\/catalogue-produit\/"},{"@type":"ListItem","position":3,"name":"JADE CALIBER"}]},{"@type":"WebSite","@id":"https:\/\/www.puris.ma\/#website","url":"https:\/\/www.puris.ma\/","name":"PURIS MOROCCO","description":"Distributeur officiel et exculsive des produits de PURIS","publisher":{"@id":"https:\/\/www.puris.ma\/#organization"},"potentialAction":[{"@type":"SearchAction","target":{"@type":"EntryPoint","urlTemplate":"https:\/\/www.puris.ma\/?s={search_term_string}"},"query-input":{"@type":"PropertyValueSpecification","valueRequired":true,"valueName":"search_term_string"}}],"inLanguage":"en-US"},{"@type":"Organization","@id":"https:\/\/www.puris.ma\/#organization","name":"PURIS MOROCCO","url":"https:\/\/www.puris.ma\/","logo":{"@type":"ImageObject","inLanguage":"en-US","@id":"https:\/\/www.puris.ma\/#\/schema\/logo\/image\/","url":"https:\/\/www.puris.ma\/wp-content\/uploads\/2023\/05\/PURIS-MAROC-8.png","contentUrl":"https:\/\/www.puris.ma\/wp-content\/uploads\/2023\/05\/PURIS-MAROC-8.png","width":300,"height":75,"caption":"PURIS MAROC"},"image":{"@id":"https:\/\/www.puris.ma\/#\/schema\/logo\/image\/"},"sameAs":["https:\/\/web.facebook.com\/europa.mak.78","https:\/\/www.instagram.com\/purismorocco\/","https:\/\/www.linkedin.com\/company\/puris-morocco\/"]}]}},"_links":{"self":[{"href":"https:\/\/www.puris.ma\/en\/wp-json\/wp\/v2\/product\/2069","targetHints":{"allow":["GET"]}}],"collection":[{"href":"https:\/\/www.puris.ma\/en\/wp-json\/wp\/v2\/product"}],"about":[{"href":"https:\/\/www.puris.ma\/en\/wp-json\/wp\/v2\/types\/product"}],"wp:featuredmedia":[{"embeddable":true,"href":"https:\/\/www.puris.ma\/en\/wp-json\/wp\/v2\/media\/3376"}],"wp:attachment":[{"href":"https:\/\/www.puris.ma\/en\/wp-json\/wp\/v2\/media?parent=2069"}],"wp:term":[{"taxonomy":"product_brand","embeddable":true,"href":"https:\/\/www.puris.ma\/en\/wp-json\/wp\/v2\/product_brand?post=2069"},{"taxonomy":"product_cat","embeddable":true,"href":"https:\/\/www.puris.ma\/en\/wp-json\/wp\/v2\/product_cat?post=2069"},{"taxonomy":"product_tag","embeddable":true,"href":"https:\/\/www.puris.ma\/en\/wp-json\/wp\/v2\/product_tag?post=2069"}],"curies":[{"name":"wp","href":"https:\/\/api.w.org\/{rel}","templated":true}]}}