{"id":2111,"date":"2023-05-15T13:45:48","date_gmt":"2023-05-15T13:45:48","guid":{"rendered":"https:\/\/www.puris.ma\/?post_type=product&#038;p=2111"},"modified":"2023-05-25T17:35:04","modified_gmt":"2023-05-25T17:35:04","slug":"ceramic-prep-cleaner-2","status":"publish","type":"product","link":"https:\/\/www.puris.ma\/en\/product\/ceramic-prep-cleaner-2\/","title":{"rendered":"CERAMIC PREP CLEANER"},"content":{"rendered":"","protected":false},"excerpt":{"rendered":"<p>Un m\u00e9lange novateur de surfactants, de nettoyants sp\u00e9ciaux et d\u2019alcool isopropylique qui \u00e9liminera en toute s\u00e9curit\u00e9 les cires et les huiles de la pr\u00e9paration et du polissage. A62 augmente \u00e9galement l\u2019int\u00e9grit\u00e9 de la liaison mol\u00e9culaire qui se produit lors de l\u2019application de produits d\u2019\u00e9tanch\u00e9it\u00e9 et de rev\u00eatements. A62 d\u00e9montre de bonnes propri\u00e9t\u00e9s moussantes, qui fournissent une couche de lubrification entre la surface peinte et la serviette en microfibre sans laisser de film r\u00e9siduel. A62 fonctionne \u00e9galement bien comme un nettoyant pour verre.<\/p>\n<p>&nbsp;<\/p>\n<p><span style=\"font-size: 18px; color: #0000ff;\"><strong>FICHE TECHNIQUE:A62(<a style=\"color: #0000ff;\" href=\"https:\/\/www.puris.ma\/wp-content\/uploads\/2023\/05\/A62-Jade-Ceramic-Prep-Cleaner.pdf\">Download<\/a>)<\/strong><\/span><\/p>","protected":false},"featured_media":2106,"template":"","meta":[],"product_brand":[],"product_cat":[44],"product_tag":[],"class_list":{"0":"post-2111","1":"product","2":"type-product","3":"status-publish","4":"has-post-thumbnail","6":"product_cat-famille-jade","8":"first","9":"instock","10":"shipping-taxable","11":"purchasable","12":"product-type-variable"},"yoast_head":"<!-- This site is optimized with the Yoast SEO plugin v26.3 - https:\/\/yoast.com\/wordpress\/plugins\/seo\/ -->\n<title>CERAMIC PREP CLEANER - PURIS MAROC<\/title>\n<meta name=\"robots\" content=\"index, follow, max-snippet:-1, max-image-preview:large, max-video-preview:-1\" \/>\n<link rel=\"canonical\" href=\"https:\/\/www.puris.ma\/en\/product\/ceramic-prep-cleaner-2\/\" \/>\n<meta property=\"og:locale\" content=\"en_US\" \/>\n<meta property=\"og:type\" content=\"article\" \/>\n<meta property=\"og:title\" content=\"CERAMIC PREP CLEANER - PURIS MAROC\" \/>\n<meta property=\"og:description\" content=\"Un m\u00e9lange novateur de surfactants, de nettoyants sp\u00e9ciaux et d\u2019alcool isopropylique qui \u00e9liminera en toute s\u00e9curit\u00e9 les cires et les huiles de la pr\u00e9paration et du polissage. A62 augmente \u00e9galement l\u2019int\u00e9grit\u00e9 de la liaison mol\u00e9culaire qui se produit lors de l\u2019application de produits d\u2019\u00e9tanch\u00e9it\u00e9 et de rev\u00eatements. A62 d\u00e9montre de bonnes propri\u00e9t\u00e9s moussantes, qui fournissent une couche de lubrification entre la surface peinte et la serviette en microfibre sans laisser de film r\u00e9siduel. A62 fonctionne \u00e9galement bien comme un nettoyant pour verre.  &nbsp;  FICHE TECHNIQUE:A62(T\u00e9l\u00e9charger)\" \/>\n<meta property=\"og:url\" content=\"https:\/\/www.puris.ma\/en\/product\/ceramic-prep-cleaner-2\/\" \/>\n<meta property=\"og:site_name\" content=\"PURIS MAROC\" \/>\n<meta property=\"article:publisher\" content=\"https:\/\/web.facebook.com\/europa.mak.78\" \/>\n<meta property=\"article:modified_time\" content=\"2023-05-25T17:35:04+00:00\" \/>\n<meta property=\"og:image\" content=\"https:\/\/www.puris.ma\/wp-content\/uploads\/2023\/05\/ea108c3b7fed0de8.png\" \/>\n\t<meta property=\"og:image:width\" content=\"300\" \/>\n\t<meta property=\"og:image:height\" content=\"211\" \/>\n\t<meta property=\"og:image:type\" content=\"image\/png\" \/>\n<meta name=\"twitter:card\" content=\"summary_large_image\" \/>\n<script type=\"application\/ld+json\" class=\"yoast-schema-graph\">{\"@context\":\"https:\/\/schema.org\",\"@graph\":[{\"@type\":\"WebPage\",\"@id\":\"https:\/\/www.puris.ma\/produit\/ceramic-prep-cleaner-2\/\",\"url\":\"https:\/\/www.puris.ma\/produit\/ceramic-prep-cleaner-2\/\",\"name\":\"CERAMIC PREP CLEANER - PURIS MAROC\",\"isPartOf\":{\"@id\":\"https:\/\/www.puris.ma\/#website\"},\"primaryImageOfPage\":{\"@id\":\"https:\/\/www.puris.ma\/produit\/ceramic-prep-cleaner-2\/#primaryimage\"},\"image\":{\"@id\":\"https:\/\/www.puris.ma\/produit\/ceramic-prep-cleaner-2\/#primaryimage\"},\"thumbnailUrl\":\"https:\/\/www.puris.ma\/wp-content\/uploads\/2023\/05\/ea108c3b7fed0de8.png\",\"datePublished\":\"2023-05-15T13:45:48+00:00\",\"dateModified\":\"2023-05-25T17:35:04+00:00\",\"breadcrumb\":{\"@id\":\"https:\/\/www.puris.ma\/produit\/ceramic-prep-cleaner-2\/#breadcrumb\"},\"inLanguage\":\"en-US\",\"potentialAction\":[{\"@type\":\"ReadAction\",\"target\":[\"https:\/\/www.puris.ma\/produit\/ceramic-prep-cleaner-2\/\"]}]},{\"@type\":\"ImageObject\",\"inLanguage\":\"en-US\",\"@id\":\"https:\/\/www.puris.ma\/produit\/ceramic-prep-cleaner-2\/#primaryimage\",\"url\":\"https:\/\/www.puris.ma\/wp-content\/uploads\/2023\/05\/ea108c3b7fed0de8.png\",\"contentUrl\":\"https:\/\/www.puris.ma\/wp-content\/uploads\/2023\/05\/ea108c3b7fed0de8.png\",\"width\":300,\"height\":211},{\"@type\":\"BreadcrumbList\",\"@id\":\"https:\/\/www.puris.ma\/produit\/ceramic-prep-cleaner-2\/#breadcrumb\",\"itemListElement\":[{\"@type\":\"ListItem\",\"position\":1,\"name\":\"Accueil\",\"item\":\"https:\/\/www.puris.ma\/\"},{\"@type\":\"ListItem\",\"position\":2,\"name\":\"Catalogue Produit\",\"item\":\"https:\/\/www.puris.ma\/accueil\/catalogue-produit\/\"},{\"@type\":\"ListItem\",\"position\":3,\"name\":\"CERAMIC PREP CLEANER\"}]},{\"@type\":\"WebSite\",\"@id\":\"https:\/\/www.puris.ma\/#website\",\"url\":\"https:\/\/www.puris.ma\/\",\"name\":\"PURIS MAROC\",\"description\":\"Distributeur officiel et exculsive des produits de PURIS\",\"publisher\":{\"@id\":\"https:\/\/www.puris.ma\/#organization\"},\"potentialAction\":[{\"@type\":\"SearchAction\",\"target\":{\"@type\":\"EntryPoint\",\"urlTemplate\":\"https:\/\/www.puris.ma\/?s={search_term_string}\"},\"query-input\":{\"@type\":\"PropertyValueSpecification\",\"valueRequired\":true,\"valueName\":\"search_term_string\"}}],\"inLanguage\":\"en-US\"},{\"@type\":\"Organization\",\"@id\":\"https:\/\/www.puris.ma\/#organization\",\"name\":\"PURIS MAROC\",\"url\":\"https:\/\/www.puris.ma\/\",\"logo\":{\"@type\":\"ImageObject\",\"inLanguage\":\"en-US\",\"@id\":\"https:\/\/www.puris.ma\/#\/schema\/logo\/image\/\",\"url\":\"https:\/\/www.puris.ma\/wp-content\/uploads\/2023\/05\/PURIS-MAROC-8.png\",\"contentUrl\":\"https:\/\/www.puris.ma\/wp-content\/uploads\/2023\/05\/PURIS-MAROC-8.png\",\"width\":300,\"height\":75,\"caption\":\"PURIS MAROC\"},\"image\":{\"@id\":\"https:\/\/www.puris.ma\/#\/schema\/logo\/image\/\"},\"sameAs\":[\"https:\/\/web.facebook.com\/europa.mak.78\",\"https:\/\/www.instagram.com\/purismorocco\/\",\"https:\/\/www.linkedin.com\/company\/puris-morocco\/\"]}]}<\/script>\n<!-- \/ Yoast SEO plugin. -->","yoast_head_json":{"title":"CERAMIC PREP CLEANER - PURIS MAROC","robots":{"index":"index","follow":"follow","max-snippet":"max-snippet:-1","max-image-preview":"max-image-preview:large","max-video-preview":"max-video-preview:-1"},"canonical":"https:\/\/www.puris.ma\/en\/product\/ceramic-prep-cleaner-2\/","og_locale":"en_US","og_type":"article","og_title":"CERAMIC PREP CLEANER - PURIS MAROC","og_description":"Un m\u00e9lange novateur de surfactants, de nettoyants sp\u00e9ciaux et d\u2019alcool isopropylique qui \u00e9liminera en toute s\u00e9curit\u00e9 les cires et les huiles de la pr\u00e9paration et du polissage. A62 augmente \u00e9galement l\u2019int\u00e9grit\u00e9 de la liaison mol\u00e9culaire qui se produit lors de l\u2019application de produits d\u2019\u00e9tanch\u00e9it\u00e9 et de rev\u00eatements. A62 d\u00e9montre de bonnes propri\u00e9t\u00e9s moussantes, qui fournissent une couche de lubrification entre la surface peinte et la serviette en microfibre sans laisser de film r\u00e9siduel. A62 fonctionne \u00e9galement bien comme un nettoyant pour verre.  &nbsp;  FICHE TECHNIQUE:A62(T\u00e9l\u00e9charger)","og_url":"https:\/\/www.puris.ma\/en\/product\/ceramic-prep-cleaner-2\/","og_site_name":"PURIS MAROC","article_publisher":"https:\/\/web.facebook.com\/europa.mak.78","article_modified_time":"2023-05-25T17:35:04+00:00","og_image":[{"width":300,"height":211,"url":"https:\/\/www.puris.ma\/wp-content\/uploads\/2023\/05\/ea108c3b7fed0de8.png","type":"image\/png"}],"twitter_card":"summary_large_image","schema":{"@context":"https:\/\/schema.org","@graph":[{"@type":"WebPage","@id":"https:\/\/www.puris.ma\/produit\/ceramic-prep-cleaner-2\/","url":"https:\/\/www.puris.ma\/produit\/ceramic-prep-cleaner-2\/","name":"CERAMIC PREP CLEANER - PURIS MAROC","isPartOf":{"@id":"https:\/\/www.puris.ma\/#website"},"primaryImageOfPage":{"@id":"https:\/\/www.puris.ma\/produit\/ceramic-prep-cleaner-2\/#primaryimage"},"image":{"@id":"https:\/\/www.puris.ma\/produit\/ceramic-prep-cleaner-2\/#primaryimage"},"thumbnailUrl":"https:\/\/www.puris.ma\/wp-content\/uploads\/2023\/05\/ea108c3b7fed0de8.png","datePublished":"2023-05-15T13:45:48+00:00","dateModified":"2023-05-25T17:35:04+00:00","breadcrumb":{"@id":"https:\/\/www.puris.ma\/produit\/ceramic-prep-cleaner-2\/#breadcrumb"},"inLanguage":"en-US","potentialAction":[{"@type":"ReadAction","target":["https:\/\/www.puris.ma\/produit\/ceramic-prep-cleaner-2\/"]}]},{"@type":"ImageObject","inLanguage":"en-US","@id":"https:\/\/www.puris.ma\/produit\/ceramic-prep-cleaner-2\/#primaryimage","url":"https:\/\/www.puris.ma\/wp-content\/uploads\/2023\/05\/ea108c3b7fed0de8.png","contentUrl":"https:\/\/www.puris.ma\/wp-content\/uploads\/2023\/05\/ea108c3b7fed0de8.png","width":300,"height":211},{"@type":"BreadcrumbList","@id":"https:\/\/www.puris.ma\/produit\/ceramic-prep-cleaner-2\/#breadcrumb","itemListElement":[{"@type":"ListItem","position":1,"name":"Accueil","item":"https:\/\/www.puris.ma\/"},{"@type":"ListItem","position":2,"name":"Catalogue Produit","item":"https:\/\/www.puris.ma\/accueil\/catalogue-produit\/"},{"@type":"ListItem","position":3,"name":"CERAMIC PREP CLEANER"}]},{"@type":"WebSite","@id":"https:\/\/www.puris.ma\/#website","url":"https:\/\/www.puris.ma\/","name":"PURIS MOROCCO","description":"Distributeur officiel et exculsive des produits de PURIS","publisher":{"@id":"https:\/\/www.puris.ma\/#organization"},"potentialAction":[{"@type":"SearchAction","target":{"@type":"EntryPoint","urlTemplate":"https:\/\/www.puris.ma\/?s={search_term_string}"},"query-input":{"@type":"PropertyValueSpecification","valueRequired":true,"valueName":"search_term_string"}}],"inLanguage":"en-US"},{"@type":"Organization","@id":"https:\/\/www.puris.ma\/#organization","name":"PURIS MOROCCO","url":"https:\/\/www.puris.ma\/","logo":{"@type":"ImageObject","inLanguage":"en-US","@id":"https:\/\/www.puris.ma\/#\/schema\/logo\/image\/","url":"https:\/\/www.puris.ma\/wp-content\/uploads\/2023\/05\/PURIS-MAROC-8.png","contentUrl":"https:\/\/www.puris.ma\/wp-content\/uploads\/2023\/05\/PURIS-MAROC-8.png","width":300,"height":75,"caption":"PURIS MAROC"},"image":{"@id":"https:\/\/www.puris.ma\/#\/schema\/logo\/image\/"},"sameAs":["https:\/\/web.facebook.com\/europa.mak.78","https:\/\/www.instagram.com\/purismorocco\/","https:\/\/www.linkedin.com\/company\/puris-morocco\/"]}]}},"_links":{"self":[{"href":"https:\/\/www.puris.ma\/en\/wp-json\/wp\/v2\/product\/2111","targetHints":{"allow":["GET"]}}],"collection":[{"href":"https:\/\/www.puris.ma\/en\/wp-json\/wp\/v2\/product"}],"about":[{"href":"https:\/\/www.puris.ma\/en\/wp-json\/wp\/v2\/types\/product"}],"wp:featuredmedia":[{"embeddable":true,"href":"https:\/\/www.puris.ma\/en\/wp-json\/wp\/v2\/media\/2106"}],"wp:attachment":[{"href":"https:\/\/www.puris.ma\/en\/wp-json\/wp\/v2\/media?parent=2111"}],"wp:term":[{"taxonomy":"product_brand","embeddable":true,"href":"https:\/\/www.puris.ma\/en\/wp-json\/wp\/v2\/product_brand?post=2111"},{"taxonomy":"product_cat","embeddable":true,"href":"https:\/\/www.puris.ma\/en\/wp-json\/wp\/v2\/product_cat?post=2111"},{"taxonomy":"product_tag","embeddable":true,"href":"https:\/\/www.puris.ma\/en\/wp-json\/wp\/v2\/product_tag?post=2111"}],"curies":[{"name":"wp","href":"https:\/\/api.w.org\/{rel}","templated":true}]}}