{"id":2117,"date":"2023-05-15T14:01:46","date_gmt":"2023-05-15T14:01:46","guid":{"rendered":"https:\/\/www.puris.ma\/?post_type=product&#038;p=2117"},"modified":"2023-05-25T17:34:45","modified_gmt":"2023-05-25T17:34:45","slug":"jade-detox-car-wash-seal","status":"publish","type":"product","link":"https:\/\/www.puris.ma\/en\/product\/jade-detox-car-wash-seal\/","title":{"rendered":"JADE DETOX CAR WASH &#038; SEAL"},"content":{"rendered":"","protected":false},"excerpt":{"rendered":"<p>JADE DETOX CAR WASH &amp; SEAL has been specially formulated to clean vehicles that have already been covered with ceramic coatings. This shampoo is infused with silica technology that will revitalize the surface of the coating and deposit a thin layer of protective technology. JADE DETOX CAR WASH &amp; SEAL is pH neutral and will produce a high and stable foam while being soft and lubricate the surface of the automobile during use. The shampoo is easily dilutable and comes in a beautiful jade color with a fruity scent and beautiful pearl.<\/p>\n<p>&nbsp;<\/p>\n<p><span style=\"font-size: 18px; color: #0000ff;\"><strong>FICHE TECHNIQUE:A61(<a style=\"color: #0000ff;\" href=\"https:\/\/www.puris.ma\/wp-content\/uploads\/2023\/05\/A61-Ceramic-Detox-Shampoo-1.pdf\">Download<\/a>)<\/strong><\/span><\/p>","protected":false},"featured_media":3378,"template":"","meta":[],"product_brand":[],"product_cat":[44],"product_tag":[],"class_list":{"0":"post-2117","1":"product","2":"type-product","3":"status-publish","4":"has-post-thumbnail","6":"product_cat-famille-jade","8":"first","9":"instock","10":"shipping-taxable","11":"purchasable","12":"product-type-variable"},"yoast_head":"<!-- This site is optimized with the Yoast SEO plugin v26.3 - https:\/\/yoast.com\/wordpress\/plugins\/seo\/ -->\n<title>JADE DETOX CAR WASH &amp; SEAL - PURIS MAROC<\/title>\n<meta name=\"robots\" content=\"index, follow, max-snippet:-1, max-image-preview:large, max-video-preview:-1\" \/>\n<link rel=\"canonical\" href=\"https:\/\/www.puris.ma\/en\/product\/jade-detox-car-wash-seal\/\" \/>\n<meta property=\"og:locale\" content=\"en_US\" \/>\n<meta property=\"og:type\" content=\"article\" \/>\n<meta property=\"og:title\" content=\"JADE DETOX CAR WASH &amp; SEAL - PURIS MAROC\" \/>\n<meta property=\"og:description\" content=\"JADE DETOX CAR WASH &amp; SEAL a \u00e9t\u00e9 sp\u00e9cialement formul\u00e9 pour nettoyer les v\u00e9hicules qui ont d\u00e9j\u00e0 \u00e9t\u00e9 recouverts de rev\u00eatements en c\u00e9ramique. Ce shampooing est infus\u00e9 avec la technologie de la silice qui revitalisera la surface du rev\u00eatement et d\u00e9poser une mince couche de la technologie de protection. JADE DETOX CAR WASH &amp; SEAL est pH neutre et produira une mousse \u00e9lev\u00e9e et stable tout en \u00e9tant doux et lubrifier la surface de l\u2019automobile pendant l\u2019utilisation. Le shampooing est facilement diluable et vient dans une belle couleur de jade avec un parfum fruit\u00e9 et belle perle.  &nbsp;  FICHE TECHNIQUE:A61(T\u00e9l\u00e9charger)\" \/>\n<meta property=\"og:url\" content=\"https:\/\/www.puris.ma\/en\/product\/jade-detox-car-wash-seal\/\" \/>\n<meta property=\"og:site_name\" content=\"PURIS MAROC\" \/>\n<meta property=\"article:publisher\" content=\"https:\/\/web.facebook.com\/europa.mak.78\" \/>\n<meta property=\"article:modified_time\" content=\"2023-05-25T17:34:45+00:00\" \/>\n<meta property=\"og:image\" content=\"https:\/\/www.puris.ma\/wp-content\/uploads\/2023\/05\/A61-Puris-Detailing-Puris-Maroc-1-1.png\" \/>\n\t<meta property=\"og:image:width\" content=\"1080\" \/>\n\t<meta property=\"og:image:height\" content=\"1080\" \/>\n\t<meta property=\"og:image:type\" content=\"image\/png\" \/>\n<meta name=\"twitter:card\" content=\"summary_large_image\" \/>\n<script type=\"application\/ld+json\" class=\"yoast-schema-graph\">{\"@context\":\"https:\/\/schema.org\",\"@graph\":[{\"@type\":\"WebPage\",\"@id\":\"https:\/\/www.puris.ma\/en\/product\/jade-detox-car-wash-seal\/\",\"url\":\"https:\/\/www.puris.ma\/en\/product\/jade-detox-car-wash-seal\/\",\"name\":\"JADE DETOX CAR WASH & SEAL - PURIS MAROC\",\"isPartOf\":{\"@id\":\"https:\/\/www.puris.ma\/#website\"},\"primaryImageOfPage\":{\"@id\":\"https:\/\/www.puris.ma\/en\/product\/jade-detox-car-wash-seal\/#primaryimage\"},\"image\":{\"@id\":\"https:\/\/www.puris.ma\/en\/product\/jade-detox-car-wash-seal\/#primaryimage\"},\"thumbnailUrl\":\"https:\/\/www.puris.ma\/wp-content\/uploads\/2023\/05\/A61-Puris-Detailing-Puris-Maroc-1-1.png\",\"datePublished\":\"2023-05-15T14:01:46+00:00\",\"dateModified\":\"2023-05-25T17:34:45+00:00\",\"breadcrumb\":{\"@id\":\"https:\/\/www.puris.ma\/en\/product\/jade-detox-car-wash-seal\/#breadcrumb\"},\"inLanguage\":\"en-US\",\"potentialAction\":[{\"@type\":\"ReadAction\",\"target\":[\"https:\/\/www.puris.ma\/en\/product\/jade-detox-car-wash-seal\/\"]}]},{\"@type\":\"ImageObject\",\"inLanguage\":\"en-US\",\"@id\":\"https:\/\/www.puris.ma\/en\/product\/jade-detox-car-wash-seal\/#primaryimage\",\"url\":\"https:\/\/www.puris.ma\/wp-content\/uploads\/2023\/05\/A61-Puris-Detailing-Puris-Maroc-1-1.png\",\"contentUrl\":\"https:\/\/www.puris.ma\/wp-content\/uploads\/2023\/05\/A61-Puris-Detailing-Puris-Maroc-1-1.png\",\"width\":1080,\"height\":1080},{\"@type\":\"BreadcrumbList\",\"@id\":\"https:\/\/www.puris.ma\/en\/product\/jade-detox-car-wash-seal\/#breadcrumb\",\"itemListElement\":[{\"@type\":\"ListItem\",\"position\":1,\"name\":\"Accueil\",\"item\":\"https:\/\/www.puris.ma\/\"},{\"@type\":\"ListItem\",\"position\":2,\"name\":\"Catalogue Produit\",\"item\":\"https:\/\/www.puris.ma\/accueil\/catalogue-produit\/\"},{\"@type\":\"ListItem\",\"position\":3,\"name\":\"JADE DETOX CAR WASH &#038; SEAL\"}]},{\"@type\":\"WebSite\",\"@id\":\"https:\/\/www.puris.ma\/#website\",\"url\":\"https:\/\/www.puris.ma\/\",\"name\":\"PURIS MAROC\",\"description\":\"Distributeur officiel et exculsive des produits de PURIS\",\"publisher\":{\"@id\":\"https:\/\/www.puris.ma\/#organization\"},\"potentialAction\":[{\"@type\":\"SearchAction\",\"target\":{\"@type\":\"EntryPoint\",\"urlTemplate\":\"https:\/\/www.puris.ma\/?s={search_term_string}\"},\"query-input\":{\"@type\":\"PropertyValueSpecification\",\"valueRequired\":true,\"valueName\":\"search_term_string\"}}],\"inLanguage\":\"en-US\"},{\"@type\":\"Organization\",\"@id\":\"https:\/\/www.puris.ma\/#organization\",\"name\":\"PURIS MAROC\",\"url\":\"https:\/\/www.puris.ma\/\",\"logo\":{\"@type\":\"ImageObject\",\"inLanguage\":\"en-US\",\"@id\":\"https:\/\/www.puris.ma\/#\/schema\/logo\/image\/\",\"url\":\"https:\/\/www.puris.ma\/wp-content\/uploads\/2023\/05\/PURIS-MAROC-8.png\",\"contentUrl\":\"https:\/\/www.puris.ma\/wp-content\/uploads\/2023\/05\/PURIS-MAROC-8.png\",\"width\":300,\"height\":75,\"caption\":\"PURIS MAROC\"},\"image\":{\"@id\":\"https:\/\/www.puris.ma\/#\/schema\/logo\/image\/\"},\"sameAs\":[\"https:\/\/web.facebook.com\/europa.mak.78\",\"https:\/\/www.instagram.com\/purismorocco\/\",\"https:\/\/www.linkedin.com\/company\/puris-morocco\/\"]}]}<\/script>\n<!-- \/ Yoast SEO plugin. -->","yoast_head_json":{"title":"JADE DETOX CAR WASH & SEAL - PURIS MAROC","robots":{"index":"index","follow":"follow","max-snippet":"max-snippet:-1","max-image-preview":"max-image-preview:large","max-video-preview":"max-video-preview:-1"},"canonical":"https:\/\/www.puris.ma\/en\/product\/jade-detox-car-wash-seal\/","og_locale":"en_US","og_type":"article","og_title":"JADE DETOX CAR WASH & SEAL - PURIS MAROC","og_description":"JADE DETOX CAR WASH &amp; SEAL a \u00e9t\u00e9 sp\u00e9cialement formul\u00e9 pour nettoyer les v\u00e9hicules qui ont d\u00e9j\u00e0 \u00e9t\u00e9 recouverts de rev\u00eatements en c\u00e9ramique. Ce shampooing est infus\u00e9 avec la technologie de la silice qui revitalisera la surface du rev\u00eatement et d\u00e9poser une mince couche de la technologie de protection. JADE DETOX CAR WASH &amp; SEAL est pH neutre et produira une mousse \u00e9lev\u00e9e et stable tout en \u00e9tant doux et lubrifier la surface de l\u2019automobile pendant l\u2019utilisation. Le shampooing est facilement diluable et vient dans une belle couleur de jade avec un parfum fruit\u00e9 et belle perle.  &nbsp;  FICHE TECHNIQUE:A61(T\u00e9l\u00e9charger)","og_url":"https:\/\/www.puris.ma\/en\/product\/jade-detox-car-wash-seal\/","og_site_name":"PURIS MAROC","article_publisher":"https:\/\/web.facebook.com\/europa.mak.78","article_modified_time":"2023-05-25T17:34:45+00:00","og_image":[{"width":1080,"height":1080,"url":"https:\/\/www.puris.ma\/wp-content\/uploads\/2023\/05\/A61-Puris-Detailing-Puris-Maroc-1-1.png","type":"image\/png"}],"twitter_card":"summary_large_image","schema":{"@context":"https:\/\/schema.org","@graph":[{"@type":"WebPage","@id":"https:\/\/www.puris.ma\/en\/product\/jade-detox-car-wash-seal\/","url":"https:\/\/www.puris.ma\/en\/product\/jade-detox-car-wash-seal\/","name":"JADE DETOX CAR WASH & SEAL - PURIS MAROC","isPartOf":{"@id":"https:\/\/www.puris.ma\/#website"},"primaryImageOfPage":{"@id":"https:\/\/www.puris.ma\/en\/product\/jade-detox-car-wash-seal\/#primaryimage"},"image":{"@id":"https:\/\/www.puris.ma\/en\/product\/jade-detox-car-wash-seal\/#primaryimage"},"thumbnailUrl":"https:\/\/www.puris.ma\/wp-content\/uploads\/2023\/05\/A61-Puris-Detailing-Puris-Maroc-1-1.png","datePublished":"2023-05-15T14:01:46+00:00","dateModified":"2023-05-25T17:34:45+00:00","breadcrumb":{"@id":"https:\/\/www.puris.ma\/en\/product\/jade-detox-car-wash-seal\/#breadcrumb"},"inLanguage":"en-US","potentialAction":[{"@type":"ReadAction","target":["https:\/\/www.puris.ma\/en\/product\/jade-detox-car-wash-seal\/"]}]},{"@type":"ImageObject","inLanguage":"en-US","@id":"https:\/\/www.puris.ma\/en\/product\/jade-detox-car-wash-seal\/#primaryimage","url":"https:\/\/www.puris.ma\/wp-content\/uploads\/2023\/05\/A61-Puris-Detailing-Puris-Maroc-1-1.png","contentUrl":"https:\/\/www.puris.ma\/wp-content\/uploads\/2023\/05\/A61-Puris-Detailing-Puris-Maroc-1-1.png","width":1080,"height":1080},{"@type":"BreadcrumbList","@id":"https:\/\/www.puris.ma\/en\/product\/jade-detox-car-wash-seal\/#breadcrumb","itemListElement":[{"@type":"ListItem","position":1,"name":"Accueil","item":"https:\/\/www.puris.ma\/"},{"@type":"ListItem","position":2,"name":"Catalogue Produit","item":"https:\/\/www.puris.ma\/accueil\/catalogue-produit\/"},{"@type":"ListItem","position":3,"name":"JADE DETOX CAR WASH &#038; SEAL"}]},{"@type":"WebSite","@id":"https:\/\/www.puris.ma\/#website","url":"https:\/\/www.puris.ma\/","name":"PURIS MOROCCO","description":"Distributeur officiel et exculsive des produits de PURIS","publisher":{"@id":"https:\/\/www.puris.ma\/#organization"},"potentialAction":[{"@type":"SearchAction","target":{"@type":"EntryPoint","urlTemplate":"https:\/\/www.puris.ma\/?s={search_term_string}"},"query-input":{"@type":"PropertyValueSpecification","valueRequired":true,"valueName":"search_term_string"}}],"inLanguage":"en-US"},{"@type":"Organization","@id":"https:\/\/www.puris.ma\/#organization","name":"PURIS MOROCCO","url":"https:\/\/www.puris.ma\/","logo":{"@type":"ImageObject","inLanguage":"en-US","@id":"https:\/\/www.puris.ma\/#\/schema\/logo\/image\/","url":"https:\/\/www.puris.ma\/wp-content\/uploads\/2023\/05\/PURIS-MAROC-8.png","contentUrl":"https:\/\/www.puris.ma\/wp-content\/uploads\/2023\/05\/PURIS-MAROC-8.png","width":300,"height":75,"caption":"PURIS MAROC"},"image":{"@id":"https:\/\/www.puris.ma\/#\/schema\/logo\/image\/"},"sameAs":["https:\/\/web.facebook.com\/europa.mak.78","https:\/\/www.instagram.com\/purismorocco\/","https:\/\/www.linkedin.com\/company\/puris-morocco\/"]}]}},"_links":{"self":[{"href":"https:\/\/www.puris.ma\/en\/wp-json\/wp\/v2\/product\/2117","targetHints":{"allow":["GET"]}}],"collection":[{"href":"https:\/\/www.puris.ma\/en\/wp-json\/wp\/v2\/product"}],"about":[{"href":"https:\/\/www.puris.ma\/en\/wp-json\/wp\/v2\/types\/product"}],"wp:featuredmedia":[{"embeddable":true,"href":"https:\/\/www.puris.ma\/en\/wp-json\/wp\/v2\/media\/3378"}],"wp:attachment":[{"href":"https:\/\/www.puris.ma\/en\/wp-json\/wp\/v2\/media?parent=2117"}],"wp:term":[{"taxonomy":"product_brand","embeddable":true,"href":"https:\/\/www.puris.ma\/en\/wp-json\/wp\/v2\/product_brand?post=2117"},{"taxonomy":"product_cat","embeddable":true,"href":"https:\/\/www.puris.ma\/en\/wp-json\/wp\/v2\/product_cat?post=2117"},{"taxonomy":"product_tag","embeddable":true,"href":"https:\/\/www.puris.ma\/en\/wp-json\/wp\/v2\/product_tag?post=2117"}],"curies":[{"name":"wp","href":"https:\/\/api.w.org\/{rel}","templated":true}]}}