{"id":2132,"date":"2023-05-15T14:45:24","date_gmt":"2023-05-15T14:45:24","guid":{"rendered":"https:\/\/www.puris.ma\/?post_type=product&#038;p=2132"},"modified":"2023-05-25T17:34:16","modified_gmt":"2023-05-25T17:34:16","slug":"tire-protectant","status":"publish","type":"product","link":"https:\/\/www.puris.ma\/en\/product\/tire-protectant\/","title":{"rendered":"TIRE PROTECTANT"},"content":{"rendered":"","protected":false},"excerpt":{"rendered":"<p>A64 will completely change the way you see tire dressings. A64 is a water-based acrylic tire dressing, safe, silicone-free, and dries to the touch in minutes at room temperature. A64 forms a hard and durable coating on the tire while remaining very flexible. The dressing blocks water, repels dirt and contaminants and lasts for months instead of weeks on a conventional silicone-based tire dressing. The gloss level can be customized by overlaying the product with additional applications.<\/p>\n<p>&nbsp;<\/p>\n<p><span style=\"font-size: 18px; color: #0000ff;\"><strong>FICHE TECHNIQUE:A64(<a style=\"color: #0000ff;\" href=\"https:\/\/www.puris.ma\/wp-content\/uploads\/2023\/05\/A64-Jade-Tire-Protectant-2.pdf\">Download<\/a>)<\/strong><\/span><\/p>","protected":false},"featured_media":3382,"template":"","meta":[],"product_brand":[],"product_cat":[44],"product_tag":[],"class_list":{"0":"post-2132","1":"product","2":"type-product","3":"status-publish","4":"has-post-thumbnail","6":"product_cat-famille-jade","8":"first","9":"instock","10":"shipping-taxable","11":"purchasable","12":"product-type-variable"},"yoast_head":"<!-- This site is optimized with the Yoast SEO plugin v26.3 - https:\/\/yoast.com\/wordpress\/plugins\/seo\/ -->\n<title>TIRE PROTECTANT - PURIS MAROC<\/title>\n<meta name=\"robots\" content=\"index, follow, max-snippet:-1, max-image-preview:large, max-video-preview:-1\" \/>\n<link rel=\"canonical\" href=\"https:\/\/www.puris.ma\/en\/product\/tire-protectant\/\" \/>\n<meta property=\"og:locale\" content=\"en_US\" \/>\n<meta property=\"og:type\" content=\"article\" \/>\n<meta property=\"og:title\" content=\"TIRE PROTECTANT - PURIS MAROC\" \/>\n<meta property=\"og:description\" content=\"A64 changera compl\u00e8tement la fa\u00e7on dont vous voyez les pansements de pneus. A64 est un pansement de pneu \u00e0 base d\u2019acrylique \u00e0 base d\u2019eau, non dangereux, sans silicone, et s\u00e8che au toucher en quelques minutes \u00e0 temp\u00e9rature ambiante. A64 forme un rev\u00eatement dur et durable sur le pneu tout en restant tr\u00e8s flexible. Le pansement bloque l\u2019eau, repousse la salet\u00e9 et les contaminants et dure des mois au lieu de semaines sur un pansement de pneus conventionnel \u00e0 base de silicone. Le niveau de brillance peut \u00eatre personnalis\u00e9 en superposant le produit avec des applications suppl\u00e9mentaires.  &nbsp;  FICHE TECHNIQUE:A64(T\u00e9l\u00e9charger)\" \/>\n<meta property=\"og:url\" content=\"https:\/\/www.puris.ma\/en\/product\/tire-protectant\/\" \/>\n<meta property=\"og:site_name\" content=\"PURIS MAROC\" \/>\n<meta property=\"article:publisher\" content=\"https:\/\/web.facebook.com\/europa.mak.78\" \/>\n<meta property=\"article:modified_time\" content=\"2023-05-25T17:34:16+00:00\" \/>\n<meta property=\"og:image\" content=\"https:\/\/www.puris.ma\/wp-content\/uploads\/2023\/05\/A64-Puris-Detailing-Puris-Maroc-3.png\" \/>\n\t<meta property=\"og:image:width\" content=\"1080\" \/>\n\t<meta property=\"og:image:height\" content=\"1080\" \/>\n\t<meta property=\"og:image:type\" content=\"image\/png\" \/>\n<meta name=\"twitter:card\" content=\"summary_large_image\" \/>\n<script type=\"application\/ld+json\" class=\"yoast-schema-graph\">{\"@context\":\"https:\/\/schema.org\",\"@graph\":[{\"@type\":\"WebPage\",\"@id\":\"https:\/\/www.puris.ma\/en\/product\/tire-protectant\/\",\"url\":\"https:\/\/www.puris.ma\/en\/product\/tire-protectant\/\",\"name\":\"TIRE PROTECTANT - PURIS MAROC\",\"isPartOf\":{\"@id\":\"https:\/\/www.puris.ma\/#website\"},\"primaryImageOfPage\":{\"@id\":\"https:\/\/www.puris.ma\/en\/product\/tire-protectant\/#primaryimage\"},\"image\":{\"@id\":\"https:\/\/www.puris.ma\/en\/product\/tire-protectant\/#primaryimage\"},\"thumbnailUrl\":\"https:\/\/www.puris.ma\/wp-content\/uploads\/2023\/05\/A64-Puris-Detailing-Puris-Maroc-3.png\",\"datePublished\":\"2023-05-15T14:45:24+00:00\",\"dateModified\":\"2023-05-25T17:34:16+00:00\",\"breadcrumb\":{\"@id\":\"https:\/\/www.puris.ma\/en\/product\/tire-protectant\/#breadcrumb\"},\"inLanguage\":\"en-US\",\"potentialAction\":[{\"@type\":\"ReadAction\",\"target\":[\"https:\/\/www.puris.ma\/en\/product\/tire-protectant\/\"]}]},{\"@type\":\"ImageObject\",\"inLanguage\":\"en-US\",\"@id\":\"https:\/\/www.puris.ma\/en\/product\/tire-protectant\/#primaryimage\",\"url\":\"https:\/\/www.puris.ma\/wp-content\/uploads\/2023\/05\/A64-Puris-Detailing-Puris-Maroc-3.png\",\"contentUrl\":\"https:\/\/www.puris.ma\/wp-content\/uploads\/2023\/05\/A64-Puris-Detailing-Puris-Maroc-3.png\",\"width\":1080,\"height\":1080},{\"@type\":\"BreadcrumbList\",\"@id\":\"https:\/\/www.puris.ma\/en\/product\/tire-protectant\/#breadcrumb\",\"itemListElement\":[{\"@type\":\"ListItem\",\"position\":1,\"name\":\"Accueil\",\"item\":\"https:\/\/www.puris.ma\/\"},{\"@type\":\"ListItem\",\"position\":2,\"name\":\"Catalogue Produit\",\"item\":\"https:\/\/www.puris.ma\/accueil\/catalogue-produit\/\"},{\"@type\":\"ListItem\",\"position\":3,\"name\":\"TIRE PROTECTANT\"}]},{\"@type\":\"WebSite\",\"@id\":\"https:\/\/www.puris.ma\/#website\",\"url\":\"https:\/\/www.puris.ma\/\",\"name\":\"PURIS MAROC\",\"description\":\"Distributeur officiel et exculsive des produits de PURIS\",\"publisher\":{\"@id\":\"https:\/\/www.puris.ma\/#organization\"},\"potentialAction\":[{\"@type\":\"SearchAction\",\"target\":{\"@type\":\"EntryPoint\",\"urlTemplate\":\"https:\/\/www.puris.ma\/?s={search_term_string}\"},\"query-input\":{\"@type\":\"PropertyValueSpecification\",\"valueRequired\":true,\"valueName\":\"search_term_string\"}}],\"inLanguage\":\"en-US\"},{\"@type\":\"Organization\",\"@id\":\"https:\/\/www.puris.ma\/#organization\",\"name\":\"PURIS MAROC\",\"url\":\"https:\/\/www.puris.ma\/\",\"logo\":{\"@type\":\"ImageObject\",\"inLanguage\":\"en-US\",\"@id\":\"https:\/\/www.puris.ma\/#\/schema\/logo\/image\/\",\"url\":\"https:\/\/www.puris.ma\/wp-content\/uploads\/2023\/05\/PURIS-MAROC-8.png\",\"contentUrl\":\"https:\/\/www.puris.ma\/wp-content\/uploads\/2023\/05\/PURIS-MAROC-8.png\",\"width\":300,\"height\":75,\"caption\":\"PURIS MAROC\"},\"image\":{\"@id\":\"https:\/\/www.puris.ma\/#\/schema\/logo\/image\/\"},\"sameAs\":[\"https:\/\/web.facebook.com\/europa.mak.78\",\"https:\/\/www.instagram.com\/purismorocco\/\",\"https:\/\/www.linkedin.com\/company\/puris-morocco\/\"]}]}<\/script>\n<!-- \/ Yoast SEO plugin. -->","yoast_head_json":{"title":"TIRE PROTECTANT - PURIS MAROC","robots":{"index":"index","follow":"follow","max-snippet":"max-snippet:-1","max-image-preview":"max-image-preview:large","max-video-preview":"max-video-preview:-1"},"canonical":"https:\/\/www.puris.ma\/en\/product\/tire-protectant\/","og_locale":"en_US","og_type":"article","og_title":"TIRE PROTECTANT - PURIS MAROC","og_description":"A64 changera compl\u00e8tement la fa\u00e7on dont vous voyez les pansements de pneus. A64 est un pansement de pneu \u00e0 base d\u2019acrylique \u00e0 base d\u2019eau, non dangereux, sans silicone, et s\u00e8che au toucher en quelques minutes \u00e0 temp\u00e9rature ambiante. A64 forme un rev\u00eatement dur et durable sur le pneu tout en restant tr\u00e8s flexible. Le pansement bloque l\u2019eau, repousse la salet\u00e9 et les contaminants et dure des mois au lieu de semaines sur un pansement de pneus conventionnel \u00e0 base de silicone. Le niveau de brillance peut \u00eatre personnalis\u00e9 en superposant le produit avec des applications suppl\u00e9mentaires.  &nbsp;  FICHE TECHNIQUE:A64(T\u00e9l\u00e9charger)","og_url":"https:\/\/www.puris.ma\/en\/product\/tire-protectant\/","og_site_name":"PURIS MAROC","article_publisher":"https:\/\/web.facebook.com\/europa.mak.78","article_modified_time":"2023-05-25T17:34:16+00:00","og_image":[{"width":1080,"height":1080,"url":"https:\/\/www.puris.ma\/wp-content\/uploads\/2023\/05\/A64-Puris-Detailing-Puris-Maroc-3.png","type":"image\/png"}],"twitter_card":"summary_large_image","schema":{"@context":"https:\/\/schema.org","@graph":[{"@type":"WebPage","@id":"https:\/\/www.puris.ma\/en\/product\/tire-protectant\/","url":"https:\/\/www.puris.ma\/en\/product\/tire-protectant\/","name":"TIRE PROTECTANT - PURIS MAROC","isPartOf":{"@id":"https:\/\/www.puris.ma\/#website"},"primaryImageOfPage":{"@id":"https:\/\/www.puris.ma\/en\/product\/tire-protectant\/#primaryimage"},"image":{"@id":"https:\/\/www.puris.ma\/en\/product\/tire-protectant\/#primaryimage"},"thumbnailUrl":"https:\/\/www.puris.ma\/wp-content\/uploads\/2023\/05\/A64-Puris-Detailing-Puris-Maroc-3.png","datePublished":"2023-05-15T14:45:24+00:00","dateModified":"2023-05-25T17:34:16+00:00","breadcrumb":{"@id":"https:\/\/www.puris.ma\/en\/product\/tire-protectant\/#breadcrumb"},"inLanguage":"en-US","potentialAction":[{"@type":"ReadAction","target":["https:\/\/www.puris.ma\/en\/product\/tire-protectant\/"]}]},{"@type":"ImageObject","inLanguage":"en-US","@id":"https:\/\/www.puris.ma\/en\/product\/tire-protectant\/#primaryimage","url":"https:\/\/www.puris.ma\/wp-content\/uploads\/2023\/05\/A64-Puris-Detailing-Puris-Maroc-3.png","contentUrl":"https:\/\/www.puris.ma\/wp-content\/uploads\/2023\/05\/A64-Puris-Detailing-Puris-Maroc-3.png","width":1080,"height":1080},{"@type":"BreadcrumbList","@id":"https:\/\/www.puris.ma\/en\/product\/tire-protectant\/#breadcrumb","itemListElement":[{"@type":"ListItem","position":1,"name":"Accueil","item":"https:\/\/www.puris.ma\/"},{"@type":"ListItem","position":2,"name":"Catalogue Produit","item":"https:\/\/www.puris.ma\/accueil\/catalogue-produit\/"},{"@type":"ListItem","position":3,"name":"TIRE PROTECTANT"}]},{"@type":"WebSite","@id":"https:\/\/www.puris.ma\/#website","url":"https:\/\/www.puris.ma\/","name":"PURIS MOROCCO","description":"Distributeur officiel et exculsive des produits de PURIS","publisher":{"@id":"https:\/\/www.puris.ma\/#organization"},"potentialAction":[{"@type":"SearchAction","target":{"@type":"EntryPoint","urlTemplate":"https:\/\/www.puris.ma\/?s={search_term_string}"},"query-input":{"@type":"PropertyValueSpecification","valueRequired":true,"valueName":"search_term_string"}}],"inLanguage":"en-US"},{"@type":"Organization","@id":"https:\/\/www.puris.ma\/#organization","name":"PURIS MOROCCO","url":"https:\/\/www.puris.ma\/","logo":{"@type":"ImageObject","inLanguage":"en-US","@id":"https:\/\/www.puris.ma\/#\/schema\/logo\/image\/","url":"https:\/\/www.puris.ma\/wp-content\/uploads\/2023\/05\/PURIS-MAROC-8.png","contentUrl":"https:\/\/www.puris.ma\/wp-content\/uploads\/2023\/05\/PURIS-MAROC-8.png","width":300,"height":75,"caption":"PURIS MAROC"},"image":{"@id":"https:\/\/www.puris.ma\/#\/schema\/logo\/image\/"},"sameAs":["https:\/\/web.facebook.com\/europa.mak.78","https:\/\/www.instagram.com\/purismorocco\/","https:\/\/www.linkedin.com\/company\/puris-morocco\/"]}]}},"_links":{"self":[{"href":"https:\/\/www.puris.ma\/en\/wp-json\/wp\/v2\/product\/2132","targetHints":{"allow":["GET"]}}],"collection":[{"href":"https:\/\/www.puris.ma\/en\/wp-json\/wp\/v2\/product"}],"about":[{"href":"https:\/\/www.puris.ma\/en\/wp-json\/wp\/v2\/types\/product"}],"wp:featuredmedia":[{"embeddable":true,"href":"https:\/\/www.puris.ma\/en\/wp-json\/wp\/v2\/media\/3382"}],"wp:attachment":[{"href":"https:\/\/www.puris.ma\/en\/wp-json\/wp\/v2\/media?parent=2132"}],"wp:term":[{"taxonomy":"product_brand","embeddable":true,"href":"https:\/\/www.puris.ma\/en\/wp-json\/wp\/v2\/product_brand?post=2132"},{"taxonomy":"product_cat","embeddable":true,"href":"https:\/\/www.puris.ma\/en\/wp-json\/wp\/v2\/product_cat?post=2132"},{"taxonomy":"product_tag","embeddable":true,"href":"https:\/\/www.puris.ma\/en\/wp-json\/wp\/v2\/product_tag?post=2132"}],"curies":[{"name":"wp","href":"https:\/\/api.w.org\/{rel}","templated":true}]}}