{"id":2156,"date":"2023-05-15T15:29:22","date_gmt":"2023-05-15T15:29:22","guid":{"rendered":"https:\/\/www.puris.ma\/?post_type=product&#038;p=2156"},"modified":"2023-05-25T17:31:33","modified_gmt":"2023-05-25T17:31:33","slug":"jade-ceramic-detail-spray","status":"publish","type":"product","link":"https:\/\/www.puris.ma\/en\/product\/jade-ceramic-detail-spray\/","title":{"rendered":"JADE CERAMIC DETAIL SPRAY"},"content":{"rendered":"","protected":false},"excerpt":{"rendered":"<p>A70 JADE CERAMIC DETAIL SPRAY is a transparent nanocrystalline coating delivered in a spray retailer that protects your vehicle from weather, chemicals and UV rays while repelling water, dirt and other contaminants. A70 Jade Ceramic Detail Spray applies a durable hard coating (5H) 2 to 3 microns thick and gives a deep and reflective shine. The A70 Jade Ceramic Detail Spray has been formulated to work safely via the trigger spray and give the same protection characteristics as a typical ceramic coating, but in a more user-friendly application.<\/p>\n<p>&nbsp;<\/p>\n<p><span style=\"font-size: 18px; color: #0000ff;\"><strong>FICHE TECHNIQUE:A70(<a style=\"color: #0000ff;\" href=\"https:\/\/www.puris.ma\/wp-content\/uploads\/2023\/05\/A70-Jade-Ceramic-Detail-Spray_sm-1.pdf\">Download<\/a>)<\/strong><\/span><\/p>","protected":false},"featured_media":3392,"template":"","meta":[],"product_brand":[],"product_cat":[44],"product_tag":[],"class_list":{"0":"post-2156","1":"product","2":"type-product","3":"status-publish","4":"has-post-thumbnail","6":"product_cat-famille-jade","8":"first","9":"instock","10":"shipping-taxable","11":"purchasable","12":"product-type-variable"},"yoast_head":"<!-- This site is optimized with the Yoast SEO plugin v26.3 - https:\/\/yoast.com\/wordpress\/plugins\/seo\/ -->\n<title>JADE CERAMIC DETAIL SPRAY - PURIS MAROC<\/title>\n<meta name=\"robots\" content=\"index, follow, max-snippet:-1, max-image-preview:large, max-video-preview:-1\" \/>\n<link rel=\"canonical\" href=\"https:\/\/www.puris.ma\/en\/product\/jade-ceramic-detail-spray\/\" \/>\n<meta property=\"og:locale\" content=\"en_US\" \/>\n<meta property=\"og:type\" content=\"article\" \/>\n<meta property=\"og:title\" content=\"JADE CERAMIC DETAIL SPRAY - PURIS MAROC\" \/>\n<meta property=\"og:description\" content=\"A70 JADE CERAMIC DETAIL SPRAY est un rev\u00eatement nanocristallin transparent livr\u00e9 dans un d\u00e9taillant de pulv\u00e9risation qui prot\u00e8ge votre v\u00e9hicule contre les intemp\u00e9ries, les produits chimiques et les rayons UV tout en repoussant l\u2019eau, la salet\u00e9 et d\u2019autres contaminants. A70 Jade Ceramic Detail Spray applique un rev\u00eatement dur (5H) durable de 2 \u00e0 3 microns d\u2019\u00e9paisseur et conf\u00e8re une brillance profonde et r\u00e9fl\u00e9chissante. L\u2019A70 Jade Ceramic Detail Spray a \u00e9t\u00e9 formul\u00e9 pour travailler en toute s\u00e9curit\u00e9 via le spray d\u00e9clencheur et donner les m\u00eames caract\u00e9ristiques de protection qu\u2019un rev\u00eatement c\u00e9ramique typique, mais dans une application plus facile \u00e0 utiliser.  &nbsp;  FICHE TECHNIQUE:A70(T\u00e9l\u00e9charger)\" \/>\n<meta property=\"og:url\" content=\"https:\/\/www.puris.ma\/en\/product\/jade-ceramic-detail-spray\/\" \/>\n<meta property=\"og:site_name\" content=\"PURIS MAROC\" \/>\n<meta property=\"article:publisher\" content=\"https:\/\/web.facebook.com\/europa.mak.78\" \/>\n<meta property=\"article:modified_time\" content=\"2023-05-25T17:31:33+00:00\" \/>\n<meta property=\"og:image\" content=\"https:\/\/www.puris.ma\/wp-content\/uploads\/2023\/05\/A70-Puris-Detailing-Puris-Maroc-min.png\" \/>\n\t<meta property=\"og:image:width\" content=\"1080\" \/>\n\t<meta property=\"og:image:height\" content=\"1080\" \/>\n\t<meta property=\"og:image:type\" content=\"image\/png\" \/>\n<meta name=\"twitter:card\" content=\"summary_large_image\" \/>\n<script type=\"application\/ld+json\" class=\"yoast-schema-graph\">{\"@context\":\"https:\/\/schema.org\",\"@graph\":[{\"@type\":\"WebPage\",\"@id\":\"https:\/\/www.puris.ma\/produit\/jade-ceramic-detail-spray\/\",\"url\":\"https:\/\/www.puris.ma\/produit\/jade-ceramic-detail-spray\/\",\"name\":\"JADE CERAMIC DETAIL SPRAY - PURIS MAROC\",\"isPartOf\":{\"@id\":\"https:\/\/www.puris.ma\/#website\"},\"primaryImageOfPage\":{\"@id\":\"https:\/\/www.puris.ma\/produit\/jade-ceramic-detail-spray\/#primaryimage\"},\"image\":{\"@id\":\"https:\/\/www.puris.ma\/produit\/jade-ceramic-detail-spray\/#primaryimage\"},\"thumbnailUrl\":\"https:\/\/www.puris.ma\/wp-content\/uploads\/2023\/05\/A70-Puris-Detailing-Puris-Maroc-min.png\",\"datePublished\":\"2023-05-15T15:29:22+00:00\",\"dateModified\":\"2023-05-25T17:31:33+00:00\",\"breadcrumb\":{\"@id\":\"https:\/\/www.puris.ma\/produit\/jade-ceramic-detail-spray\/#breadcrumb\"},\"inLanguage\":\"en-US\",\"potentialAction\":[{\"@type\":\"ReadAction\",\"target\":[\"https:\/\/www.puris.ma\/produit\/jade-ceramic-detail-spray\/\"]}]},{\"@type\":\"ImageObject\",\"inLanguage\":\"en-US\",\"@id\":\"https:\/\/www.puris.ma\/produit\/jade-ceramic-detail-spray\/#primaryimage\",\"url\":\"https:\/\/www.puris.ma\/wp-content\/uploads\/2023\/05\/A70-Puris-Detailing-Puris-Maroc-min.png\",\"contentUrl\":\"https:\/\/www.puris.ma\/wp-content\/uploads\/2023\/05\/A70-Puris-Detailing-Puris-Maroc-min.png\",\"width\":1080,\"height\":1080},{\"@type\":\"BreadcrumbList\",\"@id\":\"https:\/\/www.puris.ma\/produit\/jade-ceramic-detail-spray\/#breadcrumb\",\"itemListElement\":[{\"@type\":\"ListItem\",\"position\":1,\"name\":\"Accueil\",\"item\":\"https:\/\/www.puris.ma\/\"},{\"@type\":\"ListItem\",\"position\":2,\"name\":\"Catalogue Produit\",\"item\":\"https:\/\/www.puris.ma\/accueil\/catalogue-produit\/\"},{\"@type\":\"ListItem\",\"position\":3,\"name\":\"JADE CERAMIC DETAIL SPRAY\"}]},{\"@type\":\"WebSite\",\"@id\":\"https:\/\/www.puris.ma\/#website\",\"url\":\"https:\/\/www.puris.ma\/\",\"name\":\"PURIS MAROC\",\"description\":\"Distributeur officiel et exculsive des produits de PURIS\",\"publisher\":{\"@id\":\"https:\/\/www.puris.ma\/#organization\"},\"potentialAction\":[{\"@type\":\"SearchAction\",\"target\":{\"@type\":\"EntryPoint\",\"urlTemplate\":\"https:\/\/www.puris.ma\/?s={search_term_string}\"},\"query-input\":{\"@type\":\"PropertyValueSpecification\",\"valueRequired\":true,\"valueName\":\"search_term_string\"}}],\"inLanguage\":\"en-US\"},{\"@type\":\"Organization\",\"@id\":\"https:\/\/www.puris.ma\/#organization\",\"name\":\"PURIS MAROC\",\"url\":\"https:\/\/www.puris.ma\/\",\"logo\":{\"@type\":\"ImageObject\",\"inLanguage\":\"en-US\",\"@id\":\"https:\/\/www.puris.ma\/#\/schema\/logo\/image\/\",\"url\":\"https:\/\/www.puris.ma\/wp-content\/uploads\/2023\/05\/PURIS-MAROC-8.png\",\"contentUrl\":\"https:\/\/www.puris.ma\/wp-content\/uploads\/2023\/05\/PURIS-MAROC-8.png\",\"width\":300,\"height\":75,\"caption\":\"PURIS MAROC\"},\"image\":{\"@id\":\"https:\/\/www.puris.ma\/#\/schema\/logo\/image\/\"},\"sameAs\":[\"https:\/\/web.facebook.com\/europa.mak.78\",\"https:\/\/www.instagram.com\/purismorocco\/\",\"https:\/\/www.linkedin.com\/company\/puris-morocco\/\"]}]}<\/script>\n<!-- \/ Yoast SEO plugin. -->","yoast_head_json":{"title":"JADE CERAMIC DETAIL SPRAY - PURIS MAROC","robots":{"index":"index","follow":"follow","max-snippet":"max-snippet:-1","max-image-preview":"max-image-preview:large","max-video-preview":"max-video-preview:-1"},"canonical":"https:\/\/www.puris.ma\/en\/product\/jade-ceramic-detail-spray\/","og_locale":"en_US","og_type":"article","og_title":"JADE CERAMIC DETAIL SPRAY - PURIS MAROC","og_description":"A70 JADE CERAMIC DETAIL SPRAY est un rev\u00eatement nanocristallin transparent livr\u00e9 dans un d\u00e9taillant de pulv\u00e9risation qui prot\u00e8ge votre v\u00e9hicule contre les intemp\u00e9ries, les produits chimiques et les rayons UV tout en repoussant l\u2019eau, la salet\u00e9 et d\u2019autres contaminants. A70 Jade Ceramic Detail Spray applique un rev\u00eatement dur (5H) durable de 2 \u00e0 3 microns d\u2019\u00e9paisseur et conf\u00e8re une brillance profonde et r\u00e9fl\u00e9chissante. L\u2019A70 Jade Ceramic Detail Spray a \u00e9t\u00e9 formul\u00e9 pour travailler en toute s\u00e9curit\u00e9 via le spray d\u00e9clencheur et donner les m\u00eames caract\u00e9ristiques de protection qu\u2019un rev\u00eatement c\u00e9ramique typique, mais dans une application plus facile \u00e0 utiliser.  &nbsp;  FICHE TECHNIQUE:A70(T\u00e9l\u00e9charger)","og_url":"https:\/\/www.puris.ma\/en\/product\/jade-ceramic-detail-spray\/","og_site_name":"PURIS MAROC","article_publisher":"https:\/\/web.facebook.com\/europa.mak.78","article_modified_time":"2023-05-25T17:31:33+00:00","og_image":[{"width":1080,"height":1080,"url":"https:\/\/www.puris.ma\/wp-content\/uploads\/2023\/05\/A70-Puris-Detailing-Puris-Maroc-min.png","type":"image\/png"}],"twitter_card":"summary_large_image","schema":{"@context":"https:\/\/schema.org","@graph":[{"@type":"WebPage","@id":"https:\/\/www.puris.ma\/produit\/jade-ceramic-detail-spray\/","url":"https:\/\/www.puris.ma\/produit\/jade-ceramic-detail-spray\/","name":"JADE CERAMIC DETAIL SPRAY - PURIS MAROC","isPartOf":{"@id":"https:\/\/www.puris.ma\/#website"},"primaryImageOfPage":{"@id":"https:\/\/www.puris.ma\/produit\/jade-ceramic-detail-spray\/#primaryimage"},"image":{"@id":"https:\/\/www.puris.ma\/produit\/jade-ceramic-detail-spray\/#primaryimage"},"thumbnailUrl":"https:\/\/www.puris.ma\/wp-content\/uploads\/2023\/05\/A70-Puris-Detailing-Puris-Maroc-min.png","datePublished":"2023-05-15T15:29:22+00:00","dateModified":"2023-05-25T17:31:33+00:00","breadcrumb":{"@id":"https:\/\/www.puris.ma\/produit\/jade-ceramic-detail-spray\/#breadcrumb"},"inLanguage":"en-US","potentialAction":[{"@type":"ReadAction","target":["https:\/\/www.puris.ma\/produit\/jade-ceramic-detail-spray\/"]}]},{"@type":"ImageObject","inLanguage":"en-US","@id":"https:\/\/www.puris.ma\/produit\/jade-ceramic-detail-spray\/#primaryimage","url":"https:\/\/www.puris.ma\/wp-content\/uploads\/2023\/05\/A70-Puris-Detailing-Puris-Maroc-min.png","contentUrl":"https:\/\/www.puris.ma\/wp-content\/uploads\/2023\/05\/A70-Puris-Detailing-Puris-Maroc-min.png","width":1080,"height":1080},{"@type":"BreadcrumbList","@id":"https:\/\/www.puris.ma\/produit\/jade-ceramic-detail-spray\/#breadcrumb","itemListElement":[{"@type":"ListItem","position":1,"name":"Accueil","item":"https:\/\/www.puris.ma\/"},{"@type":"ListItem","position":2,"name":"Catalogue Produit","item":"https:\/\/www.puris.ma\/accueil\/catalogue-produit\/"},{"@type":"ListItem","position":3,"name":"JADE CERAMIC DETAIL SPRAY"}]},{"@type":"WebSite","@id":"https:\/\/www.puris.ma\/#website","url":"https:\/\/www.puris.ma\/","name":"PURIS MOROCCO","description":"Distributeur officiel et exculsive des produits de PURIS","publisher":{"@id":"https:\/\/www.puris.ma\/#organization"},"potentialAction":[{"@type":"SearchAction","target":{"@type":"EntryPoint","urlTemplate":"https:\/\/www.puris.ma\/?s={search_term_string}"},"query-input":{"@type":"PropertyValueSpecification","valueRequired":true,"valueName":"search_term_string"}}],"inLanguage":"en-US"},{"@type":"Organization","@id":"https:\/\/www.puris.ma\/#organization","name":"PURIS MOROCCO","url":"https:\/\/www.puris.ma\/","logo":{"@type":"ImageObject","inLanguage":"en-US","@id":"https:\/\/www.puris.ma\/#\/schema\/logo\/image\/","url":"https:\/\/www.puris.ma\/wp-content\/uploads\/2023\/05\/PURIS-MAROC-8.png","contentUrl":"https:\/\/www.puris.ma\/wp-content\/uploads\/2023\/05\/PURIS-MAROC-8.png","width":300,"height":75,"caption":"PURIS MAROC"},"image":{"@id":"https:\/\/www.puris.ma\/#\/schema\/logo\/image\/"},"sameAs":["https:\/\/web.facebook.com\/europa.mak.78","https:\/\/www.instagram.com\/purismorocco\/","https:\/\/www.linkedin.com\/company\/puris-morocco\/"]}]}},"_links":{"self":[{"href":"https:\/\/www.puris.ma\/en\/wp-json\/wp\/v2\/product\/2156","targetHints":{"allow":["GET"]}}],"collection":[{"href":"https:\/\/www.puris.ma\/en\/wp-json\/wp\/v2\/product"}],"about":[{"href":"https:\/\/www.puris.ma\/en\/wp-json\/wp\/v2\/types\/product"}],"wp:featuredmedia":[{"embeddable":true,"href":"https:\/\/www.puris.ma\/en\/wp-json\/wp\/v2\/media\/3392"}],"wp:attachment":[{"href":"https:\/\/www.puris.ma\/en\/wp-json\/wp\/v2\/media?parent=2156"}],"wp:term":[{"taxonomy":"product_brand","embeddable":true,"href":"https:\/\/www.puris.ma\/en\/wp-json\/wp\/v2\/product_brand?post=2156"},{"taxonomy":"product_cat","embeddable":true,"href":"https:\/\/www.puris.ma\/en\/wp-json\/wp\/v2\/product_cat?post=2156"},{"taxonomy":"product_tag","embeddable":true,"href":"https:\/\/www.puris.ma\/en\/wp-json\/wp\/v2\/product_tag?post=2156"}],"curies":[{"name":"wp","href":"https:\/\/api.w.org\/{rel}","templated":true}]}}