{"id":2191,"date":"2023-05-15T16:47:24","date_gmt":"2023-05-15T16:47:24","guid":{"rendered":"https:\/\/www.puris.ma\/?post_type=product&#038;p=2191"},"modified":"2023-05-25T17:30:21","modified_gmt":"2023-05-25T17:30:21","slug":"jade-ceramic-coating-ice-lite","status":"publish","type":"product","link":"https:\/\/www.puris.ma\/en\/product\/jade-ceramic-coating-ice-lite\/","title":{"rendered":"JADE CERAMIC COATING \u2013 ICE LITE"},"content":{"rendered":"","protected":false},"excerpt":{"rendered":"<p>JADE CERAMIC COATING \u2013 ICE LITE is a clear, nano crystalline coating that protects your vehicle from weather, chemicals, and UV rays while repelling water, dirt and other contaminants. Jade Ice Lite applies a hard (7H), durable coating that is 2-3 micron thick and imparts a deep, reflective shine. Jade Ice Lite is lower actives and thus easier to apply.<\/p>\n<p>&nbsp;<\/p>\n<p><span style=\"font-size: 18px; color: #0000ff;\"><strong>FICHE TECHNIQUE:IL(<a style=\"color: #0000ff;\" href=\"https:\/\/www.puris.ma\/wp-content\/uploads\/2023\/05\/Jade-Ice-Lite-Ceramic-Coating-1.pdf\">Download<\/a>)<\/strong><\/span><\/p>","protected":false},"featured_media":3363,"template":"","meta":[],"product_brand":[],"product_cat":[44],"product_tag":[],"class_list":{"0":"post-2191","1":"product","2":"type-product","3":"status-publish","4":"has-post-thumbnail","6":"product_cat-famille-jade","8":"first","9":"instock","10":"shipping-taxable","11":"purchasable","12":"product-type-variable"},"yoast_head":"<!-- This site is optimized with the Yoast SEO plugin v26.3 - https:\/\/yoast.com\/wordpress\/plugins\/seo\/ -->\n<title>JADE CERAMIC COATING \u2013 ICE LITE - PURIS MAROC<\/title>\n<meta name=\"robots\" content=\"index, follow, max-snippet:-1, max-image-preview:large, max-video-preview:-1\" \/>\n<link rel=\"canonical\" href=\"https:\/\/www.puris.ma\/en\/product\/jade-ceramic-coating-ice-lite\/\" \/>\n<meta property=\"og:locale\" content=\"en_US\" \/>\n<meta property=\"og:type\" content=\"article\" \/>\n<meta property=\"og:title\" content=\"JADE CERAMIC COATING \u2013 ICE LITE - PURIS MAROC\" \/>\n<meta property=\"og:description\" content=\"REV\u00caTEMENT C\u00c9RAMIQUE DE JADE \u2013 ICE LITE est un rev\u00eatement nanocristallin transparent qui prot\u00e8ge votre v\u00e9hicule contre les intemp\u00e9ries, les produits chimiques et les rayons UV tout en repoussant l\u2019eau, la salet\u00e9 et d\u2019autres contaminants. Jade Ice Lite applique un rev\u00eatement dur (7H) durable de 2 \u00e0 3 microns d\u2019\u00e9paisseur et conf\u00e8re une brillance profonde et r\u00e9fl\u00e9chissante. Jade Ice Lite est moins actif et donc plus facile \u00e0 appliquer.  &nbsp;  FICHE TECHNIQUE:IL(T\u00e9l\u00e9charger)\" \/>\n<meta property=\"og:url\" content=\"https:\/\/www.puris.ma\/en\/product\/jade-ceramic-coating-ice-lite\/\" \/>\n<meta property=\"og:site_name\" content=\"PURIS MAROC\" \/>\n<meta property=\"article:publisher\" content=\"https:\/\/web.facebook.com\/europa.mak.78\" \/>\n<meta property=\"article:modified_time\" content=\"2023-05-25T17:30:21+00:00\" \/>\n<meta property=\"og:image\" content=\"https:\/\/www.puris.ma\/wp-content\/uploads\/2023\/05\/Jade-Ice-Puris-Detailing-Puris-Maroc-1.png\" \/>\n\t<meta property=\"og:image:width\" content=\"1080\" \/>\n\t<meta property=\"og:image:height\" content=\"1080\" \/>\n\t<meta property=\"og:image:type\" content=\"image\/png\" \/>\n<meta name=\"twitter:card\" content=\"summary_large_image\" \/>\n<script type=\"application\/ld+json\" class=\"yoast-schema-graph\">{\"@context\":\"https:\/\/schema.org\",\"@graph\":[{\"@type\":\"WebPage\",\"@id\":\"https:\/\/www.puris.ma\/produit\/jade-ceramic-coating-ice-lite\/\",\"url\":\"https:\/\/www.puris.ma\/produit\/jade-ceramic-coating-ice-lite\/\",\"name\":\"JADE CERAMIC COATING \u2013 ICE LITE - PURIS MAROC\",\"isPartOf\":{\"@id\":\"https:\/\/www.puris.ma\/#website\"},\"primaryImageOfPage\":{\"@id\":\"https:\/\/www.puris.ma\/produit\/jade-ceramic-coating-ice-lite\/#primaryimage\"},\"image\":{\"@id\":\"https:\/\/www.puris.ma\/produit\/jade-ceramic-coating-ice-lite\/#primaryimage\"},\"thumbnailUrl\":\"https:\/\/www.puris.ma\/wp-content\/uploads\/2023\/05\/Jade-Ice-Puris-Detailing-Puris-Maroc-1.png\",\"datePublished\":\"2023-05-15T16:47:24+00:00\",\"dateModified\":\"2023-05-25T17:30:21+00:00\",\"breadcrumb\":{\"@id\":\"https:\/\/www.puris.ma\/produit\/jade-ceramic-coating-ice-lite\/#breadcrumb\"},\"inLanguage\":\"en-US\",\"potentialAction\":[{\"@type\":\"ReadAction\",\"target\":[\"https:\/\/www.puris.ma\/produit\/jade-ceramic-coating-ice-lite\/\"]}]},{\"@type\":\"ImageObject\",\"inLanguage\":\"en-US\",\"@id\":\"https:\/\/www.puris.ma\/produit\/jade-ceramic-coating-ice-lite\/#primaryimage\",\"url\":\"https:\/\/www.puris.ma\/wp-content\/uploads\/2023\/05\/Jade-Ice-Puris-Detailing-Puris-Maroc-1.png\",\"contentUrl\":\"https:\/\/www.puris.ma\/wp-content\/uploads\/2023\/05\/Jade-Ice-Puris-Detailing-Puris-Maroc-1.png\",\"width\":1080,\"height\":1080},{\"@type\":\"BreadcrumbList\",\"@id\":\"https:\/\/www.puris.ma\/produit\/jade-ceramic-coating-ice-lite\/#breadcrumb\",\"itemListElement\":[{\"@type\":\"ListItem\",\"position\":1,\"name\":\"Accueil\",\"item\":\"https:\/\/www.puris.ma\/\"},{\"@type\":\"ListItem\",\"position\":2,\"name\":\"Catalogue Produit\",\"item\":\"https:\/\/www.puris.ma\/accueil\/catalogue-produit\/\"},{\"@type\":\"ListItem\",\"position\":3,\"name\":\"JADE CERAMIC COATING \u2013 ICE LITE\"}]},{\"@type\":\"WebSite\",\"@id\":\"https:\/\/www.puris.ma\/#website\",\"url\":\"https:\/\/www.puris.ma\/\",\"name\":\"PURIS MAROC\",\"description\":\"Distributeur officiel et exculsive des produits de PURIS\",\"publisher\":{\"@id\":\"https:\/\/www.puris.ma\/#organization\"},\"potentialAction\":[{\"@type\":\"SearchAction\",\"target\":{\"@type\":\"EntryPoint\",\"urlTemplate\":\"https:\/\/www.puris.ma\/?s={search_term_string}\"},\"query-input\":{\"@type\":\"PropertyValueSpecification\",\"valueRequired\":true,\"valueName\":\"search_term_string\"}}],\"inLanguage\":\"en-US\"},{\"@type\":\"Organization\",\"@id\":\"https:\/\/www.puris.ma\/#organization\",\"name\":\"PURIS MAROC\",\"url\":\"https:\/\/www.puris.ma\/\",\"logo\":{\"@type\":\"ImageObject\",\"inLanguage\":\"en-US\",\"@id\":\"https:\/\/www.puris.ma\/#\/schema\/logo\/image\/\",\"url\":\"https:\/\/www.puris.ma\/wp-content\/uploads\/2023\/05\/PURIS-MAROC-8.png\",\"contentUrl\":\"https:\/\/www.puris.ma\/wp-content\/uploads\/2023\/05\/PURIS-MAROC-8.png\",\"width\":300,\"height\":75,\"caption\":\"PURIS MAROC\"},\"image\":{\"@id\":\"https:\/\/www.puris.ma\/#\/schema\/logo\/image\/\"},\"sameAs\":[\"https:\/\/web.facebook.com\/europa.mak.78\",\"https:\/\/www.instagram.com\/purismorocco\/\",\"https:\/\/www.linkedin.com\/company\/puris-morocco\/\"]}]}<\/script>\n<!-- \/ Yoast SEO plugin. -->","yoast_head_json":{"title":"JADE CERAMIC COATING \u2013 ICE LITE - PURIS MAROC","robots":{"index":"index","follow":"follow","max-snippet":"max-snippet:-1","max-image-preview":"max-image-preview:large","max-video-preview":"max-video-preview:-1"},"canonical":"https:\/\/www.puris.ma\/en\/product\/jade-ceramic-coating-ice-lite\/","og_locale":"en_US","og_type":"article","og_title":"JADE CERAMIC COATING \u2013 ICE LITE - PURIS MAROC","og_description":"REV\u00caTEMENT C\u00c9RAMIQUE DE JADE \u2013 ICE LITE est un rev\u00eatement nanocristallin transparent qui prot\u00e8ge votre v\u00e9hicule contre les intemp\u00e9ries, les produits chimiques et les rayons UV tout en repoussant l\u2019eau, la salet\u00e9 et d\u2019autres contaminants. Jade Ice Lite applique un rev\u00eatement dur (7H) durable de 2 \u00e0 3 microns d\u2019\u00e9paisseur et conf\u00e8re une brillance profonde et r\u00e9fl\u00e9chissante. Jade Ice Lite est moins actif et donc plus facile \u00e0 appliquer.  &nbsp;  FICHE TECHNIQUE:IL(T\u00e9l\u00e9charger)","og_url":"https:\/\/www.puris.ma\/en\/product\/jade-ceramic-coating-ice-lite\/","og_site_name":"PURIS MAROC","article_publisher":"https:\/\/web.facebook.com\/europa.mak.78","article_modified_time":"2023-05-25T17:30:21+00:00","og_image":[{"width":1080,"height":1080,"url":"https:\/\/www.puris.ma\/wp-content\/uploads\/2023\/05\/Jade-Ice-Puris-Detailing-Puris-Maroc-1.png","type":"image\/png"}],"twitter_card":"summary_large_image","schema":{"@context":"https:\/\/schema.org","@graph":[{"@type":"WebPage","@id":"https:\/\/www.puris.ma\/produit\/jade-ceramic-coating-ice-lite\/","url":"https:\/\/www.puris.ma\/produit\/jade-ceramic-coating-ice-lite\/","name":"JADE CERAMIC COATING \u2013 ICE LITE - PURIS MAROC","isPartOf":{"@id":"https:\/\/www.puris.ma\/#website"},"primaryImageOfPage":{"@id":"https:\/\/www.puris.ma\/produit\/jade-ceramic-coating-ice-lite\/#primaryimage"},"image":{"@id":"https:\/\/www.puris.ma\/produit\/jade-ceramic-coating-ice-lite\/#primaryimage"},"thumbnailUrl":"https:\/\/www.puris.ma\/wp-content\/uploads\/2023\/05\/Jade-Ice-Puris-Detailing-Puris-Maroc-1.png","datePublished":"2023-05-15T16:47:24+00:00","dateModified":"2023-05-25T17:30:21+00:00","breadcrumb":{"@id":"https:\/\/www.puris.ma\/produit\/jade-ceramic-coating-ice-lite\/#breadcrumb"},"inLanguage":"en-US","potentialAction":[{"@type":"ReadAction","target":["https:\/\/www.puris.ma\/produit\/jade-ceramic-coating-ice-lite\/"]}]},{"@type":"ImageObject","inLanguage":"en-US","@id":"https:\/\/www.puris.ma\/produit\/jade-ceramic-coating-ice-lite\/#primaryimage","url":"https:\/\/www.puris.ma\/wp-content\/uploads\/2023\/05\/Jade-Ice-Puris-Detailing-Puris-Maroc-1.png","contentUrl":"https:\/\/www.puris.ma\/wp-content\/uploads\/2023\/05\/Jade-Ice-Puris-Detailing-Puris-Maroc-1.png","width":1080,"height":1080},{"@type":"BreadcrumbList","@id":"https:\/\/www.puris.ma\/produit\/jade-ceramic-coating-ice-lite\/#breadcrumb","itemListElement":[{"@type":"ListItem","position":1,"name":"Accueil","item":"https:\/\/www.puris.ma\/"},{"@type":"ListItem","position":2,"name":"Catalogue Produit","item":"https:\/\/www.puris.ma\/accueil\/catalogue-produit\/"},{"@type":"ListItem","position":3,"name":"JADE CERAMIC COATING \u2013 ICE LITE"}]},{"@type":"WebSite","@id":"https:\/\/www.puris.ma\/#website","url":"https:\/\/www.puris.ma\/","name":"PURIS MOROCCO","description":"Distributeur officiel et exculsive des produits de PURIS","publisher":{"@id":"https:\/\/www.puris.ma\/#organization"},"potentialAction":[{"@type":"SearchAction","target":{"@type":"EntryPoint","urlTemplate":"https:\/\/www.puris.ma\/?s={search_term_string}"},"query-input":{"@type":"PropertyValueSpecification","valueRequired":true,"valueName":"search_term_string"}}],"inLanguage":"en-US"},{"@type":"Organization","@id":"https:\/\/www.puris.ma\/#organization","name":"PURIS MOROCCO","url":"https:\/\/www.puris.ma\/","logo":{"@type":"ImageObject","inLanguage":"en-US","@id":"https:\/\/www.puris.ma\/#\/schema\/logo\/image\/","url":"https:\/\/www.puris.ma\/wp-content\/uploads\/2023\/05\/PURIS-MAROC-8.png","contentUrl":"https:\/\/www.puris.ma\/wp-content\/uploads\/2023\/05\/PURIS-MAROC-8.png","width":300,"height":75,"caption":"PURIS MAROC"},"image":{"@id":"https:\/\/www.puris.ma\/#\/schema\/logo\/image\/"},"sameAs":["https:\/\/web.facebook.com\/europa.mak.78","https:\/\/www.instagram.com\/purismorocco\/","https:\/\/www.linkedin.com\/company\/puris-morocco\/"]}]}},"_links":{"self":[{"href":"https:\/\/www.puris.ma\/en\/wp-json\/wp\/v2\/product\/2191","targetHints":{"allow":["GET"]}}],"collection":[{"href":"https:\/\/www.puris.ma\/en\/wp-json\/wp\/v2\/product"}],"about":[{"href":"https:\/\/www.puris.ma\/en\/wp-json\/wp\/v2\/types\/product"}],"wp:featuredmedia":[{"embeddable":true,"href":"https:\/\/www.puris.ma\/en\/wp-json\/wp\/v2\/media\/3363"}],"wp:attachment":[{"href":"https:\/\/www.puris.ma\/en\/wp-json\/wp\/v2\/media?parent=2191"}],"wp:term":[{"taxonomy":"product_brand","embeddable":true,"href":"https:\/\/www.puris.ma\/en\/wp-json\/wp\/v2\/product_brand?post=2191"},{"taxonomy":"product_cat","embeddable":true,"href":"https:\/\/www.puris.ma\/en\/wp-json\/wp\/v2\/product_cat?post=2191"},{"taxonomy":"product_tag","embeddable":true,"href":"https:\/\/www.puris.ma\/en\/wp-json\/wp\/v2\/product_tag?post=2191"}],"curies":[{"name":"wp","href":"https:\/\/api.w.org\/{rel}","templated":true}]}}