{"id":3147,"date":"2023-05-23T09:48:31","date_gmt":"2023-05-23T09:48:31","guid":{"rendered":"https:\/\/www.puris.ma\/?post_type=product&#038;p=3147"},"modified":"2023-05-23T09:48:32","modified_gmt":"2023-05-23T09:48:32","slug":"eponge-a-cire","status":"publish","type":"product","link":"https:\/\/www.puris.ma\/en\/product\/eponge-a-cire\/","title":{"rendered":"\u00c9ponge \u00e0 cire"},"content":{"rendered":"","protected":false},"excerpt":{"rendered":"<ul>\n<li><span>suitable for the perfect application of waxes, sealants, plastic care products, tire care and maintenance products<\/span><\/li>\n<\/ul>\n<p><span>perfectly adapted to the following Puris articles<\/span><\/p>\n<ul>\n<li><span>D52 Maintenance of plastic, exterior<\/span><\/li>\n<li><span>D53 Maintenance of plastic, interior<\/span><\/li>\n<li><span>Maintenance of plastic D55, long-term<\/span><\/li>\n<li><span>Leather D59 by\u00a0<\/span><\/li>\n<li><span>Wet wax A31<\/span><\/li>\n<li><span>Carnauba paste wax A32<\/span><\/li>\n<li><span>Silica wax A34<\/span><\/li>\n<li><span>Black trim A67<\/span><\/li>\n<\/ul>","protected":false},"featured_media":3149,"template":"","meta":[],"product_brand":[],"product_cat":[39],"product_tag":[],"class_list":{"0":"post-3147","1":"product","2":"type-product","3":"status-publish","4":"has-post-thumbnail","6":"product_cat-applicateurs","8":"first","9":"instock","10":"shipping-taxable","11":"product-type-simple"},"yoast_head":"<!-- This site is optimized with the Yoast SEO plugin v26.3 - https:\/\/yoast.com\/wordpress\/plugins\/seo\/ -->\n<title>\u00c9ponge \u00e0 cire - PURIS MAROC<\/title>\n<meta name=\"robots\" content=\"index, follow, max-snippet:-1, max-image-preview:large, max-video-preview:-1\" \/>\n<link rel=\"canonical\" href=\"https:\/\/www.puris.ma\/en\/product\/eponge-a-cire\/\" \/>\n<meta property=\"og:locale\" content=\"en_US\" \/>\n<meta property=\"og:type\" content=\"article\" \/>\n<meta property=\"og:title\" content=\"\u00c9ponge \u00e0 cire - PURIS MAROC\" \/>\n<meta property=\"og:description\" content=\"convient \u00e0 l&#039;application parfaite de cires, mastics, produits d&#039;entretien plastique, d&#039;entretien des pneus et d&#039;entretien  parfaitement adapt\u00e9 aux articles Puris suivants   D52 Entretien du plastique, ext\u00e9rieur  D53 Entretien du plastique, int\u00e9rieur  Entretien du plastique D55, longue dur\u00e9e  Cuir D59 par\u00a0  Cire humide A31  Cire en p\u00e2te de carnauba A32  Cire de silice A34  Garniture noire A67\" \/>\n<meta property=\"og:url\" content=\"https:\/\/www.puris.ma\/en\/product\/eponge-a-cire\/\" \/>\n<meta property=\"og:site_name\" content=\"PURIS MAROC\" \/>\n<meta property=\"article:publisher\" content=\"https:\/\/web.facebook.com\/europa.mak.78\" \/>\n<meta property=\"article:modified_time\" content=\"2023-05-23T09:48:32+00:00\" \/>\n<meta property=\"og:image\" content=\"https:\/\/www.puris.ma\/wp-content\/uploads\/2023\/05\/eponge.png\" \/>\n\t<meta property=\"og:image:width\" content=\"300\" \/>\n\t<meta property=\"og:image:height\" content=\"211\" \/>\n\t<meta property=\"og:image:type\" content=\"image\/png\" \/>\n<meta name=\"twitter:card\" content=\"summary_large_image\" \/>\n<script type=\"application\/ld+json\" class=\"yoast-schema-graph\">{\"@context\":\"https:\/\/schema.org\",\"@graph\":[{\"@type\":\"WebPage\",\"@id\":\"https:\/\/www.puris.ma\/produit\/eponge-a-cire\/\",\"url\":\"https:\/\/www.puris.ma\/produit\/eponge-a-cire\/\",\"name\":\"\u00c9ponge \u00e0 cire - PURIS MAROC\",\"isPartOf\":{\"@id\":\"https:\/\/www.puris.ma\/#website\"},\"primaryImageOfPage\":{\"@id\":\"https:\/\/www.puris.ma\/produit\/eponge-a-cire\/#primaryimage\"},\"image\":{\"@id\":\"https:\/\/www.puris.ma\/produit\/eponge-a-cire\/#primaryimage\"},\"thumbnailUrl\":\"https:\/\/www.puris.ma\/wp-content\/uploads\/2023\/05\/eponge.png\",\"datePublished\":\"2023-05-23T09:48:31+00:00\",\"dateModified\":\"2023-05-23T09:48:32+00:00\",\"breadcrumb\":{\"@id\":\"https:\/\/www.puris.ma\/produit\/eponge-a-cire\/#breadcrumb\"},\"inLanguage\":\"en-US\",\"potentialAction\":[{\"@type\":\"ReadAction\",\"target\":[\"https:\/\/www.puris.ma\/produit\/eponge-a-cire\/\"]}]},{\"@type\":\"ImageObject\",\"inLanguage\":\"en-US\",\"@id\":\"https:\/\/www.puris.ma\/produit\/eponge-a-cire\/#primaryimage\",\"url\":\"https:\/\/www.puris.ma\/wp-content\/uploads\/2023\/05\/eponge.png\",\"contentUrl\":\"https:\/\/www.puris.ma\/wp-content\/uploads\/2023\/05\/eponge.png\",\"width\":300,\"height\":211},{\"@type\":\"BreadcrumbList\",\"@id\":\"https:\/\/www.puris.ma\/produit\/eponge-a-cire\/#breadcrumb\",\"itemListElement\":[{\"@type\":\"ListItem\",\"position\":1,\"name\":\"Accueil\",\"item\":\"https:\/\/www.puris.ma\/\"},{\"@type\":\"ListItem\",\"position\":2,\"name\":\"Catalogue Produit\",\"item\":\"https:\/\/www.puris.ma\/accueil\/catalogue-produit\/\"},{\"@type\":\"ListItem\",\"position\":3,\"name\":\"\u00c9ponge \u00e0 cire\"}]},{\"@type\":\"WebSite\",\"@id\":\"https:\/\/www.puris.ma\/#website\",\"url\":\"https:\/\/www.puris.ma\/\",\"name\":\"PURIS MAROC\",\"description\":\"Distributeur officiel et exculsive des produits de PURIS\",\"publisher\":{\"@id\":\"https:\/\/www.puris.ma\/#organization\"},\"potentialAction\":[{\"@type\":\"SearchAction\",\"target\":{\"@type\":\"EntryPoint\",\"urlTemplate\":\"https:\/\/www.puris.ma\/?s={search_term_string}\"},\"query-input\":{\"@type\":\"PropertyValueSpecification\",\"valueRequired\":true,\"valueName\":\"search_term_string\"}}],\"inLanguage\":\"en-US\"},{\"@type\":\"Organization\",\"@id\":\"https:\/\/www.puris.ma\/#organization\",\"name\":\"PURIS MAROC\",\"url\":\"https:\/\/www.puris.ma\/\",\"logo\":{\"@type\":\"ImageObject\",\"inLanguage\":\"en-US\",\"@id\":\"https:\/\/www.puris.ma\/#\/schema\/logo\/image\/\",\"url\":\"https:\/\/www.puris.ma\/wp-content\/uploads\/2023\/05\/PURIS-MAROC-8.png\",\"contentUrl\":\"https:\/\/www.puris.ma\/wp-content\/uploads\/2023\/05\/PURIS-MAROC-8.png\",\"width\":300,\"height\":75,\"caption\":\"PURIS MAROC\"},\"image\":{\"@id\":\"https:\/\/www.puris.ma\/#\/schema\/logo\/image\/\"},\"sameAs\":[\"https:\/\/web.facebook.com\/europa.mak.78\",\"https:\/\/www.instagram.com\/purismorocco\/\",\"https:\/\/www.linkedin.com\/company\/puris-morocco\/\"]}]}<\/script>\n<!-- \/ Yoast SEO plugin. -->","yoast_head_json":{"title":"\u00c9ponge \u00e0 cire - PURIS MAROC","robots":{"index":"index","follow":"follow","max-snippet":"max-snippet:-1","max-image-preview":"max-image-preview:large","max-video-preview":"max-video-preview:-1"},"canonical":"https:\/\/www.puris.ma\/en\/product\/eponge-a-cire\/","og_locale":"en_US","og_type":"article","og_title":"\u00c9ponge \u00e0 cire - PURIS MAROC","og_description":"convient \u00e0 l'application parfaite de cires, mastics, produits d'entretien plastique, d'entretien des pneus et d'entretien  parfaitement adapt\u00e9 aux articles Puris suivants   D52 Entretien du plastique, ext\u00e9rieur  D53 Entretien du plastique, int\u00e9rieur  Entretien du plastique D55, longue dur\u00e9e  Cuir D59 par\u00a0  Cire humide A31  Cire en p\u00e2te de carnauba A32  Cire de silice A34  Garniture noire A67","og_url":"https:\/\/www.puris.ma\/en\/product\/eponge-a-cire\/","og_site_name":"PURIS MAROC","article_publisher":"https:\/\/web.facebook.com\/europa.mak.78","article_modified_time":"2023-05-23T09:48:32+00:00","og_image":[{"width":300,"height":211,"url":"https:\/\/www.puris.ma\/wp-content\/uploads\/2023\/05\/eponge.png","type":"image\/png"}],"twitter_card":"summary_large_image","schema":{"@context":"https:\/\/schema.org","@graph":[{"@type":"WebPage","@id":"https:\/\/www.puris.ma\/produit\/eponge-a-cire\/","url":"https:\/\/www.puris.ma\/produit\/eponge-a-cire\/","name":"\u00c9ponge \u00e0 cire - PURIS MAROC","isPartOf":{"@id":"https:\/\/www.puris.ma\/#website"},"primaryImageOfPage":{"@id":"https:\/\/www.puris.ma\/produit\/eponge-a-cire\/#primaryimage"},"image":{"@id":"https:\/\/www.puris.ma\/produit\/eponge-a-cire\/#primaryimage"},"thumbnailUrl":"https:\/\/www.puris.ma\/wp-content\/uploads\/2023\/05\/eponge.png","datePublished":"2023-05-23T09:48:31+00:00","dateModified":"2023-05-23T09:48:32+00:00","breadcrumb":{"@id":"https:\/\/www.puris.ma\/produit\/eponge-a-cire\/#breadcrumb"},"inLanguage":"en-US","potentialAction":[{"@type":"ReadAction","target":["https:\/\/www.puris.ma\/produit\/eponge-a-cire\/"]}]},{"@type":"ImageObject","inLanguage":"en-US","@id":"https:\/\/www.puris.ma\/produit\/eponge-a-cire\/#primaryimage","url":"https:\/\/www.puris.ma\/wp-content\/uploads\/2023\/05\/eponge.png","contentUrl":"https:\/\/www.puris.ma\/wp-content\/uploads\/2023\/05\/eponge.png","width":300,"height":211},{"@type":"BreadcrumbList","@id":"https:\/\/www.puris.ma\/produit\/eponge-a-cire\/#breadcrumb","itemListElement":[{"@type":"ListItem","position":1,"name":"Accueil","item":"https:\/\/www.puris.ma\/"},{"@type":"ListItem","position":2,"name":"Catalogue Produit","item":"https:\/\/www.puris.ma\/accueil\/catalogue-produit\/"},{"@type":"ListItem","position":3,"name":"\u00c9ponge \u00e0 cire"}]},{"@type":"WebSite","@id":"https:\/\/www.puris.ma\/#website","url":"https:\/\/www.puris.ma\/","name":"PURIS MOROCCO","description":"Distributeur officiel et exculsive des produits de PURIS","publisher":{"@id":"https:\/\/www.puris.ma\/#organization"},"potentialAction":[{"@type":"SearchAction","target":{"@type":"EntryPoint","urlTemplate":"https:\/\/www.puris.ma\/?s={search_term_string}"},"query-input":{"@type":"PropertyValueSpecification","valueRequired":true,"valueName":"search_term_string"}}],"inLanguage":"en-US"},{"@type":"Organization","@id":"https:\/\/www.puris.ma\/#organization","name":"PURIS MOROCCO","url":"https:\/\/www.puris.ma\/","logo":{"@type":"ImageObject","inLanguage":"en-US","@id":"https:\/\/www.puris.ma\/#\/schema\/logo\/image\/","url":"https:\/\/www.puris.ma\/wp-content\/uploads\/2023\/05\/PURIS-MAROC-8.png","contentUrl":"https:\/\/www.puris.ma\/wp-content\/uploads\/2023\/05\/PURIS-MAROC-8.png","width":300,"height":75,"caption":"PURIS MAROC"},"image":{"@id":"https:\/\/www.puris.ma\/#\/schema\/logo\/image\/"},"sameAs":["https:\/\/web.facebook.com\/europa.mak.78","https:\/\/www.instagram.com\/purismorocco\/","https:\/\/www.linkedin.com\/company\/puris-morocco\/"]}]}},"_links":{"self":[{"href":"https:\/\/www.puris.ma\/en\/wp-json\/wp\/v2\/product\/3147","targetHints":{"allow":["GET"]}}],"collection":[{"href":"https:\/\/www.puris.ma\/en\/wp-json\/wp\/v2\/product"}],"about":[{"href":"https:\/\/www.puris.ma\/en\/wp-json\/wp\/v2\/types\/product"}],"wp:featuredmedia":[{"embeddable":true,"href":"https:\/\/www.puris.ma\/en\/wp-json\/wp\/v2\/media\/3149"}],"wp:attachment":[{"href":"https:\/\/www.puris.ma\/en\/wp-json\/wp\/v2\/media?parent=3147"}],"wp:term":[{"taxonomy":"product_brand","embeddable":true,"href":"https:\/\/www.puris.ma\/en\/wp-json\/wp\/v2\/product_brand?post=3147"},{"taxonomy":"product_cat","embeddable":true,"href":"https:\/\/www.puris.ma\/en\/wp-json\/wp\/v2\/product_cat?post=3147"},{"taxonomy":"product_tag","embeddable":true,"href":"https:\/\/www.puris.ma\/en\/wp-json\/wp\/v2\/product_tag?post=3147"}],"curies":[{"name":"wp","href":"https:\/\/api.w.org\/{rel}","templated":true}]}}