{"id":3166,"date":"2023-05-23T10:51:25","date_gmt":"2023-05-23T10:51:25","guid":{"rendered":"https:\/\/www.puris.ma\/?post_type=product&#038;p=3166"},"modified":"2023-05-25T17:27:21","modified_gmt":"2023-05-25T17:27:21","slug":"m14-gel-coat-restorer","status":"publish","type":"product","link":"https:\/\/www.puris.ma\/en\/product\/m14-gel-coat-restorer\/","title":{"rendered":"M14 GEL COAT RESTORER"},"content":{"rendered":"","protected":false},"excerpt":{"rendered":"<p>M14 GEL COAT RESTORER est un compos\u00e9 de nivellement de gel coat moderne \u00e0 action rapide con\u00e7u pour \u00e9liminer les rayures de sable de 1200 grains ou plus fines.\u00a0Cette formulation sup\u00e9rieure offre une finition tr\u00e8s brillante et sans voile avec un nettoyage facile et tr\u00e8s peu de tourbillons.\u00a0Sans silicone et conforme aux COV.<\/p>\n<p><span style=\"font-size: 18px; color: #0000ff;\"><strong>TECHNICAL DATA :(<a style=\"color: #0000ff;\" href=\"https:\/\/www.puris.ma\/wp-content\/uploads\/2023\/05\/M14-Gel-Coat-Restorer.pdf\">Download<\/a>)<\/strong><\/span><\/p>","protected":false},"featured_media":3167,"template":"","meta":[],"product_brand":[],"product_cat":[36],"product_tag":[],"class_list":{"0":"post-3166","1":"product","2":"type-product","3":"status-publish","4":"has-post-thumbnail","6":"product_cat-polishes","8":"first","9":"instock","10":"shipping-taxable","11":"product-type-simple"},"yoast_head":"<!-- This site is optimized with the Yoast SEO plugin v26.3 - https:\/\/yoast.com\/wordpress\/plugins\/seo\/ -->\n<title>M14 GEL COAT RESTORER - PURIS MAROC<\/title>\n<meta name=\"robots\" content=\"index, follow, max-snippet:-1, max-image-preview:large, max-video-preview:-1\" \/>\n<link rel=\"canonical\" href=\"https:\/\/www.puris.ma\/en\/product\/m14-gel-coat-restorer\/\" \/>\n<meta property=\"og:locale\" content=\"en_US\" \/>\n<meta property=\"og:type\" content=\"article\" \/>\n<meta property=\"og:title\" content=\"M14 GEL COAT RESTORER - PURIS MAROC\" \/>\n<meta property=\"og:description\" content=\"M14 GEL COAT RESTORER est un compos\u00e9 de nivellement de gel coat moderne \u00e0 action rapide con\u00e7u pour \u00e9liminer les rayures de sable de 1200 grains ou plus fines.\u00a0Cette formulation sup\u00e9rieure offre une finition tr\u00e8s brillante et sans voile avec un nettoyage facile et tr\u00e8s peu de tourbillons.\u00a0Sans silicone et conforme aux COV.  FICHE TECHNIQUE:(T\u00e9l\u00e9charger)\" \/>\n<meta property=\"og:url\" content=\"https:\/\/www.puris.ma\/en\/product\/m14-gel-coat-restorer\/\" \/>\n<meta property=\"og:site_name\" content=\"PURIS MAROC\" \/>\n<meta property=\"article:publisher\" content=\"https:\/\/web.facebook.com\/europa.mak.78\" \/>\n<meta property=\"article:modified_time\" content=\"2023-05-25T17:27:21+00:00\" \/>\n<meta property=\"og:image\" content=\"https:\/\/www.puris.ma\/wp-content\/uploads\/2023\/05\/M14.png\" \/>\n\t<meta property=\"og:image:width\" content=\"300\" \/>\n\t<meta property=\"og:image:height\" content=\"211\" \/>\n\t<meta property=\"og:image:type\" content=\"image\/png\" \/>\n<meta name=\"twitter:card\" content=\"summary_large_image\" \/>\n<script type=\"application\/ld+json\" class=\"yoast-schema-graph\">{\"@context\":\"https:\/\/schema.org\",\"@graph\":[{\"@type\":\"WebPage\",\"@id\":\"https:\/\/www.puris.ma\/produit\/m14-gel-coat-restorer\/\",\"url\":\"https:\/\/www.puris.ma\/produit\/m14-gel-coat-restorer\/\",\"name\":\"M14 GEL COAT RESTORER - PURIS MAROC\",\"isPartOf\":{\"@id\":\"https:\/\/www.puris.ma\/#website\"},\"primaryImageOfPage\":{\"@id\":\"https:\/\/www.puris.ma\/produit\/m14-gel-coat-restorer\/#primaryimage\"},\"image\":{\"@id\":\"https:\/\/www.puris.ma\/produit\/m14-gel-coat-restorer\/#primaryimage\"},\"thumbnailUrl\":\"https:\/\/www.puris.ma\/wp-content\/uploads\/2023\/05\/M14.png\",\"datePublished\":\"2023-05-23T10:51:25+00:00\",\"dateModified\":\"2023-05-25T17:27:21+00:00\",\"breadcrumb\":{\"@id\":\"https:\/\/www.puris.ma\/produit\/m14-gel-coat-restorer\/#breadcrumb\"},\"inLanguage\":\"en-US\",\"potentialAction\":[{\"@type\":\"ReadAction\",\"target\":[\"https:\/\/www.puris.ma\/produit\/m14-gel-coat-restorer\/\"]}]},{\"@type\":\"ImageObject\",\"inLanguage\":\"en-US\",\"@id\":\"https:\/\/www.puris.ma\/produit\/m14-gel-coat-restorer\/#primaryimage\",\"url\":\"https:\/\/www.puris.ma\/wp-content\/uploads\/2023\/05\/M14.png\",\"contentUrl\":\"https:\/\/www.puris.ma\/wp-content\/uploads\/2023\/05\/M14.png\",\"width\":300,\"height\":211},{\"@type\":\"BreadcrumbList\",\"@id\":\"https:\/\/www.puris.ma\/produit\/m14-gel-coat-restorer\/#breadcrumb\",\"itemListElement\":[{\"@type\":\"ListItem\",\"position\":1,\"name\":\"Accueil\",\"item\":\"https:\/\/www.puris.ma\/\"},{\"@type\":\"ListItem\",\"position\":2,\"name\":\"Catalogue Produit\",\"item\":\"https:\/\/www.puris.ma\/accueil\/catalogue-produit\/\"},{\"@type\":\"ListItem\",\"position\":3,\"name\":\"M14 GEL COAT RESTORER\"}]},{\"@type\":\"WebSite\",\"@id\":\"https:\/\/www.puris.ma\/#website\",\"url\":\"https:\/\/www.puris.ma\/\",\"name\":\"PURIS MAROC\",\"description\":\"Distributeur officiel et exculsive des produits de PURIS\",\"publisher\":{\"@id\":\"https:\/\/www.puris.ma\/#organization\"},\"potentialAction\":[{\"@type\":\"SearchAction\",\"target\":{\"@type\":\"EntryPoint\",\"urlTemplate\":\"https:\/\/www.puris.ma\/?s={search_term_string}\"},\"query-input\":{\"@type\":\"PropertyValueSpecification\",\"valueRequired\":true,\"valueName\":\"search_term_string\"}}],\"inLanguage\":\"en-US\"},{\"@type\":\"Organization\",\"@id\":\"https:\/\/www.puris.ma\/#organization\",\"name\":\"PURIS MAROC\",\"url\":\"https:\/\/www.puris.ma\/\",\"logo\":{\"@type\":\"ImageObject\",\"inLanguage\":\"en-US\",\"@id\":\"https:\/\/www.puris.ma\/#\/schema\/logo\/image\/\",\"url\":\"https:\/\/www.puris.ma\/wp-content\/uploads\/2023\/05\/PURIS-MAROC-8.png\",\"contentUrl\":\"https:\/\/www.puris.ma\/wp-content\/uploads\/2023\/05\/PURIS-MAROC-8.png\",\"width\":300,\"height\":75,\"caption\":\"PURIS MAROC\"},\"image\":{\"@id\":\"https:\/\/www.puris.ma\/#\/schema\/logo\/image\/\"},\"sameAs\":[\"https:\/\/web.facebook.com\/europa.mak.78\",\"https:\/\/www.instagram.com\/purismorocco\/\",\"https:\/\/www.linkedin.com\/company\/puris-morocco\/\"]}]}<\/script>\n<!-- \/ Yoast SEO plugin. -->","yoast_head_json":{"title":"M14 GEL COAT RESTORER - PURIS MAROC","robots":{"index":"index","follow":"follow","max-snippet":"max-snippet:-1","max-image-preview":"max-image-preview:large","max-video-preview":"max-video-preview:-1"},"canonical":"https:\/\/www.puris.ma\/en\/product\/m14-gel-coat-restorer\/","og_locale":"en_US","og_type":"article","og_title":"M14 GEL COAT RESTORER - PURIS MAROC","og_description":"M14 GEL COAT RESTORER est un compos\u00e9 de nivellement de gel coat moderne \u00e0 action rapide con\u00e7u pour \u00e9liminer les rayures de sable de 1200 grains ou plus fines.\u00a0Cette formulation sup\u00e9rieure offre une finition tr\u00e8s brillante et sans voile avec un nettoyage facile et tr\u00e8s peu de tourbillons.\u00a0Sans silicone et conforme aux COV.  FICHE TECHNIQUE:(T\u00e9l\u00e9charger)","og_url":"https:\/\/www.puris.ma\/en\/product\/m14-gel-coat-restorer\/","og_site_name":"PURIS MAROC","article_publisher":"https:\/\/web.facebook.com\/europa.mak.78","article_modified_time":"2023-05-25T17:27:21+00:00","og_image":[{"width":300,"height":211,"url":"https:\/\/www.puris.ma\/wp-content\/uploads\/2023\/05\/M14.png","type":"image\/png"}],"twitter_card":"summary_large_image","schema":{"@context":"https:\/\/schema.org","@graph":[{"@type":"WebPage","@id":"https:\/\/www.puris.ma\/produit\/m14-gel-coat-restorer\/","url":"https:\/\/www.puris.ma\/produit\/m14-gel-coat-restorer\/","name":"M14 GEL COAT RESTORER - PURIS MAROC","isPartOf":{"@id":"https:\/\/www.puris.ma\/#website"},"primaryImageOfPage":{"@id":"https:\/\/www.puris.ma\/produit\/m14-gel-coat-restorer\/#primaryimage"},"image":{"@id":"https:\/\/www.puris.ma\/produit\/m14-gel-coat-restorer\/#primaryimage"},"thumbnailUrl":"https:\/\/www.puris.ma\/wp-content\/uploads\/2023\/05\/M14.png","datePublished":"2023-05-23T10:51:25+00:00","dateModified":"2023-05-25T17:27:21+00:00","breadcrumb":{"@id":"https:\/\/www.puris.ma\/produit\/m14-gel-coat-restorer\/#breadcrumb"},"inLanguage":"en-US","potentialAction":[{"@type":"ReadAction","target":["https:\/\/www.puris.ma\/produit\/m14-gel-coat-restorer\/"]}]},{"@type":"ImageObject","inLanguage":"en-US","@id":"https:\/\/www.puris.ma\/produit\/m14-gel-coat-restorer\/#primaryimage","url":"https:\/\/www.puris.ma\/wp-content\/uploads\/2023\/05\/M14.png","contentUrl":"https:\/\/www.puris.ma\/wp-content\/uploads\/2023\/05\/M14.png","width":300,"height":211},{"@type":"BreadcrumbList","@id":"https:\/\/www.puris.ma\/produit\/m14-gel-coat-restorer\/#breadcrumb","itemListElement":[{"@type":"ListItem","position":1,"name":"Accueil","item":"https:\/\/www.puris.ma\/"},{"@type":"ListItem","position":2,"name":"Catalogue Produit","item":"https:\/\/www.puris.ma\/accueil\/catalogue-produit\/"},{"@type":"ListItem","position":3,"name":"M14 GEL COAT RESTORER"}]},{"@type":"WebSite","@id":"https:\/\/www.puris.ma\/#website","url":"https:\/\/www.puris.ma\/","name":"PURIS MOROCCO","description":"Distributeur officiel et exculsive des produits de PURIS","publisher":{"@id":"https:\/\/www.puris.ma\/#organization"},"potentialAction":[{"@type":"SearchAction","target":{"@type":"EntryPoint","urlTemplate":"https:\/\/www.puris.ma\/?s={search_term_string}"},"query-input":{"@type":"PropertyValueSpecification","valueRequired":true,"valueName":"search_term_string"}}],"inLanguage":"en-US"},{"@type":"Organization","@id":"https:\/\/www.puris.ma\/#organization","name":"PURIS MOROCCO","url":"https:\/\/www.puris.ma\/","logo":{"@type":"ImageObject","inLanguage":"en-US","@id":"https:\/\/www.puris.ma\/#\/schema\/logo\/image\/","url":"https:\/\/www.puris.ma\/wp-content\/uploads\/2023\/05\/PURIS-MAROC-8.png","contentUrl":"https:\/\/www.puris.ma\/wp-content\/uploads\/2023\/05\/PURIS-MAROC-8.png","width":300,"height":75,"caption":"PURIS MAROC"},"image":{"@id":"https:\/\/www.puris.ma\/#\/schema\/logo\/image\/"},"sameAs":["https:\/\/web.facebook.com\/europa.mak.78","https:\/\/www.instagram.com\/purismorocco\/","https:\/\/www.linkedin.com\/company\/puris-morocco\/"]}]}},"_links":{"self":[{"href":"https:\/\/www.puris.ma\/en\/wp-json\/wp\/v2\/product\/3166","targetHints":{"allow":["GET"]}}],"collection":[{"href":"https:\/\/www.puris.ma\/en\/wp-json\/wp\/v2\/product"}],"about":[{"href":"https:\/\/www.puris.ma\/en\/wp-json\/wp\/v2\/types\/product"}],"wp:featuredmedia":[{"embeddable":true,"href":"https:\/\/www.puris.ma\/en\/wp-json\/wp\/v2\/media\/3167"}],"wp:attachment":[{"href":"https:\/\/www.puris.ma\/en\/wp-json\/wp\/v2\/media?parent=3166"}],"wp:term":[{"taxonomy":"product_brand","embeddable":true,"href":"https:\/\/www.puris.ma\/en\/wp-json\/wp\/v2\/product_brand?post=3166"},{"taxonomy":"product_cat","embeddable":true,"href":"https:\/\/www.puris.ma\/en\/wp-json\/wp\/v2\/product_cat?post=3166"},{"taxonomy":"product_tag","embeddable":true,"href":"https:\/\/www.puris.ma\/en\/wp-json\/wp\/v2\/product_tag?post=3166"}],"curies":[{"name":"wp","href":"https:\/\/api.w.org\/{rel}","templated":true}]}}