{"id":3259,"date":"2023-05-24T12:11:51","date_gmt":"2023-05-24T12:11:51","guid":{"rendered":"https:\/\/www.puris.ma\/?post_type=product&#038;p=3259"},"modified":"2023-05-26T10:29:49","modified_gmt":"2023-05-26T10:29:49","slug":"jade-ice-pro-kit-7-h","status":"publish","type":"product","link":"https:\/\/www.puris.ma\/en\/product\/jade-ice-pro-kit-7-h\/","title":{"rendered":"Jade Ice PRO KIT 7 H"},"content":{"rendered":"","protected":false},"excerpt":{"rendered":"<ul>\n<li>Rev\u00eatement c\u00e9ramique<\/li>\n<li>2 ans de garantie<\/li>\n<li>Duret\u00e9 7H<\/li>\n<li>Il peut \u00eatre appliqu\u00e9 sur toutes les surfaces peintes ainsi que sur les vitres, phares, moulures, jantes.<\/li>\n<li>Peut \u00e9galement \u00eatre appliqu\u00e9 en couche sup\u00e9rieure sur Jade Quartz<\/li>\n<\/ul>\n<p>&nbsp;<\/p>\n<p><span style=\"font-size: 18px; color: #0000ff;\"><strong>FICHE TECHNIQUE: JADE ICE PRO (<a href=\"https:\/\/www.puris.ma\/wp-content\/uploads\/2023\/05\/Jade-Ice-Ceramic-Coating-2-1.pdf\" target=\"_blank\" rel=\"noopener\">Download<\/a>)<\/strong><\/span><\/p>","protected":false},"featured_media":3260,"template":"","meta":[],"product_brand":[],"product_cat":[44,34],"product_tag":[],"class_list":{"0":"post-3259","1":"product","2":"type-product","3":"status-publish","4":"has-post-thumbnail","6":"product_cat-famille-jade","7":"product_cat-revetements-ceramiques","9":"first","10":"instock","11":"shipping-taxable","12":"product-type-simple"},"yoast_head":"<!-- This site is optimized with the Yoast SEO plugin v26.3 - https:\/\/yoast.com\/wordpress\/plugins\/seo\/ -->\n<title>Jade Ice PRO KIT 7 H - PURIS MAROC<\/title>\n<meta name=\"robots\" content=\"index, follow, max-snippet:-1, max-image-preview:large, max-video-preview:-1\" \/>\n<link rel=\"canonical\" href=\"https:\/\/www.puris.ma\/en\/product\/jade-ice-pro-kit-7-h\/\" \/>\n<meta property=\"og:locale\" content=\"en_US\" \/>\n<meta property=\"og:type\" content=\"article\" \/>\n<meta property=\"og:title\" content=\"Jade Ice PRO KIT 7 H - PURIS MAROC\" \/>\n<meta property=\"og:description\" content=\"Rev\u00eatement c\u00e9ramique  2 ans de garantie  Duret\u00e9 7H  Il peut \u00eatre appliqu\u00e9 sur toutes les surfaces peintes ainsi que sur les vitres, phares, moulures, jantes.  Peut \u00e9galement \u00eatre appliqu\u00e9 en couche sup\u00e9rieure sur Jade Quartz  &nbsp;  FICHE TECHNIQUE: JADE ICE PRO (T\u00e9l\u00e9charger)\" \/>\n<meta property=\"og:url\" content=\"https:\/\/www.puris.ma\/en\/product\/jade-ice-pro-kit-7-h\/\" \/>\n<meta property=\"og:site_name\" content=\"PURIS MAROC\" \/>\n<meta property=\"article:publisher\" content=\"https:\/\/web.facebook.com\/europa.mak.78\" \/>\n<meta property=\"article:modified_time\" content=\"2023-05-26T10:29:49+00:00\" \/>\n<meta property=\"og:image\" content=\"https:\/\/www.puris.ma\/wp-content\/uploads\/2023\/05\/ICE-PRO.png\" \/>\n\t<meta property=\"og:image:width\" content=\"300\" \/>\n\t<meta property=\"og:image:height\" content=\"211\" \/>\n\t<meta property=\"og:image:type\" content=\"image\/png\" \/>\n<meta name=\"twitter:card\" content=\"summary_large_image\" \/>\n<script type=\"application\/ld+json\" class=\"yoast-schema-graph\">{\"@context\":\"https:\/\/schema.org\",\"@graph\":[{\"@type\":\"WebPage\",\"@id\":\"https:\/\/www.puris.ma\/produit\/jade-ice-pro-kit-7-h\/\",\"url\":\"https:\/\/www.puris.ma\/produit\/jade-ice-pro-kit-7-h\/\",\"name\":\"Jade Ice PRO KIT 7 H - PURIS MAROC\",\"isPartOf\":{\"@id\":\"https:\/\/www.puris.ma\/#website\"},\"primaryImageOfPage\":{\"@id\":\"https:\/\/www.puris.ma\/produit\/jade-ice-pro-kit-7-h\/#primaryimage\"},\"image\":{\"@id\":\"https:\/\/www.puris.ma\/produit\/jade-ice-pro-kit-7-h\/#primaryimage\"},\"thumbnailUrl\":\"https:\/\/www.puris.ma\/wp-content\/uploads\/2023\/05\/ICE-PRO.png\",\"datePublished\":\"2023-05-24T12:11:51+00:00\",\"dateModified\":\"2023-05-26T10:29:49+00:00\",\"breadcrumb\":{\"@id\":\"https:\/\/www.puris.ma\/produit\/jade-ice-pro-kit-7-h\/#breadcrumb\"},\"inLanguage\":\"en-US\",\"potentialAction\":[{\"@type\":\"ReadAction\",\"target\":[\"https:\/\/www.puris.ma\/produit\/jade-ice-pro-kit-7-h\/\"]}]},{\"@type\":\"ImageObject\",\"inLanguage\":\"en-US\",\"@id\":\"https:\/\/www.puris.ma\/produit\/jade-ice-pro-kit-7-h\/#primaryimage\",\"url\":\"https:\/\/www.puris.ma\/wp-content\/uploads\/2023\/05\/ICE-PRO.png\",\"contentUrl\":\"https:\/\/www.puris.ma\/wp-content\/uploads\/2023\/05\/ICE-PRO.png\",\"width\":300,\"height\":211},{\"@type\":\"BreadcrumbList\",\"@id\":\"https:\/\/www.puris.ma\/produit\/jade-ice-pro-kit-7-h\/#breadcrumb\",\"itemListElement\":[{\"@type\":\"ListItem\",\"position\":1,\"name\":\"Accueil\",\"item\":\"https:\/\/www.puris.ma\/\"},{\"@type\":\"ListItem\",\"position\":2,\"name\":\"Catalogue Produit\",\"item\":\"https:\/\/www.puris.ma\/accueil\/catalogue-produit\/\"},{\"@type\":\"ListItem\",\"position\":3,\"name\":\"Jade Ice PRO KIT 7 H\"}]},{\"@type\":\"WebSite\",\"@id\":\"https:\/\/www.puris.ma\/#website\",\"url\":\"https:\/\/www.puris.ma\/\",\"name\":\"PURIS MAROC\",\"description\":\"Distributeur officiel et exculsive des produits de PURIS\",\"publisher\":{\"@id\":\"https:\/\/www.puris.ma\/#organization\"},\"potentialAction\":[{\"@type\":\"SearchAction\",\"target\":{\"@type\":\"EntryPoint\",\"urlTemplate\":\"https:\/\/www.puris.ma\/?s={search_term_string}\"},\"query-input\":{\"@type\":\"PropertyValueSpecification\",\"valueRequired\":true,\"valueName\":\"search_term_string\"}}],\"inLanguage\":\"en-US\"},{\"@type\":\"Organization\",\"@id\":\"https:\/\/www.puris.ma\/#organization\",\"name\":\"PURIS MAROC\",\"url\":\"https:\/\/www.puris.ma\/\",\"logo\":{\"@type\":\"ImageObject\",\"inLanguage\":\"en-US\",\"@id\":\"https:\/\/www.puris.ma\/#\/schema\/logo\/image\/\",\"url\":\"https:\/\/www.puris.ma\/wp-content\/uploads\/2023\/05\/PURIS-MAROC-8.png\",\"contentUrl\":\"https:\/\/www.puris.ma\/wp-content\/uploads\/2023\/05\/PURIS-MAROC-8.png\",\"width\":300,\"height\":75,\"caption\":\"PURIS MAROC\"},\"image\":{\"@id\":\"https:\/\/www.puris.ma\/#\/schema\/logo\/image\/\"},\"sameAs\":[\"https:\/\/web.facebook.com\/europa.mak.78\",\"https:\/\/www.instagram.com\/purismorocco\/\",\"https:\/\/www.linkedin.com\/company\/puris-morocco\/\"]}]}<\/script>\n<!-- \/ Yoast SEO plugin. -->","yoast_head_json":{"title":"Jade Ice PRO KIT 7 H - PURIS MAROC","robots":{"index":"index","follow":"follow","max-snippet":"max-snippet:-1","max-image-preview":"max-image-preview:large","max-video-preview":"max-video-preview:-1"},"canonical":"https:\/\/www.puris.ma\/en\/product\/jade-ice-pro-kit-7-h\/","og_locale":"en_US","og_type":"article","og_title":"Jade Ice PRO KIT 7 H - PURIS MAROC","og_description":"Rev\u00eatement c\u00e9ramique  2 ans de garantie  Duret\u00e9 7H  Il peut \u00eatre appliqu\u00e9 sur toutes les surfaces peintes ainsi que sur les vitres, phares, moulures, jantes.  Peut \u00e9galement \u00eatre appliqu\u00e9 en couche sup\u00e9rieure sur Jade Quartz  &nbsp;  FICHE TECHNIQUE: JADE ICE PRO (T\u00e9l\u00e9charger)","og_url":"https:\/\/www.puris.ma\/en\/product\/jade-ice-pro-kit-7-h\/","og_site_name":"PURIS MAROC","article_publisher":"https:\/\/web.facebook.com\/europa.mak.78","article_modified_time":"2023-05-26T10:29:49+00:00","og_image":[{"width":300,"height":211,"url":"https:\/\/www.puris.ma\/wp-content\/uploads\/2023\/05\/ICE-PRO.png","type":"image\/png"}],"twitter_card":"summary_large_image","schema":{"@context":"https:\/\/schema.org","@graph":[{"@type":"WebPage","@id":"https:\/\/www.puris.ma\/produit\/jade-ice-pro-kit-7-h\/","url":"https:\/\/www.puris.ma\/produit\/jade-ice-pro-kit-7-h\/","name":"Jade Ice PRO KIT 7 H - PURIS MAROC","isPartOf":{"@id":"https:\/\/www.puris.ma\/#website"},"primaryImageOfPage":{"@id":"https:\/\/www.puris.ma\/produit\/jade-ice-pro-kit-7-h\/#primaryimage"},"image":{"@id":"https:\/\/www.puris.ma\/produit\/jade-ice-pro-kit-7-h\/#primaryimage"},"thumbnailUrl":"https:\/\/www.puris.ma\/wp-content\/uploads\/2023\/05\/ICE-PRO.png","datePublished":"2023-05-24T12:11:51+00:00","dateModified":"2023-05-26T10:29:49+00:00","breadcrumb":{"@id":"https:\/\/www.puris.ma\/produit\/jade-ice-pro-kit-7-h\/#breadcrumb"},"inLanguage":"en-US","potentialAction":[{"@type":"ReadAction","target":["https:\/\/www.puris.ma\/produit\/jade-ice-pro-kit-7-h\/"]}]},{"@type":"ImageObject","inLanguage":"en-US","@id":"https:\/\/www.puris.ma\/produit\/jade-ice-pro-kit-7-h\/#primaryimage","url":"https:\/\/www.puris.ma\/wp-content\/uploads\/2023\/05\/ICE-PRO.png","contentUrl":"https:\/\/www.puris.ma\/wp-content\/uploads\/2023\/05\/ICE-PRO.png","width":300,"height":211},{"@type":"BreadcrumbList","@id":"https:\/\/www.puris.ma\/produit\/jade-ice-pro-kit-7-h\/#breadcrumb","itemListElement":[{"@type":"ListItem","position":1,"name":"Accueil","item":"https:\/\/www.puris.ma\/"},{"@type":"ListItem","position":2,"name":"Catalogue Produit","item":"https:\/\/www.puris.ma\/accueil\/catalogue-produit\/"},{"@type":"ListItem","position":3,"name":"Jade Ice PRO KIT 7 H"}]},{"@type":"WebSite","@id":"https:\/\/www.puris.ma\/#website","url":"https:\/\/www.puris.ma\/","name":"PURIS MOROCCO","description":"Distributeur officiel et exculsive des produits de PURIS","publisher":{"@id":"https:\/\/www.puris.ma\/#organization"},"potentialAction":[{"@type":"SearchAction","target":{"@type":"EntryPoint","urlTemplate":"https:\/\/www.puris.ma\/?s={search_term_string}"},"query-input":{"@type":"PropertyValueSpecification","valueRequired":true,"valueName":"search_term_string"}}],"inLanguage":"en-US"},{"@type":"Organization","@id":"https:\/\/www.puris.ma\/#organization","name":"PURIS MOROCCO","url":"https:\/\/www.puris.ma\/","logo":{"@type":"ImageObject","inLanguage":"en-US","@id":"https:\/\/www.puris.ma\/#\/schema\/logo\/image\/","url":"https:\/\/www.puris.ma\/wp-content\/uploads\/2023\/05\/PURIS-MAROC-8.png","contentUrl":"https:\/\/www.puris.ma\/wp-content\/uploads\/2023\/05\/PURIS-MAROC-8.png","width":300,"height":75,"caption":"PURIS MAROC"},"image":{"@id":"https:\/\/www.puris.ma\/#\/schema\/logo\/image\/"},"sameAs":["https:\/\/web.facebook.com\/europa.mak.78","https:\/\/www.instagram.com\/purismorocco\/","https:\/\/www.linkedin.com\/company\/puris-morocco\/"]}]}},"_links":{"self":[{"href":"https:\/\/www.puris.ma\/en\/wp-json\/wp\/v2\/product\/3259","targetHints":{"allow":["GET"]}}],"collection":[{"href":"https:\/\/www.puris.ma\/en\/wp-json\/wp\/v2\/product"}],"about":[{"href":"https:\/\/www.puris.ma\/en\/wp-json\/wp\/v2\/types\/product"}],"wp:featuredmedia":[{"embeddable":true,"href":"https:\/\/www.puris.ma\/en\/wp-json\/wp\/v2\/media\/3260"}],"wp:attachment":[{"href":"https:\/\/www.puris.ma\/en\/wp-json\/wp\/v2\/media?parent=3259"}],"wp:term":[{"taxonomy":"product_brand","embeddable":true,"href":"https:\/\/www.puris.ma\/en\/wp-json\/wp\/v2\/product_brand?post=3259"},{"taxonomy":"product_cat","embeddable":true,"href":"https:\/\/www.puris.ma\/en\/wp-json\/wp\/v2\/product_cat?post=3259"},{"taxonomy":"product_tag","embeddable":true,"href":"https:\/\/www.puris.ma\/en\/wp-json\/wp\/v2\/product_tag?post=3259"}],"curies":[{"name":"wp","href":"https:\/\/api.w.org\/{rel}","templated":true}]}}