{"id":3293,"date":"2023-05-24T13:38:53","date_gmt":"2023-05-24T13:38:53","guid":{"rendered":"https:\/\/www.puris.ma\/?post_type=product&#038;p=3293"},"modified":"2023-05-26T11:30:18","modified_gmt":"2023-05-26T11:30:18","slug":"microfiber-pad-cuting-5","status":"publish","type":"product","link":"https:\/\/www.puris.ma\/en\/product\/microfiber-pad-cuting-5\/","title":{"rendered":"Microfiber pad cuting 5 &#038; 6"},"content":{"rendered":"","protected":false},"excerpt":{"rendered":"<p>Tampon Microfibre \u00a0\u00bb Coupe Microfibre<\/p>\n<p>Tampon en microfibre<br \/>\n5&Prime; Convient aux machines avec patin de 125mm<\/p>\n<p>6&Prime; Convient aux machines avec patin de 150mm<br \/>\nExtr\u00eamement durable<br \/>\nConvient pour une machine orbitale<br \/>\nMeilleur en combinaison avec<\/p>\n<p>Compos\u00e9 en p\u00e2te A5+ Plus<br \/>\nA1+ Compos\u00e9 pur Plus<\/p>","protected":false},"featured_media":3286,"template":"","meta":[],"product_brand":[],"product_cat":[39],"product_tag":[],"class_list":{"0":"post-3293","1":"product","2":"type-product","3":"status-publish","4":"has-post-thumbnail","6":"product_cat-applicateurs","8":"first","9":"instock","10":"shipping-taxable","11":"product-type-simple"},"yoast_head":"<!-- This site is optimized with the Yoast SEO plugin v26.3 - https:\/\/yoast.com\/wordpress\/plugins\/seo\/ -->\n<title>Microfiber pad cuting 5 &amp; 6 - PURIS MAROC<\/title>\n<meta name=\"robots\" content=\"index, follow, max-snippet:-1, max-image-preview:large, max-video-preview:-1\" \/>\n<link rel=\"canonical\" href=\"https:\/\/www.puris.ma\/en\/product\/microfiber-pad-cuting-5\/\" \/>\n<meta property=\"og:locale\" content=\"en_US\" \/>\n<meta property=\"og:type\" content=\"article\" \/>\n<meta property=\"og:title\" content=\"Microfiber pad cuting 5 &amp; 6 - PURIS MAROC\" \/>\n<meta property=\"og:description\" content=\"Tampon Microfibre &quot; Coupe Microfibre  Tampon en microfibre 5&quot; Convient aux machines avec patin de 125mm  6&quot; Convient aux machines avec patin de 150mm Extr\u00eamement durable Convient pour une machine orbitale Meilleur en combinaison avec  Compos\u00e9 en p\u00e2te A5+ Plus A1+ Compos\u00e9 pur Plus\" \/>\n<meta property=\"og:url\" content=\"https:\/\/www.puris.ma\/en\/product\/microfiber-pad-cuting-5\/\" \/>\n<meta property=\"og:site_name\" content=\"PURIS MAROC\" \/>\n<meta property=\"article:publisher\" content=\"https:\/\/web.facebook.com\/europa.mak.78\" \/>\n<meta property=\"article:modified_time\" content=\"2023-05-26T11:30:18+00:00\" \/>\n<meta property=\"og:image\" content=\"https:\/\/www.puris.ma\/wp-content\/uploads\/2023\/05\/microfiber5.png\" \/>\n\t<meta property=\"og:image:width\" content=\"300\" \/>\n\t<meta property=\"og:image:height\" content=\"211\" \/>\n\t<meta property=\"og:image:type\" content=\"image\/png\" \/>\n<meta name=\"twitter:card\" content=\"summary_large_image\" \/>\n<script type=\"application\/ld+json\" class=\"yoast-schema-graph\">{\"@context\":\"https:\/\/schema.org\",\"@graph\":[{\"@type\":\"WebPage\",\"@id\":\"https:\/\/www.puris.ma\/produit\/microfiber-pad-cuting-5\/\",\"url\":\"https:\/\/www.puris.ma\/produit\/microfiber-pad-cuting-5\/\",\"name\":\"Microfiber pad cuting 5 & 6 - PURIS MAROC\",\"isPartOf\":{\"@id\":\"https:\/\/www.puris.ma\/#website\"},\"primaryImageOfPage\":{\"@id\":\"https:\/\/www.puris.ma\/produit\/microfiber-pad-cuting-5\/#primaryimage\"},\"image\":{\"@id\":\"https:\/\/www.puris.ma\/produit\/microfiber-pad-cuting-5\/#primaryimage\"},\"thumbnailUrl\":\"https:\/\/www.puris.ma\/wp-content\/uploads\/2023\/05\/microfiber5.png\",\"datePublished\":\"2023-05-24T13:38:53+00:00\",\"dateModified\":\"2023-05-26T11:30:18+00:00\",\"breadcrumb\":{\"@id\":\"https:\/\/www.puris.ma\/produit\/microfiber-pad-cuting-5\/#breadcrumb\"},\"inLanguage\":\"en-US\",\"potentialAction\":[{\"@type\":\"ReadAction\",\"target\":[\"https:\/\/www.puris.ma\/produit\/microfiber-pad-cuting-5\/\"]}]},{\"@type\":\"ImageObject\",\"inLanguage\":\"en-US\",\"@id\":\"https:\/\/www.puris.ma\/produit\/microfiber-pad-cuting-5\/#primaryimage\",\"url\":\"https:\/\/www.puris.ma\/wp-content\/uploads\/2023\/05\/microfiber5.png\",\"contentUrl\":\"https:\/\/www.puris.ma\/wp-content\/uploads\/2023\/05\/microfiber5.png\",\"width\":300,\"height\":211},{\"@type\":\"BreadcrumbList\",\"@id\":\"https:\/\/www.puris.ma\/produit\/microfiber-pad-cuting-5\/#breadcrumb\",\"itemListElement\":[{\"@type\":\"ListItem\",\"position\":1,\"name\":\"Accueil\",\"item\":\"https:\/\/www.puris.ma\/\"},{\"@type\":\"ListItem\",\"position\":2,\"name\":\"Catalogue Produit\",\"item\":\"https:\/\/www.puris.ma\/accueil\/catalogue-produit\/\"},{\"@type\":\"ListItem\",\"position\":3,\"name\":\"Microfiber pad cuting 5 &#038; 6\"}]},{\"@type\":\"WebSite\",\"@id\":\"https:\/\/www.puris.ma\/#website\",\"url\":\"https:\/\/www.puris.ma\/\",\"name\":\"PURIS MAROC\",\"description\":\"Distributeur officiel et exculsive des produits de PURIS\",\"publisher\":{\"@id\":\"https:\/\/www.puris.ma\/#organization\"},\"potentialAction\":[{\"@type\":\"SearchAction\",\"target\":{\"@type\":\"EntryPoint\",\"urlTemplate\":\"https:\/\/www.puris.ma\/?s={search_term_string}\"},\"query-input\":{\"@type\":\"PropertyValueSpecification\",\"valueRequired\":true,\"valueName\":\"search_term_string\"}}],\"inLanguage\":\"en-US\"},{\"@type\":\"Organization\",\"@id\":\"https:\/\/www.puris.ma\/#organization\",\"name\":\"PURIS MAROC\",\"url\":\"https:\/\/www.puris.ma\/\",\"logo\":{\"@type\":\"ImageObject\",\"inLanguage\":\"en-US\",\"@id\":\"https:\/\/www.puris.ma\/#\/schema\/logo\/image\/\",\"url\":\"https:\/\/www.puris.ma\/wp-content\/uploads\/2023\/05\/PURIS-MAROC-8.png\",\"contentUrl\":\"https:\/\/www.puris.ma\/wp-content\/uploads\/2023\/05\/PURIS-MAROC-8.png\",\"width\":300,\"height\":75,\"caption\":\"PURIS MAROC\"},\"image\":{\"@id\":\"https:\/\/www.puris.ma\/#\/schema\/logo\/image\/\"},\"sameAs\":[\"https:\/\/web.facebook.com\/europa.mak.78\",\"https:\/\/www.instagram.com\/purismorocco\/\",\"https:\/\/www.linkedin.com\/company\/puris-morocco\/\"]}]}<\/script>\n<!-- \/ Yoast SEO plugin. -->","yoast_head_json":{"title":"Microfiber pad cuting 5 & 6 - PURIS MAROC","robots":{"index":"index","follow":"follow","max-snippet":"max-snippet:-1","max-image-preview":"max-image-preview:large","max-video-preview":"max-video-preview:-1"},"canonical":"https:\/\/www.puris.ma\/en\/product\/microfiber-pad-cuting-5\/","og_locale":"en_US","og_type":"article","og_title":"Microfiber pad cuting 5 & 6 - PURIS MAROC","og_description":"Tampon Microfibre \" Coupe Microfibre  Tampon en microfibre 5\" Convient aux machines avec patin de 125mm  6\" Convient aux machines avec patin de 150mm Extr\u00eamement durable Convient pour une machine orbitale Meilleur en combinaison avec  Compos\u00e9 en p\u00e2te A5+ Plus A1+ Compos\u00e9 pur Plus","og_url":"https:\/\/www.puris.ma\/en\/product\/microfiber-pad-cuting-5\/","og_site_name":"PURIS MAROC","article_publisher":"https:\/\/web.facebook.com\/europa.mak.78","article_modified_time":"2023-05-26T11:30:18+00:00","og_image":[{"width":300,"height":211,"url":"https:\/\/www.puris.ma\/wp-content\/uploads\/2023\/05\/microfiber5.png","type":"image\/png"}],"twitter_card":"summary_large_image","schema":{"@context":"https:\/\/schema.org","@graph":[{"@type":"WebPage","@id":"https:\/\/www.puris.ma\/produit\/microfiber-pad-cuting-5\/","url":"https:\/\/www.puris.ma\/produit\/microfiber-pad-cuting-5\/","name":"Microfiber pad cuting 5 & 6 - PURIS MAROC","isPartOf":{"@id":"https:\/\/www.puris.ma\/#website"},"primaryImageOfPage":{"@id":"https:\/\/www.puris.ma\/produit\/microfiber-pad-cuting-5\/#primaryimage"},"image":{"@id":"https:\/\/www.puris.ma\/produit\/microfiber-pad-cuting-5\/#primaryimage"},"thumbnailUrl":"https:\/\/www.puris.ma\/wp-content\/uploads\/2023\/05\/microfiber5.png","datePublished":"2023-05-24T13:38:53+00:00","dateModified":"2023-05-26T11:30:18+00:00","breadcrumb":{"@id":"https:\/\/www.puris.ma\/produit\/microfiber-pad-cuting-5\/#breadcrumb"},"inLanguage":"en-US","potentialAction":[{"@type":"ReadAction","target":["https:\/\/www.puris.ma\/produit\/microfiber-pad-cuting-5\/"]}]},{"@type":"ImageObject","inLanguage":"en-US","@id":"https:\/\/www.puris.ma\/produit\/microfiber-pad-cuting-5\/#primaryimage","url":"https:\/\/www.puris.ma\/wp-content\/uploads\/2023\/05\/microfiber5.png","contentUrl":"https:\/\/www.puris.ma\/wp-content\/uploads\/2023\/05\/microfiber5.png","width":300,"height":211},{"@type":"BreadcrumbList","@id":"https:\/\/www.puris.ma\/produit\/microfiber-pad-cuting-5\/#breadcrumb","itemListElement":[{"@type":"ListItem","position":1,"name":"Accueil","item":"https:\/\/www.puris.ma\/"},{"@type":"ListItem","position":2,"name":"Catalogue Produit","item":"https:\/\/www.puris.ma\/accueil\/catalogue-produit\/"},{"@type":"ListItem","position":3,"name":"Microfiber pad cuting 5 &#038; 6"}]},{"@type":"WebSite","@id":"https:\/\/www.puris.ma\/#website","url":"https:\/\/www.puris.ma\/","name":"PURIS MOROCCO","description":"Distributeur officiel et exculsive des produits de PURIS","publisher":{"@id":"https:\/\/www.puris.ma\/#organization"},"potentialAction":[{"@type":"SearchAction","target":{"@type":"EntryPoint","urlTemplate":"https:\/\/www.puris.ma\/?s={search_term_string}"},"query-input":{"@type":"PropertyValueSpecification","valueRequired":true,"valueName":"search_term_string"}}],"inLanguage":"en-US"},{"@type":"Organization","@id":"https:\/\/www.puris.ma\/#organization","name":"PURIS MOROCCO","url":"https:\/\/www.puris.ma\/","logo":{"@type":"ImageObject","inLanguage":"en-US","@id":"https:\/\/www.puris.ma\/#\/schema\/logo\/image\/","url":"https:\/\/www.puris.ma\/wp-content\/uploads\/2023\/05\/PURIS-MAROC-8.png","contentUrl":"https:\/\/www.puris.ma\/wp-content\/uploads\/2023\/05\/PURIS-MAROC-8.png","width":300,"height":75,"caption":"PURIS MAROC"},"image":{"@id":"https:\/\/www.puris.ma\/#\/schema\/logo\/image\/"},"sameAs":["https:\/\/web.facebook.com\/europa.mak.78","https:\/\/www.instagram.com\/purismorocco\/","https:\/\/www.linkedin.com\/company\/puris-morocco\/"]}]}},"_links":{"self":[{"href":"https:\/\/www.puris.ma\/en\/wp-json\/wp\/v2\/product\/3293","targetHints":{"allow":["GET"]}}],"collection":[{"href":"https:\/\/www.puris.ma\/en\/wp-json\/wp\/v2\/product"}],"about":[{"href":"https:\/\/www.puris.ma\/en\/wp-json\/wp\/v2\/types\/product"}],"wp:featuredmedia":[{"embeddable":true,"href":"https:\/\/www.puris.ma\/en\/wp-json\/wp\/v2\/media\/3286"}],"wp:attachment":[{"href":"https:\/\/www.puris.ma\/en\/wp-json\/wp\/v2\/media?parent=3293"}],"wp:term":[{"taxonomy":"product_brand","embeddable":true,"href":"https:\/\/www.puris.ma\/en\/wp-json\/wp\/v2\/product_brand?post=3293"},{"taxonomy":"product_cat","embeddable":true,"href":"https:\/\/www.puris.ma\/en\/wp-json\/wp\/v2\/product_cat?post=3293"},{"taxonomy":"product_tag","embeddable":true,"href":"https:\/\/www.puris.ma\/en\/wp-json\/wp\/v2\/product_tag?post=3293"}],"curies":[{"name":"wp","href":"https:\/\/api.w.org\/{rel}","templated":true}]}}