{"id":3517,"date":"2023-05-26T09:11:20","date_gmt":"2023-05-26T09:11:20","guid":{"rendered":"https:\/\/www.puris.ma\/?post_type=product&#038;p=3517"},"modified":"2023-05-26T09:11:20","modified_gmt":"2023-05-26T09:11:20","slug":"car-chamois","status":"publish","type":"product","link":"https:\/\/www.puris.ma\/en\/product\/car-chamois\/","title":{"rendered":"Car chamois"},"content":{"rendered":"","protected":false},"excerpt":{"rendered":"<p><span>The Puris Car Chamois Skin sucks water like a vacuum cleaner for a clean, clean finish.\u00a0<\/span><span>It is made from high quality synthetic PVA, scratch-free, mold and mould resistant.\u00a0<\/span><span>Handy storage tube included to store your Champion Shammy at home or on the go.<\/span><\/p>\n<div class=\"product-shop\">\n<div class=\"short-description\">\n<div class=\"std\"><span>- No trace finish<\/span><br \/>\n<span>\u2013 High quality<\/span><br \/>\n<span>\u2013 Storage tube included<\/span><br \/>\n<span>- Highly absorbent<\/span><\/div>\n<\/div>\n<\/div>","protected":false},"featured_media":3518,"template":"","meta":[],"product_brand":[],"product_cat":[37],"product_tag":[],"class_list":{"0":"post-3517","1":"product","2":"type-product","3":"status-publish","4":"has-post-thumbnail","6":"product_cat-produits-dargile","8":"first","9":"instock","10":"shipping-taxable","11":"product-type-simple"},"yoast_head":"<!-- This site is optimized with the Yoast SEO plugin v26.3 - https:\/\/yoast.com\/wordpress\/plugins\/seo\/ -->\n<title>Car chamois - PURIS MAROC<\/title>\n<meta name=\"robots\" content=\"index, follow, max-snippet:-1, max-image-preview:large, max-video-preview:-1\" \/>\n<link rel=\"canonical\" href=\"https:\/\/www.puris.ma\/en\/product\/car-chamois\/\" \/>\n<meta property=\"og:locale\" content=\"en_US\" \/>\n<meta property=\"og:type\" content=\"article\" \/>\n<meta property=\"og:title\" content=\"Car chamois - PURIS MAROC\" \/>\n<meta property=\"og:description\" content=\"La peau de chamois pour voiture Puris aspire l&#039;eau comme un aspirateur pour une finition claire et sans traces.\u00a0Il est fabriqu\u00e9 \u00e0 partir de PVA synth\u00e9tique de qualit\u00e9 sup\u00e9rieure, sans rayures, r\u00e9sistant \u00e0 la moisissure et \u00e0 la moisissure.\u00a0Tube de rangement pratique inclus pour ranger votre Champion Shammy \u00e0 la maison ou en d\u00e9placement.   - Finition sans traces - Haute qualit\u00e9 - Tube de stockage inclus - Tr\u00e8s absorbant\" \/>\n<meta property=\"og:url\" content=\"https:\/\/www.puris.ma\/en\/product\/car-chamois\/\" \/>\n<meta property=\"og:site_name\" content=\"PURIS MAROC\" \/>\n<meta property=\"article:publisher\" content=\"https:\/\/web.facebook.com\/europa.mak.78\" \/>\n<meta property=\"og:image\" content=\"https:\/\/www.puris.ma\/wp-content\/uploads\/2023\/05\/Car-Chamois-Puris-Detailing-Puris-Maroc-1.png\" \/>\n\t<meta property=\"og:image:width\" content=\"1080\" \/>\n\t<meta property=\"og:image:height\" content=\"1080\" \/>\n\t<meta property=\"og:image:type\" content=\"image\/png\" \/>\n<meta name=\"twitter:card\" content=\"summary_large_image\" \/>\n<script type=\"application\/ld+json\" class=\"yoast-schema-graph\">{\"@context\":\"https:\/\/schema.org\",\"@graph\":[{\"@type\":\"WebPage\",\"@id\":\"https:\/\/www.puris.ma\/produit\/car-chamois\/\",\"url\":\"https:\/\/www.puris.ma\/produit\/car-chamois\/\",\"name\":\"Car chamois - PURIS MAROC\",\"isPartOf\":{\"@id\":\"https:\/\/www.puris.ma\/#website\"},\"primaryImageOfPage\":{\"@id\":\"https:\/\/www.puris.ma\/produit\/car-chamois\/#primaryimage\"},\"image\":{\"@id\":\"https:\/\/www.puris.ma\/produit\/car-chamois\/#primaryimage\"},\"thumbnailUrl\":\"https:\/\/www.puris.ma\/wp-content\/uploads\/2023\/05\/Car-Chamois-Puris-Detailing-Puris-Maroc-1.png\",\"datePublished\":\"2023-05-26T09:11:20+00:00\",\"breadcrumb\":{\"@id\":\"https:\/\/www.puris.ma\/produit\/car-chamois\/#breadcrumb\"},\"inLanguage\":\"en-US\",\"potentialAction\":[{\"@type\":\"ReadAction\",\"target\":[\"https:\/\/www.puris.ma\/produit\/car-chamois\/\"]}]},{\"@type\":\"ImageObject\",\"inLanguage\":\"en-US\",\"@id\":\"https:\/\/www.puris.ma\/produit\/car-chamois\/#primaryimage\",\"url\":\"https:\/\/www.puris.ma\/wp-content\/uploads\/2023\/05\/Car-Chamois-Puris-Detailing-Puris-Maroc-1.png\",\"contentUrl\":\"https:\/\/www.puris.ma\/wp-content\/uploads\/2023\/05\/Car-Chamois-Puris-Detailing-Puris-Maroc-1.png\",\"width\":1080,\"height\":1080},{\"@type\":\"BreadcrumbList\",\"@id\":\"https:\/\/www.puris.ma\/produit\/car-chamois\/#breadcrumb\",\"itemListElement\":[{\"@type\":\"ListItem\",\"position\":1,\"name\":\"Accueil\",\"item\":\"https:\/\/www.puris.ma\/\"},{\"@type\":\"ListItem\",\"position\":2,\"name\":\"Catalogue Produit\",\"item\":\"https:\/\/www.puris.ma\/accueil\/catalogue-produit\/\"},{\"@type\":\"ListItem\",\"position\":3,\"name\":\"Car chamois\"}]},{\"@type\":\"WebSite\",\"@id\":\"https:\/\/www.puris.ma\/#website\",\"url\":\"https:\/\/www.puris.ma\/\",\"name\":\"PURIS MAROC\",\"description\":\"Distributeur officiel et exculsive des produits de PURIS\",\"publisher\":{\"@id\":\"https:\/\/www.puris.ma\/#organization\"},\"potentialAction\":[{\"@type\":\"SearchAction\",\"target\":{\"@type\":\"EntryPoint\",\"urlTemplate\":\"https:\/\/www.puris.ma\/?s={search_term_string}\"},\"query-input\":{\"@type\":\"PropertyValueSpecification\",\"valueRequired\":true,\"valueName\":\"search_term_string\"}}],\"inLanguage\":\"en-US\"},{\"@type\":\"Organization\",\"@id\":\"https:\/\/www.puris.ma\/#organization\",\"name\":\"PURIS MAROC\",\"url\":\"https:\/\/www.puris.ma\/\",\"logo\":{\"@type\":\"ImageObject\",\"inLanguage\":\"en-US\",\"@id\":\"https:\/\/www.puris.ma\/#\/schema\/logo\/image\/\",\"url\":\"https:\/\/www.puris.ma\/wp-content\/uploads\/2023\/05\/PURIS-MAROC-8.png\",\"contentUrl\":\"https:\/\/www.puris.ma\/wp-content\/uploads\/2023\/05\/PURIS-MAROC-8.png\",\"width\":300,\"height\":75,\"caption\":\"PURIS MAROC\"},\"image\":{\"@id\":\"https:\/\/www.puris.ma\/#\/schema\/logo\/image\/\"},\"sameAs\":[\"https:\/\/web.facebook.com\/europa.mak.78\",\"https:\/\/www.instagram.com\/purismorocco\/\",\"https:\/\/www.linkedin.com\/company\/puris-morocco\/\"]}]}<\/script>\n<!-- \/ Yoast SEO plugin. -->","yoast_head_json":{"title":"Car chamois - PURIS MAROC","robots":{"index":"index","follow":"follow","max-snippet":"max-snippet:-1","max-image-preview":"max-image-preview:large","max-video-preview":"max-video-preview:-1"},"canonical":"https:\/\/www.puris.ma\/en\/product\/car-chamois\/","og_locale":"en_US","og_type":"article","og_title":"Car chamois - PURIS MAROC","og_description":"La peau de chamois pour voiture Puris aspire l'eau comme un aspirateur pour une finition claire et sans traces.\u00a0Il est fabriqu\u00e9 \u00e0 partir de PVA synth\u00e9tique de qualit\u00e9 sup\u00e9rieure, sans rayures, r\u00e9sistant \u00e0 la moisissure et \u00e0 la moisissure.\u00a0Tube de rangement pratique inclus pour ranger votre Champion Shammy \u00e0 la maison ou en d\u00e9placement.   - Finition sans traces - Haute qualit\u00e9 - Tube de stockage inclus - Tr\u00e8s absorbant","og_url":"https:\/\/www.puris.ma\/en\/product\/car-chamois\/","og_site_name":"PURIS MAROC","article_publisher":"https:\/\/web.facebook.com\/europa.mak.78","og_image":[{"width":1080,"height":1080,"url":"https:\/\/www.puris.ma\/wp-content\/uploads\/2023\/05\/Car-Chamois-Puris-Detailing-Puris-Maroc-1.png","type":"image\/png"}],"twitter_card":"summary_large_image","schema":{"@context":"https:\/\/schema.org","@graph":[{"@type":"WebPage","@id":"https:\/\/www.puris.ma\/produit\/car-chamois\/","url":"https:\/\/www.puris.ma\/produit\/car-chamois\/","name":"Car chamois - PURIS MAROC","isPartOf":{"@id":"https:\/\/www.puris.ma\/#website"},"primaryImageOfPage":{"@id":"https:\/\/www.puris.ma\/produit\/car-chamois\/#primaryimage"},"image":{"@id":"https:\/\/www.puris.ma\/produit\/car-chamois\/#primaryimage"},"thumbnailUrl":"https:\/\/www.puris.ma\/wp-content\/uploads\/2023\/05\/Car-Chamois-Puris-Detailing-Puris-Maroc-1.png","datePublished":"2023-05-26T09:11:20+00:00","breadcrumb":{"@id":"https:\/\/www.puris.ma\/produit\/car-chamois\/#breadcrumb"},"inLanguage":"en-US","potentialAction":[{"@type":"ReadAction","target":["https:\/\/www.puris.ma\/produit\/car-chamois\/"]}]},{"@type":"ImageObject","inLanguage":"en-US","@id":"https:\/\/www.puris.ma\/produit\/car-chamois\/#primaryimage","url":"https:\/\/www.puris.ma\/wp-content\/uploads\/2023\/05\/Car-Chamois-Puris-Detailing-Puris-Maroc-1.png","contentUrl":"https:\/\/www.puris.ma\/wp-content\/uploads\/2023\/05\/Car-Chamois-Puris-Detailing-Puris-Maroc-1.png","width":1080,"height":1080},{"@type":"BreadcrumbList","@id":"https:\/\/www.puris.ma\/produit\/car-chamois\/#breadcrumb","itemListElement":[{"@type":"ListItem","position":1,"name":"Accueil","item":"https:\/\/www.puris.ma\/"},{"@type":"ListItem","position":2,"name":"Catalogue Produit","item":"https:\/\/www.puris.ma\/accueil\/catalogue-produit\/"},{"@type":"ListItem","position":3,"name":"Car chamois"}]},{"@type":"WebSite","@id":"https:\/\/www.puris.ma\/#website","url":"https:\/\/www.puris.ma\/","name":"PURIS MOROCCO","description":"Distributeur officiel et exculsive des produits de PURIS","publisher":{"@id":"https:\/\/www.puris.ma\/#organization"},"potentialAction":[{"@type":"SearchAction","target":{"@type":"EntryPoint","urlTemplate":"https:\/\/www.puris.ma\/?s={search_term_string}"},"query-input":{"@type":"PropertyValueSpecification","valueRequired":true,"valueName":"search_term_string"}}],"inLanguage":"en-US"},{"@type":"Organization","@id":"https:\/\/www.puris.ma\/#organization","name":"PURIS MOROCCO","url":"https:\/\/www.puris.ma\/","logo":{"@type":"ImageObject","inLanguage":"en-US","@id":"https:\/\/www.puris.ma\/#\/schema\/logo\/image\/","url":"https:\/\/www.puris.ma\/wp-content\/uploads\/2023\/05\/PURIS-MAROC-8.png","contentUrl":"https:\/\/www.puris.ma\/wp-content\/uploads\/2023\/05\/PURIS-MAROC-8.png","width":300,"height":75,"caption":"PURIS MAROC"},"image":{"@id":"https:\/\/www.puris.ma\/#\/schema\/logo\/image\/"},"sameAs":["https:\/\/web.facebook.com\/europa.mak.78","https:\/\/www.instagram.com\/purismorocco\/","https:\/\/www.linkedin.com\/company\/puris-morocco\/"]}]}},"_links":{"self":[{"href":"https:\/\/www.puris.ma\/en\/wp-json\/wp\/v2\/product\/3517","targetHints":{"allow":["GET"]}}],"collection":[{"href":"https:\/\/www.puris.ma\/en\/wp-json\/wp\/v2\/product"}],"about":[{"href":"https:\/\/www.puris.ma\/en\/wp-json\/wp\/v2\/types\/product"}],"wp:featuredmedia":[{"embeddable":true,"href":"https:\/\/www.puris.ma\/en\/wp-json\/wp\/v2\/media\/3518"}],"wp:attachment":[{"href":"https:\/\/www.puris.ma\/en\/wp-json\/wp\/v2\/media?parent=3517"}],"wp:term":[{"taxonomy":"product_brand","embeddable":true,"href":"https:\/\/www.puris.ma\/en\/wp-json\/wp\/v2\/product_brand?post=3517"},{"taxonomy":"product_cat","embeddable":true,"href":"https:\/\/www.puris.ma\/en\/wp-json\/wp\/v2\/product_cat?post=3517"},{"taxonomy":"product_tag","embeddable":true,"href":"https:\/\/www.puris.ma\/en\/wp-json\/wp\/v2\/product_tag?post=3517"}],"curies":[{"name":"wp","href":"https:\/\/api.w.org\/{rel}","templated":true}]}}