{"id":3611,"date":"2024-01-25T11:14:09","date_gmt":"2024-01-25T11:14:09","guid":{"rendered":"https:\/\/www.puris.ma\/?post_type=product&#038;p=3611"},"modified":"2024-01-25T12:09:04","modified_gmt":"2024-01-25T12:09:04","slug":"films-de-protection-de-carosserie-ppf-puris","status":"publish","type":"product","link":"https:\/\/www.puris.ma\/en\/product\/films-de-protection-de-carosserie-ppf-puris\/","title":{"rendered":"Films de Protection de carosserie PPF Puris"},"content":{"rendered":"<p>Con\u00e7u pour prot\u00e9ger la peinture automobile et d&rsquo;autres surfaces fragiles contre les gravillons, les rayures, les traces caus\u00e9s par les insectes, le goudron des routes, les taches de fluides automobiles et les conditions climatiques ext\u00e9rieures, y compris les rayons ultraviolets (UV)<\/p>\n<p>\u2022 Finition brillante<\/p>\n<p>\u2022 Retrait facile du liner<\/p>\n<p>\u2022 La feuille de protection permet de prot\u00e9ger la qualit\u00e9 du film et se retire facilement<\/p>\n<p>\u2022 Adh\u00e9sif optimis\u00e9 pour le repositionnement, minimisant les marques adh\u00e9sives<\/p>\n<p>\u2022 Possibilit\u00e9 d&rsquo;utiliser le film \u00e0 partir du rouleau<\/p>\n<p>\u2022 Technologie d\u2019auto-cicatrisation pour \u00e9liminer les rayures ou les marques mineures en appliquant de la chaleur \u00e0 la surface du film<\/p>\n<p>&nbsp;<\/p>","protected":false},"excerpt":{"rendered":"<p class=\"mds-font_body sps2-pdp_description--benefit\">Le film de protection de peinture de <strong>PURIS<\/strong> est le nouveau film de protection de peinture con\u00e7u pour prot\u00e9ger la peinture des v\u00e9hicules contre les projections de gravillons, les rayures et les taches.<\/p>\n<ul>\n<li class=\"mds-font_body sps2-pdp_description--benefit\">Finition haute brillance<\/li>\n<li class=\"mds-font_body sps2-pdp_description--benefit\">Adh\u00e9sif optimis\u00e9 pour le repositionnement, minimisant les lignes et les marques de colle<\/li>\n<\/ul>","protected":false},"featured_media":3635,"template":"","meta":[],"product_brand":[],"product_cat":[34],"product_tag":[],"class_list":{"0":"post-3611","1":"product","2":"type-product","3":"status-publish","4":"has-post-thumbnail","6":"product_cat-revetements-ceramiques","8":"first","9":"instock","10":"shipping-taxable","11":"product-type-simple"},"yoast_head":"<!-- This site is optimized with the Yoast SEO plugin v26.3 - https:\/\/yoast.com\/wordpress\/plugins\/seo\/ -->\n<title>Films de Protection de carosserie PPF Puris - PURIS MAROC - Film PPF 1\u00e8re Qualit\u00e9<\/title>\n<meta name=\"description\" content=\"Le film de protection de peinture de PURIS est le nouveau film de protection de peinture con\u00e7u pour prot\u00e9ger la peinture des v\u00e9hicules contre les projections de gravillons, les rayures et les taches.\" \/>\n<meta name=\"robots\" content=\"index, follow, max-snippet:-1, max-image-preview:large, max-video-preview:-1\" \/>\n<link rel=\"canonical\" href=\"https:\/\/www.puris.ma\/en\/product\/films-de-protection-de-carosserie-ppf-puris\/\" \/>\n<meta property=\"og:locale\" content=\"en_US\" \/>\n<meta property=\"og:type\" content=\"article\" \/>\n<meta property=\"og:title\" content=\"Films de Protection de carosserie PPF Puris - PURIS MAROC - Film PPF 1\u00e8re Qualit\u00e9\" \/>\n<meta property=\"og:description\" content=\"Le film de protection de peinture de PURIS est le nouveau film de protection de peinture con\u00e7u pour prot\u00e9ger la peinture des v\u00e9hicules contre les projections de gravillons, les rayures et les taches.\" \/>\n<meta property=\"og:url\" content=\"https:\/\/www.puris.ma\/en\/product\/films-de-protection-de-carosserie-ppf-puris\/\" \/>\n<meta property=\"og:site_name\" content=\"PURIS MAROC\" \/>\n<meta property=\"article:publisher\" content=\"https:\/\/web.facebook.com\/europa.mak.78\" \/>\n<meta property=\"article:modified_time\" content=\"2024-01-25T12:09:04+00:00\" \/>\n<meta property=\"og:image\" content=\"https:\/\/www.puris.ma\/wp-content\/uploads\/2024\/01\/Design-sans-titre-77-min.png\" \/>\n\t<meta property=\"og:image:width\" content=\"1080\" \/>\n\t<meta property=\"og:image:height\" content=\"1080\" \/>\n\t<meta property=\"og:image:type\" content=\"image\/png\" \/>\n<meta name=\"twitter:card\" content=\"summary_large_image\" \/>\n<meta name=\"twitter:label1\" content=\"Est. reading time\" \/>\n\t<meta name=\"twitter:data1\" content=\"1 minute\" \/>\n<script type=\"application\/ld+json\" class=\"yoast-schema-graph\">{\"@context\":\"https:\/\/schema.org\",\"@graph\":[{\"@type\":\"WebPage\",\"@id\":\"https:\/\/www.puris.ma\/produit\/films-de-protection-de-carosserie-ppf-puris\/\",\"url\":\"https:\/\/www.puris.ma\/produit\/films-de-protection-de-carosserie-ppf-puris\/\",\"name\":\"Films de Protection de carosserie PPF Puris - PURIS MAROC - Film PPF 1\u00e8re Qualit\u00e9\",\"isPartOf\":{\"@id\":\"https:\/\/www.puris.ma\/#website\"},\"primaryImageOfPage\":{\"@id\":\"https:\/\/www.puris.ma\/produit\/films-de-protection-de-carosserie-ppf-puris\/#primaryimage\"},\"image\":{\"@id\":\"https:\/\/www.puris.ma\/produit\/films-de-protection-de-carosserie-ppf-puris\/#primaryimage\"},\"thumbnailUrl\":\"https:\/\/www.puris.ma\/wp-content\/uploads\/2024\/01\/Design-sans-titre-77-min.png\",\"datePublished\":\"2024-01-25T11:14:09+00:00\",\"dateModified\":\"2024-01-25T12:09:04+00:00\",\"description\":\"Le film de protection de peinture de PURIS est le nouveau film de protection de peinture con\u00e7u pour prot\u00e9ger la peinture des v\u00e9hicules contre les projections de gravillons, les rayures et les taches.\",\"breadcrumb\":{\"@id\":\"https:\/\/www.puris.ma\/produit\/films-de-protection-de-carosserie-ppf-puris\/#breadcrumb\"},\"inLanguage\":\"en-US\",\"potentialAction\":[{\"@type\":\"ReadAction\",\"target\":[\"https:\/\/www.puris.ma\/produit\/films-de-protection-de-carosserie-ppf-puris\/\"]}]},{\"@type\":\"ImageObject\",\"inLanguage\":\"en-US\",\"@id\":\"https:\/\/www.puris.ma\/produit\/films-de-protection-de-carosserie-ppf-puris\/#primaryimage\",\"url\":\"https:\/\/www.puris.ma\/wp-content\/uploads\/2024\/01\/Design-sans-titre-77-min.png\",\"contentUrl\":\"https:\/\/www.puris.ma\/wp-content\/uploads\/2024\/01\/Design-sans-titre-77-min.png\",\"width\":1080,\"height\":1080},{\"@type\":\"BreadcrumbList\",\"@id\":\"https:\/\/www.puris.ma\/produit\/films-de-protection-de-carosserie-ppf-puris\/#breadcrumb\",\"itemListElement\":[{\"@type\":\"ListItem\",\"position\":1,\"name\":\"Accueil\",\"item\":\"https:\/\/www.puris.ma\/\"},{\"@type\":\"ListItem\",\"position\":2,\"name\":\"Catalogue Produit\",\"item\":\"https:\/\/www.puris.ma\/accueil\/catalogue-produit\/\"},{\"@type\":\"ListItem\",\"position\":3,\"name\":\"Films de Protection de carosserie PPF Puris\"}]},{\"@type\":\"WebSite\",\"@id\":\"https:\/\/www.puris.ma\/#website\",\"url\":\"https:\/\/www.puris.ma\/\",\"name\":\"PURIS MAROC\",\"description\":\"Distributeur officiel et exculsive des produits de PURIS\",\"publisher\":{\"@id\":\"https:\/\/www.puris.ma\/#organization\"},\"potentialAction\":[{\"@type\":\"SearchAction\",\"target\":{\"@type\":\"EntryPoint\",\"urlTemplate\":\"https:\/\/www.puris.ma\/?s={search_term_string}\"},\"query-input\":{\"@type\":\"PropertyValueSpecification\",\"valueRequired\":true,\"valueName\":\"search_term_string\"}}],\"inLanguage\":\"en-US\"},{\"@type\":\"Organization\",\"@id\":\"https:\/\/www.puris.ma\/#organization\",\"name\":\"PURIS MAROC\",\"url\":\"https:\/\/www.puris.ma\/\",\"logo\":{\"@type\":\"ImageObject\",\"inLanguage\":\"en-US\",\"@id\":\"https:\/\/www.puris.ma\/#\/schema\/logo\/image\/\",\"url\":\"https:\/\/www.puris.ma\/wp-content\/uploads\/2023\/05\/PURIS-MAROC-8.png\",\"contentUrl\":\"https:\/\/www.puris.ma\/wp-content\/uploads\/2023\/05\/PURIS-MAROC-8.png\",\"width\":300,\"height\":75,\"caption\":\"PURIS MAROC\"},\"image\":{\"@id\":\"https:\/\/www.puris.ma\/#\/schema\/logo\/image\/\"},\"sameAs\":[\"https:\/\/web.facebook.com\/europa.mak.78\",\"https:\/\/www.instagram.com\/purismorocco\/\",\"https:\/\/www.linkedin.com\/company\/puris-morocco\/\"]}]}<\/script>\n<!-- \/ Yoast SEO plugin. -->","yoast_head_json":{"title":"Films de Protection de carosserie PPF Puris - PURIS MAROC - Film PPF 1\u00e8re Qualit\u00e9","description":"Le film de protection de peinture de PURIS est le nouveau film de protection de peinture con\u00e7u pour prot\u00e9ger la peinture des v\u00e9hicules contre les projections de gravillons, les rayures et les taches.","robots":{"index":"index","follow":"follow","max-snippet":"max-snippet:-1","max-image-preview":"max-image-preview:large","max-video-preview":"max-video-preview:-1"},"canonical":"https:\/\/www.puris.ma\/en\/product\/films-de-protection-de-carosserie-ppf-puris\/","og_locale":"en_US","og_type":"article","og_title":"Films de Protection de carosserie PPF Puris - PURIS MAROC - Film PPF 1\u00e8re Qualit\u00e9","og_description":"Le film de protection de peinture de PURIS est le nouveau film de protection de peinture con\u00e7u pour prot\u00e9ger la peinture des v\u00e9hicules contre les projections de gravillons, les rayures et les taches.","og_url":"https:\/\/www.puris.ma\/en\/product\/films-de-protection-de-carosserie-ppf-puris\/","og_site_name":"PURIS MAROC","article_publisher":"https:\/\/web.facebook.com\/europa.mak.78","article_modified_time":"2024-01-25T12:09:04+00:00","og_image":[{"width":1080,"height":1080,"url":"https:\/\/www.puris.ma\/wp-content\/uploads\/2024\/01\/Design-sans-titre-77-min.png","type":"image\/png"}],"twitter_card":"summary_large_image","twitter_misc":{"Est. reading time":"1 minute"},"schema":{"@context":"https:\/\/schema.org","@graph":[{"@type":"WebPage","@id":"https:\/\/www.puris.ma\/produit\/films-de-protection-de-carosserie-ppf-puris\/","url":"https:\/\/www.puris.ma\/produit\/films-de-protection-de-carosserie-ppf-puris\/","name":"Films de Protection de carosserie PPF Puris - PURIS MAROC - Film PPF 1\u00e8re Qualit\u00e9","isPartOf":{"@id":"https:\/\/www.puris.ma\/#website"},"primaryImageOfPage":{"@id":"https:\/\/www.puris.ma\/produit\/films-de-protection-de-carosserie-ppf-puris\/#primaryimage"},"image":{"@id":"https:\/\/www.puris.ma\/produit\/films-de-protection-de-carosserie-ppf-puris\/#primaryimage"},"thumbnailUrl":"https:\/\/www.puris.ma\/wp-content\/uploads\/2024\/01\/Design-sans-titre-77-min.png","datePublished":"2024-01-25T11:14:09+00:00","dateModified":"2024-01-25T12:09:04+00:00","description":"Le film de protection de peinture de PURIS est le nouveau film de protection de peinture con\u00e7u pour prot\u00e9ger la peinture des v\u00e9hicules contre les projections de gravillons, les rayures et les taches.","breadcrumb":{"@id":"https:\/\/www.puris.ma\/produit\/films-de-protection-de-carosserie-ppf-puris\/#breadcrumb"},"inLanguage":"en-US","potentialAction":[{"@type":"ReadAction","target":["https:\/\/www.puris.ma\/produit\/films-de-protection-de-carosserie-ppf-puris\/"]}]},{"@type":"ImageObject","inLanguage":"en-US","@id":"https:\/\/www.puris.ma\/produit\/films-de-protection-de-carosserie-ppf-puris\/#primaryimage","url":"https:\/\/www.puris.ma\/wp-content\/uploads\/2024\/01\/Design-sans-titre-77-min.png","contentUrl":"https:\/\/www.puris.ma\/wp-content\/uploads\/2024\/01\/Design-sans-titre-77-min.png","width":1080,"height":1080},{"@type":"BreadcrumbList","@id":"https:\/\/www.puris.ma\/produit\/films-de-protection-de-carosserie-ppf-puris\/#breadcrumb","itemListElement":[{"@type":"ListItem","position":1,"name":"Accueil","item":"https:\/\/www.puris.ma\/"},{"@type":"ListItem","position":2,"name":"Catalogue Produit","item":"https:\/\/www.puris.ma\/accueil\/catalogue-produit\/"},{"@type":"ListItem","position":3,"name":"Films de Protection de carosserie PPF Puris"}]},{"@type":"WebSite","@id":"https:\/\/www.puris.ma\/#website","url":"https:\/\/www.puris.ma\/","name":"PURIS MOROCCO","description":"Distributeur officiel et exculsive des produits de PURIS","publisher":{"@id":"https:\/\/www.puris.ma\/#organization"},"potentialAction":[{"@type":"SearchAction","target":{"@type":"EntryPoint","urlTemplate":"https:\/\/www.puris.ma\/?s={search_term_string}"},"query-input":{"@type":"PropertyValueSpecification","valueRequired":true,"valueName":"search_term_string"}}],"inLanguage":"en-US"},{"@type":"Organization","@id":"https:\/\/www.puris.ma\/#organization","name":"PURIS MOROCCO","url":"https:\/\/www.puris.ma\/","logo":{"@type":"ImageObject","inLanguage":"en-US","@id":"https:\/\/www.puris.ma\/#\/schema\/logo\/image\/","url":"https:\/\/www.puris.ma\/wp-content\/uploads\/2023\/05\/PURIS-MAROC-8.png","contentUrl":"https:\/\/www.puris.ma\/wp-content\/uploads\/2023\/05\/PURIS-MAROC-8.png","width":300,"height":75,"caption":"PURIS MAROC"},"image":{"@id":"https:\/\/www.puris.ma\/#\/schema\/logo\/image\/"},"sameAs":["https:\/\/web.facebook.com\/europa.mak.78","https:\/\/www.instagram.com\/purismorocco\/","https:\/\/www.linkedin.com\/company\/puris-morocco\/"]}]}},"_links":{"self":[{"href":"https:\/\/www.puris.ma\/en\/wp-json\/wp\/v2\/product\/3611","targetHints":{"allow":["GET"]}}],"collection":[{"href":"https:\/\/www.puris.ma\/en\/wp-json\/wp\/v2\/product"}],"about":[{"href":"https:\/\/www.puris.ma\/en\/wp-json\/wp\/v2\/types\/product"}],"wp:featuredmedia":[{"embeddable":true,"href":"https:\/\/www.puris.ma\/en\/wp-json\/wp\/v2\/media\/3635"}],"wp:attachment":[{"href":"https:\/\/www.puris.ma\/en\/wp-json\/wp\/v2\/media?parent=3611"}],"wp:term":[{"taxonomy":"product_brand","embeddable":true,"href":"https:\/\/www.puris.ma\/en\/wp-json\/wp\/v2\/product_brand?post=3611"},{"taxonomy":"product_cat","embeddable":true,"href":"https:\/\/www.puris.ma\/en\/wp-json\/wp\/v2\/product_cat?post=3611"},{"taxonomy":"product_tag","embeddable":true,"href":"https:\/\/www.puris.ma\/en\/wp-json\/wp\/v2\/product_tag?post=3611"}],"curies":[{"name":"wp","href":"https:\/\/api.w.org\/{rel}","templated":true}]}}