{"id":3682,"date":"2025-07-14T10:34:00","date_gmt":"2025-07-14T10:34:00","guid":{"rendered":"https:\/\/www.puris.ma\/?post_type=product&#038;p=3682"},"modified":"2025-07-14T11:59:35","modified_gmt":"2025-07-14T11:59:35","slug":"ultra-fast-compound","status":"publish","type":"product","link":"https:\/\/www.puris.ma\/en\/product\/ultra-fast-compound\/","title":{"rendered":"Ultra fast compound"},"content":{"rendered":"<p>Notre <strong data-start=\"6\" data-end=\"40\">compound de performance ultime<\/strong>.<br data-start=\"41\" data-end=\"44\" \/>\u00c0 utiliser avec un tampon en laine ou en mousse pour des r\u00e9sultats exceptionnels.<br data-start=\"125\" data-end=\"128\" \/>Con\u00e7u pour corriger les rayures de grain P1200 ou plus fines, sur peinture fra\u00eeche ou ancienne.<br data-start=\"223\" data-end=\"226\" \/>Gr\u00e2ce \u00e0 une technologie d\u2019abrasifs \u00e0 pouvoir diminuant, il cr\u00e9e son propre effet de polissage.<br data-start=\"320\" data-end=\"323\" \/>Finition brillante avec des r\u00e9sultats permanents, <strong data-start=\"373\" data-end=\"403\">sans agents de remplissage<\/strong>.<br data-start=\"404\" data-end=\"407\" \/>Syst\u00e8me d\u2019\u00e9mulsion r\u00e9volutionnaire transportant des micro-abrasifs uniques.<br data-start=\"482\" data-end=\"485\" \/>Nettoyage facile, <strong data-start=\"503\" data-end=\"520\">sans silicone<\/strong>, et simple \u00e0 utiliser pour tous !<\/p>","protected":false},"excerpt":{"rendered":"<p>Notre compound de performance ultime.\u00c0 utiliser avec un tampon en laine ou en mousse pour des r\u00e9sultats exceptionnels.Con\u00e7u pour corriger les rayures de grain P1200 ou plus fines, sur peinture fra\u00eeche ou ancienne.Gr\u00e2ce \u00e0 une technologie d\u2019abrasifs \u00e0 pouvoir diminuant, il cr\u00e9e son propre effet de polissage.Finition brillante avec des r\u00e9sultats permanents, sans agents de [&hellip;]<\/p>","protected":false},"featured_media":3683,"template":"","meta":[],"product_brand":[],"product_cat":[29],"product_tag":[],"class_list":{"0":"post-3682","1":"product","2":"type-product","3":"status-publish","4":"has-post-thumbnail","6":"product_cat-polish-abrasifs","8":"first","9":"instock","10":"shipping-taxable","11":"product-type-simple"},"yoast_head":"<!-- This site is optimized with the Yoast SEO plugin v26.3 - https:\/\/yoast.com\/wordpress\/plugins\/seo\/ -->\n<title>Ultra fast compound - PURIS MAROC<\/title>\n<meta name=\"robots\" content=\"index, follow, max-snippet:-1, max-image-preview:large, max-video-preview:-1\" \/>\n<link rel=\"canonical\" href=\"https:\/\/www.puris.ma\/en\/product\/ultra-fast-compound\/\" \/>\n<meta property=\"og:locale\" content=\"en_US\" \/>\n<meta property=\"og:type\" content=\"article\" \/>\n<meta property=\"og:title\" content=\"Ultra fast compound - PURIS MAROC\" \/>\n<meta property=\"og:description\" content=\"Notre compound de performance ultime.\u00c0 utiliser avec un tampon en laine ou en mousse pour des r\u00e9sultats exceptionnels.Con\u00e7u pour corriger les rayures de grain P1200 ou plus fines, sur peinture fra\u00eeche ou ancienne.Gr\u00e2ce \u00e0 une technologie d\u2019abrasifs \u00e0 pouvoir diminuant, il cr\u00e9e son propre effet de polissage.Finition brillante avec des r\u00e9sultats permanents, sans agents de [&hellip;]\" \/>\n<meta property=\"og:url\" content=\"https:\/\/www.puris.ma\/en\/product\/ultra-fast-compound\/\" \/>\n<meta property=\"og:site_name\" content=\"PURIS MAROC\" \/>\n<meta property=\"article:publisher\" content=\"https:\/\/web.facebook.com\/europa.mak.78\" \/>\n<meta property=\"article:modified_time\" content=\"2025-07-14T11:59:35+00:00\" \/>\n<meta property=\"og:image\" content=\"https:\/\/www.puris.ma\/wp-content\/uploads\/2025\/07\/WhatsApp-Image-2025-07-10-a-12.57.25_01fc5af6-min.jpg\" \/>\n\t<meta property=\"og:image:width\" content=\"660\" \/>\n\t<meta property=\"og:image:height\" content=\"705\" \/>\n\t<meta property=\"og:image:type\" content=\"image\/jpeg\" \/>\n<meta name=\"twitter:card\" content=\"summary_large_image\" \/>\n<meta name=\"twitter:label1\" content=\"Est. reading time\" \/>\n\t<meta name=\"twitter:data1\" content=\"1 minute\" \/>\n<script type=\"application\/ld+json\" class=\"yoast-schema-graph\">{\"@context\":\"https:\/\/schema.org\",\"@graph\":[{\"@type\":\"WebPage\",\"@id\":\"https:\/\/www.puris.ma\/produit\/ultra-fast-compound\/\",\"url\":\"https:\/\/www.puris.ma\/produit\/ultra-fast-compound\/\",\"name\":\"Ultra fast compound - PURIS MAROC\",\"isPartOf\":{\"@id\":\"https:\/\/www.puris.ma\/#website\"},\"primaryImageOfPage\":{\"@id\":\"https:\/\/www.puris.ma\/produit\/ultra-fast-compound\/#primaryimage\"},\"image\":{\"@id\":\"https:\/\/www.puris.ma\/produit\/ultra-fast-compound\/#primaryimage\"},\"thumbnailUrl\":\"https:\/\/www.puris.ma\/wp-content\/uploads\/2025\/07\/WhatsApp-Image-2025-07-10-a-12.57.25_01fc5af6-min.jpg\",\"datePublished\":\"2025-07-14T10:34:00+00:00\",\"dateModified\":\"2025-07-14T11:59:35+00:00\",\"breadcrumb\":{\"@id\":\"https:\/\/www.puris.ma\/produit\/ultra-fast-compound\/#breadcrumb\"},\"inLanguage\":\"en-US\",\"potentialAction\":[{\"@type\":\"ReadAction\",\"target\":[\"https:\/\/www.puris.ma\/produit\/ultra-fast-compound\/\"]}]},{\"@type\":\"ImageObject\",\"inLanguage\":\"en-US\",\"@id\":\"https:\/\/www.puris.ma\/produit\/ultra-fast-compound\/#primaryimage\",\"url\":\"https:\/\/www.puris.ma\/wp-content\/uploads\/2025\/07\/WhatsApp-Image-2025-07-10-a-12.57.25_01fc5af6-min.jpg\",\"contentUrl\":\"https:\/\/www.puris.ma\/wp-content\/uploads\/2025\/07\/WhatsApp-Image-2025-07-10-a-12.57.25_01fc5af6-min.jpg\",\"width\":660,\"height\":705},{\"@type\":\"BreadcrumbList\",\"@id\":\"https:\/\/www.puris.ma\/produit\/ultra-fast-compound\/#breadcrumb\",\"itemListElement\":[{\"@type\":\"ListItem\",\"position\":1,\"name\":\"Accueil\",\"item\":\"https:\/\/www.puris.ma\/\"},{\"@type\":\"ListItem\",\"position\":2,\"name\":\"Catalogue Produit\",\"item\":\"https:\/\/www.puris.ma\/accueil\/catalogue-produit\/\"},{\"@type\":\"ListItem\",\"position\":3,\"name\":\"Ultra fast compound\"}]},{\"@type\":\"WebSite\",\"@id\":\"https:\/\/www.puris.ma\/#website\",\"url\":\"https:\/\/www.puris.ma\/\",\"name\":\"PURIS MAROC\",\"description\":\"Distributeur officiel et exculsive des produits de PURIS\",\"publisher\":{\"@id\":\"https:\/\/www.puris.ma\/#organization\"},\"potentialAction\":[{\"@type\":\"SearchAction\",\"target\":{\"@type\":\"EntryPoint\",\"urlTemplate\":\"https:\/\/www.puris.ma\/?s={search_term_string}\"},\"query-input\":{\"@type\":\"PropertyValueSpecification\",\"valueRequired\":true,\"valueName\":\"search_term_string\"}}],\"inLanguage\":\"en-US\"},{\"@type\":\"Organization\",\"@id\":\"https:\/\/www.puris.ma\/#organization\",\"name\":\"PURIS MAROC\",\"url\":\"https:\/\/www.puris.ma\/\",\"logo\":{\"@type\":\"ImageObject\",\"inLanguage\":\"en-US\",\"@id\":\"https:\/\/www.puris.ma\/#\/schema\/logo\/image\/\",\"url\":\"https:\/\/www.puris.ma\/wp-content\/uploads\/2023\/05\/PURIS-MAROC-8.png\",\"contentUrl\":\"https:\/\/www.puris.ma\/wp-content\/uploads\/2023\/05\/PURIS-MAROC-8.png\",\"width\":300,\"height\":75,\"caption\":\"PURIS MAROC\"},\"image\":{\"@id\":\"https:\/\/www.puris.ma\/#\/schema\/logo\/image\/\"},\"sameAs\":[\"https:\/\/web.facebook.com\/europa.mak.78\",\"https:\/\/www.instagram.com\/purismorocco\/\",\"https:\/\/www.linkedin.com\/company\/puris-morocco\/\"]}]}<\/script>\n<!-- \/ Yoast SEO plugin. -->","yoast_head_json":{"title":"Ultra fast compound - PURIS MAROC","robots":{"index":"index","follow":"follow","max-snippet":"max-snippet:-1","max-image-preview":"max-image-preview:large","max-video-preview":"max-video-preview:-1"},"canonical":"https:\/\/www.puris.ma\/en\/product\/ultra-fast-compound\/","og_locale":"en_US","og_type":"article","og_title":"Ultra fast compound - PURIS MAROC","og_description":"Notre compound de performance ultime.\u00c0 utiliser avec un tampon en laine ou en mousse pour des r\u00e9sultats exceptionnels.Con\u00e7u pour corriger les rayures de grain P1200 ou plus fines, sur peinture fra\u00eeche ou ancienne.Gr\u00e2ce \u00e0 une technologie d\u2019abrasifs \u00e0 pouvoir diminuant, il cr\u00e9e son propre effet de polissage.Finition brillante avec des r\u00e9sultats permanents, sans agents de [&hellip;]","og_url":"https:\/\/www.puris.ma\/en\/product\/ultra-fast-compound\/","og_site_name":"PURIS MAROC","article_publisher":"https:\/\/web.facebook.com\/europa.mak.78","article_modified_time":"2025-07-14T11:59:35+00:00","og_image":[{"width":660,"height":705,"url":"https:\/\/www.puris.ma\/wp-content\/uploads\/2025\/07\/WhatsApp-Image-2025-07-10-a-12.57.25_01fc5af6-min.jpg","type":"image\/jpeg"}],"twitter_card":"summary_large_image","twitter_misc":{"Est. reading time":"1 minute"},"schema":{"@context":"https:\/\/schema.org","@graph":[{"@type":"WebPage","@id":"https:\/\/www.puris.ma\/produit\/ultra-fast-compound\/","url":"https:\/\/www.puris.ma\/produit\/ultra-fast-compound\/","name":"Ultra fast compound - PURIS MAROC","isPartOf":{"@id":"https:\/\/www.puris.ma\/#website"},"primaryImageOfPage":{"@id":"https:\/\/www.puris.ma\/produit\/ultra-fast-compound\/#primaryimage"},"image":{"@id":"https:\/\/www.puris.ma\/produit\/ultra-fast-compound\/#primaryimage"},"thumbnailUrl":"https:\/\/www.puris.ma\/wp-content\/uploads\/2025\/07\/WhatsApp-Image-2025-07-10-a-12.57.25_01fc5af6-min.jpg","datePublished":"2025-07-14T10:34:00+00:00","dateModified":"2025-07-14T11:59:35+00:00","breadcrumb":{"@id":"https:\/\/www.puris.ma\/produit\/ultra-fast-compound\/#breadcrumb"},"inLanguage":"en-US","potentialAction":[{"@type":"ReadAction","target":["https:\/\/www.puris.ma\/produit\/ultra-fast-compound\/"]}]},{"@type":"ImageObject","inLanguage":"en-US","@id":"https:\/\/www.puris.ma\/produit\/ultra-fast-compound\/#primaryimage","url":"https:\/\/www.puris.ma\/wp-content\/uploads\/2025\/07\/WhatsApp-Image-2025-07-10-a-12.57.25_01fc5af6-min.jpg","contentUrl":"https:\/\/www.puris.ma\/wp-content\/uploads\/2025\/07\/WhatsApp-Image-2025-07-10-a-12.57.25_01fc5af6-min.jpg","width":660,"height":705},{"@type":"BreadcrumbList","@id":"https:\/\/www.puris.ma\/produit\/ultra-fast-compound\/#breadcrumb","itemListElement":[{"@type":"ListItem","position":1,"name":"Accueil","item":"https:\/\/www.puris.ma\/"},{"@type":"ListItem","position":2,"name":"Catalogue Produit","item":"https:\/\/www.puris.ma\/accueil\/catalogue-produit\/"},{"@type":"ListItem","position":3,"name":"Ultra fast compound"}]},{"@type":"WebSite","@id":"https:\/\/www.puris.ma\/#website","url":"https:\/\/www.puris.ma\/","name":"PURIS MOROCCO","description":"Distributeur officiel et exculsive des produits de PURIS","publisher":{"@id":"https:\/\/www.puris.ma\/#organization"},"potentialAction":[{"@type":"SearchAction","target":{"@type":"EntryPoint","urlTemplate":"https:\/\/www.puris.ma\/?s={search_term_string}"},"query-input":{"@type":"PropertyValueSpecification","valueRequired":true,"valueName":"search_term_string"}}],"inLanguage":"en-US"},{"@type":"Organization","@id":"https:\/\/www.puris.ma\/#organization","name":"PURIS MOROCCO","url":"https:\/\/www.puris.ma\/","logo":{"@type":"ImageObject","inLanguage":"en-US","@id":"https:\/\/www.puris.ma\/#\/schema\/logo\/image\/","url":"https:\/\/www.puris.ma\/wp-content\/uploads\/2023\/05\/PURIS-MAROC-8.png","contentUrl":"https:\/\/www.puris.ma\/wp-content\/uploads\/2023\/05\/PURIS-MAROC-8.png","width":300,"height":75,"caption":"PURIS MAROC"},"image":{"@id":"https:\/\/www.puris.ma\/#\/schema\/logo\/image\/"},"sameAs":["https:\/\/web.facebook.com\/europa.mak.78","https:\/\/www.instagram.com\/purismorocco\/","https:\/\/www.linkedin.com\/company\/puris-morocco\/"]}]}},"_links":{"self":[{"href":"https:\/\/www.puris.ma\/en\/wp-json\/wp\/v2\/product\/3682","targetHints":{"allow":["GET"]}}],"collection":[{"href":"https:\/\/www.puris.ma\/en\/wp-json\/wp\/v2\/product"}],"about":[{"href":"https:\/\/www.puris.ma\/en\/wp-json\/wp\/v2\/types\/product"}],"wp:featuredmedia":[{"embeddable":true,"href":"https:\/\/www.puris.ma\/en\/wp-json\/wp\/v2\/media\/3683"}],"wp:attachment":[{"href":"https:\/\/www.puris.ma\/en\/wp-json\/wp\/v2\/media?parent=3682"}],"wp:term":[{"taxonomy":"product_brand","embeddable":true,"href":"https:\/\/www.puris.ma\/en\/wp-json\/wp\/v2\/product_brand?post=3682"},{"taxonomy":"product_cat","embeddable":true,"href":"https:\/\/www.puris.ma\/en\/wp-json\/wp\/v2\/product_cat?post=3682"},{"taxonomy":"product_tag","embeddable":true,"href":"https:\/\/www.puris.ma\/en\/wp-json\/wp\/v2\/product_tag?post=3682"}],"curies":[{"name":"wp","href":"https:\/\/api.w.org\/{rel}","templated":true}]}}