{"id":3684,"date":"2025-07-14T10:39:05","date_gmt":"2025-07-14T10:39:05","guid":{"rendered":"https:\/\/www.puris.ma\/?post_type=product&#038;p=3684"},"modified":"2025-07-14T11:57:30","modified_gmt":"2025-07-14T11:57:30","slug":"serviette-de-sechage-absorbante","status":"publish","type":"product","link":"https:\/\/www.puris.ma\/en\/product\/serviette-de-sechage-absorbante\/","title":{"rendered":"Serviette de s\u00e9chage absorbante"},"content":{"rendered":"<p data-start=\"0\" data-end=\"257\">Une <strong data-start=\"4\" data-end=\"45\">serviette de s\u00e9chage ultra-absorbante<\/strong> d&rsquo;une efficacit\u00e9 remarquable, con\u00e7ue avec des <strong data-start=\"92\" data-end=\"127\">microfibres \u00e0 boucles torsad\u00e9es<\/strong>.<br data-start=\"128\" data-end=\"131\" \/>Ces fibres torsad\u00e9es r\u00e9duisent la friction sur la peinture, permettant un s\u00e9chage <strong data-start=\"213\" data-end=\"256\">extr\u00eamement rapide et en toute s\u00e9curit\u00e9<\/strong>.<\/p>\n<p data-start=\"259\" data-end=\"339\" data-is-last-node=\"\" data-is-only-node=\"\"><strong data-start=\"259\" data-end=\"273\">Dimensions<\/strong> : 50 x 80 cm<br data-start=\"286\" data-end=\"289\" data-is-only-node=\"\" \/><strong data-start=\"289\" data-end=\"301\">Grammage<\/strong> : 1200 g\/m\u00b2 (grammes par m\u00e8tre carr\u00e9)<\/p>","protected":false},"excerpt":{"rendered":"<p>Une serviette de s\u00e9chage ultra-absorbante d&rsquo;une efficacit\u00e9 remarquable, con\u00e7ue avec des microfibres \u00e0 boucles torsad\u00e9es.Ces fibres torsad\u00e9es r\u00e9duisent la friction sur la peinture, permettant un s\u00e9chage extr\u00eamement rapide et en toute s\u00e9curit\u00e9. Dimensions : 50 x 80 cmGrammage : 1200 g\/m\u00b2 (grammes par m\u00e8tre carr\u00e9)<\/p>","protected":false},"featured_media":3685,"template":"","meta":[],"product_brand":[],"product_cat":[51],"product_tag":[],"class_list":{"0":"post-3684","1":"product","2":"type-product","3":"status-publish","4":"has-post-thumbnail","6":"product_cat-accessoires","8":"first","9":"instock","10":"shipping-taxable","11":"product-type-simple"},"yoast_head":"<!-- This site is optimized with the Yoast SEO plugin v26.3 - https:\/\/yoast.com\/wordpress\/plugins\/seo\/ -->\n<title>Serviette de s\u00e9chage absorbante - PURIS MAROC<\/title>\n<meta name=\"robots\" content=\"index, follow, max-snippet:-1, max-image-preview:large, max-video-preview:-1\" \/>\n<link rel=\"canonical\" href=\"https:\/\/www.puris.ma\/en\/product\/serviette-de-sechage-absorbante\/\" \/>\n<meta property=\"og:locale\" content=\"en_US\" \/>\n<meta property=\"og:type\" content=\"article\" \/>\n<meta property=\"og:title\" content=\"Serviette de s\u00e9chage absorbante - PURIS MAROC\" \/>\n<meta property=\"og:description\" content=\"Une serviette de s\u00e9chage ultra-absorbante d&rsquo;une efficacit\u00e9 remarquable, con\u00e7ue avec des microfibres \u00e0 boucles torsad\u00e9es.Ces fibres torsad\u00e9es r\u00e9duisent la friction sur la peinture, permettant un s\u00e9chage extr\u00eamement rapide et en toute s\u00e9curit\u00e9. Dimensions : 50 x 80 cmGrammage : 1200 g\/m\u00b2 (grammes par m\u00e8tre carr\u00e9)\" \/>\n<meta property=\"og:url\" content=\"https:\/\/www.puris.ma\/en\/product\/serviette-de-sechage-absorbante\/\" \/>\n<meta property=\"og:site_name\" content=\"PURIS MAROC\" \/>\n<meta property=\"article:publisher\" content=\"https:\/\/web.facebook.com\/europa.mak.78\" \/>\n<meta property=\"article:modified_time\" content=\"2025-07-14T11:57:30+00:00\" \/>\n<meta property=\"og:image\" content=\"https:\/\/www.puris.ma\/wp-content\/uploads\/2025\/07\/WhatsApp-Image-2025-07-10-a-12.58.01_5367a799.jpg\" \/>\n\t<meta property=\"og:image:width\" content=\"694\" \/>\n\t<meta property=\"og:image:height\" content=\"558\" \/>\n\t<meta property=\"og:image:type\" content=\"image\/jpeg\" \/>\n<meta name=\"twitter:card\" content=\"summary_large_image\" \/>\n<meta name=\"twitter:label1\" content=\"Est. reading time\" \/>\n\t<meta name=\"twitter:data1\" content=\"1 minute\" \/>\n<script type=\"application\/ld+json\" class=\"yoast-schema-graph\">{\"@context\":\"https:\/\/schema.org\",\"@graph\":[{\"@type\":\"WebPage\",\"@id\":\"https:\/\/www.puris.ma\/produit\/serviette-de-sechage-absorbante\/\",\"url\":\"https:\/\/www.puris.ma\/produit\/serviette-de-sechage-absorbante\/\",\"name\":\"Serviette de s\u00e9chage absorbante - PURIS MAROC\",\"isPartOf\":{\"@id\":\"https:\/\/www.puris.ma\/#website\"},\"primaryImageOfPage\":{\"@id\":\"https:\/\/www.puris.ma\/produit\/serviette-de-sechage-absorbante\/#primaryimage\"},\"image\":{\"@id\":\"https:\/\/www.puris.ma\/produit\/serviette-de-sechage-absorbante\/#primaryimage\"},\"thumbnailUrl\":\"https:\/\/www.puris.ma\/wp-content\/uploads\/2025\/07\/WhatsApp-Image-2025-07-10-a-12.58.01_5367a799.jpg\",\"datePublished\":\"2025-07-14T10:39:05+00:00\",\"dateModified\":\"2025-07-14T11:57:30+00:00\",\"breadcrumb\":{\"@id\":\"https:\/\/www.puris.ma\/produit\/serviette-de-sechage-absorbante\/#breadcrumb\"},\"inLanguage\":\"en-US\",\"potentialAction\":[{\"@type\":\"ReadAction\",\"target\":[\"https:\/\/www.puris.ma\/produit\/serviette-de-sechage-absorbante\/\"]}]},{\"@type\":\"ImageObject\",\"inLanguage\":\"en-US\",\"@id\":\"https:\/\/www.puris.ma\/produit\/serviette-de-sechage-absorbante\/#primaryimage\",\"url\":\"https:\/\/www.puris.ma\/wp-content\/uploads\/2025\/07\/WhatsApp-Image-2025-07-10-a-12.58.01_5367a799.jpg\",\"contentUrl\":\"https:\/\/www.puris.ma\/wp-content\/uploads\/2025\/07\/WhatsApp-Image-2025-07-10-a-12.58.01_5367a799.jpg\",\"width\":694,\"height\":558},{\"@type\":\"BreadcrumbList\",\"@id\":\"https:\/\/www.puris.ma\/produit\/serviette-de-sechage-absorbante\/#breadcrumb\",\"itemListElement\":[{\"@type\":\"ListItem\",\"position\":1,\"name\":\"Accueil\",\"item\":\"https:\/\/www.puris.ma\/\"},{\"@type\":\"ListItem\",\"position\":2,\"name\":\"Catalogue Produit\",\"item\":\"https:\/\/www.puris.ma\/accueil\/catalogue-produit\/\"},{\"@type\":\"ListItem\",\"position\":3,\"name\":\"Serviette de s\u00e9chage absorbante\"}]},{\"@type\":\"WebSite\",\"@id\":\"https:\/\/www.puris.ma\/#website\",\"url\":\"https:\/\/www.puris.ma\/\",\"name\":\"PURIS MAROC\",\"description\":\"Distributeur officiel et exculsive des produits de PURIS\",\"publisher\":{\"@id\":\"https:\/\/www.puris.ma\/#organization\"},\"potentialAction\":[{\"@type\":\"SearchAction\",\"target\":{\"@type\":\"EntryPoint\",\"urlTemplate\":\"https:\/\/www.puris.ma\/?s={search_term_string}\"},\"query-input\":{\"@type\":\"PropertyValueSpecification\",\"valueRequired\":true,\"valueName\":\"search_term_string\"}}],\"inLanguage\":\"en-US\"},{\"@type\":\"Organization\",\"@id\":\"https:\/\/www.puris.ma\/#organization\",\"name\":\"PURIS MAROC\",\"url\":\"https:\/\/www.puris.ma\/\",\"logo\":{\"@type\":\"ImageObject\",\"inLanguage\":\"en-US\",\"@id\":\"https:\/\/www.puris.ma\/#\/schema\/logo\/image\/\",\"url\":\"https:\/\/www.puris.ma\/wp-content\/uploads\/2023\/05\/PURIS-MAROC-8.png\",\"contentUrl\":\"https:\/\/www.puris.ma\/wp-content\/uploads\/2023\/05\/PURIS-MAROC-8.png\",\"width\":300,\"height\":75,\"caption\":\"PURIS MAROC\"},\"image\":{\"@id\":\"https:\/\/www.puris.ma\/#\/schema\/logo\/image\/\"},\"sameAs\":[\"https:\/\/web.facebook.com\/europa.mak.78\",\"https:\/\/www.instagram.com\/purismorocco\/\",\"https:\/\/www.linkedin.com\/company\/puris-morocco\/\"]}]}<\/script>\n<!-- \/ Yoast SEO plugin. -->","yoast_head_json":{"title":"Serviette de s\u00e9chage absorbante - PURIS MAROC","robots":{"index":"index","follow":"follow","max-snippet":"max-snippet:-1","max-image-preview":"max-image-preview:large","max-video-preview":"max-video-preview:-1"},"canonical":"https:\/\/www.puris.ma\/en\/product\/serviette-de-sechage-absorbante\/","og_locale":"en_US","og_type":"article","og_title":"Serviette de s\u00e9chage absorbante - PURIS MAROC","og_description":"Une serviette de s\u00e9chage ultra-absorbante d&rsquo;une efficacit\u00e9 remarquable, con\u00e7ue avec des microfibres \u00e0 boucles torsad\u00e9es.Ces fibres torsad\u00e9es r\u00e9duisent la friction sur la peinture, permettant un s\u00e9chage extr\u00eamement rapide et en toute s\u00e9curit\u00e9. Dimensions : 50 x 80 cmGrammage : 1200 g\/m\u00b2 (grammes par m\u00e8tre carr\u00e9)","og_url":"https:\/\/www.puris.ma\/en\/product\/serviette-de-sechage-absorbante\/","og_site_name":"PURIS MAROC","article_publisher":"https:\/\/web.facebook.com\/europa.mak.78","article_modified_time":"2025-07-14T11:57:30+00:00","og_image":[{"width":694,"height":558,"url":"https:\/\/www.puris.ma\/wp-content\/uploads\/2025\/07\/WhatsApp-Image-2025-07-10-a-12.58.01_5367a799.jpg","type":"image\/jpeg"}],"twitter_card":"summary_large_image","twitter_misc":{"Est. reading time":"1 minute"},"schema":{"@context":"https:\/\/schema.org","@graph":[{"@type":"WebPage","@id":"https:\/\/www.puris.ma\/produit\/serviette-de-sechage-absorbante\/","url":"https:\/\/www.puris.ma\/produit\/serviette-de-sechage-absorbante\/","name":"Serviette de s\u00e9chage absorbante - PURIS MAROC","isPartOf":{"@id":"https:\/\/www.puris.ma\/#website"},"primaryImageOfPage":{"@id":"https:\/\/www.puris.ma\/produit\/serviette-de-sechage-absorbante\/#primaryimage"},"image":{"@id":"https:\/\/www.puris.ma\/produit\/serviette-de-sechage-absorbante\/#primaryimage"},"thumbnailUrl":"https:\/\/www.puris.ma\/wp-content\/uploads\/2025\/07\/WhatsApp-Image-2025-07-10-a-12.58.01_5367a799.jpg","datePublished":"2025-07-14T10:39:05+00:00","dateModified":"2025-07-14T11:57:30+00:00","breadcrumb":{"@id":"https:\/\/www.puris.ma\/produit\/serviette-de-sechage-absorbante\/#breadcrumb"},"inLanguage":"en-US","potentialAction":[{"@type":"ReadAction","target":["https:\/\/www.puris.ma\/produit\/serviette-de-sechage-absorbante\/"]}]},{"@type":"ImageObject","inLanguage":"en-US","@id":"https:\/\/www.puris.ma\/produit\/serviette-de-sechage-absorbante\/#primaryimage","url":"https:\/\/www.puris.ma\/wp-content\/uploads\/2025\/07\/WhatsApp-Image-2025-07-10-a-12.58.01_5367a799.jpg","contentUrl":"https:\/\/www.puris.ma\/wp-content\/uploads\/2025\/07\/WhatsApp-Image-2025-07-10-a-12.58.01_5367a799.jpg","width":694,"height":558},{"@type":"BreadcrumbList","@id":"https:\/\/www.puris.ma\/produit\/serviette-de-sechage-absorbante\/#breadcrumb","itemListElement":[{"@type":"ListItem","position":1,"name":"Accueil","item":"https:\/\/www.puris.ma\/"},{"@type":"ListItem","position":2,"name":"Catalogue Produit","item":"https:\/\/www.puris.ma\/accueil\/catalogue-produit\/"},{"@type":"ListItem","position":3,"name":"Serviette de s\u00e9chage absorbante"}]},{"@type":"WebSite","@id":"https:\/\/www.puris.ma\/#website","url":"https:\/\/www.puris.ma\/","name":"PURIS MOROCCO","description":"Distributeur officiel et exculsive des produits de PURIS","publisher":{"@id":"https:\/\/www.puris.ma\/#organization"},"potentialAction":[{"@type":"SearchAction","target":{"@type":"EntryPoint","urlTemplate":"https:\/\/www.puris.ma\/?s={search_term_string}"},"query-input":{"@type":"PropertyValueSpecification","valueRequired":true,"valueName":"search_term_string"}}],"inLanguage":"en-US"},{"@type":"Organization","@id":"https:\/\/www.puris.ma\/#organization","name":"PURIS MOROCCO","url":"https:\/\/www.puris.ma\/","logo":{"@type":"ImageObject","inLanguage":"en-US","@id":"https:\/\/www.puris.ma\/#\/schema\/logo\/image\/","url":"https:\/\/www.puris.ma\/wp-content\/uploads\/2023\/05\/PURIS-MAROC-8.png","contentUrl":"https:\/\/www.puris.ma\/wp-content\/uploads\/2023\/05\/PURIS-MAROC-8.png","width":300,"height":75,"caption":"PURIS MAROC"},"image":{"@id":"https:\/\/www.puris.ma\/#\/schema\/logo\/image\/"},"sameAs":["https:\/\/web.facebook.com\/europa.mak.78","https:\/\/www.instagram.com\/purismorocco\/","https:\/\/www.linkedin.com\/company\/puris-morocco\/"]}]}},"_links":{"self":[{"href":"https:\/\/www.puris.ma\/en\/wp-json\/wp\/v2\/product\/3684","targetHints":{"allow":["GET"]}}],"collection":[{"href":"https:\/\/www.puris.ma\/en\/wp-json\/wp\/v2\/product"}],"about":[{"href":"https:\/\/www.puris.ma\/en\/wp-json\/wp\/v2\/types\/product"}],"wp:featuredmedia":[{"embeddable":true,"href":"https:\/\/www.puris.ma\/en\/wp-json\/wp\/v2\/media\/3685"}],"wp:attachment":[{"href":"https:\/\/www.puris.ma\/en\/wp-json\/wp\/v2\/media?parent=3684"}],"wp:term":[{"taxonomy":"product_brand","embeddable":true,"href":"https:\/\/www.puris.ma\/en\/wp-json\/wp\/v2\/product_brand?post=3684"},{"taxonomy":"product_cat","embeddable":true,"href":"https:\/\/www.puris.ma\/en\/wp-json\/wp\/v2\/product_cat?post=3684"},{"taxonomy":"product_tag","embeddable":true,"href":"https:\/\/www.puris.ma\/en\/wp-json\/wp\/v2\/product_tag?post=3684"}],"curies":[{"name":"wp","href":"https:\/\/api.w.org\/{rel}","templated":true}]}}