{"id":3686,"date":"2025-07-14T10:44:27","date_gmt":"2025-07-14T10:44:27","guid":{"rendered":"https:\/\/www.puris.ma\/?post_type=product&#038;p=3686"},"modified":"2025-07-14T11:57:19","modified_gmt":"2025-07-14T11:57:19","slug":"lot-de-3-brosses-wheel-woolie","status":"publish","type":"product","link":"https:\/\/www.puris.ma\/en\/product\/lot-de-3-brosses-wheel-woolie\/","title":{"rendered":"Lot de 3 brosses Wheel Woolie"},"content":{"rendered":"<p data-start=\"0\" data-end=\"154\">Nos <strong data-start=\"4\" data-end=\"21\">Wheel Woolies<\/strong> sont r\u00e9sistantes aux nettoyants alcalins et acides.<br data-start=\"73\" data-end=\"76\" \/>Un rin\u00e7age apr\u00e8s utilisation est recommand\u00e9, suivi d\u2019un s\u00e9chage \u00e0 l\u2019air libre.<\/p>\n<p data-start=\"156\" data-end=\"185\" data-is-last-node=\"\" data-is-only-node=\"\"><strong data-start=\"156\" data-end=\"167\">Tailles<\/strong> : 30 &#8211; 35 &#8211; 48 cm<\/p>","protected":false},"excerpt":{"rendered":"<p>Nos Wheel Woolies sont r\u00e9sistantes aux nettoyants alcalins et acides.Un rin\u00e7age apr\u00e8s utilisation est recommand\u00e9, suivi d\u2019un s\u00e9chage \u00e0 l\u2019air libre. Tailles : 30 &#8211; 35 &#8211; 48 cm<\/p>","protected":false},"featured_media":3688,"template":"","meta":[],"product_brand":[],"product_cat":[51],"product_tag":[],"class_list":{"0":"post-3686","1":"product","2":"type-product","3":"status-publish","4":"has-post-thumbnail","6":"product_cat-accessoires","8":"first","9":"instock","10":"shipping-taxable","11":"product-type-simple"},"yoast_head":"<!-- This site is optimized with the Yoast SEO plugin v26.3 - https:\/\/yoast.com\/wordpress\/plugins\/seo\/ -->\n<title>Lot de 3 brosses Wheel Woolie - PURIS MAROC<\/title>\n<meta name=\"robots\" content=\"index, follow, max-snippet:-1, max-image-preview:large, max-video-preview:-1\" \/>\n<link rel=\"canonical\" href=\"https:\/\/www.puris.ma\/en\/product\/lot-de-3-brosses-wheel-woolie\/\" \/>\n<meta property=\"og:locale\" content=\"en_US\" \/>\n<meta property=\"og:type\" content=\"article\" \/>\n<meta property=\"og:title\" content=\"Lot de 3 brosses Wheel Woolie - PURIS MAROC\" \/>\n<meta property=\"og:description\" content=\"Nos Wheel Woolies sont r\u00e9sistantes aux nettoyants alcalins et acides.Un rin\u00e7age apr\u00e8s utilisation est recommand\u00e9, suivi d\u2019un s\u00e9chage \u00e0 l\u2019air libre. Tailles : 30 &#8211; 35 &#8211; 48 cm\" \/>\n<meta property=\"og:url\" content=\"https:\/\/www.puris.ma\/en\/product\/lot-de-3-brosses-wheel-woolie\/\" \/>\n<meta property=\"og:site_name\" content=\"PURIS MAROC\" \/>\n<meta property=\"article:publisher\" content=\"https:\/\/web.facebook.com\/europa.mak.78\" \/>\n<meta property=\"article:modified_time\" content=\"2025-07-14T11:57:19+00:00\" \/>\n<meta property=\"og:image\" content=\"https:\/\/www.puris.ma\/wp-content\/uploads\/2025\/07\/WhatsApp-Image-2025-07-10-a-12.58.17_edd0637d.jpg\" \/>\n\t<meta property=\"og:image:width\" content=\"684\" \/>\n\t<meta property=\"og:image:height\" content=\"681\" \/>\n\t<meta property=\"og:image:type\" content=\"image\/jpeg\" \/>\n<meta name=\"twitter:card\" content=\"summary_large_image\" \/>\n<meta name=\"twitter:label1\" content=\"Est. reading time\" \/>\n\t<meta name=\"twitter:data1\" content=\"1 minute\" \/>\n<script type=\"application\/ld+json\" class=\"yoast-schema-graph\">{\"@context\":\"https:\/\/schema.org\",\"@graph\":[{\"@type\":\"WebPage\",\"@id\":\"https:\/\/www.puris.ma\/produit\/lot-de-3-brosses-wheel-woolie\/\",\"url\":\"https:\/\/www.puris.ma\/produit\/lot-de-3-brosses-wheel-woolie\/\",\"name\":\"Lot de 3 brosses Wheel Woolie - PURIS MAROC\",\"isPartOf\":{\"@id\":\"https:\/\/www.puris.ma\/#website\"},\"primaryImageOfPage\":{\"@id\":\"https:\/\/www.puris.ma\/produit\/lot-de-3-brosses-wheel-woolie\/#primaryimage\"},\"image\":{\"@id\":\"https:\/\/www.puris.ma\/produit\/lot-de-3-brosses-wheel-woolie\/#primaryimage\"},\"thumbnailUrl\":\"https:\/\/www.puris.ma\/wp-content\/uploads\/2025\/07\/WhatsApp-Image-2025-07-10-a-12.58.17_edd0637d.jpg\",\"datePublished\":\"2025-07-14T10:44:27+00:00\",\"dateModified\":\"2025-07-14T11:57:19+00:00\",\"breadcrumb\":{\"@id\":\"https:\/\/www.puris.ma\/produit\/lot-de-3-brosses-wheel-woolie\/#breadcrumb\"},\"inLanguage\":\"en-US\",\"potentialAction\":[{\"@type\":\"ReadAction\",\"target\":[\"https:\/\/www.puris.ma\/produit\/lot-de-3-brosses-wheel-woolie\/\"]}]},{\"@type\":\"ImageObject\",\"inLanguage\":\"en-US\",\"@id\":\"https:\/\/www.puris.ma\/produit\/lot-de-3-brosses-wheel-woolie\/#primaryimage\",\"url\":\"https:\/\/www.puris.ma\/wp-content\/uploads\/2025\/07\/WhatsApp-Image-2025-07-10-a-12.58.17_edd0637d.jpg\",\"contentUrl\":\"https:\/\/www.puris.ma\/wp-content\/uploads\/2025\/07\/WhatsApp-Image-2025-07-10-a-12.58.17_edd0637d.jpg\",\"width\":684,\"height\":681},{\"@type\":\"BreadcrumbList\",\"@id\":\"https:\/\/www.puris.ma\/produit\/lot-de-3-brosses-wheel-woolie\/#breadcrumb\",\"itemListElement\":[{\"@type\":\"ListItem\",\"position\":1,\"name\":\"Accueil\",\"item\":\"https:\/\/www.puris.ma\/\"},{\"@type\":\"ListItem\",\"position\":2,\"name\":\"Catalogue Produit\",\"item\":\"https:\/\/www.puris.ma\/accueil\/catalogue-produit\/\"},{\"@type\":\"ListItem\",\"position\":3,\"name\":\"Lot de 3 brosses Wheel Woolie\"}]},{\"@type\":\"WebSite\",\"@id\":\"https:\/\/www.puris.ma\/#website\",\"url\":\"https:\/\/www.puris.ma\/\",\"name\":\"PURIS MAROC\",\"description\":\"Distributeur officiel et exculsive des produits de PURIS\",\"publisher\":{\"@id\":\"https:\/\/www.puris.ma\/#organization\"},\"potentialAction\":[{\"@type\":\"SearchAction\",\"target\":{\"@type\":\"EntryPoint\",\"urlTemplate\":\"https:\/\/www.puris.ma\/?s={search_term_string}\"},\"query-input\":{\"@type\":\"PropertyValueSpecification\",\"valueRequired\":true,\"valueName\":\"search_term_string\"}}],\"inLanguage\":\"en-US\"},{\"@type\":\"Organization\",\"@id\":\"https:\/\/www.puris.ma\/#organization\",\"name\":\"PURIS MAROC\",\"url\":\"https:\/\/www.puris.ma\/\",\"logo\":{\"@type\":\"ImageObject\",\"inLanguage\":\"en-US\",\"@id\":\"https:\/\/www.puris.ma\/#\/schema\/logo\/image\/\",\"url\":\"https:\/\/www.puris.ma\/wp-content\/uploads\/2023\/05\/PURIS-MAROC-8.png\",\"contentUrl\":\"https:\/\/www.puris.ma\/wp-content\/uploads\/2023\/05\/PURIS-MAROC-8.png\",\"width\":300,\"height\":75,\"caption\":\"PURIS MAROC\"},\"image\":{\"@id\":\"https:\/\/www.puris.ma\/#\/schema\/logo\/image\/\"},\"sameAs\":[\"https:\/\/web.facebook.com\/europa.mak.78\",\"https:\/\/www.instagram.com\/purismorocco\/\",\"https:\/\/www.linkedin.com\/company\/puris-morocco\/\"]}]}<\/script>\n<!-- \/ Yoast SEO plugin. -->","yoast_head_json":{"title":"Lot de 3 brosses Wheel Woolie - PURIS MAROC","robots":{"index":"index","follow":"follow","max-snippet":"max-snippet:-1","max-image-preview":"max-image-preview:large","max-video-preview":"max-video-preview:-1"},"canonical":"https:\/\/www.puris.ma\/en\/product\/lot-de-3-brosses-wheel-woolie\/","og_locale":"en_US","og_type":"article","og_title":"Lot de 3 brosses Wheel Woolie - PURIS MAROC","og_description":"Nos Wheel Woolies sont r\u00e9sistantes aux nettoyants alcalins et acides.Un rin\u00e7age apr\u00e8s utilisation est recommand\u00e9, suivi d\u2019un s\u00e9chage \u00e0 l\u2019air libre. Tailles : 30 &#8211; 35 &#8211; 48 cm","og_url":"https:\/\/www.puris.ma\/en\/product\/lot-de-3-brosses-wheel-woolie\/","og_site_name":"PURIS MAROC","article_publisher":"https:\/\/web.facebook.com\/europa.mak.78","article_modified_time":"2025-07-14T11:57:19+00:00","og_image":[{"width":684,"height":681,"url":"https:\/\/www.puris.ma\/wp-content\/uploads\/2025\/07\/WhatsApp-Image-2025-07-10-a-12.58.17_edd0637d.jpg","type":"image\/jpeg"}],"twitter_card":"summary_large_image","twitter_misc":{"Est. reading time":"1 minute"},"schema":{"@context":"https:\/\/schema.org","@graph":[{"@type":"WebPage","@id":"https:\/\/www.puris.ma\/produit\/lot-de-3-brosses-wheel-woolie\/","url":"https:\/\/www.puris.ma\/produit\/lot-de-3-brosses-wheel-woolie\/","name":"Lot de 3 brosses Wheel Woolie - PURIS MAROC","isPartOf":{"@id":"https:\/\/www.puris.ma\/#website"},"primaryImageOfPage":{"@id":"https:\/\/www.puris.ma\/produit\/lot-de-3-brosses-wheel-woolie\/#primaryimage"},"image":{"@id":"https:\/\/www.puris.ma\/produit\/lot-de-3-brosses-wheel-woolie\/#primaryimage"},"thumbnailUrl":"https:\/\/www.puris.ma\/wp-content\/uploads\/2025\/07\/WhatsApp-Image-2025-07-10-a-12.58.17_edd0637d.jpg","datePublished":"2025-07-14T10:44:27+00:00","dateModified":"2025-07-14T11:57:19+00:00","breadcrumb":{"@id":"https:\/\/www.puris.ma\/produit\/lot-de-3-brosses-wheel-woolie\/#breadcrumb"},"inLanguage":"en-US","potentialAction":[{"@type":"ReadAction","target":["https:\/\/www.puris.ma\/produit\/lot-de-3-brosses-wheel-woolie\/"]}]},{"@type":"ImageObject","inLanguage":"en-US","@id":"https:\/\/www.puris.ma\/produit\/lot-de-3-brosses-wheel-woolie\/#primaryimage","url":"https:\/\/www.puris.ma\/wp-content\/uploads\/2025\/07\/WhatsApp-Image-2025-07-10-a-12.58.17_edd0637d.jpg","contentUrl":"https:\/\/www.puris.ma\/wp-content\/uploads\/2025\/07\/WhatsApp-Image-2025-07-10-a-12.58.17_edd0637d.jpg","width":684,"height":681},{"@type":"BreadcrumbList","@id":"https:\/\/www.puris.ma\/produit\/lot-de-3-brosses-wheel-woolie\/#breadcrumb","itemListElement":[{"@type":"ListItem","position":1,"name":"Accueil","item":"https:\/\/www.puris.ma\/"},{"@type":"ListItem","position":2,"name":"Catalogue Produit","item":"https:\/\/www.puris.ma\/accueil\/catalogue-produit\/"},{"@type":"ListItem","position":3,"name":"Lot de 3 brosses Wheel Woolie"}]},{"@type":"WebSite","@id":"https:\/\/www.puris.ma\/#website","url":"https:\/\/www.puris.ma\/","name":"PURIS MOROCCO","description":"Distributeur officiel et exculsive des produits de PURIS","publisher":{"@id":"https:\/\/www.puris.ma\/#organization"},"potentialAction":[{"@type":"SearchAction","target":{"@type":"EntryPoint","urlTemplate":"https:\/\/www.puris.ma\/?s={search_term_string}"},"query-input":{"@type":"PropertyValueSpecification","valueRequired":true,"valueName":"search_term_string"}}],"inLanguage":"en-US"},{"@type":"Organization","@id":"https:\/\/www.puris.ma\/#organization","name":"PURIS MOROCCO","url":"https:\/\/www.puris.ma\/","logo":{"@type":"ImageObject","inLanguage":"en-US","@id":"https:\/\/www.puris.ma\/#\/schema\/logo\/image\/","url":"https:\/\/www.puris.ma\/wp-content\/uploads\/2023\/05\/PURIS-MAROC-8.png","contentUrl":"https:\/\/www.puris.ma\/wp-content\/uploads\/2023\/05\/PURIS-MAROC-8.png","width":300,"height":75,"caption":"PURIS MAROC"},"image":{"@id":"https:\/\/www.puris.ma\/#\/schema\/logo\/image\/"},"sameAs":["https:\/\/web.facebook.com\/europa.mak.78","https:\/\/www.instagram.com\/purismorocco\/","https:\/\/www.linkedin.com\/company\/puris-morocco\/"]}]}},"_links":{"self":[{"href":"https:\/\/www.puris.ma\/en\/wp-json\/wp\/v2\/product\/3686","targetHints":{"allow":["GET"]}}],"collection":[{"href":"https:\/\/www.puris.ma\/en\/wp-json\/wp\/v2\/product"}],"about":[{"href":"https:\/\/www.puris.ma\/en\/wp-json\/wp\/v2\/types\/product"}],"wp:featuredmedia":[{"embeddable":true,"href":"https:\/\/www.puris.ma\/en\/wp-json\/wp\/v2\/media\/3688"}],"wp:attachment":[{"href":"https:\/\/www.puris.ma\/en\/wp-json\/wp\/v2\/media?parent=3686"}],"wp:term":[{"taxonomy":"product_brand","embeddable":true,"href":"https:\/\/www.puris.ma\/en\/wp-json\/wp\/v2\/product_brand?post=3686"},{"taxonomy":"product_cat","embeddable":true,"href":"https:\/\/www.puris.ma\/en\/wp-json\/wp\/v2\/product_cat?post=3686"},{"taxonomy":"product_tag","embeddable":true,"href":"https:\/\/www.puris.ma\/en\/wp-json\/wp\/v2\/product_tag?post=3686"}],"curies":[{"name":"wp","href":"https:\/\/api.w.org\/{rel}","templated":true}]}}