{"id":3689,"date":"2025-07-14T10:47:12","date_gmt":"2025-07-14T10:47:12","guid":{"rendered":"https:\/\/www.puris.ma\/?post_type=product&#038;p=3689"},"modified":"2025-07-14T14:04:35","modified_gmt":"2025-07-14T14:04:35","slug":"g68-graphene-boost","status":"publish","type":"product","link":"https:\/\/www.puris.ma\/en\/product\/g68-graphene-boost\/","title":{"rendered":"G68 Graphene Boost"},"content":{"rendered":"<p data-start=\"0\" data-end=\"276\">Un <strong data-start=\"3\" data-end=\"21\">booster unique<\/strong> enrichi en <strong data-start=\"33\" data-end=\"45\">graph\u00e8ne<\/strong> pour l\u2019entretien r\u00e9gulier et le renforcement des rev\u00eatements c\u00e9ramiques.<br data-start=\"118\" data-end=\"121\" \/>Ce produit \u00e0 base d\u2019eau contient du graph\u00e8ne renfor\u00e7ant, qui am\u00e9liore intens\u00e9ment la <strong data-start=\"206\" data-end=\"219\">brillance<\/strong>, la <strong data-start=\"224\" data-end=\"235\">couleur<\/strong>, la <strong data-start=\"240\" data-end=\"251\">douceur<\/strong> et l\u2019<strong data-start=\"257\" data-end=\"275\">hydrophobicit\u00e9<\/strong>.<\/p>\n<p data-start=\"278\" data-end=\"423\">Facile \u00e0 utiliser, il peut \u00eatre appliqu\u00e9 sur une voiture mouill\u00e9e, mais les meilleurs r\u00e9sultats sont obtenus sur une surface <strong data-start=\"403\" data-end=\"422\">propre et s\u00e8che<\/strong>.<\/p>\n<p data-start=\"425\" data-end=\"667\" data-is-last-node=\"\" data-is-only-node=\"\">Peut \u00e9galement \u00eatre utilis\u00e9 sur des v\u00e9hicules <strong data-start=\"471\" data-end=\"512\">sans rev\u00eatement c\u00e9ramique ni graph\u00e8ne<\/strong> (dans ce cas, la surface doit \u00eatre soigneusement <strong data-start=\"562\" data-end=\"576\">d\u00e9graiss\u00e9e<\/strong>).<br data-start=\"578\" data-end=\"581\" \/>Appliquer sur une surface <strong data-start=\"607\" data-end=\"617\">froide<\/strong>, \u00e0 l\u2019<strong data-start=\"623\" data-end=\"632\">ombre<\/strong> \u2014 ne pas utiliser en plein soleil.<\/p>","protected":false},"excerpt":{"rendered":"<p>Un booster unique enrichi en graph\u00e8ne pour l\u2019entretien r\u00e9gulier et le renforcement des rev\u00eatements c\u00e9ramiques.Ce produit \u00e0 base d\u2019eau contient du graph\u00e8ne renfor\u00e7ant, qui am\u00e9liore intens\u00e9ment la brillance, la couleur, la douceur et l\u2019hydrophobicit\u00e9. Facile \u00e0 utiliser, il peut \u00eatre appliqu\u00e9 sur une voiture mouill\u00e9e, mais les meilleurs r\u00e9sultats sont obtenus sur une surface propre [&hellip;]<\/p>","protected":false},"featured_media":3690,"template":"","meta":[],"product_brand":[],"product_cat":[33],"product_tag":[],"class_list":{"0":"post-3689","1":"product","2":"type-product","3":"status-publish","4":"has-post-thumbnail","6":"product_cat-dressings","8":"first","9":"instock","10":"shipping-taxable","11":"product-type-simple"},"yoast_head":"<!-- This site is optimized with the Yoast SEO plugin v26.3 - https:\/\/yoast.com\/wordpress\/plugins\/seo\/ -->\n<title>G68 Graphene Boost - PURIS MAROC<\/title>\n<meta name=\"robots\" content=\"index, follow, max-snippet:-1, max-image-preview:large, max-video-preview:-1\" \/>\n<link rel=\"canonical\" href=\"https:\/\/www.puris.ma\/en\/product\/g68-graphene-boost\/\" \/>\n<meta property=\"og:locale\" content=\"en_US\" \/>\n<meta property=\"og:type\" content=\"article\" \/>\n<meta property=\"og:title\" content=\"G68 Graphene Boost - PURIS MAROC\" \/>\n<meta property=\"og:description\" content=\"Un booster unique enrichi en graph\u00e8ne pour l\u2019entretien r\u00e9gulier et le renforcement des rev\u00eatements c\u00e9ramiques.Ce produit \u00e0 base d\u2019eau contient du graph\u00e8ne renfor\u00e7ant, qui am\u00e9liore intens\u00e9ment la brillance, la couleur, la douceur et l\u2019hydrophobicit\u00e9. Facile \u00e0 utiliser, il peut \u00eatre appliqu\u00e9 sur une voiture mouill\u00e9e, mais les meilleurs r\u00e9sultats sont obtenus sur une surface propre [&hellip;]\" \/>\n<meta property=\"og:url\" content=\"https:\/\/www.puris.ma\/en\/product\/g68-graphene-boost\/\" \/>\n<meta property=\"og:site_name\" content=\"PURIS MAROC\" \/>\n<meta property=\"article:publisher\" content=\"https:\/\/web.facebook.com\/europa.mak.78\" \/>\n<meta property=\"article:modified_time\" content=\"2025-07-14T14:04:35+00:00\" \/>\n<meta property=\"og:image\" content=\"https:\/\/www.puris.ma\/wp-content\/uploads\/2025\/07\/WhatsApp-Image-2025-07-10-a-12.58.39_f5e745d8.jpg\" \/>\n\t<meta property=\"og:image:width\" content=\"631\" \/>\n\t<meta property=\"og:image:height\" content=\"717\" \/>\n\t<meta property=\"og:image:type\" content=\"image\/jpeg\" \/>\n<meta name=\"twitter:card\" content=\"summary_large_image\" \/>\n<meta name=\"twitter:label1\" content=\"Est. reading time\" \/>\n\t<meta name=\"twitter:data1\" content=\"1 minute\" \/>\n<script type=\"application\/ld+json\" class=\"yoast-schema-graph\">{\"@context\":\"https:\/\/schema.org\",\"@graph\":[{\"@type\":\"WebPage\",\"@id\":\"https:\/\/www.puris.ma\/produit\/g68-graphene-boost\/\",\"url\":\"https:\/\/www.puris.ma\/produit\/g68-graphene-boost\/\",\"name\":\"G68 Graphene Boost - PURIS MAROC\",\"isPartOf\":{\"@id\":\"https:\/\/www.puris.ma\/#website\"},\"primaryImageOfPage\":{\"@id\":\"https:\/\/www.puris.ma\/produit\/g68-graphene-boost\/#primaryimage\"},\"image\":{\"@id\":\"https:\/\/www.puris.ma\/produit\/g68-graphene-boost\/#primaryimage\"},\"thumbnailUrl\":\"https:\/\/www.puris.ma\/wp-content\/uploads\/2025\/07\/WhatsApp-Image-2025-07-10-a-12.58.39_f5e745d8.jpg\",\"datePublished\":\"2025-07-14T10:47:12+00:00\",\"dateModified\":\"2025-07-14T14:04:35+00:00\",\"breadcrumb\":{\"@id\":\"https:\/\/www.puris.ma\/produit\/g68-graphene-boost\/#breadcrumb\"},\"inLanguage\":\"en-US\",\"potentialAction\":[{\"@type\":\"ReadAction\",\"target\":[\"https:\/\/www.puris.ma\/produit\/g68-graphene-boost\/\"]}]},{\"@type\":\"ImageObject\",\"inLanguage\":\"en-US\",\"@id\":\"https:\/\/www.puris.ma\/produit\/g68-graphene-boost\/#primaryimage\",\"url\":\"https:\/\/www.puris.ma\/wp-content\/uploads\/2025\/07\/WhatsApp-Image-2025-07-10-a-12.58.39_f5e745d8.jpg\",\"contentUrl\":\"https:\/\/www.puris.ma\/wp-content\/uploads\/2025\/07\/WhatsApp-Image-2025-07-10-a-12.58.39_f5e745d8.jpg\",\"width\":631,\"height\":717},{\"@type\":\"BreadcrumbList\",\"@id\":\"https:\/\/www.puris.ma\/produit\/g68-graphene-boost\/#breadcrumb\",\"itemListElement\":[{\"@type\":\"ListItem\",\"position\":1,\"name\":\"Accueil\",\"item\":\"https:\/\/www.puris.ma\/\"},{\"@type\":\"ListItem\",\"position\":2,\"name\":\"Catalogue Produit\",\"item\":\"https:\/\/www.puris.ma\/accueil\/catalogue-produit\/\"},{\"@type\":\"ListItem\",\"position\":3,\"name\":\"G68 Graphene Boost\"}]},{\"@type\":\"WebSite\",\"@id\":\"https:\/\/www.puris.ma\/#website\",\"url\":\"https:\/\/www.puris.ma\/\",\"name\":\"PURIS MAROC\",\"description\":\"Distributeur officiel et exculsive des produits de PURIS\",\"publisher\":{\"@id\":\"https:\/\/www.puris.ma\/#organization\"},\"potentialAction\":[{\"@type\":\"SearchAction\",\"target\":{\"@type\":\"EntryPoint\",\"urlTemplate\":\"https:\/\/www.puris.ma\/?s={search_term_string}\"},\"query-input\":{\"@type\":\"PropertyValueSpecification\",\"valueRequired\":true,\"valueName\":\"search_term_string\"}}],\"inLanguage\":\"en-US\"},{\"@type\":\"Organization\",\"@id\":\"https:\/\/www.puris.ma\/#organization\",\"name\":\"PURIS MAROC\",\"url\":\"https:\/\/www.puris.ma\/\",\"logo\":{\"@type\":\"ImageObject\",\"inLanguage\":\"en-US\",\"@id\":\"https:\/\/www.puris.ma\/#\/schema\/logo\/image\/\",\"url\":\"https:\/\/www.puris.ma\/wp-content\/uploads\/2023\/05\/PURIS-MAROC-8.png\",\"contentUrl\":\"https:\/\/www.puris.ma\/wp-content\/uploads\/2023\/05\/PURIS-MAROC-8.png\",\"width\":300,\"height\":75,\"caption\":\"PURIS MAROC\"},\"image\":{\"@id\":\"https:\/\/www.puris.ma\/#\/schema\/logo\/image\/\"},\"sameAs\":[\"https:\/\/web.facebook.com\/europa.mak.78\",\"https:\/\/www.instagram.com\/purismorocco\/\",\"https:\/\/www.linkedin.com\/company\/puris-morocco\/\"]}]}<\/script>\n<!-- \/ Yoast SEO plugin. -->","yoast_head_json":{"title":"G68 Graphene Boost - PURIS MAROC","robots":{"index":"index","follow":"follow","max-snippet":"max-snippet:-1","max-image-preview":"max-image-preview:large","max-video-preview":"max-video-preview:-1"},"canonical":"https:\/\/www.puris.ma\/en\/product\/g68-graphene-boost\/","og_locale":"en_US","og_type":"article","og_title":"G68 Graphene Boost - PURIS MAROC","og_description":"Un booster unique enrichi en graph\u00e8ne pour l\u2019entretien r\u00e9gulier et le renforcement des rev\u00eatements c\u00e9ramiques.Ce produit \u00e0 base d\u2019eau contient du graph\u00e8ne renfor\u00e7ant, qui am\u00e9liore intens\u00e9ment la brillance, la couleur, la douceur et l\u2019hydrophobicit\u00e9. Facile \u00e0 utiliser, il peut \u00eatre appliqu\u00e9 sur une voiture mouill\u00e9e, mais les meilleurs r\u00e9sultats sont obtenus sur une surface propre [&hellip;]","og_url":"https:\/\/www.puris.ma\/en\/product\/g68-graphene-boost\/","og_site_name":"PURIS MAROC","article_publisher":"https:\/\/web.facebook.com\/europa.mak.78","article_modified_time":"2025-07-14T14:04:35+00:00","og_image":[{"width":631,"height":717,"url":"https:\/\/www.puris.ma\/wp-content\/uploads\/2025\/07\/WhatsApp-Image-2025-07-10-a-12.58.39_f5e745d8.jpg","type":"image\/jpeg"}],"twitter_card":"summary_large_image","twitter_misc":{"Est. reading time":"1 minute"},"schema":{"@context":"https:\/\/schema.org","@graph":[{"@type":"WebPage","@id":"https:\/\/www.puris.ma\/produit\/g68-graphene-boost\/","url":"https:\/\/www.puris.ma\/produit\/g68-graphene-boost\/","name":"G68 Graphene Boost - PURIS MAROC","isPartOf":{"@id":"https:\/\/www.puris.ma\/#website"},"primaryImageOfPage":{"@id":"https:\/\/www.puris.ma\/produit\/g68-graphene-boost\/#primaryimage"},"image":{"@id":"https:\/\/www.puris.ma\/produit\/g68-graphene-boost\/#primaryimage"},"thumbnailUrl":"https:\/\/www.puris.ma\/wp-content\/uploads\/2025\/07\/WhatsApp-Image-2025-07-10-a-12.58.39_f5e745d8.jpg","datePublished":"2025-07-14T10:47:12+00:00","dateModified":"2025-07-14T14:04:35+00:00","breadcrumb":{"@id":"https:\/\/www.puris.ma\/produit\/g68-graphene-boost\/#breadcrumb"},"inLanguage":"en-US","potentialAction":[{"@type":"ReadAction","target":["https:\/\/www.puris.ma\/produit\/g68-graphene-boost\/"]}]},{"@type":"ImageObject","inLanguage":"en-US","@id":"https:\/\/www.puris.ma\/produit\/g68-graphene-boost\/#primaryimage","url":"https:\/\/www.puris.ma\/wp-content\/uploads\/2025\/07\/WhatsApp-Image-2025-07-10-a-12.58.39_f5e745d8.jpg","contentUrl":"https:\/\/www.puris.ma\/wp-content\/uploads\/2025\/07\/WhatsApp-Image-2025-07-10-a-12.58.39_f5e745d8.jpg","width":631,"height":717},{"@type":"BreadcrumbList","@id":"https:\/\/www.puris.ma\/produit\/g68-graphene-boost\/#breadcrumb","itemListElement":[{"@type":"ListItem","position":1,"name":"Accueil","item":"https:\/\/www.puris.ma\/"},{"@type":"ListItem","position":2,"name":"Catalogue Produit","item":"https:\/\/www.puris.ma\/accueil\/catalogue-produit\/"},{"@type":"ListItem","position":3,"name":"G68 Graphene Boost"}]},{"@type":"WebSite","@id":"https:\/\/www.puris.ma\/#website","url":"https:\/\/www.puris.ma\/","name":"PURIS MOROCCO","description":"Distributeur officiel et exculsive des produits de PURIS","publisher":{"@id":"https:\/\/www.puris.ma\/#organization"},"potentialAction":[{"@type":"SearchAction","target":{"@type":"EntryPoint","urlTemplate":"https:\/\/www.puris.ma\/?s={search_term_string}"},"query-input":{"@type":"PropertyValueSpecification","valueRequired":true,"valueName":"search_term_string"}}],"inLanguage":"en-US"},{"@type":"Organization","@id":"https:\/\/www.puris.ma\/#organization","name":"PURIS MOROCCO","url":"https:\/\/www.puris.ma\/","logo":{"@type":"ImageObject","inLanguage":"en-US","@id":"https:\/\/www.puris.ma\/#\/schema\/logo\/image\/","url":"https:\/\/www.puris.ma\/wp-content\/uploads\/2023\/05\/PURIS-MAROC-8.png","contentUrl":"https:\/\/www.puris.ma\/wp-content\/uploads\/2023\/05\/PURIS-MAROC-8.png","width":300,"height":75,"caption":"PURIS MAROC"},"image":{"@id":"https:\/\/www.puris.ma\/#\/schema\/logo\/image\/"},"sameAs":["https:\/\/web.facebook.com\/europa.mak.78","https:\/\/www.instagram.com\/purismorocco\/","https:\/\/www.linkedin.com\/company\/puris-morocco\/"]}]}},"_links":{"self":[{"href":"https:\/\/www.puris.ma\/en\/wp-json\/wp\/v2\/product\/3689","targetHints":{"allow":["GET"]}}],"collection":[{"href":"https:\/\/www.puris.ma\/en\/wp-json\/wp\/v2\/product"}],"about":[{"href":"https:\/\/www.puris.ma\/en\/wp-json\/wp\/v2\/types\/product"}],"wp:featuredmedia":[{"embeddable":true,"href":"https:\/\/www.puris.ma\/en\/wp-json\/wp\/v2\/media\/3690"}],"wp:attachment":[{"href":"https:\/\/www.puris.ma\/en\/wp-json\/wp\/v2\/media?parent=3689"}],"wp:term":[{"taxonomy":"product_brand","embeddable":true,"href":"https:\/\/www.puris.ma\/en\/wp-json\/wp\/v2\/product_brand?post=3689"},{"taxonomy":"product_cat","embeddable":true,"href":"https:\/\/www.puris.ma\/en\/wp-json\/wp\/v2\/product_cat?post=3689"},{"taxonomy":"product_tag","embeddable":true,"href":"https:\/\/www.puris.ma\/en\/wp-json\/wp\/v2\/product_tag?post=3689"}],"curies":[{"name":"wp","href":"https:\/\/api.w.org\/{rel}","templated":true}]}}