{"id":3691,"date":"2025-07-14T10:50:51","date_gmt":"2025-07-14T10:50:51","guid":{"rendered":"https:\/\/www.puris.ma\/?post_type=product&#038;p=3691"},"modified":"2025-07-14T12:02:48","modified_gmt":"2025-07-14T12:02:48","slug":"g61-graphene","status":"publish","type":"product","link":"https:\/\/www.puris.ma\/en\/product\/g61-graphene\/","title":{"rendered":"G68 Graphene"},"content":{"rendered":"<p data-start=\"0\" data-end=\"171\">Ce shampooing <strong data-start=\"14\" data-end=\"23\">Puris<\/strong> a \u00e9t\u00e9 sp\u00e9cialement d\u00e9velopp\u00e9 pour les <strong data-start=\"62\" data-end=\"103\">peintures prot\u00e9g\u00e9es par un rev\u00eatement<\/strong> !<br data-start=\"105\" data-end=\"108\" \/>Il offre un v\u00e9ritable <strong data-start=\"130\" data-end=\"160\">entretien de la protection<\/strong> appliqu\u00e9e.<\/p>\n<p data-start=\"173\" data-end=\"192\"><strong data-start=\"173\" data-end=\"190\">Mode d\u2019emploi<\/strong> :<\/p>\n<ul data-start=\"194\" data-end=\"476\" data-is-last-node=\"\" data-is-only-node=\"\">\n<li data-start=\"194\" data-end=\"241\">\n<p data-start=\"196\" data-end=\"241\">Bien <strong data-start=\"201\" data-end=\"221\">agiter le flacon<\/strong> avant utilisation<\/p>\n<\/li>\n<li data-start=\"242\" data-end=\"287\">\n<p data-start=\"244\" data-end=\"287\">Diluer <strong data-start=\"251\" data-end=\"265\">15 \u00e0 30 ml<\/strong> dans <strong data-start=\"271\" data-end=\"285\">10 L d\u2019eau<\/strong><\/p>\n<\/li>\n<li data-start=\"288\" data-end=\"378\">\n<p data-start=\"290\" data-end=\"378\">Laver <strong data-start=\"296\" data-end=\"320\">un panneau \u00e0 la fois<\/strong> puis rincer imm\u00e9diatement \u2013 <strong data-start=\"349\" data-end=\"376\">ne pas laisser s\u00e9cher !<\/strong><\/p>\n<\/li>\n<li data-start=\"379\" data-end=\"476\" data-is-last-node=\"\">\n<p data-start=\"381\" data-end=\"476\" data-is-last-node=\"\">Apr\u00e8s le lavage, bien <strong data-start=\"403\" data-end=\"436\">rincer l\u2019ensemble du v\u00e9hicule<\/strong> et <strong data-start=\"440\" data-end=\"476\" data-is-last-node=\"\">essuyer avec une serviette s\u00e8che<\/strong><\/p>\n<\/li>\n<\/ul>","protected":false},"excerpt":{"rendered":"<p>Ce shampooing Puris a \u00e9t\u00e9 sp\u00e9cialement d\u00e9velopp\u00e9 pour les peintures prot\u00e9g\u00e9es par un rev\u00eatement !Il offre un v\u00e9ritable entretien de la protection appliqu\u00e9e. Mode d\u2019emploi : Bien agiter le flacon avant utilisation Diluer 15 \u00e0 30 ml dans 10 L d\u2019eau Laver un panneau \u00e0 la fois puis rincer imm\u00e9diatement \u2013 ne pas laisser s\u00e9cher [&hellip;]<\/p>","protected":false},"featured_media":3692,"template":"","meta":[],"product_brand":[],"product_cat":[52],"product_tag":[],"class_list":{"0":"post-3691","1":"product","2":"type-product","3":"status-publish","4":"has-post-thumbnail","6":"product_cat-detroit","8":"first","9":"instock","10":"shipping-taxable","11":"product-type-simple"},"yoast_head":"<!-- This site is optimized with the Yoast SEO plugin v26.3 - https:\/\/yoast.com\/wordpress\/plugins\/seo\/ -->\n<title>G68 Graphene - PURIS MAROC<\/title>\n<meta name=\"robots\" content=\"index, follow, max-snippet:-1, max-image-preview:large, max-video-preview:-1\" \/>\n<link rel=\"canonical\" href=\"https:\/\/www.puris.ma\/en\/product\/g61-graphene\/\" \/>\n<meta property=\"og:locale\" content=\"en_US\" \/>\n<meta property=\"og:type\" content=\"article\" \/>\n<meta property=\"og:title\" content=\"G68 Graphene - PURIS MAROC\" \/>\n<meta property=\"og:description\" content=\"Ce shampooing Puris a \u00e9t\u00e9 sp\u00e9cialement d\u00e9velopp\u00e9 pour les peintures prot\u00e9g\u00e9es par un rev\u00eatement !Il offre un v\u00e9ritable entretien de la protection appliqu\u00e9e. Mode d\u2019emploi : Bien agiter le flacon avant utilisation Diluer 15 \u00e0 30 ml dans 10 L d\u2019eau Laver un panneau \u00e0 la fois puis rincer imm\u00e9diatement \u2013 ne pas laisser s\u00e9cher [&hellip;]\" \/>\n<meta property=\"og:url\" content=\"https:\/\/www.puris.ma\/en\/product\/g61-graphene\/\" \/>\n<meta property=\"og:site_name\" content=\"PURIS MAROC\" \/>\n<meta property=\"article:publisher\" content=\"https:\/\/web.facebook.com\/europa.mak.78\" \/>\n<meta property=\"article:modified_time\" content=\"2025-07-14T12:02:48+00:00\" \/>\n<meta property=\"og:image\" content=\"https:\/\/www.puris.ma\/wp-content\/uploads\/2025\/07\/WhatsApp-Image-2025-07-10-a-12.58.39_f5e745d8-1.jpg\" \/>\n\t<meta property=\"og:image:width\" content=\"631\" \/>\n\t<meta property=\"og:image:height\" content=\"717\" \/>\n\t<meta property=\"og:image:type\" content=\"image\/jpeg\" \/>\n<meta name=\"twitter:card\" content=\"summary_large_image\" \/>\n<meta name=\"twitter:label1\" content=\"Est. reading time\" \/>\n\t<meta name=\"twitter:data1\" content=\"1 minute\" \/>\n<script type=\"application\/ld+json\" class=\"yoast-schema-graph\">{\"@context\":\"https:\/\/schema.org\",\"@graph\":[{\"@type\":\"WebPage\",\"@id\":\"https:\/\/www.puris.ma\/produit\/g61-graphene\/\",\"url\":\"https:\/\/www.puris.ma\/produit\/g61-graphene\/\",\"name\":\"G68 Graphene - PURIS MAROC\",\"isPartOf\":{\"@id\":\"https:\/\/www.puris.ma\/#website\"},\"primaryImageOfPage\":{\"@id\":\"https:\/\/www.puris.ma\/produit\/g61-graphene\/#primaryimage\"},\"image\":{\"@id\":\"https:\/\/www.puris.ma\/produit\/g61-graphene\/#primaryimage\"},\"thumbnailUrl\":\"https:\/\/www.puris.ma\/wp-content\/uploads\/2025\/07\/WhatsApp-Image-2025-07-10-a-12.58.39_f5e745d8-1.jpg\",\"datePublished\":\"2025-07-14T10:50:51+00:00\",\"dateModified\":\"2025-07-14T12:02:48+00:00\",\"breadcrumb\":{\"@id\":\"https:\/\/www.puris.ma\/produit\/g61-graphene\/#breadcrumb\"},\"inLanguage\":\"en-US\",\"potentialAction\":[{\"@type\":\"ReadAction\",\"target\":[\"https:\/\/www.puris.ma\/produit\/g61-graphene\/\"]}]},{\"@type\":\"ImageObject\",\"inLanguage\":\"en-US\",\"@id\":\"https:\/\/www.puris.ma\/produit\/g61-graphene\/#primaryimage\",\"url\":\"https:\/\/www.puris.ma\/wp-content\/uploads\/2025\/07\/WhatsApp-Image-2025-07-10-a-12.58.39_f5e745d8-1.jpg\",\"contentUrl\":\"https:\/\/www.puris.ma\/wp-content\/uploads\/2025\/07\/WhatsApp-Image-2025-07-10-a-12.58.39_f5e745d8-1.jpg\",\"width\":631,\"height\":717},{\"@type\":\"BreadcrumbList\",\"@id\":\"https:\/\/www.puris.ma\/produit\/g61-graphene\/#breadcrumb\",\"itemListElement\":[{\"@type\":\"ListItem\",\"position\":1,\"name\":\"Accueil\",\"item\":\"https:\/\/www.puris.ma\/\"},{\"@type\":\"ListItem\",\"position\":2,\"name\":\"Catalogue Produit\",\"item\":\"https:\/\/www.puris.ma\/accueil\/catalogue-produit\/\"},{\"@type\":\"ListItem\",\"position\":3,\"name\":\"G68 Graphene\"}]},{\"@type\":\"WebSite\",\"@id\":\"https:\/\/www.puris.ma\/#website\",\"url\":\"https:\/\/www.puris.ma\/\",\"name\":\"PURIS MAROC\",\"description\":\"Distributeur officiel et exculsive des produits de PURIS\",\"publisher\":{\"@id\":\"https:\/\/www.puris.ma\/#organization\"},\"potentialAction\":[{\"@type\":\"SearchAction\",\"target\":{\"@type\":\"EntryPoint\",\"urlTemplate\":\"https:\/\/www.puris.ma\/?s={search_term_string}\"},\"query-input\":{\"@type\":\"PropertyValueSpecification\",\"valueRequired\":true,\"valueName\":\"search_term_string\"}}],\"inLanguage\":\"en-US\"},{\"@type\":\"Organization\",\"@id\":\"https:\/\/www.puris.ma\/#organization\",\"name\":\"PURIS MAROC\",\"url\":\"https:\/\/www.puris.ma\/\",\"logo\":{\"@type\":\"ImageObject\",\"inLanguage\":\"en-US\",\"@id\":\"https:\/\/www.puris.ma\/#\/schema\/logo\/image\/\",\"url\":\"https:\/\/www.puris.ma\/wp-content\/uploads\/2023\/05\/PURIS-MAROC-8.png\",\"contentUrl\":\"https:\/\/www.puris.ma\/wp-content\/uploads\/2023\/05\/PURIS-MAROC-8.png\",\"width\":300,\"height\":75,\"caption\":\"PURIS MAROC\"},\"image\":{\"@id\":\"https:\/\/www.puris.ma\/#\/schema\/logo\/image\/\"},\"sameAs\":[\"https:\/\/web.facebook.com\/europa.mak.78\",\"https:\/\/www.instagram.com\/purismorocco\/\",\"https:\/\/www.linkedin.com\/company\/puris-morocco\/\"]}]}<\/script>\n<!-- \/ Yoast SEO plugin. -->","yoast_head_json":{"title":"G68 Graphene - PURIS MAROC","robots":{"index":"index","follow":"follow","max-snippet":"max-snippet:-1","max-image-preview":"max-image-preview:large","max-video-preview":"max-video-preview:-1"},"canonical":"https:\/\/www.puris.ma\/en\/product\/g61-graphene\/","og_locale":"en_US","og_type":"article","og_title":"G68 Graphene - PURIS MAROC","og_description":"Ce shampooing Puris a \u00e9t\u00e9 sp\u00e9cialement d\u00e9velopp\u00e9 pour les peintures prot\u00e9g\u00e9es par un rev\u00eatement !Il offre un v\u00e9ritable entretien de la protection appliqu\u00e9e. Mode d\u2019emploi : Bien agiter le flacon avant utilisation Diluer 15 \u00e0 30 ml dans 10 L d\u2019eau Laver un panneau \u00e0 la fois puis rincer imm\u00e9diatement \u2013 ne pas laisser s\u00e9cher [&hellip;]","og_url":"https:\/\/www.puris.ma\/en\/product\/g61-graphene\/","og_site_name":"PURIS MAROC","article_publisher":"https:\/\/web.facebook.com\/europa.mak.78","article_modified_time":"2025-07-14T12:02:48+00:00","og_image":[{"width":631,"height":717,"url":"https:\/\/www.puris.ma\/wp-content\/uploads\/2025\/07\/WhatsApp-Image-2025-07-10-a-12.58.39_f5e745d8-1.jpg","type":"image\/jpeg"}],"twitter_card":"summary_large_image","twitter_misc":{"Est. reading time":"1 minute"},"schema":{"@context":"https:\/\/schema.org","@graph":[{"@type":"WebPage","@id":"https:\/\/www.puris.ma\/produit\/g61-graphene\/","url":"https:\/\/www.puris.ma\/produit\/g61-graphene\/","name":"G68 Graphene - PURIS MAROC","isPartOf":{"@id":"https:\/\/www.puris.ma\/#website"},"primaryImageOfPage":{"@id":"https:\/\/www.puris.ma\/produit\/g61-graphene\/#primaryimage"},"image":{"@id":"https:\/\/www.puris.ma\/produit\/g61-graphene\/#primaryimage"},"thumbnailUrl":"https:\/\/www.puris.ma\/wp-content\/uploads\/2025\/07\/WhatsApp-Image-2025-07-10-a-12.58.39_f5e745d8-1.jpg","datePublished":"2025-07-14T10:50:51+00:00","dateModified":"2025-07-14T12:02:48+00:00","breadcrumb":{"@id":"https:\/\/www.puris.ma\/produit\/g61-graphene\/#breadcrumb"},"inLanguage":"en-US","potentialAction":[{"@type":"ReadAction","target":["https:\/\/www.puris.ma\/produit\/g61-graphene\/"]}]},{"@type":"ImageObject","inLanguage":"en-US","@id":"https:\/\/www.puris.ma\/produit\/g61-graphene\/#primaryimage","url":"https:\/\/www.puris.ma\/wp-content\/uploads\/2025\/07\/WhatsApp-Image-2025-07-10-a-12.58.39_f5e745d8-1.jpg","contentUrl":"https:\/\/www.puris.ma\/wp-content\/uploads\/2025\/07\/WhatsApp-Image-2025-07-10-a-12.58.39_f5e745d8-1.jpg","width":631,"height":717},{"@type":"BreadcrumbList","@id":"https:\/\/www.puris.ma\/produit\/g61-graphene\/#breadcrumb","itemListElement":[{"@type":"ListItem","position":1,"name":"Accueil","item":"https:\/\/www.puris.ma\/"},{"@type":"ListItem","position":2,"name":"Catalogue Produit","item":"https:\/\/www.puris.ma\/accueil\/catalogue-produit\/"},{"@type":"ListItem","position":3,"name":"G68 Graphene"}]},{"@type":"WebSite","@id":"https:\/\/www.puris.ma\/#website","url":"https:\/\/www.puris.ma\/","name":"PURIS MOROCCO","description":"Distributeur officiel et exculsive des produits de PURIS","publisher":{"@id":"https:\/\/www.puris.ma\/#organization"},"potentialAction":[{"@type":"SearchAction","target":{"@type":"EntryPoint","urlTemplate":"https:\/\/www.puris.ma\/?s={search_term_string}"},"query-input":{"@type":"PropertyValueSpecification","valueRequired":true,"valueName":"search_term_string"}}],"inLanguage":"en-US"},{"@type":"Organization","@id":"https:\/\/www.puris.ma\/#organization","name":"PURIS MOROCCO","url":"https:\/\/www.puris.ma\/","logo":{"@type":"ImageObject","inLanguage":"en-US","@id":"https:\/\/www.puris.ma\/#\/schema\/logo\/image\/","url":"https:\/\/www.puris.ma\/wp-content\/uploads\/2023\/05\/PURIS-MAROC-8.png","contentUrl":"https:\/\/www.puris.ma\/wp-content\/uploads\/2023\/05\/PURIS-MAROC-8.png","width":300,"height":75,"caption":"PURIS MAROC"},"image":{"@id":"https:\/\/www.puris.ma\/#\/schema\/logo\/image\/"},"sameAs":["https:\/\/web.facebook.com\/europa.mak.78","https:\/\/www.instagram.com\/purismorocco\/","https:\/\/www.linkedin.com\/company\/puris-morocco\/"]}]}},"_links":{"self":[{"href":"https:\/\/www.puris.ma\/en\/wp-json\/wp\/v2\/product\/3691","targetHints":{"allow":["GET"]}}],"collection":[{"href":"https:\/\/www.puris.ma\/en\/wp-json\/wp\/v2\/product"}],"about":[{"href":"https:\/\/www.puris.ma\/en\/wp-json\/wp\/v2\/types\/product"}],"wp:featuredmedia":[{"embeddable":true,"href":"https:\/\/www.puris.ma\/en\/wp-json\/wp\/v2\/media\/3692"}],"wp:attachment":[{"href":"https:\/\/www.puris.ma\/en\/wp-json\/wp\/v2\/media?parent=3691"}],"wp:term":[{"taxonomy":"product_brand","embeddable":true,"href":"https:\/\/www.puris.ma\/en\/wp-json\/wp\/v2\/product_brand?post=3691"},{"taxonomy":"product_cat","embeddable":true,"href":"https:\/\/www.puris.ma\/en\/wp-json\/wp\/v2\/product_cat?post=3691"},{"taxonomy":"product_tag","embeddable":true,"href":"https:\/\/www.puris.ma\/en\/wp-json\/wp\/v2\/product_tag?post=3691"}],"curies":[{"name":"wp","href":"https:\/\/api.w.org\/{rel}","templated":true}]}}