{"id":3695,"date":"2025-07-14T10:57:10","date_gmt":"2025-07-14T10:57:10","guid":{"rendered":"https:\/\/www.puris.ma\/?post_type=product&#038;p=3695"},"modified":"2025-07-14T12:02:17","modified_gmt":"2025-07-14T12:02:17","slug":"vampire-iron-remover","status":"publish","type":"product","link":"https:\/\/www.puris.ma\/en\/product\/vampire-iron-remover\/","title":{"rendered":"Vampire Iron Remover"},"content":{"rendered":"<p data-start=\"0\" data-end=\"226\"><strong data-start=\"0\" data-end=\"24\">Vampire Iron Remover<\/strong> est la solution id\u00e9ale pour \u00e9liminer toutes les salet\u00e9s provenant des freins, des jantes et m\u00eame des pneus encrass\u00e9s.<br data-start=\"142\" data-end=\"145\" data-is-only-node=\"\" \/>Il cible efficacement les <strong data-start=\"171\" data-end=\"225\">contaminations ferreuses et particules m\u00e9talliques<\/strong>.<\/p>\n<p data-start=\"228\" data-end=\"375\" data-is-last-node=\"\" data-is-only-node=\"\">Sa formule <strong data-start=\"239\" data-end=\"260\">change de couleur<\/strong> pour indiquer que le produit agit \u2014 elle passe de <strong data-start=\"311\" data-end=\"337\">transparente \u00e0 color\u00e9e<\/strong> une fois la d\u00e9contamination en cours.<\/p>","protected":false},"excerpt":{"rendered":"<p>Vampire Iron Remover est la solution id\u00e9ale pour \u00e9liminer toutes les salet\u00e9s provenant des freins, des jantes et m\u00eame des pneus encrass\u00e9s.Il cible efficacement les contaminations ferreuses et particules m\u00e9talliques. Sa formule change de couleur pour indiquer que le produit agit \u2014 elle passe de transparente \u00e0 color\u00e9e une fois la d\u00e9contamination en cours.<\/p>","protected":false},"featured_media":3696,"template":"","meta":[],"product_brand":[],"product_cat":[52],"product_tag":[],"class_list":{"0":"post-3695","1":"product","2":"type-product","3":"status-publish","4":"has-post-thumbnail","6":"product_cat-detroit","8":"first","9":"instock","10":"shipping-taxable","11":"product-type-simple"},"yoast_head":"<!-- This site is optimized with the Yoast SEO plugin v26.3 - https:\/\/yoast.com\/wordpress\/plugins\/seo\/ -->\n<title>Vampire Iron Remover - PURIS MAROC<\/title>\n<meta name=\"robots\" content=\"index, follow, max-snippet:-1, max-image-preview:large, max-video-preview:-1\" \/>\n<link rel=\"canonical\" href=\"https:\/\/www.puris.ma\/en\/product\/vampire-iron-remover\/\" \/>\n<meta property=\"og:locale\" content=\"en_US\" \/>\n<meta property=\"og:type\" content=\"article\" \/>\n<meta property=\"og:title\" content=\"Vampire Iron Remover - PURIS MAROC\" \/>\n<meta property=\"og:description\" content=\"Vampire Iron Remover est la solution id\u00e9ale pour \u00e9liminer toutes les salet\u00e9s provenant des freins, des jantes et m\u00eame des pneus encrass\u00e9s.Il cible efficacement les contaminations ferreuses et particules m\u00e9talliques. Sa formule change de couleur pour indiquer que le produit agit \u2014 elle passe de transparente \u00e0 color\u00e9e une fois la d\u00e9contamination en cours.\" \/>\n<meta property=\"og:url\" content=\"https:\/\/www.puris.ma\/en\/product\/vampire-iron-remover\/\" \/>\n<meta property=\"og:site_name\" content=\"PURIS MAROC\" \/>\n<meta property=\"article:publisher\" content=\"https:\/\/web.facebook.com\/europa.mak.78\" \/>\n<meta property=\"article:modified_time\" content=\"2025-07-14T12:02:17+00:00\" \/>\n<meta property=\"og:image\" content=\"https:\/\/www.puris.ma\/wp-content\/uploads\/2025\/07\/WhatsApp-Image-2025-07-10-a-12.59.31_10b05b06.jpg\" \/>\n\t<meta property=\"og:image:width\" content=\"739\" \/>\n\t<meta property=\"og:image:height\" content=\"1280\" \/>\n\t<meta property=\"og:image:type\" content=\"image\/jpeg\" \/>\n<meta name=\"twitter:card\" content=\"summary_large_image\" \/>\n<meta name=\"twitter:label1\" content=\"Est. reading time\" \/>\n\t<meta name=\"twitter:data1\" content=\"1 minute\" \/>\n<script type=\"application\/ld+json\" class=\"yoast-schema-graph\">{\"@context\":\"https:\/\/schema.org\",\"@graph\":[{\"@type\":\"WebPage\",\"@id\":\"https:\/\/www.puris.ma\/produit\/vampire-iron-remover\/\",\"url\":\"https:\/\/www.puris.ma\/produit\/vampire-iron-remover\/\",\"name\":\"Vampire Iron Remover - PURIS MAROC\",\"isPartOf\":{\"@id\":\"https:\/\/www.puris.ma\/#website\"},\"primaryImageOfPage\":{\"@id\":\"https:\/\/www.puris.ma\/produit\/vampire-iron-remover\/#primaryimage\"},\"image\":{\"@id\":\"https:\/\/www.puris.ma\/produit\/vampire-iron-remover\/#primaryimage\"},\"thumbnailUrl\":\"https:\/\/www.puris.ma\/wp-content\/uploads\/2025\/07\/WhatsApp-Image-2025-07-10-a-12.59.31_10b05b06.jpg\",\"datePublished\":\"2025-07-14T10:57:10+00:00\",\"dateModified\":\"2025-07-14T12:02:17+00:00\",\"breadcrumb\":{\"@id\":\"https:\/\/www.puris.ma\/produit\/vampire-iron-remover\/#breadcrumb\"},\"inLanguage\":\"en-US\",\"potentialAction\":[{\"@type\":\"ReadAction\",\"target\":[\"https:\/\/www.puris.ma\/produit\/vampire-iron-remover\/\"]}]},{\"@type\":\"ImageObject\",\"inLanguage\":\"en-US\",\"@id\":\"https:\/\/www.puris.ma\/produit\/vampire-iron-remover\/#primaryimage\",\"url\":\"https:\/\/www.puris.ma\/wp-content\/uploads\/2025\/07\/WhatsApp-Image-2025-07-10-a-12.59.31_10b05b06.jpg\",\"contentUrl\":\"https:\/\/www.puris.ma\/wp-content\/uploads\/2025\/07\/WhatsApp-Image-2025-07-10-a-12.59.31_10b05b06.jpg\",\"width\":739,\"height\":1280},{\"@type\":\"BreadcrumbList\",\"@id\":\"https:\/\/www.puris.ma\/produit\/vampire-iron-remover\/#breadcrumb\",\"itemListElement\":[{\"@type\":\"ListItem\",\"position\":1,\"name\":\"Accueil\",\"item\":\"https:\/\/www.puris.ma\/\"},{\"@type\":\"ListItem\",\"position\":2,\"name\":\"Catalogue Produit\",\"item\":\"https:\/\/www.puris.ma\/accueil\/catalogue-produit\/\"},{\"@type\":\"ListItem\",\"position\":3,\"name\":\"Vampire Iron Remover\"}]},{\"@type\":\"WebSite\",\"@id\":\"https:\/\/www.puris.ma\/#website\",\"url\":\"https:\/\/www.puris.ma\/\",\"name\":\"PURIS MAROC\",\"description\":\"Distributeur officiel et exculsive des produits de PURIS\",\"publisher\":{\"@id\":\"https:\/\/www.puris.ma\/#organization\"},\"potentialAction\":[{\"@type\":\"SearchAction\",\"target\":{\"@type\":\"EntryPoint\",\"urlTemplate\":\"https:\/\/www.puris.ma\/?s={search_term_string}\"},\"query-input\":{\"@type\":\"PropertyValueSpecification\",\"valueRequired\":true,\"valueName\":\"search_term_string\"}}],\"inLanguage\":\"en-US\"},{\"@type\":\"Organization\",\"@id\":\"https:\/\/www.puris.ma\/#organization\",\"name\":\"PURIS MAROC\",\"url\":\"https:\/\/www.puris.ma\/\",\"logo\":{\"@type\":\"ImageObject\",\"inLanguage\":\"en-US\",\"@id\":\"https:\/\/www.puris.ma\/#\/schema\/logo\/image\/\",\"url\":\"https:\/\/www.puris.ma\/wp-content\/uploads\/2023\/05\/PURIS-MAROC-8.png\",\"contentUrl\":\"https:\/\/www.puris.ma\/wp-content\/uploads\/2023\/05\/PURIS-MAROC-8.png\",\"width\":300,\"height\":75,\"caption\":\"PURIS MAROC\"},\"image\":{\"@id\":\"https:\/\/www.puris.ma\/#\/schema\/logo\/image\/\"},\"sameAs\":[\"https:\/\/web.facebook.com\/europa.mak.78\",\"https:\/\/www.instagram.com\/purismorocco\/\",\"https:\/\/www.linkedin.com\/company\/puris-morocco\/\"]}]}<\/script>\n<!-- \/ Yoast SEO plugin. -->","yoast_head_json":{"title":"Vampire Iron Remover - PURIS MAROC","robots":{"index":"index","follow":"follow","max-snippet":"max-snippet:-1","max-image-preview":"max-image-preview:large","max-video-preview":"max-video-preview:-1"},"canonical":"https:\/\/www.puris.ma\/en\/product\/vampire-iron-remover\/","og_locale":"en_US","og_type":"article","og_title":"Vampire Iron Remover - PURIS MAROC","og_description":"Vampire Iron Remover est la solution id\u00e9ale pour \u00e9liminer toutes les salet\u00e9s provenant des freins, des jantes et m\u00eame des pneus encrass\u00e9s.Il cible efficacement les contaminations ferreuses et particules m\u00e9talliques. Sa formule change de couleur pour indiquer que le produit agit \u2014 elle passe de transparente \u00e0 color\u00e9e une fois la d\u00e9contamination en cours.","og_url":"https:\/\/www.puris.ma\/en\/product\/vampire-iron-remover\/","og_site_name":"PURIS MAROC","article_publisher":"https:\/\/web.facebook.com\/europa.mak.78","article_modified_time":"2025-07-14T12:02:17+00:00","og_image":[{"width":739,"height":1280,"url":"https:\/\/www.puris.ma\/wp-content\/uploads\/2025\/07\/WhatsApp-Image-2025-07-10-a-12.59.31_10b05b06.jpg","type":"image\/jpeg"}],"twitter_card":"summary_large_image","twitter_misc":{"Est. reading time":"1 minute"},"schema":{"@context":"https:\/\/schema.org","@graph":[{"@type":"WebPage","@id":"https:\/\/www.puris.ma\/produit\/vampire-iron-remover\/","url":"https:\/\/www.puris.ma\/produit\/vampire-iron-remover\/","name":"Vampire Iron Remover - PURIS MAROC","isPartOf":{"@id":"https:\/\/www.puris.ma\/#website"},"primaryImageOfPage":{"@id":"https:\/\/www.puris.ma\/produit\/vampire-iron-remover\/#primaryimage"},"image":{"@id":"https:\/\/www.puris.ma\/produit\/vampire-iron-remover\/#primaryimage"},"thumbnailUrl":"https:\/\/www.puris.ma\/wp-content\/uploads\/2025\/07\/WhatsApp-Image-2025-07-10-a-12.59.31_10b05b06.jpg","datePublished":"2025-07-14T10:57:10+00:00","dateModified":"2025-07-14T12:02:17+00:00","breadcrumb":{"@id":"https:\/\/www.puris.ma\/produit\/vampire-iron-remover\/#breadcrumb"},"inLanguage":"en-US","potentialAction":[{"@type":"ReadAction","target":["https:\/\/www.puris.ma\/produit\/vampire-iron-remover\/"]}]},{"@type":"ImageObject","inLanguage":"en-US","@id":"https:\/\/www.puris.ma\/produit\/vampire-iron-remover\/#primaryimage","url":"https:\/\/www.puris.ma\/wp-content\/uploads\/2025\/07\/WhatsApp-Image-2025-07-10-a-12.59.31_10b05b06.jpg","contentUrl":"https:\/\/www.puris.ma\/wp-content\/uploads\/2025\/07\/WhatsApp-Image-2025-07-10-a-12.59.31_10b05b06.jpg","width":739,"height":1280},{"@type":"BreadcrumbList","@id":"https:\/\/www.puris.ma\/produit\/vampire-iron-remover\/#breadcrumb","itemListElement":[{"@type":"ListItem","position":1,"name":"Accueil","item":"https:\/\/www.puris.ma\/"},{"@type":"ListItem","position":2,"name":"Catalogue Produit","item":"https:\/\/www.puris.ma\/accueil\/catalogue-produit\/"},{"@type":"ListItem","position":3,"name":"Vampire Iron Remover"}]},{"@type":"WebSite","@id":"https:\/\/www.puris.ma\/#website","url":"https:\/\/www.puris.ma\/","name":"PURIS MOROCCO","description":"Distributeur officiel et exculsive des produits de PURIS","publisher":{"@id":"https:\/\/www.puris.ma\/#organization"},"potentialAction":[{"@type":"SearchAction","target":{"@type":"EntryPoint","urlTemplate":"https:\/\/www.puris.ma\/?s={search_term_string}"},"query-input":{"@type":"PropertyValueSpecification","valueRequired":true,"valueName":"search_term_string"}}],"inLanguage":"en-US"},{"@type":"Organization","@id":"https:\/\/www.puris.ma\/#organization","name":"PURIS MOROCCO","url":"https:\/\/www.puris.ma\/","logo":{"@type":"ImageObject","inLanguage":"en-US","@id":"https:\/\/www.puris.ma\/#\/schema\/logo\/image\/","url":"https:\/\/www.puris.ma\/wp-content\/uploads\/2023\/05\/PURIS-MAROC-8.png","contentUrl":"https:\/\/www.puris.ma\/wp-content\/uploads\/2023\/05\/PURIS-MAROC-8.png","width":300,"height":75,"caption":"PURIS MAROC"},"image":{"@id":"https:\/\/www.puris.ma\/#\/schema\/logo\/image\/"},"sameAs":["https:\/\/web.facebook.com\/europa.mak.78","https:\/\/www.instagram.com\/purismorocco\/","https:\/\/www.linkedin.com\/company\/puris-morocco\/"]}]}},"_links":{"self":[{"href":"https:\/\/www.puris.ma\/en\/wp-json\/wp\/v2\/product\/3695","targetHints":{"allow":["GET"]}}],"collection":[{"href":"https:\/\/www.puris.ma\/en\/wp-json\/wp\/v2\/product"}],"about":[{"href":"https:\/\/www.puris.ma\/en\/wp-json\/wp\/v2\/types\/product"}],"wp:featuredmedia":[{"embeddable":true,"href":"https:\/\/www.puris.ma\/en\/wp-json\/wp\/v2\/media\/3696"}],"wp:attachment":[{"href":"https:\/\/www.puris.ma\/en\/wp-json\/wp\/v2\/media?parent=3695"}],"wp:term":[{"taxonomy":"product_brand","embeddable":true,"href":"https:\/\/www.puris.ma\/en\/wp-json\/wp\/v2\/product_brand?post=3695"},{"taxonomy":"product_cat","embeddable":true,"href":"https:\/\/www.puris.ma\/en\/wp-json\/wp\/v2\/product_cat?post=3695"},{"taxonomy":"product_tag","embeddable":true,"href":"https:\/\/www.puris.ma\/en\/wp-json\/wp\/v2\/product_tag?post=3695"}],"curies":[{"name":"wp","href":"https:\/\/api.w.org\/{rel}","templated":true}]}}