{"id":3697,"date":"2025-07-14T11:00:15","date_gmt":"2025-07-14T11:00:15","guid":{"rendered":"https:\/\/www.puris.ma\/?post_type=product&#038;p=3697"},"modified":"2025-07-14T12:02:03","modified_gmt":"2025-07-14T12:02:03","slug":"dress-it","status":"publish","type":"product","link":"https:\/\/www.puris.ma\/en\/product\/dress-it\/","title":{"rendered":"Dress It+"},"content":{"rendered":"<p data-start=\"0\" data-end=\"188\"><strong data-start=\"0\" data-end=\"13\">Dress It+<\/strong> redonne \u00e0 votre habitacle l\u2019apparence et la sensation d\u2019un v\u00e9hicule neuf.<br data-start=\"87\" data-end=\"90\" data-is-only-node=\"\" \/>En une seule application, il <strong data-start=\"119\" data-end=\"141\">nettoie et prot\u00e8ge<\/strong> selon les normes d\u2019origine constructeur (OEM).<\/p>\n<p data-start=\"190\" data-end=\"421\" data-is-last-node=\"\" data-is-only-node=\"\">Sa formule contient du <strong data-start=\"213\" data-end=\"221\">SiO\u2082<\/strong> et des <strong data-start=\"229\" data-end=\"247\">inhibiteurs UV<\/strong> pour une protection durable de l\u2019int\u00e9rieur de votre v\u00e9hicule.<br data-start=\"309\" data-end=\"312\" \/>Son <strong data-start=\"316\" data-end=\"352\">parfum agr\u00e9able de voiture neuve<\/strong> agit \u00e9galement comme <strong data-start=\"374\" data-end=\"390\">d\u00e9sodorisant<\/strong>, pour une exp\u00e9rience compl\u00e8te.<\/p>","protected":false},"excerpt":{"rendered":"<p>Dress It+ redonne \u00e0 votre habitacle l\u2019apparence et la sensation d\u2019un v\u00e9hicule neuf.En une seule application, il nettoie et prot\u00e8ge selon les normes d\u2019origine constructeur (OEM). Sa formule contient du SiO\u2082 et des inhibiteurs UV pour une protection durable de l\u2019int\u00e9rieur de votre v\u00e9hicule.Son parfum agr\u00e9able de voiture neuve agit \u00e9galement comme d\u00e9sodorisant, pour une [&hellip;]<\/p>","protected":false},"featured_media":3698,"template":"","meta":[],"product_brand":[],"product_cat":[52],"product_tag":[],"class_list":{"0":"post-3697","1":"product","2":"type-product","3":"status-publish","4":"has-post-thumbnail","6":"product_cat-detroit","8":"first","9":"instock","10":"shipping-taxable","11":"product-type-simple"},"yoast_head":"<!-- This site is optimized with the Yoast SEO plugin v26.3 - https:\/\/yoast.com\/wordpress\/plugins\/seo\/ -->\n<title>Dress It+ - PURIS MAROC<\/title>\n<meta name=\"robots\" content=\"index, follow, max-snippet:-1, max-image-preview:large, max-video-preview:-1\" \/>\n<link rel=\"canonical\" href=\"https:\/\/www.puris.ma\/en\/product\/dress-it\/\" \/>\n<meta property=\"og:locale\" content=\"en_US\" \/>\n<meta property=\"og:type\" content=\"article\" \/>\n<meta property=\"og:title\" content=\"Dress It+ - PURIS MAROC\" \/>\n<meta property=\"og:description\" content=\"Dress It+ redonne \u00e0 votre habitacle l\u2019apparence et la sensation d\u2019un v\u00e9hicule neuf.En une seule application, il nettoie et prot\u00e8ge selon les normes d\u2019origine constructeur (OEM). Sa formule contient du SiO\u2082 et des inhibiteurs UV pour une protection durable de l\u2019int\u00e9rieur de votre v\u00e9hicule.Son parfum agr\u00e9able de voiture neuve agit \u00e9galement comme d\u00e9sodorisant, pour une [&hellip;]\" \/>\n<meta property=\"og:url\" content=\"https:\/\/www.puris.ma\/en\/product\/dress-it\/\" \/>\n<meta property=\"og:site_name\" content=\"PURIS MAROC\" \/>\n<meta property=\"article:publisher\" content=\"https:\/\/web.facebook.com\/europa.mak.78\" \/>\n<meta property=\"article:modified_time\" content=\"2025-07-14T12:02:03+00:00\" \/>\n<meta property=\"og:image\" content=\"https:\/\/www.puris.ma\/wp-content\/uploads\/2025\/07\/WhatsApp-Image-2025-07-10-a-12.59.44_b5702b4f.jpg\" \/>\n\t<meta property=\"og:image:width\" content=\"828\" \/>\n\t<meta property=\"og:image:height\" content=\"1022\" \/>\n\t<meta property=\"og:image:type\" content=\"image\/jpeg\" \/>\n<meta name=\"twitter:card\" content=\"summary_large_image\" \/>\n<meta name=\"twitter:label1\" content=\"Est. reading time\" \/>\n\t<meta name=\"twitter:data1\" content=\"1 minute\" \/>\n<script type=\"application\/ld+json\" class=\"yoast-schema-graph\">{\"@context\":\"https:\/\/schema.org\",\"@graph\":[{\"@type\":\"WebPage\",\"@id\":\"https:\/\/www.puris.ma\/produit\/dress-it\/\",\"url\":\"https:\/\/www.puris.ma\/produit\/dress-it\/\",\"name\":\"Dress It+ - PURIS MAROC\",\"isPartOf\":{\"@id\":\"https:\/\/www.puris.ma\/#website\"},\"primaryImageOfPage\":{\"@id\":\"https:\/\/www.puris.ma\/produit\/dress-it\/#primaryimage\"},\"image\":{\"@id\":\"https:\/\/www.puris.ma\/produit\/dress-it\/#primaryimage\"},\"thumbnailUrl\":\"https:\/\/www.puris.ma\/wp-content\/uploads\/2025\/07\/WhatsApp-Image-2025-07-10-a-12.59.44_b5702b4f.jpg\",\"datePublished\":\"2025-07-14T11:00:15+00:00\",\"dateModified\":\"2025-07-14T12:02:03+00:00\",\"breadcrumb\":{\"@id\":\"https:\/\/www.puris.ma\/produit\/dress-it\/#breadcrumb\"},\"inLanguage\":\"en-US\",\"potentialAction\":[{\"@type\":\"ReadAction\",\"target\":[\"https:\/\/www.puris.ma\/produit\/dress-it\/\"]}]},{\"@type\":\"ImageObject\",\"inLanguage\":\"en-US\",\"@id\":\"https:\/\/www.puris.ma\/produit\/dress-it\/#primaryimage\",\"url\":\"https:\/\/www.puris.ma\/wp-content\/uploads\/2025\/07\/WhatsApp-Image-2025-07-10-a-12.59.44_b5702b4f.jpg\",\"contentUrl\":\"https:\/\/www.puris.ma\/wp-content\/uploads\/2025\/07\/WhatsApp-Image-2025-07-10-a-12.59.44_b5702b4f.jpg\",\"width\":828,\"height\":1022},{\"@type\":\"BreadcrumbList\",\"@id\":\"https:\/\/www.puris.ma\/produit\/dress-it\/#breadcrumb\",\"itemListElement\":[{\"@type\":\"ListItem\",\"position\":1,\"name\":\"Accueil\",\"item\":\"https:\/\/www.puris.ma\/\"},{\"@type\":\"ListItem\",\"position\":2,\"name\":\"Catalogue Produit\",\"item\":\"https:\/\/www.puris.ma\/accueil\/catalogue-produit\/\"},{\"@type\":\"ListItem\",\"position\":3,\"name\":\"Dress It+\"}]},{\"@type\":\"WebSite\",\"@id\":\"https:\/\/www.puris.ma\/#website\",\"url\":\"https:\/\/www.puris.ma\/\",\"name\":\"PURIS MAROC\",\"description\":\"Distributeur officiel et exculsive des produits de PURIS\",\"publisher\":{\"@id\":\"https:\/\/www.puris.ma\/#organization\"},\"potentialAction\":[{\"@type\":\"SearchAction\",\"target\":{\"@type\":\"EntryPoint\",\"urlTemplate\":\"https:\/\/www.puris.ma\/?s={search_term_string}\"},\"query-input\":{\"@type\":\"PropertyValueSpecification\",\"valueRequired\":true,\"valueName\":\"search_term_string\"}}],\"inLanguage\":\"en-US\"},{\"@type\":\"Organization\",\"@id\":\"https:\/\/www.puris.ma\/#organization\",\"name\":\"PURIS MAROC\",\"url\":\"https:\/\/www.puris.ma\/\",\"logo\":{\"@type\":\"ImageObject\",\"inLanguage\":\"en-US\",\"@id\":\"https:\/\/www.puris.ma\/#\/schema\/logo\/image\/\",\"url\":\"https:\/\/www.puris.ma\/wp-content\/uploads\/2023\/05\/PURIS-MAROC-8.png\",\"contentUrl\":\"https:\/\/www.puris.ma\/wp-content\/uploads\/2023\/05\/PURIS-MAROC-8.png\",\"width\":300,\"height\":75,\"caption\":\"PURIS MAROC\"},\"image\":{\"@id\":\"https:\/\/www.puris.ma\/#\/schema\/logo\/image\/\"},\"sameAs\":[\"https:\/\/web.facebook.com\/europa.mak.78\",\"https:\/\/www.instagram.com\/purismorocco\/\",\"https:\/\/www.linkedin.com\/company\/puris-morocco\/\"]}]}<\/script>\n<!-- \/ Yoast SEO plugin. -->","yoast_head_json":{"title":"Dress It+ - PURIS MAROC","robots":{"index":"index","follow":"follow","max-snippet":"max-snippet:-1","max-image-preview":"max-image-preview:large","max-video-preview":"max-video-preview:-1"},"canonical":"https:\/\/www.puris.ma\/en\/product\/dress-it\/","og_locale":"en_US","og_type":"article","og_title":"Dress It+ - PURIS MAROC","og_description":"Dress It+ redonne \u00e0 votre habitacle l\u2019apparence et la sensation d\u2019un v\u00e9hicule neuf.En une seule application, il nettoie et prot\u00e8ge selon les normes d\u2019origine constructeur (OEM). Sa formule contient du SiO\u2082 et des inhibiteurs UV pour une protection durable de l\u2019int\u00e9rieur de votre v\u00e9hicule.Son parfum agr\u00e9able de voiture neuve agit \u00e9galement comme d\u00e9sodorisant, pour une [&hellip;]","og_url":"https:\/\/www.puris.ma\/en\/product\/dress-it\/","og_site_name":"PURIS MAROC","article_publisher":"https:\/\/web.facebook.com\/europa.mak.78","article_modified_time":"2025-07-14T12:02:03+00:00","og_image":[{"width":828,"height":1022,"url":"https:\/\/www.puris.ma\/wp-content\/uploads\/2025\/07\/WhatsApp-Image-2025-07-10-a-12.59.44_b5702b4f.jpg","type":"image\/jpeg"}],"twitter_card":"summary_large_image","twitter_misc":{"Est. reading time":"1 minute"},"schema":{"@context":"https:\/\/schema.org","@graph":[{"@type":"WebPage","@id":"https:\/\/www.puris.ma\/produit\/dress-it\/","url":"https:\/\/www.puris.ma\/produit\/dress-it\/","name":"Dress It+ - PURIS MAROC","isPartOf":{"@id":"https:\/\/www.puris.ma\/#website"},"primaryImageOfPage":{"@id":"https:\/\/www.puris.ma\/produit\/dress-it\/#primaryimage"},"image":{"@id":"https:\/\/www.puris.ma\/produit\/dress-it\/#primaryimage"},"thumbnailUrl":"https:\/\/www.puris.ma\/wp-content\/uploads\/2025\/07\/WhatsApp-Image-2025-07-10-a-12.59.44_b5702b4f.jpg","datePublished":"2025-07-14T11:00:15+00:00","dateModified":"2025-07-14T12:02:03+00:00","breadcrumb":{"@id":"https:\/\/www.puris.ma\/produit\/dress-it\/#breadcrumb"},"inLanguage":"en-US","potentialAction":[{"@type":"ReadAction","target":["https:\/\/www.puris.ma\/produit\/dress-it\/"]}]},{"@type":"ImageObject","inLanguage":"en-US","@id":"https:\/\/www.puris.ma\/produit\/dress-it\/#primaryimage","url":"https:\/\/www.puris.ma\/wp-content\/uploads\/2025\/07\/WhatsApp-Image-2025-07-10-a-12.59.44_b5702b4f.jpg","contentUrl":"https:\/\/www.puris.ma\/wp-content\/uploads\/2025\/07\/WhatsApp-Image-2025-07-10-a-12.59.44_b5702b4f.jpg","width":828,"height":1022},{"@type":"BreadcrumbList","@id":"https:\/\/www.puris.ma\/produit\/dress-it\/#breadcrumb","itemListElement":[{"@type":"ListItem","position":1,"name":"Accueil","item":"https:\/\/www.puris.ma\/"},{"@type":"ListItem","position":2,"name":"Catalogue Produit","item":"https:\/\/www.puris.ma\/accueil\/catalogue-produit\/"},{"@type":"ListItem","position":3,"name":"Dress It+"}]},{"@type":"WebSite","@id":"https:\/\/www.puris.ma\/#website","url":"https:\/\/www.puris.ma\/","name":"PURIS MOROCCO","description":"Distributeur officiel et exculsive des produits de PURIS","publisher":{"@id":"https:\/\/www.puris.ma\/#organization"},"potentialAction":[{"@type":"SearchAction","target":{"@type":"EntryPoint","urlTemplate":"https:\/\/www.puris.ma\/?s={search_term_string}"},"query-input":{"@type":"PropertyValueSpecification","valueRequired":true,"valueName":"search_term_string"}}],"inLanguage":"en-US"},{"@type":"Organization","@id":"https:\/\/www.puris.ma\/#organization","name":"PURIS MOROCCO","url":"https:\/\/www.puris.ma\/","logo":{"@type":"ImageObject","inLanguage":"en-US","@id":"https:\/\/www.puris.ma\/#\/schema\/logo\/image\/","url":"https:\/\/www.puris.ma\/wp-content\/uploads\/2023\/05\/PURIS-MAROC-8.png","contentUrl":"https:\/\/www.puris.ma\/wp-content\/uploads\/2023\/05\/PURIS-MAROC-8.png","width":300,"height":75,"caption":"PURIS MAROC"},"image":{"@id":"https:\/\/www.puris.ma\/#\/schema\/logo\/image\/"},"sameAs":["https:\/\/web.facebook.com\/europa.mak.78","https:\/\/www.instagram.com\/purismorocco\/","https:\/\/www.linkedin.com\/company\/puris-morocco\/"]}]}},"_links":{"self":[{"href":"https:\/\/www.puris.ma\/en\/wp-json\/wp\/v2\/product\/3697","targetHints":{"allow":["GET"]}}],"collection":[{"href":"https:\/\/www.puris.ma\/en\/wp-json\/wp\/v2\/product"}],"about":[{"href":"https:\/\/www.puris.ma\/en\/wp-json\/wp\/v2\/types\/product"}],"wp:featuredmedia":[{"embeddable":true,"href":"https:\/\/www.puris.ma\/en\/wp-json\/wp\/v2\/media\/3698"}],"wp:attachment":[{"href":"https:\/\/www.puris.ma\/en\/wp-json\/wp\/v2\/media?parent=3697"}],"wp:term":[{"taxonomy":"product_brand","embeddable":true,"href":"https:\/\/www.puris.ma\/en\/wp-json\/wp\/v2\/product_brand?post=3697"},{"taxonomy":"product_cat","embeddable":true,"href":"https:\/\/www.puris.ma\/en\/wp-json\/wp\/v2\/product_cat?post=3697"},{"taxonomy":"product_tag","embeddable":true,"href":"https:\/\/www.puris.ma\/en\/wp-json\/wp\/v2\/product_tag?post=3697"}],"curies":[{"name":"wp","href":"https:\/\/api.w.org\/{rel}","templated":true}]}}