{"id":3699,"date":"2025-07-14T11:03:28","date_gmt":"2025-07-14T11:03:28","guid":{"rendered":"https:\/\/www.puris.ma\/?post_type=product&#038;p=3699"},"modified":"2025-07-14T12:01:45","modified_gmt":"2025-07-14T12:01:45","slug":"super-shine-tire-dressing","status":"publish","type":"product","link":"https:\/\/www.puris.ma\/en\/product\/super-shine-tire-dressing\/","title":{"rendered":"Super Shine Tire Dressing"},"content":{"rendered":"<article class=\"text-token-text-primary w-full\" dir=\"auto\" data-testid=\"conversation-turn-24\" data-scroll-anchor=\"true\">\n<div class=\"text-base my-auto mx-auto py-5 [--thread-content-margin:--spacing(4)] @[37rem]:[--thread-content-margin:--spacing(6)] @[72rem]:[--thread-content-margin:--spacing(16)] px-(--thread-content-margin)\">\n<div class=\"[--thread-content-max-width:32rem] @[34rem]:[--thread-content-max-width:40rem] @[64rem]:[--thread-content-max-width:48rem] mx-auto flex max-w-(--thread-content-max-width) flex-1 text-base gap-4 md:gap-5 lg:gap-6 group\/turn-messages focus-visible:outline-hidden\" tabindex=\"-1\">\n<div class=\"group\/conversation-turn relative flex w-full min-w-0 flex-col agent-turn\">\n<div class=\"relative flex-col gap-1 md:gap-3\">\n<div class=\"flex max-w-full flex-col grow\">\n<div class=\"min-h-8 text-message relative flex w-full flex-col items-end gap-2 text-start break-words whitespace-normal [.text-message+&amp;]:mt-5\" dir=\"auto\" data-message-author-role=\"assistant\" data-message-id=\"1eb9375e-d1e4-413f-a5ac-d1f8b0c95c55\" data-message-model-slug=\"gpt-4o\">\n<div class=\"flex w-full flex-col gap-1 empty:hidden first:pt-[3px]\">\n<div class=\"markdown prose dark:prose-invert w-full break-words light\">\n<p data-start=\"0\" data-end=\"300\"><strong data-start=\"0\" data-end=\"37\">Detroit Super Shine Tire Dressing<\/strong> est un <strong data-start=\"45\" data-end=\"71\" data-is-only-node=\"\">dressing haut de gamme<\/strong> pour pneus et plastiques, con\u00e7u pour <strong data-start=\"109\" data-end=\"154\">restaurer un fini noir profond satin\u00e9\/mat<\/strong> sur les surfaces en caoutchouc et vinyle.<br data-start=\"196\" data-end=\"199\" \/>Formul\u00e9 \u00e0 base d\u2019eau, il peut \u00eatre <strong data-start=\"234\" data-end=\"243\">dilu\u00e9<\/strong> pour ajuster l\u2019intensit\u00e9 du rendu selon vos pr\u00e9f\u00e9rences.<\/p>\n<p data-start=\"302\" data-end=\"401\" data-is-last-node=\"\" data-is-only-node=\"\"><strong data-start=\"302\" data-end=\"316\">Id\u00e9al pour<\/strong> :<br data-start=\"318\" data-end=\"321\" data-is-only-node=\"\" \/>\u2013 Pneus<br data-start=\"328\" data-end=\"331\" \/>\u2013 Plastiques ext\u00e9rieurs<br data-start=\"354\" data-end=\"357\" \/>\u2013 Joints en caoutchouc<br data-start=\"379\" data-end=\"382\" \/>\u2013 Garnitures vinyle<\/p>\n<\/div>\n<\/div>\n<\/div>\n<\/div>\n<\/div>\n<\/div>\n<\/div>\n<\/div>\n<\/article>","protected":false},"excerpt":{"rendered":"<p>Detroit Super Shine Tire Dressing est un dressing haut de gamme pour pneus et plastiques, con\u00e7u pour restaurer un fini noir profond satin\u00e9\/mat sur les surfaces en caoutchouc et vinyle.Formul\u00e9 \u00e0 base d\u2019eau, il peut \u00eatre dilu\u00e9 pour ajuster l\u2019intensit\u00e9 du rendu selon vos pr\u00e9f\u00e9rences. Id\u00e9al pour :\u2013 Pneus\u2013 Plastiques ext\u00e9rieurs\u2013 Joints en caoutchouc\u2013 Garnitures [&hellip;]<\/p>","protected":false},"featured_media":3700,"template":"","meta":[],"product_brand":[],"product_cat":[52],"product_tag":[],"class_list":{"0":"post-3699","1":"product","2":"type-product","3":"status-publish","4":"has-post-thumbnail","6":"product_cat-detroit","8":"first","9":"instock","10":"shipping-taxable","11":"product-type-simple"},"yoast_head":"<!-- This site is optimized with the Yoast SEO plugin v26.3 - https:\/\/yoast.com\/wordpress\/plugins\/seo\/ -->\n<title>Super Shine Tire Dressing - PURIS MAROC<\/title>\n<meta name=\"robots\" content=\"index, follow, max-snippet:-1, max-image-preview:large, max-video-preview:-1\" \/>\n<link rel=\"canonical\" href=\"https:\/\/www.puris.ma\/en\/product\/super-shine-tire-dressing\/\" \/>\n<meta property=\"og:locale\" content=\"en_US\" \/>\n<meta property=\"og:type\" content=\"article\" \/>\n<meta property=\"og:title\" content=\"Super Shine Tire Dressing - PURIS MAROC\" \/>\n<meta property=\"og:description\" content=\"Detroit Super Shine Tire Dressing est un dressing haut de gamme pour pneus et plastiques, con\u00e7u pour restaurer un fini noir profond satin\u00e9\/mat sur les surfaces en caoutchouc et vinyle.Formul\u00e9 \u00e0 base d\u2019eau, il peut \u00eatre dilu\u00e9 pour ajuster l\u2019intensit\u00e9 du rendu selon vos pr\u00e9f\u00e9rences. Id\u00e9al pour :\u2013 Pneus\u2013 Plastiques ext\u00e9rieurs\u2013 Joints en caoutchouc\u2013 Garnitures [&hellip;]\" \/>\n<meta property=\"og:url\" content=\"https:\/\/www.puris.ma\/en\/product\/super-shine-tire-dressing\/\" \/>\n<meta property=\"og:site_name\" content=\"PURIS MAROC\" \/>\n<meta property=\"article:publisher\" content=\"https:\/\/web.facebook.com\/europa.mak.78\" \/>\n<meta property=\"article:modified_time\" content=\"2025-07-14T12:01:45+00:00\" \/>\n<meta property=\"og:image\" content=\"https:\/\/www.puris.ma\/wp-content\/uploads\/2025\/07\/WhatsApp-Image-2025-07-10-a-13.00.00_0b886a94.jpg\" \/>\n\t<meta property=\"og:image:width\" content=\"711\" \/>\n\t<meta property=\"og:image:height\" content=\"1075\" \/>\n\t<meta property=\"og:image:type\" content=\"image\/jpeg\" \/>\n<meta name=\"twitter:card\" content=\"summary_large_image\" \/>\n<meta name=\"twitter:label1\" content=\"Est. reading time\" \/>\n\t<meta name=\"twitter:data1\" content=\"1 minute\" \/>\n<script type=\"application\/ld+json\" class=\"yoast-schema-graph\">{\"@context\":\"https:\/\/schema.org\",\"@graph\":[{\"@type\":\"WebPage\",\"@id\":\"https:\/\/www.puris.ma\/produit\/super-shine-tire-dressing\/\",\"url\":\"https:\/\/www.puris.ma\/produit\/super-shine-tire-dressing\/\",\"name\":\"Super Shine Tire Dressing - PURIS MAROC\",\"isPartOf\":{\"@id\":\"https:\/\/www.puris.ma\/#website\"},\"primaryImageOfPage\":{\"@id\":\"https:\/\/www.puris.ma\/produit\/super-shine-tire-dressing\/#primaryimage\"},\"image\":{\"@id\":\"https:\/\/www.puris.ma\/produit\/super-shine-tire-dressing\/#primaryimage\"},\"thumbnailUrl\":\"https:\/\/www.puris.ma\/wp-content\/uploads\/2025\/07\/WhatsApp-Image-2025-07-10-a-13.00.00_0b886a94.jpg\",\"datePublished\":\"2025-07-14T11:03:28+00:00\",\"dateModified\":\"2025-07-14T12:01:45+00:00\",\"breadcrumb\":{\"@id\":\"https:\/\/www.puris.ma\/produit\/super-shine-tire-dressing\/#breadcrumb\"},\"inLanguage\":\"en-US\",\"potentialAction\":[{\"@type\":\"ReadAction\",\"target\":[\"https:\/\/www.puris.ma\/produit\/super-shine-tire-dressing\/\"]}]},{\"@type\":\"ImageObject\",\"inLanguage\":\"en-US\",\"@id\":\"https:\/\/www.puris.ma\/produit\/super-shine-tire-dressing\/#primaryimage\",\"url\":\"https:\/\/www.puris.ma\/wp-content\/uploads\/2025\/07\/WhatsApp-Image-2025-07-10-a-13.00.00_0b886a94.jpg\",\"contentUrl\":\"https:\/\/www.puris.ma\/wp-content\/uploads\/2025\/07\/WhatsApp-Image-2025-07-10-a-13.00.00_0b886a94.jpg\",\"width\":711,\"height\":1075},{\"@type\":\"BreadcrumbList\",\"@id\":\"https:\/\/www.puris.ma\/produit\/super-shine-tire-dressing\/#breadcrumb\",\"itemListElement\":[{\"@type\":\"ListItem\",\"position\":1,\"name\":\"Accueil\",\"item\":\"https:\/\/www.puris.ma\/\"},{\"@type\":\"ListItem\",\"position\":2,\"name\":\"Catalogue Produit\",\"item\":\"https:\/\/www.puris.ma\/accueil\/catalogue-produit\/\"},{\"@type\":\"ListItem\",\"position\":3,\"name\":\"Super Shine Tire Dressing\"}]},{\"@type\":\"WebSite\",\"@id\":\"https:\/\/www.puris.ma\/#website\",\"url\":\"https:\/\/www.puris.ma\/\",\"name\":\"PURIS MAROC\",\"description\":\"Distributeur officiel et exculsive des produits de PURIS\",\"publisher\":{\"@id\":\"https:\/\/www.puris.ma\/#organization\"},\"potentialAction\":[{\"@type\":\"SearchAction\",\"target\":{\"@type\":\"EntryPoint\",\"urlTemplate\":\"https:\/\/www.puris.ma\/?s={search_term_string}\"},\"query-input\":{\"@type\":\"PropertyValueSpecification\",\"valueRequired\":true,\"valueName\":\"search_term_string\"}}],\"inLanguage\":\"en-US\"},{\"@type\":\"Organization\",\"@id\":\"https:\/\/www.puris.ma\/#organization\",\"name\":\"PURIS MAROC\",\"url\":\"https:\/\/www.puris.ma\/\",\"logo\":{\"@type\":\"ImageObject\",\"inLanguage\":\"en-US\",\"@id\":\"https:\/\/www.puris.ma\/#\/schema\/logo\/image\/\",\"url\":\"https:\/\/www.puris.ma\/wp-content\/uploads\/2023\/05\/PURIS-MAROC-8.png\",\"contentUrl\":\"https:\/\/www.puris.ma\/wp-content\/uploads\/2023\/05\/PURIS-MAROC-8.png\",\"width\":300,\"height\":75,\"caption\":\"PURIS MAROC\"},\"image\":{\"@id\":\"https:\/\/www.puris.ma\/#\/schema\/logo\/image\/\"},\"sameAs\":[\"https:\/\/web.facebook.com\/europa.mak.78\",\"https:\/\/www.instagram.com\/purismorocco\/\",\"https:\/\/www.linkedin.com\/company\/puris-morocco\/\"]}]}<\/script>\n<!-- \/ Yoast SEO plugin. -->","yoast_head_json":{"title":"Super Shine Tire Dressing - PURIS MAROC","robots":{"index":"index","follow":"follow","max-snippet":"max-snippet:-1","max-image-preview":"max-image-preview:large","max-video-preview":"max-video-preview:-1"},"canonical":"https:\/\/www.puris.ma\/en\/product\/super-shine-tire-dressing\/","og_locale":"en_US","og_type":"article","og_title":"Super Shine Tire Dressing - PURIS MAROC","og_description":"Detroit Super Shine Tire Dressing est un dressing haut de gamme pour pneus et plastiques, con\u00e7u pour restaurer un fini noir profond satin\u00e9\/mat sur les surfaces en caoutchouc et vinyle.Formul\u00e9 \u00e0 base d\u2019eau, il peut \u00eatre dilu\u00e9 pour ajuster l\u2019intensit\u00e9 du rendu selon vos pr\u00e9f\u00e9rences. Id\u00e9al pour :\u2013 Pneus\u2013 Plastiques ext\u00e9rieurs\u2013 Joints en caoutchouc\u2013 Garnitures [&hellip;]","og_url":"https:\/\/www.puris.ma\/en\/product\/super-shine-tire-dressing\/","og_site_name":"PURIS MAROC","article_publisher":"https:\/\/web.facebook.com\/europa.mak.78","article_modified_time":"2025-07-14T12:01:45+00:00","og_image":[{"width":711,"height":1075,"url":"https:\/\/www.puris.ma\/wp-content\/uploads\/2025\/07\/WhatsApp-Image-2025-07-10-a-13.00.00_0b886a94.jpg","type":"image\/jpeg"}],"twitter_card":"summary_large_image","twitter_misc":{"Est. reading time":"1 minute"},"schema":{"@context":"https:\/\/schema.org","@graph":[{"@type":"WebPage","@id":"https:\/\/www.puris.ma\/produit\/super-shine-tire-dressing\/","url":"https:\/\/www.puris.ma\/produit\/super-shine-tire-dressing\/","name":"Super Shine Tire Dressing - PURIS MAROC","isPartOf":{"@id":"https:\/\/www.puris.ma\/#website"},"primaryImageOfPage":{"@id":"https:\/\/www.puris.ma\/produit\/super-shine-tire-dressing\/#primaryimage"},"image":{"@id":"https:\/\/www.puris.ma\/produit\/super-shine-tire-dressing\/#primaryimage"},"thumbnailUrl":"https:\/\/www.puris.ma\/wp-content\/uploads\/2025\/07\/WhatsApp-Image-2025-07-10-a-13.00.00_0b886a94.jpg","datePublished":"2025-07-14T11:03:28+00:00","dateModified":"2025-07-14T12:01:45+00:00","breadcrumb":{"@id":"https:\/\/www.puris.ma\/produit\/super-shine-tire-dressing\/#breadcrumb"},"inLanguage":"en-US","potentialAction":[{"@type":"ReadAction","target":["https:\/\/www.puris.ma\/produit\/super-shine-tire-dressing\/"]}]},{"@type":"ImageObject","inLanguage":"en-US","@id":"https:\/\/www.puris.ma\/produit\/super-shine-tire-dressing\/#primaryimage","url":"https:\/\/www.puris.ma\/wp-content\/uploads\/2025\/07\/WhatsApp-Image-2025-07-10-a-13.00.00_0b886a94.jpg","contentUrl":"https:\/\/www.puris.ma\/wp-content\/uploads\/2025\/07\/WhatsApp-Image-2025-07-10-a-13.00.00_0b886a94.jpg","width":711,"height":1075},{"@type":"BreadcrumbList","@id":"https:\/\/www.puris.ma\/produit\/super-shine-tire-dressing\/#breadcrumb","itemListElement":[{"@type":"ListItem","position":1,"name":"Accueil","item":"https:\/\/www.puris.ma\/"},{"@type":"ListItem","position":2,"name":"Catalogue Produit","item":"https:\/\/www.puris.ma\/accueil\/catalogue-produit\/"},{"@type":"ListItem","position":3,"name":"Super Shine Tire Dressing"}]},{"@type":"WebSite","@id":"https:\/\/www.puris.ma\/#website","url":"https:\/\/www.puris.ma\/","name":"PURIS MOROCCO","description":"Distributeur officiel et exculsive des produits de PURIS","publisher":{"@id":"https:\/\/www.puris.ma\/#organization"},"potentialAction":[{"@type":"SearchAction","target":{"@type":"EntryPoint","urlTemplate":"https:\/\/www.puris.ma\/?s={search_term_string}"},"query-input":{"@type":"PropertyValueSpecification","valueRequired":true,"valueName":"search_term_string"}}],"inLanguage":"en-US"},{"@type":"Organization","@id":"https:\/\/www.puris.ma\/#organization","name":"PURIS MOROCCO","url":"https:\/\/www.puris.ma\/","logo":{"@type":"ImageObject","inLanguage":"en-US","@id":"https:\/\/www.puris.ma\/#\/schema\/logo\/image\/","url":"https:\/\/www.puris.ma\/wp-content\/uploads\/2023\/05\/PURIS-MAROC-8.png","contentUrl":"https:\/\/www.puris.ma\/wp-content\/uploads\/2023\/05\/PURIS-MAROC-8.png","width":300,"height":75,"caption":"PURIS MAROC"},"image":{"@id":"https:\/\/www.puris.ma\/#\/schema\/logo\/image\/"},"sameAs":["https:\/\/web.facebook.com\/europa.mak.78","https:\/\/www.instagram.com\/purismorocco\/","https:\/\/www.linkedin.com\/company\/puris-morocco\/"]}]}},"_links":{"self":[{"href":"https:\/\/www.puris.ma\/en\/wp-json\/wp\/v2\/product\/3699","targetHints":{"allow":["GET"]}}],"collection":[{"href":"https:\/\/www.puris.ma\/en\/wp-json\/wp\/v2\/product"}],"about":[{"href":"https:\/\/www.puris.ma\/en\/wp-json\/wp\/v2\/types\/product"}],"wp:featuredmedia":[{"embeddable":true,"href":"https:\/\/www.puris.ma\/en\/wp-json\/wp\/v2\/media\/3700"}],"wp:attachment":[{"href":"https:\/\/www.puris.ma\/en\/wp-json\/wp\/v2\/media?parent=3699"}],"wp:term":[{"taxonomy":"product_brand","embeddable":true,"href":"https:\/\/www.puris.ma\/en\/wp-json\/wp\/v2\/product_brand?post=3699"},{"taxonomy":"product_cat","embeddable":true,"href":"https:\/\/www.puris.ma\/en\/wp-json\/wp\/v2\/product_cat?post=3699"},{"taxonomy":"product_tag","embeddable":true,"href":"https:\/\/www.puris.ma\/en\/wp-json\/wp\/v2\/product_tag?post=3699"}],"curies":[{"name":"wp","href":"https:\/\/api.w.org\/{rel}","templated":true}]}}