{"id":3701,"date":"2025-07-14T11:06:40","date_gmt":"2025-07-14T11:06:40","guid":{"rendered":"https:\/\/www.puris.ma\/?post_type=product&#038;p=3701"},"modified":"2025-07-14T12:01:34","modified_gmt":"2025-07-14T12:01:34","slug":"platinum-wash-wax","status":"publish","type":"product","link":"https:\/\/www.puris.ma\/en\/product\/platinum-wash-wax\/","title":{"rendered":"Platinum Wash &#038; Wax"},"content":{"rendered":"<p data-start=\"0\" data-end=\"295\"><strong data-start=\"0\" data-end=\"23\">Platinum Wash &amp; Wax<\/strong> est une formule <strong data-start=\"40\" data-end=\"65\" data-is-only-node=\"\">chimiquement \u00e9labor\u00e9e<\/strong> pour offrir un <strong data-start=\"81\" data-end=\"108\">nettoyage en profondeur<\/strong> accompagn\u00e9 d\u2019un <strong data-start=\"125\" data-end=\"179\">film protecteur \u00e0 haute performance \u00e0 base de cire<\/strong>.<br data-start=\"180\" data-end=\"183\" \/>Elle permet un <strong data-start=\"198\" data-end=\"216\">rin\u00e7age rapide<\/strong> et un <strong data-start=\"223\" data-end=\"250\">temps de s\u00e9chage r\u00e9duit<\/strong>, tout en laissant une <strong data-start=\"273\" data-end=\"294\">brillance intense<\/strong>.<\/p>\n<p data-start=\"297\" data-end=\"395\" data-is-last-node=\"\" data-is-only-node=\"\">\u00c0 diluer pour de multiples lavages \u2014 <strong data-start=\"334\" data-end=\"351\">rapport 400:1<\/strong>.<br data-start=\"352\" data-end=\"355\" \/><strong data-start=\"355\" data-end=\"373\">Rin\u00e7age facile<\/strong>, <strong data-start=\"375\" data-end=\"394\">haute brillance<\/strong>.<\/p>","protected":false},"excerpt":{"rendered":"<p>Platinum Wash &amp; Wax est une formule chimiquement \u00e9labor\u00e9e pour offrir un nettoyage en profondeur accompagn\u00e9 d\u2019un film protecteur \u00e0 haute performance \u00e0 base de cire.Elle permet un rin\u00e7age rapide et un temps de s\u00e9chage r\u00e9duit, tout en laissant une brillance intense. \u00c0 diluer pour de multiples lavages \u2014 rapport 400:1.Rin\u00e7age facile, haute brillance.<\/p>","protected":false},"featured_media":3702,"template":"","meta":[],"product_brand":[],"product_cat":[52],"product_tag":[],"class_list":{"0":"post-3701","1":"product","2":"type-product","3":"status-publish","4":"has-post-thumbnail","6":"product_cat-detroit","8":"first","9":"instock","10":"shipping-taxable","11":"product-type-simple"},"yoast_head":"<!-- This site is optimized with the Yoast SEO plugin v26.3 - https:\/\/yoast.com\/wordpress\/plugins\/seo\/ -->\n<title>Platinum Wash &amp; Wax - PURIS MAROC<\/title>\n<meta name=\"robots\" content=\"index, follow, max-snippet:-1, max-image-preview:large, max-video-preview:-1\" \/>\n<link rel=\"canonical\" href=\"https:\/\/www.puris.ma\/en\/product\/platinum-wash-wax\/\" \/>\n<meta property=\"og:locale\" content=\"en_US\" \/>\n<meta property=\"og:type\" content=\"article\" \/>\n<meta property=\"og:title\" content=\"Platinum Wash &amp; Wax - PURIS MAROC\" \/>\n<meta property=\"og:description\" content=\"Platinum Wash &amp; Wax est une formule chimiquement \u00e9labor\u00e9e pour offrir un nettoyage en profondeur accompagn\u00e9 d\u2019un film protecteur \u00e0 haute performance \u00e0 base de cire.Elle permet un rin\u00e7age rapide et un temps de s\u00e9chage r\u00e9duit, tout en laissant une brillance intense. \u00c0 diluer pour de multiples lavages \u2014 rapport 400:1.Rin\u00e7age facile, haute brillance.\" \/>\n<meta property=\"og:url\" content=\"https:\/\/www.puris.ma\/en\/product\/platinum-wash-wax\/\" \/>\n<meta property=\"og:site_name\" content=\"PURIS MAROC\" \/>\n<meta property=\"article:publisher\" content=\"https:\/\/web.facebook.com\/europa.mak.78\" \/>\n<meta property=\"article:modified_time\" content=\"2025-07-14T12:01:34+00:00\" \/>\n<meta property=\"og:image\" content=\"https:\/\/www.puris.ma\/wp-content\/uploads\/2025\/07\/WhatsApp-Image-2025-07-10-a-13.00.16_cd18a8f4.jpg\" \/>\n\t<meta property=\"og:image:width\" content=\"828\" \/>\n\t<meta property=\"og:image:height\" content=\"1253\" \/>\n\t<meta property=\"og:image:type\" content=\"image\/jpeg\" \/>\n<meta name=\"twitter:card\" content=\"summary_large_image\" \/>\n<meta name=\"twitter:label1\" content=\"Est. reading time\" \/>\n\t<meta name=\"twitter:data1\" content=\"1 minute\" \/>\n<script type=\"application\/ld+json\" class=\"yoast-schema-graph\">{\"@context\":\"https:\/\/schema.org\",\"@graph\":[{\"@type\":\"WebPage\",\"@id\":\"https:\/\/www.puris.ma\/produit\/platinum-wash-wax\/\",\"url\":\"https:\/\/www.puris.ma\/produit\/platinum-wash-wax\/\",\"name\":\"Platinum Wash & Wax - PURIS MAROC\",\"isPartOf\":{\"@id\":\"https:\/\/www.puris.ma\/#website\"},\"primaryImageOfPage\":{\"@id\":\"https:\/\/www.puris.ma\/produit\/platinum-wash-wax\/#primaryimage\"},\"image\":{\"@id\":\"https:\/\/www.puris.ma\/produit\/platinum-wash-wax\/#primaryimage\"},\"thumbnailUrl\":\"https:\/\/www.puris.ma\/wp-content\/uploads\/2025\/07\/WhatsApp-Image-2025-07-10-a-13.00.16_cd18a8f4.jpg\",\"datePublished\":\"2025-07-14T11:06:40+00:00\",\"dateModified\":\"2025-07-14T12:01:34+00:00\",\"breadcrumb\":{\"@id\":\"https:\/\/www.puris.ma\/produit\/platinum-wash-wax\/#breadcrumb\"},\"inLanguage\":\"en-US\",\"potentialAction\":[{\"@type\":\"ReadAction\",\"target\":[\"https:\/\/www.puris.ma\/produit\/platinum-wash-wax\/\"]}]},{\"@type\":\"ImageObject\",\"inLanguage\":\"en-US\",\"@id\":\"https:\/\/www.puris.ma\/produit\/platinum-wash-wax\/#primaryimage\",\"url\":\"https:\/\/www.puris.ma\/wp-content\/uploads\/2025\/07\/WhatsApp-Image-2025-07-10-a-13.00.16_cd18a8f4.jpg\",\"contentUrl\":\"https:\/\/www.puris.ma\/wp-content\/uploads\/2025\/07\/WhatsApp-Image-2025-07-10-a-13.00.16_cd18a8f4.jpg\",\"width\":828,\"height\":1253},{\"@type\":\"BreadcrumbList\",\"@id\":\"https:\/\/www.puris.ma\/produit\/platinum-wash-wax\/#breadcrumb\",\"itemListElement\":[{\"@type\":\"ListItem\",\"position\":1,\"name\":\"Accueil\",\"item\":\"https:\/\/www.puris.ma\/\"},{\"@type\":\"ListItem\",\"position\":2,\"name\":\"Catalogue Produit\",\"item\":\"https:\/\/www.puris.ma\/accueil\/catalogue-produit\/\"},{\"@type\":\"ListItem\",\"position\":3,\"name\":\"Platinum Wash &#038; Wax\"}]},{\"@type\":\"WebSite\",\"@id\":\"https:\/\/www.puris.ma\/#website\",\"url\":\"https:\/\/www.puris.ma\/\",\"name\":\"PURIS MAROC\",\"description\":\"Distributeur officiel et exculsive des produits de PURIS\",\"publisher\":{\"@id\":\"https:\/\/www.puris.ma\/#organization\"},\"potentialAction\":[{\"@type\":\"SearchAction\",\"target\":{\"@type\":\"EntryPoint\",\"urlTemplate\":\"https:\/\/www.puris.ma\/?s={search_term_string}\"},\"query-input\":{\"@type\":\"PropertyValueSpecification\",\"valueRequired\":true,\"valueName\":\"search_term_string\"}}],\"inLanguage\":\"en-US\"},{\"@type\":\"Organization\",\"@id\":\"https:\/\/www.puris.ma\/#organization\",\"name\":\"PURIS MAROC\",\"url\":\"https:\/\/www.puris.ma\/\",\"logo\":{\"@type\":\"ImageObject\",\"inLanguage\":\"en-US\",\"@id\":\"https:\/\/www.puris.ma\/#\/schema\/logo\/image\/\",\"url\":\"https:\/\/www.puris.ma\/wp-content\/uploads\/2023\/05\/PURIS-MAROC-8.png\",\"contentUrl\":\"https:\/\/www.puris.ma\/wp-content\/uploads\/2023\/05\/PURIS-MAROC-8.png\",\"width\":300,\"height\":75,\"caption\":\"PURIS MAROC\"},\"image\":{\"@id\":\"https:\/\/www.puris.ma\/#\/schema\/logo\/image\/\"},\"sameAs\":[\"https:\/\/web.facebook.com\/europa.mak.78\",\"https:\/\/www.instagram.com\/purismorocco\/\",\"https:\/\/www.linkedin.com\/company\/puris-morocco\/\"]}]}<\/script>\n<!-- \/ Yoast SEO plugin. -->","yoast_head_json":{"title":"Platinum Wash & Wax - PURIS MAROC","robots":{"index":"index","follow":"follow","max-snippet":"max-snippet:-1","max-image-preview":"max-image-preview:large","max-video-preview":"max-video-preview:-1"},"canonical":"https:\/\/www.puris.ma\/en\/product\/platinum-wash-wax\/","og_locale":"en_US","og_type":"article","og_title":"Platinum Wash & Wax - PURIS MAROC","og_description":"Platinum Wash &amp; Wax est une formule chimiquement \u00e9labor\u00e9e pour offrir un nettoyage en profondeur accompagn\u00e9 d\u2019un film protecteur \u00e0 haute performance \u00e0 base de cire.Elle permet un rin\u00e7age rapide et un temps de s\u00e9chage r\u00e9duit, tout en laissant une brillance intense. \u00c0 diluer pour de multiples lavages \u2014 rapport 400:1.Rin\u00e7age facile, haute brillance.","og_url":"https:\/\/www.puris.ma\/en\/product\/platinum-wash-wax\/","og_site_name":"PURIS MAROC","article_publisher":"https:\/\/web.facebook.com\/europa.mak.78","article_modified_time":"2025-07-14T12:01:34+00:00","og_image":[{"width":828,"height":1253,"url":"https:\/\/www.puris.ma\/wp-content\/uploads\/2025\/07\/WhatsApp-Image-2025-07-10-a-13.00.16_cd18a8f4.jpg","type":"image\/jpeg"}],"twitter_card":"summary_large_image","twitter_misc":{"Est. reading time":"1 minute"},"schema":{"@context":"https:\/\/schema.org","@graph":[{"@type":"WebPage","@id":"https:\/\/www.puris.ma\/produit\/platinum-wash-wax\/","url":"https:\/\/www.puris.ma\/produit\/platinum-wash-wax\/","name":"Platinum Wash & Wax - PURIS MAROC","isPartOf":{"@id":"https:\/\/www.puris.ma\/#website"},"primaryImageOfPage":{"@id":"https:\/\/www.puris.ma\/produit\/platinum-wash-wax\/#primaryimage"},"image":{"@id":"https:\/\/www.puris.ma\/produit\/platinum-wash-wax\/#primaryimage"},"thumbnailUrl":"https:\/\/www.puris.ma\/wp-content\/uploads\/2025\/07\/WhatsApp-Image-2025-07-10-a-13.00.16_cd18a8f4.jpg","datePublished":"2025-07-14T11:06:40+00:00","dateModified":"2025-07-14T12:01:34+00:00","breadcrumb":{"@id":"https:\/\/www.puris.ma\/produit\/platinum-wash-wax\/#breadcrumb"},"inLanguage":"en-US","potentialAction":[{"@type":"ReadAction","target":["https:\/\/www.puris.ma\/produit\/platinum-wash-wax\/"]}]},{"@type":"ImageObject","inLanguage":"en-US","@id":"https:\/\/www.puris.ma\/produit\/platinum-wash-wax\/#primaryimage","url":"https:\/\/www.puris.ma\/wp-content\/uploads\/2025\/07\/WhatsApp-Image-2025-07-10-a-13.00.16_cd18a8f4.jpg","contentUrl":"https:\/\/www.puris.ma\/wp-content\/uploads\/2025\/07\/WhatsApp-Image-2025-07-10-a-13.00.16_cd18a8f4.jpg","width":828,"height":1253},{"@type":"BreadcrumbList","@id":"https:\/\/www.puris.ma\/produit\/platinum-wash-wax\/#breadcrumb","itemListElement":[{"@type":"ListItem","position":1,"name":"Accueil","item":"https:\/\/www.puris.ma\/"},{"@type":"ListItem","position":2,"name":"Catalogue Produit","item":"https:\/\/www.puris.ma\/accueil\/catalogue-produit\/"},{"@type":"ListItem","position":3,"name":"Platinum Wash &#038; Wax"}]},{"@type":"WebSite","@id":"https:\/\/www.puris.ma\/#website","url":"https:\/\/www.puris.ma\/","name":"PURIS MOROCCO","description":"Distributeur officiel et exculsive des produits de PURIS","publisher":{"@id":"https:\/\/www.puris.ma\/#organization"},"potentialAction":[{"@type":"SearchAction","target":{"@type":"EntryPoint","urlTemplate":"https:\/\/www.puris.ma\/?s={search_term_string}"},"query-input":{"@type":"PropertyValueSpecification","valueRequired":true,"valueName":"search_term_string"}}],"inLanguage":"en-US"},{"@type":"Organization","@id":"https:\/\/www.puris.ma\/#organization","name":"PURIS MOROCCO","url":"https:\/\/www.puris.ma\/","logo":{"@type":"ImageObject","inLanguage":"en-US","@id":"https:\/\/www.puris.ma\/#\/schema\/logo\/image\/","url":"https:\/\/www.puris.ma\/wp-content\/uploads\/2023\/05\/PURIS-MAROC-8.png","contentUrl":"https:\/\/www.puris.ma\/wp-content\/uploads\/2023\/05\/PURIS-MAROC-8.png","width":300,"height":75,"caption":"PURIS MAROC"},"image":{"@id":"https:\/\/www.puris.ma\/#\/schema\/logo\/image\/"},"sameAs":["https:\/\/web.facebook.com\/europa.mak.78","https:\/\/www.instagram.com\/purismorocco\/","https:\/\/www.linkedin.com\/company\/puris-morocco\/"]}]}},"_links":{"self":[{"href":"https:\/\/www.puris.ma\/en\/wp-json\/wp\/v2\/product\/3701","targetHints":{"allow":["GET"]}}],"collection":[{"href":"https:\/\/www.puris.ma\/en\/wp-json\/wp\/v2\/product"}],"about":[{"href":"https:\/\/www.puris.ma\/en\/wp-json\/wp\/v2\/types\/product"}],"wp:featuredmedia":[{"embeddable":true,"href":"https:\/\/www.puris.ma\/en\/wp-json\/wp\/v2\/media\/3702"}],"wp:attachment":[{"href":"https:\/\/www.puris.ma\/en\/wp-json\/wp\/v2\/media?parent=3701"}],"wp:term":[{"taxonomy":"product_brand","embeddable":true,"href":"https:\/\/www.puris.ma\/en\/wp-json\/wp\/v2\/product_brand?post=3701"},{"taxonomy":"product_cat","embeddable":true,"href":"https:\/\/www.puris.ma\/en\/wp-json\/wp\/v2\/product_cat?post=3701"},{"taxonomy":"product_tag","embeddable":true,"href":"https:\/\/www.puris.ma\/en\/wp-json\/wp\/v2\/product_tag?post=3701"}],"curies":[{"name":"wp","href":"https:\/\/api.w.org\/{rel}","templated":true}]}}