{"id":3703,"date":"2025-07-14T11:11:52","date_gmt":"2025-07-14T11:11:52","guid":{"rendered":"https:\/\/www.puris.ma\/?post_type=product&#038;p=3703"},"modified":"2025-07-14T12:01:18","modified_gmt":"2025-07-14T12:01:18","slug":"interior-cleaner-gently","status":"publish","type":"product","link":"https:\/\/www.puris.ma\/en\/product\/interior-cleaner-gently\/","title":{"rendered":"Interior Cleaner Gently"},"content":{"rendered":"<p data-start=\"0\" data-end=\"342\"><strong data-start=\"0\" data-end=\"20\">Interior Cleaner<\/strong> nettoie en douceur les surfaces, \u00e9limine les taches et neutralise les mauvaises odeurs sur les tissus d\u2019ameublement, tapis, vinyle, plastique, tapis de sol et cuir lisse.<br data-start=\"191\" data-end=\"194\" data-is-only-node=\"\" \/>Il p\u00e9n\u00e8tre rapidement pour retirer les <strong data-start=\"233\" data-end=\"246\">polluants<\/strong>, <strong data-start=\"248\" data-end=\"258\">huiles<\/strong>, <strong data-start=\"260\" data-end=\"270\">taches<\/strong>, <strong data-start=\"272\" data-end=\"296\">r\u00e9sidus alimentaires<\/strong>, <strong data-start=\"298\" data-end=\"315\">film de fum\u00e9e<\/strong> et <strong data-start=\"319\" data-end=\"341\">salet\u00e9s incrust\u00e9es<\/strong>.<\/p>\n<p data-start=\"344\" data-end=\"452\" data-is-last-node=\"\" data-is-only-node=\"\">S\u00fbr pour la plupart des surfaces pouvant \u00eatre humidifi\u00e9es.<br data-start=\"402\" data-end=\"405\" \/>Laisse une <strong data-start=\"416\" data-end=\"433\">protection UV<\/strong> apr\u00e8s application.<\/p>","protected":false},"excerpt":{"rendered":"<p>Interior Cleaner nettoie en douceur les surfaces, \u00e9limine les taches et neutralise les mauvaises odeurs sur les tissus d\u2019ameublement, tapis, vinyle, plastique, tapis de sol et cuir lisse.Il p\u00e9n\u00e8tre rapidement pour retirer les polluants, huiles, taches, r\u00e9sidus alimentaires, film de fum\u00e9e et salet\u00e9s incrust\u00e9es. S\u00fbr pour la plupart des surfaces pouvant \u00eatre humidifi\u00e9es.Laisse une protection [&hellip;]<\/p>","protected":false},"featured_media":3704,"template":"","meta":[],"product_brand":[],"product_cat":[52],"product_tag":[],"class_list":{"0":"post-3703","1":"product","2":"type-product","3":"status-publish","4":"has-post-thumbnail","6":"product_cat-detroit","8":"first","9":"instock","10":"shipping-taxable","11":"product-type-simple"},"yoast_head":"<!-- This site is optimized with the Yoast SEO plugin v26.3 - https:\/\/yoast.com\/wordpress\/plugins\/seo\/ -->\n<title>Interior Cleaner Gently - PURIS MAROC<\/title>\n<meta name=\"robots\" content=\"index, follow, max-snippet:-1, max-image-preview:large, max-video-preview:-1\" \/>\n<link rel=\"canonical\" href=\"https:\/\/www.puris.ma\/en\/product\/interior-cleaner-gently\/\" \/>\n<meta property=\"og:locale\" content=\"en_US\" \/>\n<meta property=\"og:type\" content=\"article\" \/>\n<meta property=\"og:title\" content=\"Interior Cleaner Gently - PURIS MAROC\" \/>\n<meta property=\"og:description\" content=\"Interior Cleaner nettoie en douceur les surfaces, \u00e9limine les taches et neutralise les mauvaises odeurs sur les tissus d\u2019ameublement, tapis, vinyle, plastique, tapis de sol et cuir lisse.Il p\u00e9n\u00e8tre rapidement pour retirer les polluants, huiles, taches, r\u00e9sidus alimentaires, film de fum\u00e9e et salet\u00e9s incrust\u00e9es. S\u00fbr pour la plupart des surfaces pouvant \u00eatre humidifi\u00e9es.Laisse une protection [&hellip;]\" \/>\n<meta property=\"og:url\" content=\"https:\/\/www.puris.ma\/en\/product\/interior-cleaner-gently\/\" \/>\n<meta property=\"og:site_name\" content=\"PURIS MAROC\" \/>\n<meta property=\"article:publisher\" content=\"https:\/\/web.facebook.com\/europa.mak.78\" \/>\n<meta property=\"article:modified_time\" content=\"2025-07-14T12:01:18+00:00\" \/>\n<meta property=\"og:image\" content=\"https:\/\/www.puris.ma\/wp-content\/uploads\/2025\/07\/WhatsApp-Image-2025-07-10-a-13.00.27_8670460d.jpg\" \/>\n\t<meta property=\"og:image:width\" content=\"828\" \/>\n\t<meta property=\"og:image:height\" content=\"1091\" \/>\n\t<meta property=\"og:image:type\" content=\"image\/jpeg\" \/>\n<meta name=\"twitter:card\" content=\"summary_large_image\" \/>\n<meta name=\"twitter:label1\" content=\"Est. reading time\" \/>\n\t<meta name=\"twitter:data1\" content=\"1 minute\" \/>\n<script type=\"application\/ld+json\" class=\"yoast-schema-graph\">{\"@context\":\"https:\/\/schema.org\",\"@graph\":[{\"@type\":\"WebPage\",\"@id\":\"https:\/\/www.puris.ma\/produit\/interior-cleaner-gently\/\",\"url\":\"https:\/\/www.puris.ma\/produit\/interior-cleaner-gently\/\",\"name\":\"Interior Cleaner Gently - PURIS MAROC\",\"isPartOf\":{\"@id\":\"https:\/\/www.puris.ma\/#website\"},\"primaryImageOfPage\":{\"@id\":\"https:\/\/www.puris.ma\/produit\/interior-cleaner-gently\/#primaryimage\"},\"image\":{\"@id\":\"https:\/\/www.puris.ma\/produit\/interior-cleaner-gently\/#primaryimage\"},\"thumbnailUrl\":\"https:\/\/www.puris.ma\/wp-content\/uploads\/2025\/07\/WhatsApp-Image-2025-07-10-a-13.00.27_8670460d.jpg\",\"datePublished\":\"2025-07-14T11:11:52+00:00\",\"dateModified\":\"2025-07-14T12:01:18+00:00\",\"breadcrumb\":{\"@id\":\"https:\/\/www.puris.ma\/produit\/interior-cleaner-gently\/#breadcrumb\"},\"inLanguage\":\"en-US\",\"potentialAction\":[{\"@type\":\"ReadAction\",\"target\":[\"https:\/\/www.puris.ma\/produit\/interior-cleaner-gently\/\"]}]},{\"@type\":\"ImageObject\",\"inLanguage\":\"en-US\",\"@id\":\"https:\/\/www.puris.ma\/produit\/interior-cleaner-gently\/#primaryimage\",\"url\":\"https:\/\/www.puris.ma\/wp-content\/uploads\/2025\/07\/WhatsApp-Image-2025-07-10-a-13.00.27_8670460d.jpg\",\"contentUrl\":\"https:\/\/www.puris.ma\/wp-content\/uploads\/2025\/07\/WhatsApp-Image-2025-07-10-a-13.00.27_8670460d.jpg\",\"width\":828,\"height\":1091},{\"@type\":\"BreadcrumbList\",\"@id\":\"https:\/\/www.puris.ma\/produit\/interior-cleaner-gently\/#breadcrumb\",\"itemListElement\":[{\"@type\":\"ListItem\",\"position\":1,\"name\":\"Accueil\",\"item\":\"https:\/\/www.puris.ma\/\"},{\"@type\":\"ListItem\",\"position\":2,\"name\":\"Catalogue Produit\",\"item\":\"https:\/\/www.puris.ma\/accueil\/catalogue-produit\/\"},{\"@type\":\"ListItem\",\"position\":3,\"name\":\"Interior Cleaner Gently\"}]},{\"@type\":\"WebSite\",\"@id\":\"https:\/\/www.puris.ma\/#website\",\"url\":\"https:\/\/www.puris.ma\/\",\"name\":\"PURIS MAROC\",\"description\":\"Distributeur officiel et exculsive des produits de PURIS\",\"publisher\":{\"@id\":\"https:\/\/www.puris.ma\/#organization\"},\"potentialAction\":[{\"@type\":\"SearchAction\",\"target\":{\"@type\":\"EntryPoint\",\"urlTemplate\":\"https:\/\/www.puris.ma\/?s={search_term_string}\"},\"query-input\":{\"@type\":\"PropertyValueSpecification\",\"valueRequired\":true,\"valueName\":\"search_term_string\"}}],\"inLanguage\":\"en-US\"},{\"@type\":\"Organization\",\"@id\":\"https:\/\/www.puris.ma\/#organization\",\"name\":\"PURIS MAROC\",\"url\":\"https:\/\/www.puris.ma\/\",\"logo\":{\"@type\":\"ImageObject\",\"inLanguage\":\"en-US\",\"@id\":\"https:\/\/www.puris.ma\/#\/schema\/logo\/image\/\",\"url\":\"https:\/\/www.puris.ma\/wp-content\/uploads\/2023\/05\/PURIS-MAROC-8.png\",\"contentUrl\":\"https:\/\/www.puris.ma\/wp-content\/uploads\/2023\/05\/PURIS-MAROC-8.png\",\"width\":300,\"height\":75,\"caption\":\"PURIS MAROC\"},\"image\":{\"@id\":\"https:\/\/www.puris.ma\/#\/schema\/logo\/image\/\"},\"sameAs\":[\"https:\/\/web.facebook.com\/europa.mak.78\",\"https:\/\/www.instagram.com\/purismorocco\/\",\"https:\/\/www.linkedin.com\/company\/puris-morocco\/\"]}]}<\/script>\n<!-- \/ Yoast SEO plugin. -->","yoast_head_json":{"title":"Interior Cleaner Gently - PURIS MAROC","robots":{"index":"index","follow":"follow","max-snippet":"max-snippet:-1","max-image-preview":"max-image-preview:large","max-video-preview":"max-video-preview:-1"},"canonical":"https:\/\/www.puris.ma\/en\/product\/interior-cleaner-gently\/","og_locale":"en_US","og_type":"article","og_title":"Interior Cleaner Gently - PURIS MAROC","og_description":"Interior Cleaner nettoie en douceur les surfaces, \u00e9limine les taches et neutralise les mauvaises odeurs sur les tissus d\u2019ameublement, tapis, vinyle, plastique, tapis de sol et cuir lisse.Il p\u00e9n\u00e8tre rapidement pour retirer les polluants, huiles, taches, r\u00e9sidus alimentaires, film de fum\u00e9e et salet\u00e9s incrust\u00e9es. S\u00fbr pour la plupart des surfaces pouvant \u00eatre humidifi\u00e9es.Laisse une protection [&hellip;]","og_url":"https:\/\/www.puris.ma\/en\/product\/interior-cleaner-gently\/","og_site_name":"PURIS MAROC","article_publisher":"https:\/\/web.facebook.com\/europa.mak.78","article_modified_time":"2025-07-14T12:01:18+00:00","og_image":[{"width":828,"height":1091,"url":"https:\/\/www.puris.ma\/wp-content\/uploads\/2025\/07\/WhatsApp-Image-2025-07-10-a-13.00.27_8670460d.jpg","type":"image\/jpeg"}],"twitter_card":"summary_large_image","twitter_misc":{"Est. reading time":"1 minute"},"schema":{"@context":"https:\/\/schema.org","@graph":[{"@type":"WebPage","@id":"https:\/\/www.puris.ma\/produit\/interior-cleaner-gently\/","url":"https:\/\/www.puris.ma\/produit\/interior-cleaner-gently\/","name":"Interior Cleaner Gently - PURIS MAROC","isPartOf":{"@id":"https:\/\/www.puris.ma\/#website"},"primaryImageOfPage":{"@id":"https:\/\/www.puris.ma\/produit\/interior-cleaner-gently\/#primaryimage"},"image":{"@id":"https:\/\/www.puris.ma\/produit\/interior-cleaner-gently\/#primaryimage"},"thumbnailUrl":"https:\/\/www.puris.ma\/wp-content\/uploads\/2025\/07\/WhatsApp-Image-2025-07-10-a-13.00.27_8670460d.jpg","datePublished":"2025-07-14T11:11:52+00:00","dateModified":"2025-07-14T12:01:18+00:00","breadcrumb":{"@id":"https:\/\/www.puris.ma\/produit\/interior-cleaner-gently\/#breadcrumb"},"inLanguage":"en-US","potentialAction":[{"@type":"ReadAction","target":["https:\/\/www.puris.ma\/produit\/interior-cleaner-gently\/"]}]},{"@type":"ImageObject","inLanguage":"en-US","@id":"https:\/\/www.puris.ma\/produit\/interior-cleaner-gently\/#primaryimage","url":"https:\/\/www.puris.ma\/wp-content\/uploads\/2025\/07\/WhatsApp-Image-2025-07-10-a-13.00.27_8670460d.jpg","contentUrl":"https:\/\/www.puris.ma\/wp-content\/uploads\/2025\/07\/WhatsApp-Image-2025-07-10-a-13.00.27_8670460d.jpg","width":828,"height":1091},{"@type":"BreadcrumbList","@id":"https:\/\/www.puris.ma\/produit\/interior-cleaner-gently\/#breadcrumb","itemListElement":[{"@type":"ListItem","position":1,"name":"Accueil","item":"https:\/\/www.puris.ma\/"},{"@type":"ListItem","position":2,"name":"Catalogue Produit","item":"https:\/\/www.puris.ma\/accueil\/catalogue-produit\/"},{"@type":"ListItem","position":3,"name":"Interior Cleaner Gently"}]},{"@type":"WebSite","@id":"https:\/\/www.puris.ma\/#website","url":"https:\/\/www.puris.ma\/","name":"PURIS MOROCCO","description":"Distributeur officiel et exculsive des produits de PURIS","publisher":{"@id":"https:\/\/www.puris.ma\/#organization"},"potentialAction":[{"@type":"SearchAction","target":{"@type":"EntryPoint","urlTemplate":"https:\/\/www.puris.ma\/?s={search_term_string}"},"query-input":{"@type":"PropertyValueSpecification","valueRequired":true,"valueName":"search_term_string"}}],"inLanguage":"en-US"},{"@type":"Organization","@id":"https:\/\/www.puris.ma\/#organization","name":"PURIS MOROCCO","url":"https:\/\/www.puris.ma\/","logo":{"@type":"ImageObject","inLanguage":"en-US","@id":"https:\/\/www.puris.ma\/#\/schema\/logo\/image\/","url":"https:\/\/www.puris.ma\/wp-content\/uploads\/2023\/05\/PURIS-MAROC-8.png","contentUrl":"https:\/\/www.puris.ma\/wp-content\/uploads\/2023\/05\/PURIS-MAROC-8.png","width":300,"height":75,"caption":"PURIS MAROC"},"image":{"@id":"https:\/\/www.puris.ma\/#\/schema\/logo\/image\/"},"sameAs":["https:\/\/web.facebook.com\/europa.mak.78","https:\/\/www.instagram.com\/purismorocco\/","https:\/\/www.linkedin.com\/company\/puris-morocco\/"]}]}},"_links":{"self":[{"href":"https:\/\/www.puris.ma\/en\/wp-json\/wp\/v2\/product\/3703","targetHints":{"allow":["GET"]}}],"collection":[{"href":"https:\/\/www.puris.ma\/en\/wp-json\/wp\/v2\/product"}],"about":[{"href":"https:\/\/www.puris.ma\/en\/wp-json\/wp\/v2\/types\/product"}],"wp:featuredmedia":[{"embeddable":true,"href":"https:\/\/www.puris.ma\/en\/wp-json\/wp\/v2\/media\/3704"}],"wp:attachment":[{"href":"https:\/\/www.puris.ma\/en\/wp-json\/wp\/v2\/media?parent=3703"}],"wp:term":[{"taxonomy":"product_brand","embeddable":true,"href":"https:\/\/www.puris.ma\/en\/wp-json\/wp\/v2\/product_brand?post=3703"},{"taxonomy":"product_cat","embeddable":true,"href":"https:\/\/www.puris.ma\/en\/wp-json\/wp\/v2\/product_cat?post=3703"},{"taxonomy":"product_tag","embeddable":true,"href":"https:\/\/www.puris.ma\/en\/wp-json\/wp\/v2\/product_tag?post=3703"}],"curies":[{"name":"wp","href":"https:\/\/api.w.org\/{rel}","templated":true}]}}