{"id":3707,"date":"2025-07-14T11:30:15","date_gmt":"2025-07-14T11:30:15","guid":{"rendered":"https:\/\/www.puris.ma\/?post_type=product&#038;p=3707"},"modified":"2025-07-14T11:31:22","modified_gmt":"2025-07-14T11:31:22","slug":"jade-clear-glass-coating","status":"publish","type":"product","link":"https:\/\/www.puris.ma\/en\/product\/jade-clear-glass-coating\/","title":{"rendered":"JADE Clear Glass Coating"},"content":{"rendered":"<p data-start=\"0\" data-end=\"271\">Voici la <strong data-start=\"9\" data-end=\"44\">protection ultime pour le verre<\/strong>, id\u00e9ale pour le <strong data-start=\"61\" data-end=\"75\">pare-brise<\/strong>, les <strong data-start=\"81\" data-end=\"91\">vitres<\/strong> et toutes <strong data-start=\"102\" data-end=\"122\">surfaces vitr\u00e9es<\/strong>.<br data-start=\"123\" data-end=\"126\" \/>Elle assure une <strong data-start=\"142\" data-end=\"163\">visibilit\u00e9 claire<\/strong> pour une conduite en toute s\u00e9curit\u00e9 par temps de pluie, et facilite l\u2019entretien de toutes surfaces vitr\u00e9es.<\/p>\n<p data-start=\"273\" data-end=\"383\">Ce <strong data-start=\"276\" data-end=\"302\">syst\u00e8me en deux \u00e9tapes<\/strong> offre un <strong data-start=\"312\" data-end=\"344\">rev\u00eatement haute performance<\/strong> qui prot\u00e8ge le verre pendant <strong data-start=\"374\" data-end=\"382\">1 an<\/strong>.<\/p>\n<p data-start=\"385\" data-end=\"720\" data-is-last-node=\"\" data-is-only-node=\"\"><strong data-start=\"385\" data-end=\"405\">JADE Clear Glass<\/strong> rend la surface <strong data-start=\"422\" data-end=\"448\">extr\u00eamement hydrophobe<\/strong>, permettant \u00e0 l\u2019eau et \u00e0 la salet\u00e9 de <strong data-start=\"487\" data-end=\"509\" data-is-only-node=\"\">glisser facilement<\/strong>, sans laisser de traces.<br data-start=\"534\" data-end=\"537\" \/>Que ce soit pour am\u00e9liorer la <strong data-start=\"567\" data-end=\"601\">visibilit\u00e9 de votre pare-brise<\/strong>, ou pour un <strong data-start=\"614\" data-end=\"634\">nettoyage facile<\/strong> sur votre <strong data-start=\"645\" data-end=\"655\">bateau<\/strong>, <strong data-start=\"657\" data-end=\"665\">moto<\/strong> ou toute autre application \u2014 c\u2019est la solution id\u00e9ale.<\/p>","protected":false},"excerpt":{"rendered":"<p>Voici la protection ultime pour le verre, id\u00e9ale pour le pare-brise, les vitres et toutes surfaces vitr\u00e9es.Elle assure une visibilit\u00e9 claire pour une conduite en toute s\u00e9curit\u00e9 par temps de pluie, et facilite l\u2019entretien de toutes surfaces vitr\u00e9es. Ce syst\u00e8me en deux \u00e9tapes offre un rev\u00eatement haute performance qui prot\u00e8ge le verre pendant 1 an. [&hellip;]<\/p>","protected":false},"featured_media":3708,"template":"","meta":[],"product_brand":[],"product_cat":[44],"product_tag":[],"class_list":{"0":"post-3707","1":"product","2":"type-product","3":"status-publish","4":"has-post-thumbnail","6":"product_cat-famille-jade","8":"first","9":"instock","10":"shipping-taxable","11":"product-type-simple"},"yoast_head":"<!-- This site is optimized with the Yoast SEO plugin v26.3 - https:\/\/yoast.com\/wordpress\/plugins\/seo\/ -->\n<title>JADE Clear Glass Coating - PURIS MAROC<\/title>\n<meta name=\"robots\" content=\"index, follow, max-snippet:-1, max-image-preview:large, max-video-preview:-1\" \/>\n<link rel=\"canonical\" href=\"https:\/\/www.puris.ma\/en\/product\/jade-clear-glass-coating\/\" \/>\n<meta property=\"og:locale\" content=\"en_US\" \/>\n<meta property=\"og:type\" content=\"article\" \/>\n<meta property=\"og:title\" content=\"JADE Clear Glass Coating - PURIS MAROC\" \/>\n<meta property=\"og:description\" content=\"Voici la protection ultime pour le verre, id\u00e9ale pour le pare-brise, les vitres et toutes surfaces vitr\u00e9es.Elle assure une visibilit\u00e9 claire pour une conduite en toute s\u00e9curit\u00e9 par temps de pluie, et facilite l\u2019entretien de toutes surfaces vitr\u00e9es. Ce syst\u00e8me en deux \u00e9tapes offre un rev\u00eatement haute performance qui prot\u00e8ge le verre pendant 1 an. [&hellip;]\" \/>\n<meta property=\"og:url\" content=\"https:\/\/www.puris.ma\/en\/product\/jade-clear-glass-coating\/\" \/>\n<meta property=\"og:site_name\" content=\"PURIS MAROC\" \/>\n<meta property=\"article:publisher\" content=\"https:\/\/web.facebook.com\/europa.mak.78\" \/>\n<meta property=\"article:modified_time\" content=\"2025-07-14T11:31:22+00:00\" \/>\n<meta property=\"og:image\" content=\"https:\/\/www.puris.ma\/wp-content\/uploads\/2025\/07\/WhatsApp-Image-2025-07-11-a-10.06.46_3f868002.jpg\" \/>\n\t<meta property=\"og:image:width\" content=\"828\" \/>\n\t<meta property=\"og:image:height\" content=\"1216\" \/>\n\t<meta property=\"og:image:type\" content=\"image\/jpeg\" \/>\n<meta name=\"twitter:card\" content=\"summary_large_image\" \/>\n<meta name=\"twitter:label1\" content=\"Est. reading time\" \/>\n\t<meta name=\"twitter:data1\" content=\"1 minute\" \/>\n<script type=\"application\/ld+json\" class=\"yoast-schema-graph\">{\"@context\":\"https:\/\/schema.org\",\"@graph\":[{\"@type\":\"WebPage\",\"@id\":\"https:\/\/www.puris.ma\/produit\/jade-clear-glass-coating\/\",\"url\":\"https:\/\/www.puris.ma\/produit\/jade-clear-glass-coating\/\",\"name\":\"JADE Clear Glass Coating - PURIS MAROC\",\"isPartOf\":{\"@id\":\"https:\/\/www.puris.ma\/#website\"},\"primaryImageOfPage\":{\"@id\":\"https:\/\/www.puris.ma\/produit\/jade-clear-glass-coating\/#primaryimage\"},\"image\":{\"@id\":\"https:\/\/www.puris.ma\/produit\/jade-clear-glass-coating\/#primaryimage\"},\"thumbnailUrl\":\"https:\/\/www.puris.ma\/wp-content\/uploads\/2025\/07\/WhatsApp-Image-2025-07-11-a-10.06.46_3f868002.jpg\",\"datePublished\":\"2025-07-14T11:30:15+00:00\",\"dateModified\":\"2025-07-14T11:31:22+00:00\",\"breadcrumb\":{\"@id\":\"https:\/\/www.puris.ma\/produit\/jade-clear-glass-coating\/#breadcrumb\"},\"inLanguage\":\"en-US\",\"potentialAction\":[{\"@type\":\"ReadAction\",\"target\":[\"https:\/\/www.puris.ma\/produit\/jade-clear-glass-coating\/\"]}]},{\"@type\":\"ImageObject\",\"inLanguage\":\"en-US\",\"@id\":\"https:\/\/www.puris.ma\/produit\/jade-clear-glass-coating\/#primaryimage\",\"url\":\"https:\/\/www.puris.ma\/wp-content\/uploads\/2025\/07\/WhatsApp-Image-2025-07-11-a-10.06.46_3f868002.jpg\",\"contentUrl\":\"https:\/\/www.puris.ma\/wp-content\/uploads\/2025\/07\/WhatsApp-Image-2025-07-11-a-10.06.46_3f868002.jpg\",\"width\":828,\"height\":1216},{\"@type\":\"BreadcrumbList\",\"@id\":\"https:\/\/www.puris.ma\/produit\/jade-clear-glass-coating\/#breadcrumb\",\"itemListElement\":[{\"@type\":\"ListItem\",\"position\":1,\"name\":\"Accueil\",\"item\":\"https:\/\/www.puris.ma\/\"},{\"@type\":\"ListItem\",\"position\":2,\"name\":\"Catalogue Produit\",\"item\":\"https:\/\/www.puris.ma\/accueil\/catalogue-produit\/\"},{\"@type\":\"ListItem\",\"position\":3,\"name\":\"JADE Clear Glass Coating\"}]},{\"@type\":\"WebSite\",\"@id\":\"https:\/\/www.puris.ma\/#website\",\"url\":\"https:\/\/www.puris.ma\/\",\"name\":\"PURIS MAROC\",\"description\":\"Distributeur officiel et exculsive des produits de PURIS\",\"publisher\":{\"@id\":\"https:\/\/www.puris.ma\/#organization\"},\"potentialAction\":[{\"@type\":\"SearchAction\",\"target\":{\"@type\":\"EntryPoint\",\"urlTemplate\":\"https:\/\/www.puris.ma\/?s={search_term_string}\"},\"query-input\":{\"@type\":\"PropertyValueSpecification\",\"valueRequired\":true,\"valueName\":\"search_term_string\"}}],\"inLanguage\":\"en-US\"},{\"@type\":\"Organization\",\"@id\":\"https:\/\/www.puris.ma\/#organization\",\"name\":\"PURIS MAROC\",\"url\":\"https:\/\/www.puris.ma\/\",\"logo\":{\"@type\":\"ImageObject\",\"inLanguage\":\"en-US\",\"@id\":\"https:\/\/www.puris.ma\/#\/schema\/logo\/image\/\",\"url\":\"https:\/\/www.puris.ma\/wp-content\/uploads\/2023\/05\/PURIS-MAROC-8.png\",\"contentUrl\":\"https:\/\/www.puris.ma\/wp-content\/uploads\/2023\/05\/PURIS-MAROC-8.png\",\"width\":300,\"height\":75,\"caption\":\"PURIS MAROC\"},\"image\":{\"@id\":\"https:\/\/www.puris.ma\/#\/schema\/logo\/image\/\"},\"sameAs\":[\"https:\/\/web.facebook.com\/europa.mak.78\",\"https:\/\/www.instagram.com\/purismorocco\/\",\"https:\/\/www.linkedin.com\/company\/puris-morocco\/\"]}]}<\/script>\n<!-- \/ Yoast SEO plugin. -->","yoast_head_json":{"title":"JADE Clear Glass Coating - PURIS MAROC","robots":{"index":"index","follow":"follow","max-snippet":"max-snippet:-1","max-image-preview":"max-image-preview:large","max-video-preview":"max-video-preview:-1"},"canonical":"https:\/\/www.puris.ma\/en\/product\/jade-clear-glass-coating\/","og_locale":"en_US","og_type":"article","og_title":"JADE Clear Glass Coating - PURIS MAROC","og_description":"Voici la protection ultime pour le verre, id\u00e9ale pour le pare-brise, les vitres et toutes surfaces vitr\u00e9es.Elle assure une visibilit\u00e9 claire pour une conduite en toute s\u00e9curit\u00e9 par temps de pluie, et facilite l\u2019entretien de toutes surfaces vitr\u00e9es. Ce syst\u00e8me en deux \u00e9tapes offre un rev\u00eatement haute performance qui prot\u00e8ge le verre pendant 1 an. [&hellip;]","og_url":"https:\/\/www.puris.ma\/en\/product\/jade-clear-glass-coating\/","og_site_name":"PURIS MAROC","article_publisher":"https:\/\/web.facebook.com\/europa.mak.78","article_modified_time":"2025-07-14T11:31:22+00:00","og_image":[{"width":828,"height":1216,"url":"https:\/\/www.puris.ma\/wp-content\/uploads\/2025\/07\/WhatsApp-Image-2025-07-11-a-10.06.46_3f868002.jpg","type":"image\/jpeg"}],"twitter_card":"summary_large_image","twitter_misc":{"Est. reading time":"1 minute"},"schema":{"@context":"https:\/\/schema.org","@graph":[{"@type":"WebPage","@id":"https:\/\/www.puris.ma\/produit\/jade-clear-glass-coating\/","url":"https:\/\/www.puris.ma\/produit\/jade-clear-glass-coating\/","name":"JADE Clear Glass Coating - PURIS MAROC","isPartOf":{"@id":"https:\/\/www.puris.ma\/#website"},"primaryImageOfPage":{"@id":"https:\/\/www.puris.ma\/produit\/jade-clear-glass-coating\/#primaryimage"},"image":{"@id":"https:\/\/www.puris.ma\/produit\/jade-clear-glass-coating\/#primaryimage"},"thumbnailUrl":"https:\/\/www.puris.ma\/wp-content\/uploads\/2025\/07\/WhatsApp-Image-2025-07-11-a-10.06.46_3f868002.jpg","datePublished":"2025-07-14T11:30:15+00:00","dateModified":"2025-07-14T11:31:22+00:00","breadcrumb":{"@id":"https:\/\/www.puris.ma\/produit\/jade-clear-glass-coating\/#breadcrumb"},"inLanguage":"en-US","potentialAction":[{"@type":"ReadAction","target":["https:\/\/www.puris.ma\/produit\/jade-clear-glass-coating\/"]}]},{"@type":"ImageObject","inLanguage":"en-US","@id":"https:\/\/www.puris.ma\/produit\/jade-clear-glass-coating\/#primaryimage","url":"https:\/\/www.puris.ma\/wp-content\/uploads\/2025\/07\/WhatsApp-Image-2025-07-11-a-10.06.46_3f868002.jpg","contentUrl":"https:\/\/www.puris.ma\/wp-content\/uploads\/2025\/07\/WhatsApp-Image-2025-07-11-a-10.06.46_3f868002.jpg","width":828,"height":1216},{"@type":"BreadcrumbList","@id":"https:\/\/www.puris.ma\/produit\/jade-clear-glass-coating\/#breadcrumb","itemListElement":[{"@type":"ListItem","position":1,"name":"Accueil","item":"https:\/\/www.puris.ma\/"},{"@type":"ListItem","position":2,"name":"Catalogue Produit","item":"https:\/\/www.puris.ma\/accueil\/catalogue-produit\/"},{"@type":"ListItem","position":3,"name":"JADE Clear Glass Coating"}]},{"@type":"WebSite","@id":"https:\/\/www.puris.ma\/#website","url":"https:\/\/www.puris.ma\/","name":"PURIS MOROCCO","description":"Distributeur officiel et exculsive des produits de PURIS","publisher":{"@id":"https:\/\/www.puris.ma\/#organization"},"potentialAction":[{"@type":"SearchAction","target":{"@type":"EntryPoint","urlTemplate":"https:\/\/www.puris.ma\/?s={search_term_string}"},"query-input":{"@type":"PropertyValueSpecification","valueRequired":true,"valueName":"search_term_string"}}],"inLanguage":"en-US"},{"@type":"Organization","@id":"https:\/\/www.puris.ma\/#organization","name":"PURIS MOROCCO","url":"https:\/\/www.puris.ma\/","logo":{"@type":"ImageObject","inLanguage":"en-US","@id":"https:\/\/www.puris.ma\/#\/schema\/logo\/image\/","url":"https:\/\/www.puris.ma\/wp-content\/uploads\/2023\/05\/PURIS-MAROC-8.png","contentUrl":"https:\/\/www.puris.ma\/wp-content\/uploads\/2023\/05\/PURIS-MAROC-8.png","width":300,"height":75,"caption":"PURIS MAROC"},"image":{"@id":"https:\/\/www.puris.ma\/#\/schema\/logo\/image\/"},"sameAs":["https:\/\/web.facebook.com\/europa.mak.78","https:\/\/www.instagram.com\/purismorocco\/","https:\/\/www.linkedin.com\/company\/puris-morocco\/"]}]}},"_links":{"self":[{"href":"https:\/\/www.puris.ma\/en\/wp-json\/wp\/v2\/product\/3707","targetHints":{"allow":["GET"]}}],"collection":[{"href":"https:\/\/www.puris.ma\/en\/wp-json\/wp\/v2\/product"}],"about":[{"href":"https:\/\/www.puris.ma\/en\/wp-json\/wp\/v2\/types\/product"}],"wp:featuredmedia":[{"embeddable":true,"href":"https:\/\/www.puris.ma\/en\/wp-json\/wp\/v2\/media\/3708"}],"wp:attachment":[{"href":"https:\/\/www.puris.ma\/en\/wp-json\/wp\/v2\/media?parent=3707"}],"wp:term":[{"taxonomy":"product_brand","embeddable":true,"href":"https:\/\/www.puris.ma\/en\/wp-json\/wp\/v2\/product_brand?post=3707"},{"taxonomy":"product_cat","embeddable":true,"href":"https:\/\/www.puris.ma\/en\/wp-json\/wp\/v2\/product_cat?post=3707"},{"taxonomy":"product_tag","embeddable":true,"href":"https:\/\/www.puris.ma\/en\/wp-json\/wp\/v2\/product_tag?post=3707"}],"curies":[{"name":"wp","href":"https:\/\/api.w.org\/{rel}","templated":true}]}}