{"id":3718,"date":"2025-07-14T13:58:15","date_gmt":"2025-07-14T13:58:15","guid":{"rendered":"https:\/\/www.puris.ma\/?post_type=product&#038;p=3718"},"modified":"2025-07-14T13:58:15","modified_gmt":"2025-07-14T13:58:15","slug":"cleanse-it","status":"publish","type":"product","link":"https:\/\/www.puris.ma\/en\/product\/cleanse-it\/","title":{"rendered":"Cleanse It"},"content":{"rendered":"<p data-start=\"0\" data-end=\"189\"><strong data-start=\"0\" data-end=\"14\">Cleanse It<\/strong> a \u00e9t\u00e9 con\u00e7u pour \u00eatre appliqu\u00e9 en spray, offrant une solution <strong data-start=\"77\" data-end=\"99\" data-is-only-node=\"\">rapide et pratique<\/strong> pour nettoyer votre v\u00e9hicule lorsque le lavage traditionnel \u00e0 l\u2019eau n\u2019est pas possible.<\/p>\n<p data-start=\"191\" data-end=\"358\" data-is-last-node=\"\" data-is-only-node=\"\">Il s\u2019agit d\u2019un <strong data-start=\"206\" data-end=\"225\">lavage sans eau<\/strong>, enrichi d\u2019une <strong data-start=\"241\" data-end=\"269\">\u00e9mulsion premium de SiO\u2082<\/strong>, qui nettoie efficacement tout en laissant une <strong data-start=\"317\" data-end=\"342\">protection hydrophobe<\/strong> sur la surface.<\/p>","protected":false},"excerpt":{"rendered":"<p>Cleanse It a \u00e9t\u00e9 con\u00e7u pour \u00eatre appliqu\u00e9 en spray, offrant une solution rapide et pratique pour nettoyer votre v\u00e9hicule lorsque le lavage traditionnel \u00e0 l\u2019eau n\u2019est pas possible. Il s\u2019agit d\u2019un lavage sans eau, enrichi d\u2019une \u00e9mulsion premium de SiO\u2082, qui nettoie efficacement tout en laissant une protection hydrophobe sur la surface.<\/p>","protected":false},"featured_media":3719,"template":"","meta":[],"product_brand":[],"product_cat":[52],"product_tag":[],"class_list":{"0":"post-3718","1":"product","2":"type-product","3":"status-publish","4":"has-post-thumbnail","6":"product_cat-detroit","8":"first","9":"instock","10":"shipping-taxable","11":"product-type-simple"},"yoast_head":"<!-- This site is optimized with the Yoast SEO plugin v26.3 - https:\/\/yoast.com\/wordpress\/plugins\/seo\/ -->\n<title>Cleanse It - PURIS MAROC<\/title>\n<meta name=\"robots\" content=\"index, follow, max-snippet:-1, max-image-preview:large, max-video-preview:-1\" \/>\n<link rel=\"canonical\" href=\"https:\/\/www.puris.ma\/en\/product\/cleanse-it\/\" \/>\n<meta property=\"og:locale\" content=\"en_US\" \/>\n<meta property=\"og:type\" content=\"article\" \/>\n<meta property=\"og:title\" content=\"Cleanse It - PURIS MAROC\" \/>\n<meta property=\"og:description\" content=\"Cleanse It a \u00e9t\u00e9 con\u00e7u pour \u00eatre appliqu\u00e9 en spray, offrant une solution rapide et pratique pour nettoyer votre v\u00e9hicule lorsque le lavage traditionnel \u00e0 l\u2019eau n\u2019est pas possible. Il s\u2019agit d\u2019un lavage sans eau, enrichi d\u2019une \u00e9mulsion premium de SiO\u2082, qui nettoie efficacement tout en laissant une protection hydrophobe sur la surface.\" \/>\n<meta property=\"og:url\" content=\"https:\/\/www.puris.ma\/en\/product\/cleanse-it\/\" \/>\n<meta property=\"og:site_name\" content=\"PURIS MAROC\" \/>\n<meta property=\"article:publisher\" content=\"https:\/\/web.facebook.com\/europa.mak.78\" \/>\n<meta property=\"og:image\" content=\"https:\/\/www.puris.ma\/wp-content\/uploads\/2025\/07\/WhatsApp-Image-2025-07-14-a-13.42.39_7d52c9c7.jpg\" \/>\n\t<meta property=\"og:image:width\" content=\"745\" \/>\n\t<meta property=\"og:image:height\" content=\"1280\" \/>\n\t<meta property=\"og:image:type\" content=\"image\/jpeg\" \/>\n<meta name=\"twitter:card\" content=\"summary_large_image\" \/>\n<meta name=\"twitter:label1\" content=\"Est. reading time\" \/>\n\t<meta name=\"twitter:data1\" content=\"1 minute\" \/>\n<script type=\"application\/ld+json\" class=\"yoast-schema-graph\">{\"@context\":\"https:\/\/schema.org\",\"@graph\":[{\"@type\":\"WebPage\",\"@id\":\"https:\/\/www.puris.ma\/produit\/cleanse-it\/\",\"url\":\"https:\/\/www.puris.ma\/produit\/cleanse-it\/\",\"name\":\"Cleanse It - PURIS MAROC\",\"isPartOf\":{\"@id\":\"https:\/\/www.puris.ma\/#website\"},\"primaryImageOfPage\":{\"@id\":\"https:\/\/www.puris.ma\/produit\/cleanse-it\/#primaryimage\"},\"image\":{\"@id\":\"https:\/\/www.puris.ma\/produit\/cleanse-it\/#primaryimage\"},\"thumbnailUrl\":\"https:\/\/www.puris.ma\/wp-content\/uploads\/2025\/07\/WhatsApp-Image-2025-07-14-a-13.42.39_7d52c9c7.jpg\",\"datePublished\":\"2025-07-14T13:58:15+00:00\",\"breadcrumb\":{\"@id\":\"https:\/\/www.puris.ma\/produit\/cleanse-it\/#breadcrumb\"},\"inLanguage\":\"en-US\",\"potentialAction\":[{\"@type\":\"ReadAction\",\"target\":[\"https:\/\/www.puris.ma\/produit\/cleanse-it\/\"]}]},{\"@type\":\"ImageObject\",\"inLanguage\":\"en-US\",\"@id\":\"https:\/\/www.puris.ma\/produit\/cleanse-it\/#primaryimage\",\"url\":\"https:\/\/www.puris.ma\/wp-content\/uploads\/2025\/07\/WhatsApp-Image-2025-07-14-a-13.42.39_7d52c9c7.jpg\",\"contentUrl\":\"https:\/\/www.puris.ma\/wp-content\/uploads\/2025\/07\/WhatsApp-Image-2025-07-14-a-13.42.39_7d52c9c7.jpg\",\"width\":745,\"height\":1280},{\"@type\":\"BreadcrumbList\",\"@id\":\"https:\/\/www.puris.ma\/produit\/cleanse-it\/#breadcrumb\",\"itemListElement\":[{\"@type\":\"ListItem\",\"position\":1,\"name\":\"Accueil\",\"item\":\"https:\/\/www.puris.ma\/\"},{\"@type\":\"ListItem\",\"position\":2,\"name\":\"Catalogue Produit\",\"item\":\"https:\/\/www.puris.ma\/accueil\/catalogue-produit\/\"},{\"@type\":\"ListItem\",\"position\":3,\"name\":\"Cleanse It\"}]},{\"@type\":\"WebSite\",\"@id\":\"https:\/\/www.puris.ma\/#website\",\"url\":\"https:\/\/www.puris.ma\/\",\"name\":\"PURIS MAROC\",\"description\":\"Distributeur officiel et exculsive des produits de PURIS\",\"publisher\":{\"@id\":\"https:\/\/www.puris.ma\/#organization\"},\"potentialAction\":[{\"@type\":\"SearchAction\",\"target\":{\"@type\":\"EntryPoint\",\"urlTemplate\":\"https:\/\/www.puris.ma\/?s={search_term_string}\"},\"query-input\":{\"@type\":\"PropertyValueSpecification\",\"valueRequired\":true,\"valueName\":\"search_term_string\"}}],\"inLanguage\":\"en-US\"},{\"@type\":\"Organization\",\"@id\":\"https:\/\/www.puris.ma\/#organization\",\"name\":\"PURIS MAROC\",\"url\":\"https:\/\/www.puris.ma\/\",\"logo\":{\"@type\":\"ImageObject\",\"inLanguage\":\"en-US\",\"@id\":\"https:\/\/www.puris.ma\/#\/schema\/logo\/image\/\",\"url\":\"https:\/\/www.puris.ma\/wp-content\/uploads\/2023\/05\/PURIS-MAROC-8.png\",\"contentUrl\":\"https:\/\/www.puris.ma\/wp-content\/uploads\/2023\/05\/PURIS-MAROC-8.png\",\"width\":300,\"height\":75,\"caption\":\"PURIS MAROC\"},\"image\":{\"@id\":\"https:\/\/www.puris.ma\/#\/schema\/logo\/image\/\"},\"sameAs\":[\"https:\/\/web.facebook.com\/europa.mak.78\",\"https:\/\/www.instagram.com\/purismorocco\/\",\"https:\/\/www.linkedin.com\/company\/puris-morocco\/\"]}]}<\/script>\n<!-- \/ Yoast SEO plugin. -->","yoast_head_json":{"title":"Cleanse It - PURIS MAROC","robots":{"index":"index","follow":"follow","max-snippet":"max-snippet:-1","max-image-preview":"max-image-preview:large","max-video-preview":"max-video-preview:-1"},"canonical":"https:\/\/www.puris.ma\/en\/product\/cleanse-it\/","og_locale":"en_US","og_type":"article","og_title":"Cleanse It - PURIS MAROC","og_description":"Cleanse It a \u00e9t\u00e9 con\u00e7u pour \u00eatre appliqu\u00e9 en spray, offrant une solution rapide et pratique pour nettoyer votre v\u00e9hicule lorsque le lavage traditionnel \u00e0 l\u2019eau n\u2019est pas possible. Il s\u2019agit d\u2019un lavage sans eau, enrichi d\u2019une \u00e9mulsion premium de SiO\u2082, qui nettoie efficacement tout en laissant une protection hydrophobe sur la surface.","og_url":"https:\/\/www.puris.ma\/en\/product\/cleanse-it\/","og_site_name":"PURIS MAROC","article_publisher":"https:\/\/web.facebook.com\/europa.mak.78","og_image":[{"width":745,"height":1280,"url":"https:\/\/www.puris.ma\/wp-content\/uploads\/2025\/07\/WhatsApp-Image-2025-07-14-a-13.42.39_7d52c9c7.jpg","type":"image\/jpeg"}],"twitter_card":"summary_large_image","twitter_misc":{"Est. reading time":"1 minute"},"schema":{"@context":"https:\/\/schema.org","@graph":[{"@type":"WebPage","@id":"https:\/\/www.puris.ma\/produit\/cleanse-it\/","url":"https:\/\/www.puris.ma\/produit\/cleanse-it\/","name":"Cleanse It - PURIS MAROC","isPartOf":{"@id":"https:\/\/www.puris.ma\/#website"},"primaryImageOfPage":{"@id":"https:\/\/www.puris.ma\/produit\/cleanse-it\/#primaryimage"},"image":{"@id":"https:\/\/www.puris.ma\/produit\/cleanse-it\/#primaryimage"},"thumbnailUrl":"https:\/\/www.puris.ma\/wp-content\/uploads\/2025\/07\/WhatsApp-Image-2025-07-14-a-13.42.39_7d52c9c7.jpg","datePublished":"2025-07-14T13:58:15+00:00","breadcrumb":{"@id":"https:\/\/www.puris.ma\/produit\/cleanse-it\/#breadcrumb"},"inLanguage":"en-US","potentialAction":[{"@type":"ReadAction","target":["https:\/\/www.puris.ma\/produit\/cleanse-it\/"]}]},{"@type":"ImageObject","inLanguage":"en-US","@id":"https:\/\/www.puris.ma\/produit\/cleanse-it\/#primaryimage","url":"https:\/\/www.puris.ma\/wp-content\/uploads\/2025\/07\/WhatsApp-Image-2025-07-14-a-13.42.39_7d52c9c7.jpg","contentUrl":"https:\/\/www.puris.ma\/wp-content\/uploads\/2025\/07\/WhatsApp-Image-2025-07-14-a-13.42.39_7d52c9c7.jpg","width":745,"height":1280},{"@type":"BreadcrumbList","@id":"https:\/\/www.puris.ma\/produit\/cleanse-it\/#breadcrumb","itemListElement":[{"@type":"ListItem","position":1,"name":"Accueil","item":"https:\/\/www.puris.ma\/"},{"@type":"ListItem","position":2,"name":"Catalogue Produit","item":"https:\/\/www.puris.ma\/accueil\/catalogue-produit\/"},{"@type":"ListItem","position":3,"name":"Cleanse It"}]},{"@type":"WebSite","@id":"https:\/\/www.puris.ma\/#website","url":"https:\/\/www.puris.ma\/","name":"PURIS MOROCCO","description":"Distributeur officiel et exculsive des produits de PURIS","publisher":{"@id":"https:\/\/www.puris.ma\/#organization"},"potentialAction":[{"@type":"SearchAction","target":{"@type":"EntryPoint","urlTemplate":"https:\/\/www.puris.ma\/?s={search_term_string}"},"query-input":{"@type":"PropertyValueSpecification","valueRequired":true,"valueName":"search_term_string"}}],"inLanguage":"en-US"},{"@type":"Organization","@id":"https:\/\/www.puris.ma\/#organization","name":"PURIS MOROCCO","url":"https:\/\/www.puris.ma\/","logo":{"@type":"ImageObject","inLanguage":"en-US","@id":"https:\/\/www.puris.ma\/#\/schema\/logo\/image\/","url":"https:\/\/www.puris.ma\/wp-content\/uploads\/2023\/05\/PURIS-MAROC-8.png","contentUrl":"https:\/\/www.puris.ma\/wp-content\/uploads\/2023\/05\/PURIS-MAROC-8.png","width":300,"height":75,"caption":"PURIS MAROC"},"image":{"@id":"https:\/\/www.puris.ma\/#\/schema\/logo\/image\/"},"sameAs":["https:\/\/web.facebook.com\/europa.mak.78","https:\/\/www.instagram.com\/purismorocco\/","https:\/\/www.linkedin.com\/company\/puris-morocco\/"]}]}},"_links":{"self":[{"href":"https:\/\/www.puris.ma\/en\/wp-json\/wp\/v2\/product\/3718","targetHints":{"allow":["GET"]}}],"collection":[{"href":"https:\/\/www.puris.ma\/en\/wp-json\/wp\/v2\/product"}],"about":[{"href":"https:\/\/www.puris.ma\/en\/wp-json\/wp\/v2\/types\/product"}],"wp:featuredmedia":[{"embeddable":true,"href":"https:\/\/www.puris.ma\/en\/wp-json\/wp\/v2\/media\/3719"}],"wp:attachment":[{"href":"https:\/\/www.puris.ma\/en\/wp-json\/wp\/v2\/media?parent=3718"}],"wp:term":[{"taxonomy":"product_brand","embeddable":true,"href":"https:\/\/www.puris.ma\/en\/wp-json\/wp\/v2\/product_brand?post=3718"},{"taxonomy":"product_cat","embeddable":true,"href":"https:\/\/www.puris.ma\/en\/wp-json\/wp\/v2\/product_cat?post=3718"},{"taxonomy":"product_tag","embeddable":true,"href":"https:\/\/www.puris.ma\/en\/wp-json\/wp\/v2\/product_tag?post=3718"}],"curies":[{"name":"wp","href":"https:\/\/api.w.org\/{rel}","templated":true}]}}